{"id":119,"date":"2023-09-09T17:49:07","date_gmt":"2023-09-09T15:49:07","guid":{"rendered":"https:\/\/wordpress.nibis.de\/gsfa\/?page_id=119"},"modified":"2025-08-13T14:44:46","modified_gmt":"2025-08-13T12:44:46","slug":"3-klasse","status":"publish","type":"page","link":"https:\/\/wordpress.nibis.de\/gsfa\/3-klasse\/","title":{"rendered":"4. Klassen"},"content":{"rendered":"\n<div class=\"wp-block-image\"><figure class=\"aligncenter size-full is-resized\"><img loading=\"lazy\" decoding=\"async\" src=\"https:\/\/wordpress.nibis.de\/gsfa\/files\/2025\/08\/Fuchs.png\" alt=\"\" class=\"wp-image-1405\" width=\"168\" height=\"102\" srcset=\"https:\/\/wordpress.nibis.de\/gsfa\/files\/2025\/08\/Fuchs.png 945w, https:\/\/wordpress.nibis.de\/gsfa\/files\/2025\/08\/Fuchs-300x184.png 300w, https:\/\/wordpress.nibis.de\/gsfa\/files\/2025\/08\/Fuchs-768x471.png 768w, https:\/\/wordpress.nibis.de\/gsfa\/files\/2025\/08\/Fuchs-441x270.png 441w\" sizes=\"auto, (max-width: 168px) 100vw, 168px\" \/><\/figure><\/div>\n\n\n\n<p class=\"has-text-align-center\"><strong>4a<\/strong><br>Frau Sperling und die F\u00fcchse<\/p>\n\n\n\n<hr class=\"wp-block-separator\" \/>\n\n\n\n<div class=\"wp-block-image\"><figure class=\"aligncenter size-large is-resized\"><img loading=\"lazy\" decoding=\"async\" src=\"https:\/\/wordpress.nibis.de\/gsfa\/files\/2025\/08\/Pudel-586x1024.png\" alt=\"\" class=\"wp-image-1406\" width=\"92\" height=\"161\" srcset=\"https:\/\/wordpress.nibis.de\/gsfa\/files\/2025\/08\/Pudel-586x1024.png 586w, https:\/\/wordpress.nibis.de\/gsfa\/files\/2025\/08\/Pudel-172x300.png 172w, https:\/\/wordpress.nibis.de\/gsfa\/files\/2025\/08\/Pudel-768x1342.png 768w, https:\/\/wordpress.nibis.de\/gsfa\/files\/2025\/08\/Pudel-154x270.png 154w, https:\/\/wordpress.nibis.de\/gsfa\/files\/2025\/08\/Pudel.png 852w\" sizes=\"auto, (max-width: 92px) 100vw, 92px\" \/><\/figure><\/div>\n\n\n\n<p class=\"has-text-align-center\"><strong>4b<\/strong><br>Frau B\u00f6be und die Pudel<\/p>\n\n\n\n<p><\/p>\n\n\n\n<hr class=\"wp-block-separator\" \/>\n\n\n\n<div class=\"wp-block-image\"><figure class=\"aligncenter size-full is-resized\"><img loading=\"lazy\" decoding=\"async\" src=\"https:\/\/wordpress.nibis.de\/gsfa\/files\/2025\/08\/Koala.png\" alt=\"\" class=\"wp-image-1408\" width=\"164\" height=\"153\" srcset=\"https:\/\/wordpress.nibis.de\/gsfa\/files\/2025\/08\/Koala.png 945w, https:\/\/wordpress.nibis.de\/gsfa\/files\/2025\/08\/Koala-300x281.png 300w, https:\/\/wordpress.nibis.de\/gsfa\/files\/2025\/08\/Koala-768x719.png 768w, https:\/\/wordpress.nibis.de\/gsfa\/files\/2025\/08\/Koala-288x270.png 288w\" sizes=\"auto, (max-width: 164px) 100vw, 164px\" \/><\/figure><\/div>\n\n\n\n<p class=\"has-text-align-center\"><strong>4c<\/strong><br>Frau Peine und die Koalas<\/p>\n\n\n\n<hr class=\"wp-block-separator\" \/>\n\n\n\n<p><\/p>\n\n\n\n<div class=\"wp-block-image\"><figure class=\"aligncenter size-large is-resized\"><img loading=\"lazy\" decoding=\"async\" src=\"https:\/\/wordpress.nibis.de\/gsfa\/files\/2025\/08\/Giraffen-554x1024.png\" alt=\"\" class=\"wp-image-1409\" width=\"90\" height=\"167\" srcset=\"https:\/\/wordpress.nibis.de\/gsfa\/files\/2025\/08\/Giraffen-554x1024.png 554w, https:\/\/wordpress.nibis.de\/gsfa\/files\/2025\/08\/Giraffen-162x300.png 162w, https:\/\/wordpress.nibis.de\/gsfa\/files\/2025\/08\/Giraffen-146x270.png 146w, https:\/\/wordpress.nibis.de\/gsfa\/files\/2025\/08\/Giraffen.png 750w\" sizes=\"auto, (max-width: 90px) 100vw, 90px\" \/><\/figure><\/div>\n\n\n\n<p class=\"has-text-align-center\"><strong>4d<\/strong><br>Frau Adam und die Giraffen<\/p>\n\n\n\n<hr class=\"wp-block-separator\" \/>\n\n\n\n<p><\/p>\n\n\n\n<div class=\"wp-block-image\"><figure class=\"aligncenter size-full is-resized\"><img loading=\"lazy\" decoding=\"async\" src=\"https:\/\/wordpress.nibis.de\/gsfa\/files\/2025\/08\/Frosch.png\" alt=\"\" class=\"wp-image-1410\" width=\"151\" height=\"108\" srcset=\"https:\/\/wordpress.nibis.de\/gsfa\/files\/2025\/08\/Frosch.png 945w, https:\/\/wordpress.nibis.de\/gsfa\/files\/2025\/08\/Frosch-300x215.png 300w, https:\/\/wordpress.nibis.de\/gsfa\/files\/2025\/08\/Frosch-768x550.png 768w, https:\/\/wordpress.nibis.de\/gsfa\/files\/2025\/08\/Frosch-377x270.png 377w\" sizes=\"auto, (max-width: 151px) 100vw, 151px\" \/><\/figure><\/div>\n\n\n\n<p class=\"has-text-align-center\"><strong>4e<\/strong><br>Frau Maschke und die Fr\u00f6sche<\/p>\n","protected":false},"excerpt":{"rendered":"<p>4aFrau Sperling und die F\u00fcchse 4bFrau B\u00f6be und die Pudel 4cFrau Peine und die Koalas 4dFrau Adam und die Giraffen 4eFrau Maschke und die Fr\u00f6sche<\/p>\n","protected":false},"author":9194246,"featured_media":0,"parent":0,"menu_order":0,"comment_status":"closed","ping_status":"closed","template":"","meta":{"footnotes":""},"class_list":["post-119","page","type-page","status-publish","hentry"],"_links":{"self":[{"href":"https:\/\/wordpress.nibis.de\/gsfa\/wp-json\/wp\/v2\/pages\/119","targetHints":{"allow":["GET"]}}],"collection":[{"href":"https:\/\/wordpress.nibis.de\/gsfa\/wp-json\/wp\/v2\/pages"}],"about":[{"href":"https:\/\/wordpress.nibis.de\/gsfa\/wp-json\/wp\/v2\/types\/page"}],"author":[{"embeddable":true,"href":"https:\/\/wordpress.nibis.de\/gsfa\/wp-json\/wp\/v2\/users\/9194246"}],"replies":[{"embeddable":true,"href":"https:\/\/wordpress.nibis.de\/gsfa\/wp-json\/wp\/v2\/comments?post=119"}],"version-history":[{"count":16,"href":"https:\/\/wordpress.nibis.de\/gsfa\/wp-json\/wp\/v2\/pages\/119\/revisions"}],"predecessor-version":[{"id":1411,"href":"https:\/\/wordpress.nibis.de\/gsfa\/wp-json\/wp\/v2\/pages\/119\/revisions\/1411"}],"wp:attachment":[{"href":"https:\/\/wordpress.nibis.de\/gsfa\/wp-json\/wp\/v2\/media?parent=119"}],"curies":[{"name":"wp","href":"https:\/\/api.w.org\/{rel}","templated":true}]}}