{"id":120,"date":"2023-09-09T17:49:07","date_gmt":"2023-09-09T15:49:07","guid":{"rendered":"https:\/\/wordpress.nibis.de\/gsfa\/?page_id=120"},"modified":"2025-09-23T13:24:22","modified_gmt":"2025-09-23T11:24:22","slug":"4-klasse","status":"publish","type":"page","link":"https:\/\/wordpress.nibis.de\/gsfa\/4-klasse\/","title":{"rendered":"1. Klassen"},"content":{"rendered":"\n<div class=\"wp-block-image\"><figure class=\"aligncenter size-large is-resized\"><img loading=\"lazy\" decoding=\"async\" src=\"https:\/\/wordpress.nibis.de\/gsfa\/files\/2025\/09\/1a-1024x739.jpeg\" alt=\"\" class=\"wp-image-1527\" width=\"366\" height=\"264\" srcset=\"https:\/\/wordpress.nibis.de\/gsfa\/files\/2025\/09\/1a-1024x739.jpeg 1024w, https:\/\/wordpress.nibis.de\/gsfa\/files\/2025\/09\/1a-300x217.jpeg 300w, https:\/\/wordpress.nibis.de\/gsfa\/files\/2025\/09\/1a-768x554.jpeg 768w, https:\/\/wordpress.nibis.de\/gsfa\/files\/2025\/09\/1a-374x270.jpeg 374w, https:\/\/wordpress.nibis.de\/gsfa\/files\/2025\/09\/1a.jpeg 1280w\" sizes=\"auto, (max-width: 366px) 100vw, 366px\" \/><\/figure><\/div>\n\n\n\n<p class=\"has-text-align-center\"><strong>1a<\/strong><br>Frau Fischer und die Eulen<\/p>\n\n\n\n<p><\/p>\n\n\n\n<hr class=\"wp-block-separator\" \/>\n\n\n\n<div class=\"wp-block-image\"><figure class=\"aligncenter size-large is-resized\"><img loading=\"lazy\" decoding=\"async\" src=\"https:\/\/wordpress.nibis.de\/gsfa\/files\/2025\/09\/1b-1024x739.jpeg\" alt=\"\" class=\"wp-image-1529\" width=\"371\" height=\"268\" srcset=\"https:\/\/wordpress.nibis.de\/gsfa\/files\/2025\/09\/1b-1024x739.jpeg 1024w, https:\/\/wordpress.nibis.de\/gsfa\/files\/2025\/09\/1b-300x217.jpeg 300w, https:\/\/wordpress.nibis.de\/gsfa\/files\/2025\/09\/1b-768x554.jpeg 768w, https:\/\/wordpress.nibis.de\/gsfa\/files\/2025\/09\/1b-374x270.jpeg 374w, https:\/\/wordpress.nibis.de\/gsfa\/files\/2025\/09\/1b.jpeg 1280w\" sizes=\"auto, (max-width: 371px) 100vw, 371px\" \/><\/figure><\/div>\n\n\n\n<p class=\"has-text-align-center\"><strong>1b<\/strong><br>Frau Mainka und die Eichh\u00f6rnchen<\/p>\n\n\n\n<hr class=\"wp-block-separator\" \/>\n\n\n\n<div class=\"wp-block-image\"><figure class=\"aligncenter size-large is-resized\"><img loading=\"lazy\" decoding=\"async\" src=\"https:\/\/wordpress.nibis.de\/gsfa\/files\/2025\/09\/1c-1024x739.jpeg\" alt=\"\" class=\"wp-image-1530\" width=\"376\" height=\"271\" srcset=\"https:\/\/wordpress.nibis.de\/gsfa\/files\/2025\/09\/1c-1024x739.jpeg 1024w, https:\/\/wordpress.nibis.de\/gsfa\/files\/2025\/09\/1c-300x217.jpeg 300w, https:\/\/wordpress.nibis.de\/gsfa\/files\/2025\/09\/1c-768x554.jpeg 768w, https:\/\/wordpress.nibis.de\/gsfa\/files\/2025\/09\/1c-374x270.jpeg 374w, https:\/\/wordpress.nibis.de\/gsfa\/files\/2025\/09\/1c.jpeg 1280w\" sizes=\"auto, (max-width: 376px) 100vw, 376px\" \/><\/figure><\/div>\n\n\n\n<p class=\"has-text-align-center\"><strong>1c<\/strong><br>Frau Bettz\u00fcge und die Waschb\u00e4ren<\/p>\n\n\n\n<hr class=\"wp-block-separator\" \/>\n\n\n\n<div class=\"wp-block-image\"><figure class=\"aligncenter size-large is-resized\"><img loading=\"lazy\" decoding=\"async\" src=\"https:\/\/wordpress.nibis.de\/gsfa\/files\/2025\/09\/1d-1024x739.jpeg\" alt=\"\" class=\"wp-image-1531\" width=\"379\" height=\"274\" srcset=\"https:\/\/wordpress.nibis.de\/gsfa\/files\/2025\/09\/1d-1024x739.jpeg 1024w, https:\/\/wordpress.nibis.de\/gsfa\/files\/2025\/09\/1d-300x217.jpeg 300w, https:\/\/wordpress.nibis.de\/gsfa\/files\/2025\/09\/1d-768x554.jpeg 768w, https:\/\/wordpress.nibis.de\/gsfa\/files\/2025\/09\/1d-374x270.jpeg 374w, https:\/\/wordpress.nibis.de\/gsfa\/files\/2025\/09\/1d.jpeg 1280w\" sizes=\"auto, (max-width: 379px) 100vw, 379px\" \/><\/figure><\/div>\n\n\n\n<p><\/p>\n\n\n\n<p class=\"has-text-align-center\"><strong>1d<\/strong><br>Herr Tegebauer und die L\u00f6wen<\/p>\n\n\n\n<hr class=\"wp-block-separator\" \/>\n\n\n\n<div class=\"wp-block-image\"><figure class=\"aligncenter size-large is-resized\"><img loading=\"lazy\" decoding=\"async\" src=\"https:\/\/wordpress.nibis.de\/gsfa\/files\/2025\/09\/1e-1024x739.jpeg\" alt=\"\" class=\"wp-image-1532\" width=\"385\" height=\"278\" srcset=\"https:\/\/wordpress.nibis.de\/gsfa\/files\/2025\/09\/1e-1024x739.jpeg 1024w, https:\/\/wordpress.nibis.de\/gsfa\/files\/2025\/09\/1e-300x217.jpeg 300w, https:\/\/wordpress.nibis.de\/gsfa\/files\/2025\/09\/1e-768x554.jpeg 768w, https:\/\/wordpress.nibis.de\/gsfa\/files\/2025\/09\/1e-374x270.jpeg 374w, https:\/\/wordpress.nibis.de\/gsfa\/files\/2025\/09\/1e.jpeg 1280w\" sizes=\"auto, (max-width: 385px) 100vw, 385px\" \/><\/figure><\/div>\n\n\n\n<p class=\"has-text-align-center\"><strong>1e<\/strong><br>Herr Freudenthal und Fara und Fu<\/p>\n","protected":false},"excerpt":{"rendered":"<p>1aFrau Fischer und die Eulen 1bFrau Mainka und die Eichh\u00f6rnchen 1cFrau Bettz\u00fcge und die Waschb\u00e4ren 1dHerr Tegebauer und die L\u00f6wen 1eHerr Freudenthal und Fara und Fu<\/p>\n","protected":false},"author":9194246,"featured_media":0,"parent":0,"menu_order":0,"comment_status":"closed","ping_status":"closed","template":"","meta":{"footnotes":""},"class_list":["post-120","page","type-page","status-publish","hentry"],"_links":{"self":[{"href":"https:\/\/wordpress.nibis.de\/gsfa\/wp-json\/wp\/v2\/pages\/120","targetHints":{"allow":["GET"]}}],"collection":[{"href":"https:\/\/wordpress.nibis.de\/gsfa\/wp-json\/wp\/v2\/pages"}],"about":[{"href":"https:\/\/wordpress.nibis.de\/gsfa\/wp-json\/wp\/v2\/types\/page"}],"author":[{"embeddable":true,"href":"https:\/\/wordpress.nibis.de\/gsfa\/wp-json\/wp\/v2\/users\/9194246"}],"replies":[{"embeddable":true,"href":"https:\/\/wordpress.nibis.de\/gsfa\/wp-json\/wp\/v2\/comments?post=120"}],"version-history":[{"count":32,"href":"https:\/\/wordpress.nibis.de\/gsfa\/wp-json\/wp\/v2\/pages\/120\/revisions"}],"predecessor-version":[{"id":1712,"href":"https:\/\/wordpress.nibis.de\/gsfa\/wp-json\/wp\/v2\/pages\/120\/revisions\/1712"}],"wp:attachment":[{"href":"https:\/\/wordpress.nibis.de\/gsfa\/wp-json\/wp\/v2\/media?parent=120"}],"curies":[{"name":"wp","href":"https:\/\/api.w.org\/{rel}","templated":true}]}}