{"id":1674,"date":"2026-02-25T09:01:28","date_gmt":"2026-02-25T08:01:28","guid":{"rendered":"https:\/\/wordpress.nibis.de\/gsfa\/?page_id=1674"},"modified":"2026-02-25T09:20:26","modified_gmt":"2026-02-25T08:20:26","slug":"praktika","status":"publish","type":"page","link":"https:\/\/wordpress.nibis.de\/gsfa\/praktika\/","title":{"rendered":"Praktika"},"content":{"rendered":"\n<p>Praktikumskoordination und Ansprechpartnerin: Carolin Bettz\u00fcge <\/p>\n\n\n\n<p>Kontakt: carolin.bettzuege[at]schule-nds.de<\/p>\n\n\n\n<p><strong>Sch\u00fclerpraktika:  <\/strong>Bewerbungen f\u00fcr Sch\u00fclerpraktika (erst ab dem 11. Jahrgang) mit Bewerbungsunterlagen per Mail direkt bei Frau Bettz\u00fcge.<\/p>\n\n\n\n<p><strong>Studierende:<\/strong> Kontaktaufnahme mit der Schule per Mail direkt bei Frau Bettz\u00fcge.<\/p>\n","protected":false},"excerpt":{"rendered":"<p>Praktikumskoordination und Ansprechpartnerin: Carolin Bettz\u00fcge Kontakt: carolin.bettzuege[at]schule-nds.de Sch\u00fclerpraktika: Bewerbungen f\u00fcr Sch\u00fclerpraktika (erst ab dem 11. Jahrgang) mit Bewerbungsunterlagen per Mail direkt bei Frau Bettz\u00fcge. Studierende: Kontaktaufnahme mit der Schule per Mail direkt bei Frau Bettz\u00fcge.<\/p>\n","protected":false},"author":9194246,"featured_media":0,"parent":0,"menu_order":0,"comment_status":"closed","ping_status":"closed","template":"","meta":{"footnotes":""},"class_list":["post-1674","page","type-page","status-publish","hentry"],"_links":{"self":[{"href":"https:\/\/wordpress.nibis.de\/gsfa\/wp-json\/wp\/v2\/pages\/1674","targetHints":{"allow":["GET"]}}],"collection":[{"href":"https:\/\/wordpress.nibis.de\/gsfa\/wp-json\/wp\/v2\/pages"}],"about":[{"href":"https:\/\/wordpress.nibis.de\/gsfa\/wp-json\/wp\/v2\/types\/page"}],"author":[{"embeddable":true,"href":"https:\/\/wordpress.nibis.de\/gsfa\/wp-json\/wp\/v2\/users\/9194246"}],"replies":[{"embeddable":true,"href":"https:\/\/wordpress.nibis.de\/gsfa\/wp-json\/wp\/v2\/comments?post=1674"}],"version-history":[{"count":4,"href":"https:\/\/wordpress.nibis.de\/gsfa\/wp-json\/wp\/v2\/pages\/1674\/revisions"}],"predecessor-version":[{"id":1683,"href":"https:\/\/wordpress.nibis.de\/gsfa\/wp-json\/wp\/v2\/pages\/1674\/revisions\/1683"}],"wp:attachment":[{"href":"https:\/\/wordpress.nibis.de\/gsfa\/wp-json\/wp\/v2\/media?parent=1674"}],"curies":[{"name":"wp","href":"https:\/\/api.w.org\/{rel}","templated":true}]}}