{"id":264,"date":"2023-10-09T16:31:51","date_gmt":"2023-10-09T14:31:51","guid":{"rendered":"https:\/\/wordpress.nibis.de\/gsfa\/?page_id=264"},"modified":"2024-09-25T11:07:45","modified_gmt":"2024-09-25T09:07:45","slug":"schuelervertretung","status":"publish","type":"page","link":"https:\/\/wordpress.nibis.de\/gsfa\/schuelervertretung\/","title":{"rendered":"Sch\u00fclervertretung"},"content":{"rendered":"\n<h2 class=\"wp-block-heading\"><strong>Unsere Schule feiert den Weltkindertag<\/strong><\/h2>\n\n\n\n<p>Das neue Schuljahr hatte kaum begonnen, als sich einige Kinder der Sch\u00fclervertretung aus dem letzten Jahr noch einmal trafen. <\/p>\n\n\n\n<p><strong>Ihr Ziel: <\/strong>Ein besonderes Jubil\u00e4um vorzubereiten, n\u00e4mlich den 70. Weltkindertag am 20. September 2024! Am Weltkindertag werden jedes Jahr Kinder und ihre Rechte in den Mittelpunkt gestellt.<\/p>\n\n\n\n<p>Als <strong>Kinderrechteschule <\/strong>konnten wir mit Hilfe des Deutschen Kinderhilfswerks bei einer tollen Aktion mitmachen: Wir haben mehrere Puzzleteile aus Holz bekommen. Diese konnten Vertreterinnen und Vertreter der 4. Klassen nun zum Thema Kinder, W\u00fcnsche und Rechte gestalten. Die Kinder mussten nicht lange \u00fcberlegen; die wichtigsten Botschaften an die Erwachsenen waren schnell klar:<\/p>\n\n\n\n<p><strong>H\u00d6RT UNS ZU! RESPEKT F\u00dcR KINDER! NEHMT UNS ERNST!<\/strong><\/p>\n\n\n\n<p>Auch andere Rechte wie das Recht auf Freiheit und das Recht auf gleiche Chancen fanden die Kinder wichtig und haben Platz auf den Puzzleteilen bekommen. F\u00fcr den Weltkindertag sollten dann alle Teile zusammengef\u00fcgt werden. <strong>Und das beste: Zwei Puzzleteile durften wir nach Berlin schicken!<\/strong><\/p>\n\n\n\n<figure class=\"wp-block-image size-full\"><img loading=\"lazy\" decoding=\"async\" width=\"770\" height=\"433\" src=\"https:\/\/wordpress.nibis.de\/gsfa\/files\/2024\/09\/1.jpg\" alt=\"\" class=\"wp-image-958\" srcset=\"https:\/\/wordpress.nibis.de\/gsfa\/files\/2024\/09\/1.jpg 770w, https:\/\/wordpress.nibis.de\/gsfa\/files\/2024\/09\/1-300x169.jpg 300w, https:\/\/wordpress.nibis.de\/gsfa\/files\/2024\/09\/1-768x432.jpg 768w, https:\/\/wordpress.nibis.de\/gsfa\/files\/2024\/09\/1-480x270.jpg 480w\" sizes=\"auto, (max-width: 770px) 100vw, 770px\" \/><\/figure>\n\n\n\n<p>Viele andere Schulen und Einrichtungen hatten ebenfalls Puzzleteile bemalt und beschriftet. Schlie\u00dflich wurden alle f\u00fcr den 20. September als Riesenpuzzle vor dem Bundestag aufgebaut! K\u00f6nnt ihr unsere Teile entdecken? <\/p>\n\n\n\n<figure class=\"wp-block-image size-large\"><img loading=\"lazy\" decoding=\"async\" width=\"1268\" height=\"684\" src=\"https:\/\/wordpress.nibis.de\/gsfa\/files\/2024\/09\/2-1024x552.jpg\" alt=\"\" class=\"wp-image-959\" srcset=\"https:\/\/wordpress.nibis.de\/gsfa\/files\/2024\/09\/2-1024x552.jpg 1024w, https:\/\/wordpress.nibis.de\/gsfa\/files\/2024\/09\/2-300x162.jpg 300w, https:\/\/wordpress.nibis.de\/gsfa\/files\/2024\/09\/2-768x414.jpg 768w, https:\/\/wordpress.nibis.de\/gsfa\/files\/2024\/09\/2-501x270.jpg 501w, https:\/\/wordpress.nibis.de\/gsfa\/files\/2024\/09\/2.jpg 1268w\" sizes=\"auto, (max-width: 1268px) 100vw, 1268px\" \/><figcaption>Bildquelle: Deutsches Kinderhilfswerk e.V.\/ Paula G. Vidal<\/figcaption><\/figure>\n\n\n\n<p>\u2026 Und was geschah mit den Puzzleteilen, die in Fallersleben geblieben sind?<\/p>\n\n\n\n<p>Auch wir in der Grundschule Fallersleben haben den Weltkindertag nat\u00fcrlich gefeiert! In den Pausen gab es an der Glocke und an der Eule bunte Kinderrechte-Ecken mit vielen Infos, Plakaten, Ausmalbildern, Musik\u2026 und unseren Puzzleteilen.<\/p>\n\n\n\n<p><strong>Danke an alle, die bei der Vorbereitung geholfen und mit uns die Kinderrechte gefeiert haben!<\/strong><\/p>\n\n\n\n<figure class=\"wp-block-gallery has-nested-images columns-default is-cropped wp-block-gallery-1 is-layout-flex wp-block-gallery-is-layout-flex\">\n<figure class=\"wp-block-image size-large\"><img loading=\"lazy\" decoding=\"async\" width=\"577\" height=\"433\" data-id=\"974\" src=\"https:\/\/wordpress.nibis.de\/gsfa\/files\/2024\/09\/3-2.jpg\" alt=\"\" class=\"wp-image-974\" srcset=\"https:\/\/wordpress.nibis.de\/gsfa\/files\/2024\/09\/3-2.jpg 577w, https:\/\/wordpress.nibis.de\/gsfa\/files\/2024\/09\/3-2-300x225.jpg 300w, https:\/\/wordpress.nibis.de\/gsfa\/files\/2024\/09\/3-2-360x270.jpg 360w\" sizes=\"auto, (max-width: 577px) 100vw, 577px\" \/><\/figure>\n\n\n\n<figure class=\"wp-block-image size-large\"><img loading=\"lazy\" decoding=\"async\" width=\"577\" height=\"433\" data-id=\"973\" src=\"https:\/\/wordpress.nibis.de\/gsfa\/files\/2024\/09\/4-2.jpg\" alt=\"\" class=\"wp-image-973\" srcset=\"https:\/\/wordpress.nibis.de\/gsfa\/files\/2024\/09\/4-2.jpg 577w, https:\/\/wordpress.nibis.de\/gsfa\/files\/2024\/09\/4-2-300x225.jpg 300w, https:\/\/wordpress.nibis.de\/gsfa\/files\/2024\/09\/4-2-360x270.jpg 360w\" sizes=\"auto, (max-width: 577px) 100vw, 577px\" \/><\/figure>\n\n\n\n<figure class=\"wp-block-image size-large tw-width-100\"><img loading=\"lazy\" decoding=\"async\" width=\"577\" height=\"433\" data-id=\"970\" src=\"https:\/\/wordpress.nibis.de\/gsfa\/files\/2024\/09\/5-2.jpg\" alt=\"\" class=\"wp-image-970\" srcset=\"https:\/\/wordpress.nibis.de\/gsfa\/files\/2024\/09\/5-2.jpg 577w, https:\/\/wordpress.nibis.de\/gsfa\/files\/2024\/09\/5-2-300x225.jpg 300w, https:\/\/wordpress.nibis.de\/gsfa\/files\/2024\/09\/5-2-360x270.jpg 360w\" sizes=\"auto, (max-width: 577px) 100vw, 577px\" \/><\/figure>\n\n\n\n<figure class=\"wp-block-image size-large\"><img loading=\"lazy\" decoding=\"async\" width=\"577\" height=\"433\" data-id=\"971\" src=\"https:\/\/wordpress.nibis.de\/gsfa\/files\/2024\/09\/6-2.jpg\" alt=\"\" class=\"wp-image-971\" srcset=\"https:\/\/wordpress.nibis.de\/gsfa\/files\/2024\/09\/6-2.jpg 577w, https:\/\/wordpress.nibis.de\/gsfa\/files\/2024\/09\/6-2-300x225.jpg 300w, https:\/\/wordpress.nibis.de\/gsfa\/files\/2024\/09\/6-2-360x270.jpg 360w\" sizes=\"auto, (max-width: 577px) 100vw, 577px\" \/><\/figure>\n\n\n\n<figure class=\"wp-block-image size-large\"><img loading=\"lazy\" decoding=\"async\" width=\"498\" height=\"638\" data-id=\"972\" src=\"https:\/\/wordpress.nibis.de\/gsfa\/files\/2024\/09\/7-2.jpg\" alt=\"\" class=\"wp-image-972\" srcset=\"https:\/\/wordpress.nibis.de\/gsfa\/files\/2024\/09\/7-2.jpg 498w, https:\/\/wordpress.nibis.de\/gsfa\/files\/2024\/09\/7-2-234x300.jpg 234w, https:\/\/wordpress.nibis.de\/gsfa\/files\/2024\/09\/7-2-211x270.jpg 211w\" sizes=\"auto, (max-width: 498px) 100vw, 498px\" \/><\/figure>\n<\/figure>\n\n\n\n<hr class=\"wp-block-separator\" \/>\n\n\n\n<p><strong>Hier findet ihr noch mehr Infos rund um die Puzzleaktion und den Weltkindertag:<\/strong><\/p>\n\n\n\n<p><a href=\"https:\/\/www.dkhw.de\/spenden\/direkt-helfen\/fuer-ein-thema-spenden\/fuer-kinderrechte-spenden\/\">https:\/\/www.dkhw.de\/spenden\/direkt-helfen\/fuer-ein-thema-spenden\/fuer-kinderrechte-spenden\/<\/a><\/p>\n\n\n\n<p><strong>Falls ihr mehr \u00fcber Kinderrechte erfahren wollt, k\u00f6nnt ihr hier klicken: <\/strong><a href=\"https:\/\/www.kindersache.de\/bereiche\/kinderrechte\/kinderrechte\">https:\/\/www.kindersache.de\/bereiche\/kinderrechte\/kinderrechte<\/a><\/p>\n\n\n\n<p><strong>Und hier gibt\u2019s den Kinderrechte-Song \u201eIch darf das!\u201c, an dem vor ein paar Jahren Kinder unserer Schule mitgedichtet und gesungen haben.<\/strong><\/p>\n\n\n\n<p><a href=\"https:\/\/www.dkhw.de\/informieren\/im-ueberblick\/ueber-uns\/kinderrechte-song-ich-darf-das\/\">https:\/\/www.dkhw.de\/informieren\/im-ueberblick\/ueber-uns\/kinderrechte-song-ich-darf-das\/<\/a><\/p>\n","protected":false},"excerpt":{"rendered":"<p>Unsere Schule feiert den Weltkindertag Das neue Schuljahr hatte kaum begonnen, als sich einige Kinder der Sch\u00fclervertretung aus dem letzten Jahr noch einmal trafen. Ihr Ziel: Ein besonderes Jubil\u00e4um vorzubereiten, n\u00e4mlich den 70. Weltkindertag am 20. September 2024! Am Weltkindertag werden jedes Jahr Kinder und ihre Rechte in den Mittelpunkt gestellt. Als Kinderrechteschule konnten wir mit Hilfe des Deutschen Kinderhilfswerks bei einer tollen Aktion mitmachen: Wir haben mehrere Puzzleteile aus Holz bekommen. Diese konnten Vertreterinnen und Vertreter der 4. Klassen&#8230;<\/p>\n<p class=\"read-more\"><a class=\"btn btn-default\" href=\"https:\/\/wordpress.nibis.de\/gsfa\/schuelervertretung\/\">Weiterlesen<span class=\"screen-reader-text\"> Weiterlesen<\/span><\/a><\/p>\n","protected":false},"author":9194246,"featured_media":0,"parent":0,"menu_order":0,"comment_status":"closed","ping_status":"closed","template":"","meta":{"footnotes":""},"class_list":["post-264","page","type-page","status-publish","hentry"],"_links":{"self":[{"href":"https:\/\/wordpress.nibis.de\/gsfa\/wp-json\/wp\/v2\/pages\/264","targetHints":{"allow":["GET"]}}],"collection":[{"href":"https:\/\/wordpress.nibis.de\/gsfa\/wp-json\/wp\/v2\/pages"}],"about":[{"href":"https:\/\/wordpress.nibis.de\/gsfa\/wp-json\/wp\/v2\/types\/page"}],"author":[{"embeddable":true,"href":"https:\/\/wordpress.nibis.de\/gsfa\/wp-json\/wp\/v2\/users\/9194246"}],"replies":[{"embeddable":true,"href":"https:\/\/wordpress.nibis.de\/gsfa\/wp-json\/wp\/v2\/comments?post=264"}],"version-history":[{"count":4,"href":"https:\/\/wordpress.nibis.de\/gsfa\/wp-json\/wp\/v2\/pages\/264\/revisions"}],"predecessor-version":[{"id":975,"href":"https:\/\/wordpress.nibis.de\/gsfa\/wp-json\/wp\/v2\/pages\/264\/revisions\/975"}],"wp:attachment":[{"href":"https:\/\/wordpress.nibis.de\/gsfa\/wp-json\/wp\/v2\/media?parent=264"}],"curies":[{"name":"wp","href":"https:\/\/api.w.org\/{rel}","templated":true}]}}