{"id":402,"date":"2024-01-12T09:29:47","date_gmt":"2024-01-12T08:29:47","guid":{"rendered":"https:\/\/wordpress.nibis.de\/gsfa\/?page_id=402"},"modified":"2024-02-19T16:24:49","modified_gmt":"2024-02-19T15:24:49","slug":"faq","status":"publish","type":"page","link":"https:\/\/wordpress.nibis.de\/gsfa\/faq\/","title":{"rendered":"FAQ"},"content":{"rendered":"\n<p><strong>Welche wichtigen Informationen sollte eine E-Mail an den Ganztag\/Sekretariat enthalten?<\/strong><\/p>\n\n\n\n<p>Damit Ihre E-Mail richtig bearbeitet werden kann, ist es wichtig, folgenden Aufbau zu beachten: Sie nennen den vollst\u00e4ndigen Namen Ihres Kindes sowie die Klasse. Anschlie\u00dfend beschreiben Sie Ihr Anliegen.<\/p>\n\n\n\n<p><strong>Wo hole ich mein Kind ab?<\/strong><\/p>\n\n\n\n<p>Kinder der Eule, k\u00f6nnen Sie nach dem Ganztag am Schulhofstor der Glocke bei den Glascontainern abholen. Ist Ihr Kind in der Glocke, holen Sie Ihr Kind am Haupteingang der Glocke ab.<\/p>\n\n\n\n<p><strong>Kann ich mein Kind auch fr\u00fcher abholen?<\/strong><\/p>\n\n\n\n<p>Eine fr\u00fchere Abholung Ihres Kindes ist nur in Ausnahmef\u00e4llen erlaubt (mit Nachweis und vorheriger Absprache). <\/p>\n\n\n\n<p><strong>Was mache ich, wenn mein Kind von jemand anderem abgeholt werden soll?<\/strong><\/p>\n\n\n\n<p>Sollte Ihr Kind von jemand anderem abgeholt werden, geben Sie dem Ganztag und der Klassenlehrkraft Bescheid.<\/p>\n\n\n\n<p><strong>Was mache ich, wenn mein Kind krank ist?<\/strong><\/p>\n\n\n\n<p>Sollte Ihr Kind krank sein, informieren Sie das Sekretariat telefonisch sowie die Klassenlehrkraft und den Ganztag per Mail dar\u00fcber.<\/p>\n","protected":false},"excerpt":{"rendered":"<p>Welche wichtigen Informationen sollte eine E-Mail an den Ganztag\/Sekretariat enthalten? Damit Ihre E-Mail richtig bearbeitet werden kann, ist es wichtig, folgenden Aufbau zu beachten: Sie nennen den vollst\u00e4ndigen Namen Ihres Kindes sowie die Klasse. Anschlie\u00dfend beschreiben Sie Ihr Anliegen. Wo hole ich mein Kind ab? Kinder der Eule, k\u00f6nnen Sie nach dem Ganztag am Schulhofstor der Glocke bei den Glascontainern abholen. Ist Ihr Kind in der Glocke, holen Sie Ihr Kind am Haupteingang der Glocke ab. Kann ich mein Kind&#8230;<\/p>\n<p class=\"read-more\"><a class=\"btn btn-default\" href=\"https:\/\/wordpress.nibis.de\/gsfa\/faq\/\">Weiterlesen<span class=\"screen-reader-text\"> Weiterlesen<\/span><\/a><\/p>\n","protected":false},"author":9194246,"featured_media":0,"parent":0,"menu_order":0,"comment_status":"closed","ping_status":"closed","template":"","meta":{"footnotes":""},"class_list":["post-402","page","type-page","status-publish","hentry"],"_links":{"self":[{"href":"https:\/\/wordpress.nibis.de\/gsfa\/wp-json\/wp\/v2\/pages\/402","targetHints":{"allow":["GET"]}}],"collection":[{"href":"https:\/\/wordpress.nibis.de\/gsfa\/wp-json\/wp\/v2\/pages"}],"about":[{"href":"https:\/\/wordpress.nibis.de\/gsfa\/wp-json\/wp\/v2\/types\/page"}],"author":[{"embeddable":true,"href":"https:\/\/wordpress.nibis.de\/gsfa\/wp-json\/wp\/v2\/users\/9194246"}],"replies":[{"embeddable":true,"href":"https:\/\/wordpress.nibis.de\/gsfa\/wp-json\/wp\/v2\/comments?post=402"}],"version-history":[{"count":25,"href":"https:\/\/wordpress.nibis.de\/gsfa\/wp-json\/wp\/v2\/pages\/402\/revisions"}],"predecessor-version":[{"id":577,"href":"https:\/\/wordpress.nibis.de\/gsfa\/wp-json\/wp\/v2\/pages\/402\/revisions\/577"}],"wp:attachment":[{"href":"https:\/\/wordpress.nibis.de\/gsfa\/wp-json\/wp\/v2\/media?parent=402"}],"curies":[{"name":"wp","href":"https:\/\/api.w.org\/{rel}","templated":true}]}}