{"id":52,"date":"2023-09-09T11:06:01","date_gmt":"2023-09-09T09:06:01","guid":{"rendered":"https:\/\/wordpress.nibis.de\/gsfa\/?page_id=52"},"modified":"2025-05-29T18:02:23","modified_gmt":"2025-05-29T16:02:23","slug":"elternvertretung","status":"publish","type":"page","link":"https:\/\/wordpress.nibis.de\/gsfa\/elternvertretung\/","title":{"rendered":"Elternvertretung"},"content":{"rendered":"\n<p><strong>Schulelternrat<\/strong><\/p>\n\n\n\n<p>Herzlich willkommen auf der Seite des Schulelternrates der Grundschule Fallersleben.<\/p>\n\n\n\n<p>Der Schulelternrat (SER) versteht sich als Bindeglied zwischen Schule und Elternschaft. Wir beteiligen uns an der Gestaltung und F\u00f6rderung der Erziehungs- und Unterrichtsarbeit, unterst\u00fctzen und geben Anregungen und Vorschl\u00e4ge und beraten die Schule. Gleichzeitig vertreten wir die Interessen der Elternschaft gegen\u00fcber der Schulleitung und der Schulverwaltung. Wir entsenden VertreterInnen in den Stadtelternrat, um uns mit ElternvertreterInnen anderer Wolfsburger Schulen auszutauschen.<\/p>\n\n\n\n<p>Unser Gremium, der Schulelternrat, tagt vier Mal im Jahr. TeilnehmerInnen sind neben den gew\u00e4hlten ElternvertreterInnen auch die Schulleitung. Dar\u00fcber hinaus freuen wir uns f\u00fcr einen ganzheitlichen Ansatz regelm\u00e4\u00dfig auch VertreterInnen des Ganztages sowie der Schulsozialarbeit begr\u00fc\u00dfen zu d\u00fcrfen. Diese Schulelternratssitzungen dienen als Austauschplattform. Die Schule und der Ganztag informieren \u00fcber den aktuellen Stand der Schule und geben Neuerungen bekannt. Au\u00dferdem werden Fragen und auch Anregungen der Elternseite platziert und mit Schule und \/oder Ganztag besprochen.<\/p>\n\n\n\n<p>Sie haben allgemeine Fragen oder auch Anregungen, die die Schule oder den Ganztag betreffen und m\u00f6chten diese in einer SER Sitzungen angesprochen haben?<\/p>\n\n\n\n<p>Ihre Ansprechpartner sind die in Ihrer Klasse gew\u00e4hlten ElternvertreterInnen. Diese sammeln Themen und geben diese an uns weiter. Sie k\u00f6nnen aber auch direkt \u00fcber folgende Email-Adresse &nbsp;mit uns in Kontakt treten: <a href=\"&#x6d;&#97;&#105;l&#x74;&#x6f;&#58;e&#x6c;&#x74;&#101;rn&#x76;&#101;&#114;t&#x72;&#x65;&#116;u&#x6e;&#x67;&#46;&#103;s&#x2d;&#x66;&#97;l&#x6c;&#x65;&#114;s&#x6c;&#x65;&#98;&#101;n&#x40;&#x77;&#101;b&#x2e;&#x64;&#101;\">e&#108;&#116;&#101;&#x72;&#x6e;&#x76;er&#116;&#114;&#x65;&#x74;&#x75;&#x6e;g&#46;&#103;&#115;&#x2d;&#x66;&#x61;&#x6c;l&#101;&#114;&#115;&#x6c;&#x65;&#x62;en&#64;&#119;&#101;&#x62;&#x2e;&#x64;e<\/a><\/p>\n\n\n\n<p>I<strong>hr aktueller SER-Vorstand:<\/strong><\/p>\n\n\n\n<p>Yvonne Gr\u00fcnbein (Schulelternratsvorsitzende)<\/p>\n\n\n\n<p>Charline Schrader (2. Vorsitzende)<\/p>\n\n\n\n<p>Pamela Gutermilch (3. Vorsitzende)<\/p>\n\n\n\n<p>Informationen zu M\u00f6glichkeiten der Elternmitwirkung in Niedersachsen finden Sie auf der Homepage des Nieders\u00e4chsischen Kultusministeriums: <a href=\"https:\/\/www.mk.niedersachsen.de\/startseite\/schule\/schulerinnen_und_schuler_eltern\/mitwirkung\/eltern_erziehungsberechtigte\/eltern-erziehungsberechtigte-5914.html\">Eltern\/Erziehungsberechtigte | Nds. Kultusministerium (niedersachsen.de)<\/a><\/p>\n\n\n\n<p>Die aktuellen elektronischen Briefe an Schulen aus dem Kultusministerium sind <a href=\"https:\/\/www.mk.niedersachsen.de\/startseite\/aktuelles\/briefe_der_ministerin\/briefe-der-ministerin-220992.html\">hier<\/a> abgelegt.<\/p>\n","protected":false},"excerpt":{"rendered":"<p>Schulelternrat Herzlich willkommen auf der Seite des Schulelternrates der Grundschule Fallersleben. Der Schulelternrat (SER) versteht sich als Bindeglied zwischen Schule und Elternschaft. Wir beteiligen uns an der Gestaltung und F\u00f6rderung der Erziehungs- und Unterrichtsarbeit, unterst\u00fctzen und geben Anregungen und Vorschl\u00e4ge und beraten die Schule. Gleichzeitig vertreten wir die Interessen der Elternschaft gegen\u00fcber der Schulleitung und der Schulverwaltung. Wir entsenden VertreterInnen in den Stadtelternrat, um uns mit ElternvertreterInnen anderer Wolfsburger Schulen auszutauschen. Unser Gremium, der Schulelternrat, tagt vier Mal im Jahr&#8230;.<\/p>\n<p class=\"read-more\"><a class=\"btn btn-default\" href=\"https:\/\/wordpress.nibis.de\/gsfa\/elternvertretung\/\">Weiterlesen<span class=\"screen-reader-text\"> Weiterlesen<\/span><\/a><\/p>\n","protected":false},"author":9194246,"featured_media":0,"parent":0,"menu_order":0,"comment_status":"closed","ping_status":"closed","template":"","meta":{"footnotes":""},"class_list":["post-52","page","type-page","status-publish","hentry"],"_links":{"self":[{"href":"https:\/\/wordpress.nibis.de\/gsfa\/wp-json\/wp\/v2\/pages\/52","targetHints":{"allow":["GET"]}}],"collection":[{"href":"https:\/\/wordpress.nibis.de\/gsfa\/wp-json\/wp\/v2\/pages"}],"about":[{"href":"https:\/\/wordpress.nibis.de\/gsfa\/wp-json\/wp\/v2\/types\/page"}],"author":[{"embeddable":true,"href":"https:\/\/wordpress.nibis.de\/gsfa\/wp-json\/wp\/v2\/users\/9194246"}],"replies":[{"embeddable":true,"href":"https:\/\/wordpress.nibis.de\/gsfa\/wp-json\/wp\/v2\/comments?post=52"}],"version-history":[{"count":4,"href":"https:\/\/wordpress.nibis.de\/gsfa\/wp-json\/wp\/v2\/pages\/52\/revisions"}],"predecessor-version":[{"id":1304,"href":"https:\/\/wordpress.nibis.de\/gsfa\/wp-json\/wp\/v2\/pages\/52\/revisions\/1304"}],"wp:attachment":[{"href":"https:\/\/wordpress.nibis.de\/gsfa\/wp-json\/wp\/v2\/media?parent=52"}],"curies":[{"name":"wp","href":"https:\/\/api.w.org\/{rel}","templated":true}]}}