{"id":69,"date":"2023-09-09T11:42:04","date_gmt":"2023-09-09T09:42:04","guid":{"rendered":"https:\/\/wordpress.nibis.de\/gsfa\/?page_id=69"},"modified":"2025-09-04T14:31:15","modified_gmt":"2025-09-04T12:31:15","slug":"brueckenjahr","status":"publish","type":"page","link":"https:\/\/wordpress.nibis.de\/gsfa\/brueckenjahr\/","title":{"rendered":"Br\u00fcckenjahr"},"content":{"rendered":"\n<p><strong>Br\u00fcckenjahr an der Grundschule Fallersleben<\/strong><\/p>\n\n\n\n<p>Im Jahr vor dem Schulbeginn, dem sogenannten &#8222;Br\u00fcckenjahr&#8220;, werden die Kinder in den Kitas umfassend auf den Schulbeginn vorbereitet. In enger Zusammenarbeit mit den f\u00fcnf Fallersleber Kitas und der Kita DRK Sandkamp, unserem Br\u00fcckenjahrteam, werden gleichzeitig in etlichen Sitzungen die verschiedenen gemeinsamen Aktionen des Br\u00fcckenjahrs geplant und umgesetzt. Ziel ist es, sowohl die Kinder als auch deren Eltern und Erziehungsberechtigte so umfassend wie m\u00f6glich auf den Schulbeginn einzustimmen.<\/p>\n\n\n\n<p><\/p>\n\n\n\n<p>Die Termin\u00fcbersicht und weitere Informationen f\u00fcr das Br\u00fcckenjahr 2025-2026 finden Sie im Bereich <a href=\"https:\/\/wordpress.nibis.de\/gsfa\/wp-admin\/post.php?post=112&amp;action=edit\">Downloads<\/a>.<\/p>\n","protected":false},"excerpt":{"rendered":"<p>Br\u00fcckenjahr an der Grundschule Fallersleben Im Jahr vor dem Schulbeginn, dem sogenannten &#8222;Br\u00fcckenjahr&#8220;, werden die Kinder in den Kitas umfassend auf den Schulbeginn vorbereitet. In enger Zusammenarbeit mit den f\u00fcnf Fallersleber Kitas und der Kita DRK Sandkamp, unserem Br\u00fcckenjahrteam, werden gleichzeitig in etlichen Sitzungen die verschiedenen gemeinsamen Aktionen des Br\u00fcckenjahrs geplant und umgesetzt. Ziel ist es, sowohl die Kinder als auch deren Eltern und Erziehungsberechtigte so umfassend wie m\u00f6glich auf den Schulbeginn einzustimmen. Die Termin\u00fcbersicht und weitere Informationen f\u00fcr das&#8230;<\/p>\n<p class=\"read-more\"><a class=\"btn btn-default\" href=\"https:\/\/wordpress.nibis.de\/gsfa\/brueckenjahr\/\">Weiterlesen<span class=\"screen-reader-text\"> Weiterlesen<\/span><\/a><\/p>\n","protected":false},"author":9194246,"featured_media":0,"parent":0,"menu_order":0,"comment_status":"closed","ping_status":"closed","template":"","meta":{"footnotes":""},"class_list":["post-69","page","type-page","status-publish","hentry"],"_links":{"self":[{"href":"https:\/\/wordpress.nibis.de\/gsfa\/wp-json\/wp\/v2\/pages\/69","targetHints":{"allow":["GET"]}}],"collection":[{"href":"https:\/\/wordpress.nibis.de\/gsfa\/wp-json\/wp\/v2\/pages"}],"about":[{"href":"https:\/\/wordpress.nibis.de\/gsfa\/wp-json\/wp\/v2\/types\/page"}],"author":[{"embeddable":true,"href":"https:\/\/wordpress.nibis.de\/gsfa\/wp-json\/wp\/v2\/users\/9194246"}],"replies":[{"embeddable":true,"href":"https:\/\/wordpress.nibis.de\/gsfa\/wp-json\/wp\/v2\/comments?post=69"}],"version-history":[{"count":7,"href":"https:\/\/wordpress.nibis.de\/gsfa\/wp-json\/wp\/v2\/pages\/69\/revisions"}],"predecessor-version":[{"id":1488,"href":"https:\/\/wordpress.nibis.de\/gsfa\/wp-json\/wp\/v2\/pages\/69\/revisions\/1488"}],"wp:attachment":[{"href":"https:\/\/wordpress.nibis.de\/gsfa\/wp-json\/wp\/v2\/media?parent=69"}],"curies":[{"name":"wp","href":"https:\/\/api.w.org\/{rel}","templated":true}]}}