{"id":89,"date":"2023-09-09T17:37:07","date_gmt":"2023-09-09T15:37:07","guid":{"rendered":"https:\/\/wordpress.nibis.de\/gsfa\/?page_id=89"},"modified":"2024-05-12T10:55:36","modified_gmt":"2024-05-12T08:55:36","slug":"schulleben","status":"publish","type":"page","link":"https:\/\/wordpress.nibis.de\/gsfa\/schulleben\/","title":{"rendered":"Projekte"},"content":{"rendered":"\n<h2 class=\"wp-block-heading\">Regionaler Lesewettbewerb<\/h2>\n\n\n\n<p>Am 1. M\u00e4rz fand der Lesewettbewerb der besten Leser der Grundschulen Ehmen\/ M\u00f6rse, S\u00fclfeld und Fallersleben in Fallersleben statt.<\/p>\n\n\n\n<p>Sechs junge LeserInnen hatten eines ihrer Lieblingsb\u00fccher mitgebracht und lasen der f\u00fcnfk\u00f6pfigen&nbsp; Jury ein vorbereites St\u00fcck daraus vor. Anschlie\u00dfend war es die Herausforderung, einen unbekannten Text vorzutragen.&nbsp;<\/p>\n\n\n\n<p>Alle sechs Kinder trugen ihre Texte sehr gekonnt vor und machten damit der Jury die Entscheidung \u00fcber die Vergabe der Pl\u00e4tze denkbar schwer.<\/p>\n\n\n\n<p>Den ersten Platz belegten schlie\u00dflich Clara aus Ehmen bei den dritten Klassen und Julian aus S\u00fclfeld bei den vierten Klassen.<\/p>\n\n\n\n<p>Herzlichen Gl\u00fcckwunsch! Und gro\u00dfer Dank an die tolle Jury!<\/p>\n\n\n\n<figure class=\"wp-block-gallery has-nested-images columns-default is-cropped wp-block-gallery-1 is-layout-flex wp-block-gallery-is-layout-flex\">\n<figure class=\"wp-block-image size-large\"><img decoding=\"async\" data-id=\"726\" src=\"https:\/\/wordpress.nibis.de\/gsfa\/files\/2024\/05\/lesewettbewerb-2-1024x683.jpg\" alt=\"\" class=\"wp-image-726\" \/><\/figure>\n\n\n\n<figure class=\"wp-block-image size-large\"><img decoding=\"async\" data-id=\"727\" src=\"https:\/\/wordpress.nibis.de\/gsfa\/files\/2024\/05\/foto-lesewettbewerb-1-1024x683.jpg\" alt=\"\" class=\"wp-image-727\" \/><\/figure>\n<\/figure>\n\n\n\n<hr class=\"wp-block-separator has-text-color has-background has-black-background-color has-black-color is-style-wide\" \/>\n\n\n\n<p><\/p>\n","protected":false},"excerpt":{"rendered":"<p>Regionaler Lesewettbewerb Am 1. M\u00e4rz fand der Lesewettbewerb der besten Leser der Grundschulen Ehmen\/ M\u00f6rse, S\u00fclfeld und Fallersleben in Fallersleben statt. Sechs junge LeserInnen hatten eines ihrer Lieblingsb\u00fccher mitgebracht und lasen der f\u00fcnfk\u00f6pfigen&nbsp; Jury ein vorbereites St\u00fcck daraus vor. Anschlie\u00dfend war es die Herausforderung, einen unbekannten Text vorzutragen.&nbsp; Alle sechs Kinder trugen ihre Texte sehr gekonnt vor und machten damit der Jury die Entscheidung \u00fcber die Vergabe der Pl\u00e4tze denkbar schwer. Den ersten Platz belegten schlie\u00dflich Clara aus Ehmen bei&#8230;<\/p>\n<p class=\"read-more\"><a class=\"btn btn-default\" href=\"https:\/\/wordpress.nibis.de\/gsfa\/schulleben\/\">Weiterlesen<span class=\"screen-reader-text\"> Weiterlesen<\/span><\/a><\/p>\n","protected":false},"author":9194246,"featured_media":0,"parent":0,"menu_order":0,"comment_status":"closed","ping_status":"closed","template":"","meta":{"footnotes":""},"class_list":["post-89","page","type-page","status-publish","hentry"],"_links":{"self":[{"href":"https:\/\/wordpress.nibis.de\/gsfa\/wp-json\/wp\/v2\/pages\/89","targetHints":{"allow":["GET"]}}],"collection":[{"href":"https:\/\/wordpress.nibis.de\/gsfa\/wp-json\/wp\/v2\/pages"}],"about":[{"href":"https:\/\/wordpress.nibis.de\/gsfa\/wp-json\/wp\/v2\/types\/page"}],"author":[{"embeddable":true,"href":"https:\/\/wordpress.nibis.de\/gsfa\/wp-json\/wp\/v2\/users\/9194246"}],"replies":[{"embeddable":true,"href":"https:\/\/wordpress.nibis.de\/gsfa\/wp-json\/wp\/v2\/comments?post=89"}],"version-history":[{"count":6,"href":"https:\/\/wordpress.nibis.de\/gsfa\/wp-json\/wp\/v2\/pages\/89\/revisions"}],"predecessor-version":[{"id":729,"href":"https:\/\/wordpress.nibis.de\/gsfa\/wp-json\/wp\/v2\/pages\/89\/revisions\/729"}],"wp:attachment":[{"href":"https:\/\/wordpress.nibis.de\/gsfa\/wp-json\/wp\/v2\/media?parent=89"}],"curies":[{"name":"wp","href":"https:\/\/api.w.org\/{rel}","templated":true}]}}