{"id":96,"date":"2023-09-09T17:40:31","date_gmt":"2023-09-09T15:40:31","guid":{"rendered":"https:\/\/wordpress.nibis.de\/gsfa\/?page_id=96"},"modified":"2025-09-23T07:37:28","modified_gmt":"2025-09-23T05:37:28","slug":"ganztagsschule","status":"publish","type":"page","link":"https:\/\/wordpress.nibis.de\/gsfa\/ganztagsschule\/","title":{"rendered":"Ganztagsschule"},"content":{"rendered":"\n<p>Wir denken, dass Schule mehr als Unterricht ist. F\u00fcr eine kindgem\u00e4\u00dfe Entwicklung und ein kindgem\u00e4\u00dfes Lernen ist ein neues, modernes Verst\u00e4ndnis von Schule n\u00f6tig. Durch einen erweiterten Zeitrahmen bietet unsere Schule die M\u00f6glichkeit, die Kinder ganzt\u00e4gig zu fordern und f\u00f6rdern, sie in ihren Sozialkompetenzen, individuellen F\u00e4hig- und Fertigkeiten sowie in ihrem Lernwillen zu st\u00e4rken.<\/p>\n\n\n\n<p><\/p>\n\n\n\n<p>Um Kindern f\u00fcr ihre Lern- und Entwicklungsprozessen einen optimalen Rahmen zu geben, beinhaltet unser Ganztagskonzept die folgenden Komponenten:<\/p>\n\n\n\n<ul class=\"wp-block-list\"><li>p\u00e4dagogisches Mittagessen<\/li><li>\u00dcbungs- und Lernzeiten<\/li><li>vielf\u00e4ltiges AG-Programm<\/li><li>selbstbestimmte Freizeitgestaltung bis 17 Uhr<\/li><li>Ferienbetreuung<\/li><\/ul>\n","protected":false},"excerpt":{"rendered":"<p>Wir denken, dass Schule mehr als Unterricht ist. F\u00fcr eine kindgem\u00e4\u00dfe Entwicklung und ein kindgem\u00e4\u00dfes Lernen ist ein neues, modernes Verst\u00e4ndnis von Schule n\u00f6tig. Durch einen erweiterten Zeitrahmen bietet unsere Schule die M\u00f6glichkeit, die Kinder ganzt\u00e4gig zu fordern und f\u00f6rdern, sie in ihren Sozialkompetenzen, individuellen F\u00e4hig- und Fertigkeiten sowie in ihrem Lernwillen zu st\u00e4rken. Um Kindern f\u00fcr ihre Lern- und Entwicklungsprozessen einen optimalen Rahmen zu geben, beinhaltet unser Ganztagskonzept die folgenden Komponenten: p\u00e4dagogisches Mittagessen \u00dcbungs- und Lernzeiten vielf\u00e4ltiges AG-Programm selbstbestimmte&#8230;<\/p>\n<p class=\"read-more\"><a class=\"btn btn-default\" href=\"https:\/\/wordpress.nibis.de\/gsfa\/ganztagsschule\/\">Weiterlesen<span class=\"screen-reader-text\"> Weiterlesen<\/span><\/a><\/p>\n","protected":false},"author":9194246,"featured_media":0,"parent":0,"menu_order":0,"comment_status":"closed","ping_status":"closed","template":"","meta":{"footnotes":""},"class_list":["post-96","page","type-page","status-publish","hentry"],"_links":{"self":[{"href":"https:\/\/wordpress.nibis.de\/gsfa\/wp-json\/wp\/v2\/pages\/96","targetHints":{"allow":["GET"]}}],"collection":[{"href":"https:\/\/wordpress.nibis.de\/gsfa\/wp-json\/wp\/v2\/pages"}],"about":[{"href":"https:\/\/wordpress.nibis.de\/gsfa\/wp-json\/wp\/v2\/types\/page"}],"author":[{"embeddable":true,"href":"https:\/\/wordpress.nibis.de\/gsfa\/wp-json\/wp\/v2\/users\/9194246"}],"replies":[{"embeddable":true,"href":"https:\/\/wordpress.nibis.de\/gsfa\/wp-json\/wp\/v2\/comments?post=96"}],"version-history":[{"count":7,"href":"https:\/\/wordpress.nibis.de\/gsfa\/wp-json\/wp\/v2\/pages\/96\/revisions"}],"predecessor-version":[{"id":1526,"href":"https:\/\/wordpress.nibis.de\/gsfa\/wp-json\/wp\/v2\/pages\/96\/revisions\/1526"}],"wp:attachment":[{"href":"https:\/\/wordpress.nibis.de\/gsfa\/wp-json\/wp\/v2\/media?parent=96"}],"curies":[{"name":"wp","href":"https:\/\/api.w.org\/{rel}","templated":true}]}}