{"id":128,"date":"2019-02-22T21:30:03","date_gmt":"2019-02-22T20:30:03","guid":{"rendered":"https:\/\/wordpress.nibis.de\/gsfes\/?page_id=128"},"modified":"2026-01-17T19:46:08","modified_gmt":"2026-01-17T18:46:08","slug":"donwloads","status":"publish","type":"page","link":"https:\/\/wordpress.nibis.de\/gsfes\/donwloads\/","title":{"rendered":"Downloadbereich der Friedrich-Ebert Schule Badenstedt"},"content":{"rendered":"\n<p class=\"has-background\" style=\"background-color:#02d805;font-size:1px\"><\/p>\n\n\n\n<p style=\"font-size:24px\"><strong><span style=\"color:var(--accent)\" class=\"tadv-color\">Ferien\u00fcbersicht f\u00fcr die Schuljahre 2024\/2025 bis 2029\/2030<\/span><\/strong><\/p>\n\n\n\n<figure class=\"wp-block-table is-style-stripes\"><table><tbody><tr><td><a href=\"https:\/\/wordpress.nibis.de\/gsfes\/files\/2024\/04\/bersicht_Ferien_Schuljahr_2024_2025_bis_2029_2030.pdf\" target=\"_blank\" rel=\"noreferrer noopener\">Ferien\u00fcbersicht f\u00fcr die Schuljahre 2024\/2025 bis 2029\/2030<\/a><\/td><\/tr><\/tbody><\/table><\/figure>\n\n\n\n<p class=\"has-background\" style=\"background-color:#02d805;font-size:1px\"><\/p>\n\n\n\n<p style=\"font-size:24px\"><strong><span style=\"color:var(--accent)\" class=\"tadv-color\">Downloads des F\u00f6rdervereins<\/span><\/strong><\/p>\n\n\n\n<figure class=\"wp-block-table is-style-stripes\"><table><tbody><tr><td><a href=\"https:\/\/wordpress.nibis.de\/gsfes\/files\/2020\/07\/T-Shirt-Bestellung-neu.pdf\">Neues Formular &#8211; T-Shirt-Bestellung<\/a><\/td><\/tr><tr><td><a href=\"https:\/\/wordpress.nibis.de\/gsfes\/files\/2019\/03\/Beitrittserkl%C3%A4rung-F%C3%96V-aktuell.pdf\">Beitritts- und Spendenerkl\u00e4rung<\/a><\/td><\/tr><tr><td><a href=\"https:\/\/wordpress.nibis.de\/gsfes\/files\/2019\/03\/SatzungFoVe-Stand-2003.pdf\">Die Satzung unseres F\u00f6rdervereins<\/a><\/td><\/tr><\/tbody><\/table><\/figure>\n\n\n\n<p class=\"has-background\" style=\"background-color:#02d805;font-size:1px\"><\/p>\n\n\n\n<p style=\"font-size:24px\"><strong><span style=\"color:var(--accent)\" class=\"tadv-color\">Unterrichtsbefreiung f\u00fcr kirchliche Feiertage\/Teilnahmen an kirchlichen Veranstaltungen<\/span><\/strong><\/p>\n\n\n\n<figure class=\"wp-block-table is-style-stripes\"><table><tbody><tr><td><\/td><\/tr><tr><td><a href=\"https:\/\/www.mk.niedersachsen.de\/download\/219073\/Religioese_Feiertage_2025-2026.pdf\" target=\"_blank\" rel=\"noreferrer noopener\">Religi\u00f6se Feiertage 2025\/26<\/a><\/td><\/tr><tr><td><\/td><\/tr><tr><td><\/td><\/tr><\/tbody><\/table><\/figure>\n\n\n\n<p class=\"has-background\" style=\"background-color:#02d805;font-size:1px\"><\/p>\n\n\n\n<p><\/p>\n","protected":false},"excerpt":{"rendered":"<p>Ferien\u00fcbersicht f\u00fcr die Schuljahre 2024\/2025 bis 2029\/2030 Ferien\u00fcbersicht f\u00fcr die Schuljahre 2024\/2025 bis 2029\/2030 Downloads des F\u00f6rdervereins Neues Formular &#8211; T-Shirt-Bestellung Beitritts- und Spendenerkl\u00e4rung Die Satzung unseres F\u00f6rdervereins Unterrichtsbefreiung f\u00fcr kirchliche Feiertage\/Teilnahmen an kirchlichen Veranstaltungen Religi\u00f6se Feiertage 2025\/26<\/p>\n","protected":false},"author":9192938,"featured_media":0,"parent":0,"menu_order":0,"comment_status":"closed","ping_status":"closed","template":"","meta":{"footnotes":""},"class_list":["post-128","page","type-page","status-publish"],"_links":{"self":[{"href":"https:\/\/wordpress.nibis.de\/gsfes\/wp-json\/wp\/v2\/pages\/128","targetHints":{"allow":["GET"]}}],"collection":[{"href":"https:\/\/wordpress.nibis.de\/gsfes\/wp-json\/wp\/v2\/pages"}],"about":[{"href":"https:\/\/wordpress.nibis.de\/gsfes\/wp-json\/wp\/v2\/types\/page"}],"author":[{"embeddable":true,"href":"https:\/\/wordpress.nibis.de\/gsfes\/wp-json\/wp\/v2\/users\/9192938"}],"replies":[{"embeddable":true,"href":"https:\/\/wordpress.nibis.de\/gsfes\/wp-json\/wp\/v2\/comments?post=128"}],"version-history":[{"count":23,"href":"https:\/\/wordpress.nibis.de\/gsfes\/wp-json\/wp\/v2\/pages\/128\/revisions"}],"predecessor-version":[{"id":8308,"href":"https:\/\/wordpress.nibis.de\/gsfes\/wp-json\/wp\/v2\/pages\/128\/revisions\/8308"}],"wp:attachment":[{"href":"https:\/\/wordpress.nibis.de\/gsfes\/wp-json\/wp\/v2\/media?parent=128"}],"curies":[{"name":"wp","href":"https:\/\/api.w.org\/{rel}","templated":true}]}}