{"id":142,"date":"2019-02-22T21:49:48","date_gmt":"2019-02-22T20:49:48","guid":{"rendered":"https:\/\/wordpress.nibis.de\/gsfes\/?page_id=142"},"modified":"2020-07-30T23:26:31","modified_gmt":"2020-07-30T21:26:31","slug":"mentor","status":"publish","type":"page","link":"https:\/\/wordpress.nibis.de\/gsfes\/mentor\/","title":{"rendered":"Mentor &#8211; Die Leselernhelfer"},"content":{"rendered":"<p><a href=\"https:\/\/www.mentor-leselernhelfer.de\/\" target=\"_blank\" rel=\"noopener noreferrer\"><img loading=\"lazy\" decoding=\"async\" id=\"11918739\" class=\"aligncenter\" title=\"\" src=\"http:\/\/www.friedrich-ebert-schule-hannover.de\/mediapool\/78\/786331\/resources\/11918739.jpg\" alt=\"\" width=\"360\" height=\"450\" border=\"0\" hspace=\"0\"><\/a><\/p>\n<p><span style=\"font-family: arial, helvetica, sans-serif;font-size: 20px\"><b>Unsere Schule arbeitet mit der Freiwilligen-Initiative &#8222;Mentor &#8211; Die Leselernhelfer&#8220; zusammen.<\/b><\/span><\/p>\n<p><span style=\"font-family: arial, helvetica, sans-serif;font-size: 20px\">Ehrenamtliche Leselernhelfer\/innen \u00fcben mit Kindern, die eine Leseschw\u00e4che haben,&nbsp;w\u00e4hrend oder nach dem Schulunterricht das Lesen.<\/span><\/p>\n<p><span style=\"font-family: arial, helvetica, sans-serif;font-size: 20px\">Die Lesehilfe findet im Einzelunterricht in der Schule statt. F\u00f6rderungsbed\u00fcrftige Sch\u00fcler\/innen werden von den Lehrkr\u00e4ften ausgesucht.<\/span><\/p>\n<p><span style=\"font-family: arial, helvetica, sans-serif;font-size: 20px\">Die Teilnahme an der Lesef\u00f6rderung ist freiwillig und setzt das Einverst\u00e4ndnis der Eltern voraus.<\/span><\/p>\n","protected":false},"excerpt":{"rendered":"<p>Unsere Schule arbeitet mit der Freiwilligen-Initiative &#8222;Mentor &#8211; Die Leselernhelfer&#8220; zusammen. Ehrenamtliche Leselernhelfer\/innen \u00fcben mit Kindern, die eine Leseschw\u00e4che haben,&nbsp;w\u00e4hrend oder nach dem Schulunterricht das Lesen. Die Lesehilfe findet im Einzelunterricht in der Schule statt. F\u00f6rderungsbed\u00fcrftige Sch\u00fcler\/innen werden von den Lehrkr\u00e4ften ausgesucht. Die Teilnahme an der Lesef\u00f6rderung ist freiwillig und setzt das Einverst\u00e4ndnis der Eltern &#8230; <a title=\"Mentor &#8211; Die Leselernhelfer\" class=\"read-more\" href=\"https:\/\/wordpress.nibis.de\/gsfes\/mentor\/\" aria-label=\"Mehr Informationen \u00fcber Mentor &#8211; Die Leselernhelfer\">Weiterlesen<\/a><\/p>\n","protected":false},"author":9192938,"featured_media":0,"parent":0,"menu_order":0,"comment_status":"closed","ping_status":"closed","template":"","meta":{"footnotes":""},"class_list":["post-142","page","type-page","status-publish"],"_links":{"self":[{"href":"https:\/\/wordpress.nibis.de\/gsfes\/wp-json\/wp\/v2\/pages\/142","targetHints":{"allow":["GET"]}}],"collection":[{"href":"https:\/\/wordpress.nibis.de\/gsfes\/wp-json\/wp\/v2\/pages"}],"about":[{"href":"https:\/\/wordpress.nibis.de\/gsfes\/wp-json\/wp\/v2\/types\/page"}],"author":[{"embeddable":true,"href":"https:\/\/wordpress.nibis.de\/gsfes\/wp-json\/wp\/v2\/users\/9192938"}],"replies":[{"embeddable":true,"href":"https:\/\/wordpress.nibis.de\/gsfes\/wp-json\/wp\/v2\/comments?post=142"}],"version-history":[{"count":5,"href":"https:\/\/wordpress.nibis.de\/gsfes\/wp-json\/wp\/v2\/pages\/142\/revisions"}],"predecessor-version":[{"id":3423,"href":"https:\/\/wordpress.nibis.de\/gsfes\/wp-json\/wp\/v2\/pages\/142\/revisions\/3423"}],"wp:attachment":[{"href":"https:\/\/wordpress.nibis.de\/gsfes\/wp-json\/wp\/v2\/media?parent=142"}],"curies":[{"name":"wp","href":"https:\/\/api.w.org\/{rel}","templated":true}]}}