{"id":1637,"date":"2019-07-17T23:00:55","date_gmt":"2019-07-17T21:00:55","guid":{"rendered":"https:\/\/wordpress.nibis.de\/gsfes\/?page_id=1637"},"modified":"2022-12-22T19:20:02","modified_gmt":"2022-12-22T18:20:02","slug":"kontakt-2","status":"publish","type":"page","link":"https:\/\/wordpress.nibis.de\/gsfes\/kontakt-2\/","title":{"rendered":"Kontakt"},"content":{"rendered":"\n<p class=\"has-text-align-left has-medium-font-size\">Sekretariat: 0511 &#8211; 168 440 44 \/ 0511 &#8211; 168 498 25<br>Fax: 0511 &#8211; 168 409 69<br>Email:  <br>gsfriedrichebert(at)hannover-stadt.de<br>webmaster(at)fes-badenstedt.de <\/p>\n\n\n\n<p class=\"has-text-align-center has-base-background-color has-background has-medium-font-size\"><span style=\"color:var(--contrast-2)\" class=\"tadv-color\"><strong><span style=\"background-color:var(--base-3)\" class=\"tadv-background-color\">Sprechzeiten\/\u00d6ffnungszeiten: Unser Sekretariat ist t\u00e4glich f\u00fcr Sie von <\/span><\/strong><\/span><span style=\"color:var(--contrast)\" class=\"tadv-color\"><strong><span style=\"background-color:var(--base-3)\" class=\"tadv-background-color\">07:30 &#8211; 12:00 Uhr<\/span><\/strong><\/span><span style=\"color:var(--contrast-2)\" class=\"tadv-color\"><strong><span style=\"background-color:var(--base-3)\" class=\"tadv-background-color\"> ge\u00f6ffnet.<\/span><\/strong><\/span><\/p>\n\n\n","protected":false},"excerpt":{"rendered":"<p>Sekretariat: 0511 &#8211; 168 440 44 \/ 0511 &#8211; 168 498 25Fax: 0511 &#8211; 168 409 69Email: gsfriedrichebert(at)hannover-stadt.dewebmaster(at)fes-badenstedt.de Sprechzeiten\/\u00d6ffnungszeiten: Unser Sekretariat ist t\u00e4glich f\u00fcr Sie von 07:30 &#8211; 12:00 Uhr ge\u00f6ffnet.<\/p>\n","protected":false},"author":9192938,"featured_media":0,"parent":0,"menu_order":0,"comment_status":"closed","ping_status":"closed","template":"","meta":{"footnotes":""},"class_list":["post-1637","page","type-page","status-publish"],"_links":{"self":[{"href":"https:\/\/wordpress.nibis.de\/gsfes\/wp-json\/wp\/v2\/pages\/1637","targetHints":{"allow":["GET"]}}],"collection":[{"href":"https:\/\/wordpress.nibis.de\/gsfes\/wp-json\/wp\/v2\/pages"}],"about":[{"href":"https:\/\/wordpress.nibis.de\/gsfes\/wp-json\/wp\/v2\/types\/page"}],"author":[{"embeddable":true,"href":"https:\/\/wordpress.nibis.de\/gsfes\/wp-json\/wp\/v2\/users\/9192938"}],"replies":[{"embeddable":true,"href":"https:\/\/wordpress.nibis.de\/gsfes\/wp-json\/wp\/v2\/comments?post=1637"}],"version-history":[{"count":6,"href":"https:\/\/wordpress.nibis.de\/gsfes\/wp-json\/wp\/v2\/pages\/1637\/revisions"}],"predecessor-version":[{"id":6294,"href":"https:\/\/wordpress.nibis.de\/gsfes\/wp-json\/wp\/v2\/pages\/1637\/revisions\/6294"}],"wp:attachment":[{"href":"https:\/\/wordpress.nibis.de\/gsfes\/wp-json\/wp\/v2\/media?parent=1637"}],"curies":[{"name":"wp","href":"https:\/\/api.w.org\/{rel}","templated":true}]}}