{"id":2113,"date":"2020-03-16T13:46:47","date_gmt":"2020-03-16T12:46:47","guid":{"rendered":"https:\/\/wordpress.nibis.de\/gsfes\/?page_id=2113"},"modified":"2020-05-13T12:02:54","modified_gmt":"2020-05-13T10:02:54","slug":"information-zur-betreuung","status":"publish","type":"page","link":"https:\/\/wordpress.nibis.de\/gsfes\/information-zur-betreuung\/","title":{"rendered":"Information zur Betreuung"},"content":{"rendered":"\n<p style=\"background-color:#f9d3dd\" class=\"has-background has-large-font-size\"><strong>Liebe Eltern unserer Schule,<\/strong><\/p>\n\n\n\n<p class=\"has-medium-font-size\">es gibt eine <span style=\"background-color:#cf2e2e\" class=\"tadv-background-color\"><span style=\"color:#eeeeee\" class=\"tadv-color\">NOT<\/span><\/span>&#8211; Betreuung f\u00fcr Kinder der Friedrich-Ebert-Schule, wenn&nbsp;<\/p>\n\n\n\n<ul class=\"wp-block-list\"><li>Sie keine Person haben, die auf Ihr Kind aufpasst, w\u00e4hrend Sie arbeiten m\u00fcssen UND<\/li><li><strong><span style=\"color:#eeeeee\" class=\"tadv-color\"><span style=\"background-color:#cf2e2e\" class=\"tadv-background-color\">MINDESTENS <\/span><span class=\"tadv-background-color\"><\/span><\/span><\/strong><span style=\"color:#313131\" class=\"tadv-color\">ein<\/span> Elternteil in einem der folgenden Bereichen arbeitet:<\/li><li>PFLEGE, GESUNDHEIT, MEDIZIN; POLIZEI, JUSTIZ, RETTUNGSDIENST, FEUERWEHR und KATASTROPHENSCHUTZ; WASSER- und ENERGIEVERSORGUNG, \u00d6FFENTLICHER NAHVERKEHR<\/li><li>Sie sich in einer anderen Notlage befinden; dann sprechen Sie sich bitte mit uns ab.<\/li><\/ul>\n\n\n\n<p style=\"background-color:#f9d3dd\" class=\"has-text-color has-background has-medium-font-size has-very-dark-gray-color\">Bitte bringen Sie Ihr Kind&nbsp;<strong><span style=\"color:#cf2e2e\" class=\"tadv-color\"><span style=\"background-color:#eeeeee\" class=\"tadv-background-color\">PERS\u00d6NLICH&nbsp;<\/span><\/span><\/strong>zur Schule und holen es auch&nbsp;<strong><span style=\"background-color:#eeeeee\" class=\"tadv-background-color\"><span style=\"color:#cf2e2e\" class=\"tadv-color\">PERS\u00d6NLICH<\/span><\/span>&nbsp;<\/strong>wieder ab, damit wir eventuelle Absprachen schnell treffen k\u00f6nnen.<\/p>\n\n\n\n<p class=\"has-medium-font-size\">Kinder, die an der Notbetreuung teilnehmen, k\u00f6nnen in der Schule kein Mittagessen erhalten. Geben Sie bitte daher Ihrem Kind ausreichend Essen und Getr\u00e4nke mit..<\/p>\n\n\n\n<p class=\"has-medium-font-size\">Damit wir den Personaleinsatz planen k\u00f6nnen, drucken Sie bitte&nbsp;<a rel=\"noreferrer noopener\" href=\"https:\/\/wordpress.nibis.de\/gsfes\/files\/2020\/03\/Elterninfo-Notbetreuung-Anmeldebogen.pdf\" target=\"_blank\">diesen Anmeldebogen<\/a> aus. F\u00fcllen Sie bitte diesen Anmeldebogen aus und geben Sie ihn schnellstm\u00f6glich an uns zur\u00fcck. \u2013 Sie erhalten diesen Anmeldebogen auch im Sekretariat unserer Schule.<\/p>\n\n\n\n<p style=\"text-align:center\" class=\"has-medium-font-size\">Eine <a href=\"https:\/\/wordpress.nibis.de\/gsfes\/antrag-fuer-die-notbetreuung\/\">online-Anmeldung<\/a> finden Sie hier!<\/p>\n\n\n\n<p style=\"background-color:#f9d3dd\" class=\"has-background has-medium-font-size\">Vielen Dank f\u00fcr Ihre Unterst\u00fctzung!<\/p>\n\n\n\n<p>Ihr FES-Team<\/p>\n","protected":false},"excerpt":{"rendered":"<p>Liebe Eltern unserer Schule, es gibt eine NOT&#8211; Betreuung f\u00fcr Kinder der Friedrich-Ebert-Schule, wenn&nbsp; Sie keine Person haben, die auf Ihr Kind aufpasst, w\u00e4hrend Sie arbeiten m\u00fcssen UND MINDESTENS ein Elternteil in einem der folgenden Bereichen arbeitet: PFLEGE, GESUNDHEIT, MEDIZIN; POLIZEI, JUSTIZ, RETTUNGSDIENST, FEUERWEHR und KATASTROPHENSCHUTZ; WASSER- und ENERGIEVERSORGUNG, \u00d6FFENTLICHER NAHVERKEHR Sie sich in einer &#8230; <a title=\"Information zur Betreuung\" class=\"read-more\" href=\"https:\/\/wordpress.nibis.de\/gsfes\/information-zur-betreuung\/\" aria-label=\"Mehr Informationen \u00fcber Information zur Betreuung\">Weiterlesen<\/a><\/p>\n","protected":false},"author":9192938,"featured_media":2091,"parent":0,"menu_order":0,"comment_status":"closed","ping_status":"closed","template":"","meta":{"footnotes":""},"class_list":["post-2113","page","type-page","status-publish","has-post-thumbnail"],"_links":{"self":[{"href":"https:\/\/wordpress.nibis.de\/gsfes\/wp-json\/wp\/v2\/pages\/2113","targetHints":{"allow":["GET"]}}],"collection":[{"href":"https:\/\/wordpress.nibis.de\/gsfes\/wp-json\/wp\/v2\/pages"}],"about":[{"href":"https:\/\/wordpress.nibis.de\/gsfes\/wp-json\/wp\/v2\/types\/page"}],"author":[{"embeddable":true,"href":"https:\/\/wordpress.nibis.de\/gsfes\/wp-json\/wp\/v2\/users\/9192938"}],"replies":[{"embeddable":true,"href":"https:\/\/wordpress.nibis.de\/gsfes\/wp-json\/wp\/v2\/comments?post=2113"}],"version-history":[{"count":8,"href":"https:\/\/wordpress.nibis.de\/gsfes\/wp-json\/wp\/v2\/pages\/2113\/revisions"}],"predecessor-version":[{"id":2957,"href":"https:\/\/wordpress.nibis.de\/gsfes\/wp-json\/wp\/v2\/pages\/2113\/revisions\/2957"}],"wp:featuredmedia":[{"embeddable":true,"href":"https:\/\/wordpress.nibis.de\/gsfes\/wp-json\/wp\/v2\/media\/2091"}],"wp:attachment":[{"href":"https:\/\/wordpress.nibis.de\/gsfes\/wp-json\/wp\/v2\/media?parent=2113"}],"curies":[{"name":"wp","href":"https:\/\/api.w.org\/{rel}","templated":true}]}}