{"id":220,"date":"2019-02-26T19:31:51","date_gmt":"2019-02-26T18:31:51","guid":{"rendered":"https:\/\/wordpress.nibis.de\/gsfes\/?page_id=220"},"modified":"2020-07-22T11:32:35","modified_gmt":"2020-07-22T09:32:35","slug":"unser-schulkindergarten","status":"publish","type":"page","link":"https:\/\/wordpress.nibis.de\/gsfes\/unser-schulkindergarten\/","title":{"rendered":"Unser Schulkindergarten"},"content":{"rendered":"<p><span style=\"font-size: 20px;font-family: arial, helvetica, sans-serif\">Der Schulkindergarten ist der Teil der Grundschule und befindet sich im Neubau neben der Sporthalle. Es ist Aufgabe des&nbsp;Schulkindergartens die Kinder zur Schulf\u00e4higkeit zu f\u00fchren. Mit speziellen Aufgaben, spielerisch verpackt, werden die Kinder ganzheitlich gef\u00f6rdert. Es gibt drei gro\u00dfe F\u00f6rderbereiche, um die individuellen Schw\u00e4chen auszugleichen.<\/span><\/p>\n<p style=\"text-align: justify\"><span style=\"font-size: 20px\"><strong><span style=\"color: #000000;font-family: arial, helvetica, sans-serif\">1.&nbsp;Motorischer Bereich<\/span><\/strong><\/span><\/p>\n<ul style=\"list-style-type: disc\">\n<li style=\"text-align: justify\"><span style=\"color: #000000;font-family: arial, helvetica, sans-serif;font-size: 20px\">Feinmotorik (lockere Handhaltung, Stift halten, Schere f\u00fchren, Schleife binden, Rei\u00dfverschluss schlie\u00dfen)<\/span><\/li>\n<li><span style=\"color: #993300;font-family: arial, helvetica, sans-serif;font-size: 20px\"><span style=\"color: #000000\">Grobmotorik (Kontrolle und Bewegungen, Seil springen, Stopp an der Bordsteinkante)<\/span> <\/span><\/li>\n<\/ul>\n<p style=\"text-align: justify\"><span style=\"color: #000000;font-family: arial, helvetica, sans-serif;font-size: 20px\"><strong>2. <\/strong><b>Sozial-emotionaler Bereich<\/b><\/span><\/p>\n<ul style=\"text-align: justify\">\n<li><span style=\"font-family: arial, helvetica, sans-serif;font-size: 20px\"><span style=\"color: #000000\">Gruppenf\u00e4hig im Klassenverband, wie ichbezogen reagiert das Kind (es meldet sich und wird nicht immer drangenommen, \u201emeine Lehrerin hat mich nicht lieb\u201c), wie l\u00f6st es Konflikte (verbal oder mit der Faust), Selbstsicherheit (traut es sich<\/span><span style=\"color: #000000\">&nbsp;im Kreis vor allen zu sprechen), Selbstst\u00e4ndigkeit (Arbeitsmaterial organisieren, allein anziehen.<\/span><\/span><\/li>\n<\/ul>\n<p style=\"text-align: justify\"><span style=\"font-size: 20px\"><strong><span style=\"color: #000000;font-family: arial, helvetica, sans-serif\">3. Kognitiver Bereich<\/span><\/strong><\/span><\/p>\n<ul style=\"list-style-type: disc\">\n<li><span style=\"color: #000000;font-family: arial, helvetica, sans-serif;font-size: 20px\">Sprache (sprechen und zuh\u00f6ren), kann es auf Deutsch Aufgabenstellungen verstehen.<\/span><\/li>\n<li><span style=\"color: #000000;font-family: arial, helvetica, sans-serif;font-size: 20px\">Mengen, Farben, Formen, Wahrnehmung, Konzentration, Ausdauer, Belastbarkeit, Aufgabenverst\u00e4ndnis.<\/span><\/li>\n<li><span style=\"color: #000000;font-family: arial, helvetica, sans-serif;font-size: 20px\">Verkehrserziehung, Natur\u2013 und Sachbegegnung, Musik.<\/span><\/li>\n<li><span style=\"color: #000000;font-family: arial, helvetica, sans-serif;font-size: 20px\">Wenn ein Kind in vielen Bereichen noch F\u00f6rderbedarf hat, schlagen wir die Einschulung in den Schulkindergarten vor.<\/span><\/li>\n<li><span style=\"color: #000000;font-family: arial, helvetica, sans-serif;font-size: 20px\">Wir wollen Schulversagen vorbeugen und bei einigen Kindern das Fundament st\u00e4rken als Voraussetzung f\u00fcr das weitere Lernen in der Schule.<\/span><\/li>\n<li><span style=\"color: #000000;font-family: arial, helvetica, sans-serif;font-size: 20px\">Wenn wir gemeinsam mit Ihnen entschieden haben, das Kind in den SKG einzuschulen (dabei alle Mosaiksteinchen wie Schul\u00e4rztin, KiTa, Spielvormittag ber\u00fccksichtigt haben) &#8211; seien Sie nicht traurig, dass Ihr Kind noch nicht \u201erichtig\u201c zur Schule geht. <\/span><\/li>\n<\/ul>\n<p><span style=\"color: #000000;font-family: arial, helvetica, sans-serif;font-size: 20px\">Betrachten Sie es nicht als ein verlorenes Jahr. F\u00fcr die Kinder ist es bei gezielter F\u00f6rderung ein geschenktes Jahr. Unser Ziel ist ein fr\u00f6hliches, selbstsicheres, lernmotiviertes Schulkind.<\/span><\/p>\n","protected":false},"excerpt":{"rendered":"<p>Der Schulkindergarten ist der Teil der Grundschule und befindet sich im Neubau neben der Sporthalle. Es ist Aufgabe des&nbsp;Schulkindergartens die Kinder zur Schulf\u00e4higkeit zu f\u00fchren. Mit speziellen Aufgaben, spielerisch verpackt, werden die Kinder ganzheitlich gef\u00f6rdert. Es gibt drei gro\u00dfe F\u00f6rderbereiche, um die individuellen Schw\u00e4chen auszugleichen. 1.&nbsp;Motorischer Bereich Feinmotorik (lockere Handhaltung, Stift halten, Schere f\u00fchren, Schleife &#8230; <a title=\"Unser Schulkindergarten\" class=\"read-more\" href=\"https:\/\/wordpress.nibis.de\/gsfes\/unser-schulkindergarten\/\" aria-label=\"Mehr Informationen \u00fcber Unser Schulkindergarten\">Weiterlesen<\/a><\/p>\n","protected":false},"author":9192938,"featured_media":0,"parent":0,"menu_order":0,"comment_status":"closed","ping_status":"closed","template":"","meta":{"footnotes":""},"class_list":["post-220","page","type-page","status-publish"],"_links":{"self":[{"href":"https:\/\/wordpress.nibis.de\/gsfes\/wp-json\/wp\/v2\/pages\/220","targetHints":{"allow":["GET"]}}],"collection":[{"href":"https:\/\/wordpress.nibis.de\/gsfes\/wp-json\/wp\/v2\/pages"}],"about":[{"href":"https:\/\/wordpress.nibis.de\/gsfes\/wp-json\/wp\/v2\/types\/page"}],"author":[{"embeddable":true,"href":"https:\/\/wordpress.nibis.de\/gsfes\/wp-json\/wp\/v2\/users\/9192938"}],"replies":[{"embeddable":true,"href":"https:\/\/wordpress.nibis.de\/gsfes\/wp-json\/wp\/v2\/comments?post=220"}],"version-history":[{"count":21,"href":"https:\/\/wordpress.nibis.de\/gsfes\/wp-json\/wp\/v2\/pages\/220\/revisions"}],"predecessor-version":[{"id":3138,"href":"https:\/\/wordpress.nibis.de\/gsfes\/wp-json\/wp\/v2\/pages\/220\/revisions\/3138"}],"wp:attachment":[{"href":"https:\/\/wordpress.nibis.de\/gsfes\/wp-json\/wp\/v2\/media?parent=220"}],"curies":[{"name":"wp","href":"https:\/\/api.w.org\/{rel}","templated":true}]}}