{"id":3263,"date":"2020-07-27T21:20:55","date_gmt":"2020-07-27T19:20:55","guid":{"rendered":"https:\/\/wordpress.nibis.de\/gsfes\/?page_id=3263"},"modified":"2022-07-15T20:44:12","modified_gmt":"2022-07-15T18:44:12","slug":"chronik","status":"publish","type":"page","link":"https:\/\/wordpress.nibis.de\/gsfes\/chronik\/","title":{"rendered":"Chronik"},"content":{"rendered":"\n<p class=\"has-large-font-size\"><strong>Aus der Chronik der Friedrich-Ebert-Schule<\/strong><\/p>\n\n\n\n<figure class=\"wp-block-table is-style-stripes\"><table><tbody><tr><td><strong>1951<\/strong><\/td><td>Am 11.10.1951 wird die Volksschule Bruchweg eingeweiht. So hie\u00df die Friedrich-Ebert-Schule, als die heutige Stra\u00dfe Salzweg noch den Namen Bruchweg trug. Zum Schulbeginn sind es 913 Sch\u00fclerinnen und Sch\u00fcler, die von 17 Lehrerinnen und Lehrern in 22 Klassen unterrichte werden.<\/td><\/tr><\/tbody><\/table><\/figure>\n\n\n\n<div class=\"wp-block-image\"><figure class=\"aligncenter is-resized\"><img loading=\"lazy\" decoding=\"async\" src=\"https:\/\/wordpress.nibis.de\/gsfes\/files\/2020\/07\/Kind.jpg\" alt=\"\" class=\"wp-image-3266\" width=\"215\" height=\"317\" \/><\/figure><\/div>\n\n\n\n<table class=\"wp-block-table is-style-stripes\">\n<tbody>\n<tr>\n<td style=\"width: 58px\"><strong>1954<\/strong><\/td>\n<td style=\"width: 508px\">Einschulungsfeier<\/td>\n<\/tr>\n<\/tbody>\n<\/table>\n\n\n\n<div class=\"wp-block-image\"><figure class=\"aligncenter\"><img loading=\"lazy\" decoding=\"async\" width=\"887\" height=\"498\" src=\"https:\/\/wordpress.nibis.de\/gsfes\/files\/2020\/07\/Einschulung-1954.jpg\" alt=\"\" class=\"wp-image-3269\" srcset=\"https:\/\/wordpress.nibis.de\/gsfes\/files\/2020\/07\/Einschulung-1954.jpg 887w, https:\/\/wordpress.nibis.de\/gsfes\/files\/2020\/07\/Einschulung-1954-250x141.jpg 250w, https:\/\/wordpress.nibis.de\/gsfes\/files\/2020\/07\/Einschulung-1954-850x478.jpg 850w, https:\/\/wordpress.nibis.de\/gsfes\/files\/2020\/07\/Einschulung-1954-768x431.jpg 768w\" sizes=\"auto, (max-width: 887px) 100vw, 887px\" \/><\/figure><\/div>\n\n\n\n<figure class=\"wp-block-table is-style-stripes\"><table><tbody><tr><td><strong>1955<\/strong><\/td><td><span style=\"font-family: inherit;font-weight: inherit\" class=\"underline\">Am 30.09.1955 bekommt die Schule den Namen Friedrich-Ebert-Schule, nachdem der Rat der Stadt diese Namensgebung einstimmig beschlossen hat.<\/span><\/td><\/tr><tr><td><strong>1961<\/strong><\/td><td>Die Bauarbeiten f\u00fcr den geplanten Anbau, der den Schulkindergarten, die Sporthalle und die Lehrk\u00fcche aufnehmen soll, beginnt am 03.08.1961.<\/td><\/tr><tr><td><strong>1963<\/strong><\/td><td>Nach Fertigstellung aller R\u00e4umlichkeiten im Anbau wird der Schulkindergarten am 29.10.1963 er\u00f6ffnet.<\/td><\/tr><tr><td><strong>1969<\/strong><\/td><td>Der Schulbezirk wird um das Wohngebiet der Stra\u00dfe In der Steinbreite erweitert. So werden in diesem Jahr an drei Schulstandorten fast 800 Kinder aus dem Raum Badenstedt \/ Davenstedt in 27 Klassen unterrichtet.<\/td><\/tr><tr><td><strong>1976<\/strong><\/td><td><p>Die Friedrich-Ebert-Schule wird mit Beginn des Schuljahres 1976\/77 Grundschule. Die 1. bis 3. Klassen sind f\u00fcnfz\u00fcgig, die 4. Klassen sogar siebenz\u00fcgig.<\/p><\/td><\/tr><tr><td><strong>1991<\/strong><\/td><td>Der F\u00f6rderverein der Friedrich-Ebert-Schule wird gegr\u00fcndet.<\/td><\/tr><tr><td><strong>1993<\/strong><\/td><td> <span style=\"font-family: inherit;font-weight: inherit\" class=\"underline\">Im April beschlie\u00dft die Stadt, die ehemalige Lehrk\u00fcche in zwei Klassenr\u00e4ume umzubauen, da die vorhandenen R\u00e4ume f\u00fcr die hohen Sch\u00fclerzahlen nicht mehr&nbsp; ausreichen.<\/span><br><\/td><\/tr><tr><td><strong>1999<\/strong><\/td><td> <span style=\"font-family: inherit;font-weight: inherit\" class=\"underline\">In diesem Jahr beginnen energetische Sanierungsarbeiten, die uns die n\u00e4chsten 20 Jahre begleiten werden. Die erste Ma\u00dfnahme umfasst den kompletten Austausch der Elektroinstallation. Au\u00dferdem werden die T\u00fcren und Flure gestrichen.<\/span> <\/td><\/tr><tr><td><strong>2000<\/strong><\/td><td>Der Schulhof wird umgestaltet und die Turnhalle saniert. Der bereits 1991 beantragte Trennvorhang wird endlich in der Sporthalle installiert. Der Schulhausmeister Herr Haberding baut den Lichthof im 2. Stockwerk um. Der erste Computerraum der Schule entsteht.<\/td><\/tr><tr><td><strong>2001<\/strong><\/td><td>Die Schule erh\u00e4lt eine Rampe als behindertengerechten Zugang. Die energetische Sanierung wird weiter gef\u00fchrt. In diesem Jahr werden alle Wasserleitungen erneuert.<\/td><\/tr><\/tbody><\/table><\/figure>\n\n\n\n<figure class=\"wp-block-table is-style-stripes\"><table><tbody><tr><td><strong>2002<\/strong><\/td><td>Um das Hauptgeb\u00e4ude wird&nbsp; eine Drainage gelegt. Au\u00dferdem wird die Wiese an der Plantagenstra\u00dfe umz\u00e4unt. Somit wird zus\u00e4tzlicher, dringend ben\u00f6tigter Spielraum f\u00fcr die Pausen geschaffen.<\/td><\/tr><tr><td><strong>2008<\/strong><\/td><td> <span style=\"font-family: inherit;font-weight: inherit\" class=\"underline\">Seit dem Schuljahr 2008\/2009 nimmt die FES an dem Programm \u201eSchule im Stadtteil\u201c der Stadt Hannover teil. Au\u00dferdem wird die n\u00e4chste Sanierung begonnen, <\/span><span style=\"font-size: inherit;font-family: inherit;font-weight: inherit\" class=\"underline\">90 % der einfach verglasten Fenster werden gegen moderne Iso-Fenster getauscht und die Fassade wird aufgearbeitet.<\/span><\/td><\/tr><tr><td><strong>2010<\/strong><\/td><td>Die ehemaligen R\u00e4ume der Familienhilfe werden zu einer Mensa umgebaut. Ab jetzt k\u00f6nnen die Kinder vor Beginn des Nachmittagsangebots ein preiswertes und kindgerechtes Essen einnehmen.<\/td><\/tr><tr><td><strong>2012<\/strong><\/td><td>Unsere Schule wird offiziell zur Ganztagsschule.<\/td><\/tr><tr><td><strong>2013<\/strong><\/td><td>Die alte Gasheizung wird erneuert und um ein BHKW erweitert.<\/td><\/tr><tr><td><strong>2014<\/strong><\/td><td><p>Der Brandschutz wird durch LED-Fluchtwegbeleuchtung und zus\u00e4tzliche Rauchabschnittst\u00fcren auf den neuesten Stand gebracht.&nbsp; In den Klassenr\u00e4umen wird die Akustik und somit das Lernklima durch neue Deckenverkleidungen verbessert.<\/p><\/td><\/tr><tr><td><strong>2016<\/strong><\/td><td>Der Schulelternrat versucht in Zusammenarbeit mit neun Studenten der Uni-Fakult\u00e4t f\u00fcr Architektur und Landschaft L\u00f6sungen zur Behebung angespannten Raumsituation der Schule aufzuzeigen.<\/td><\/tr><tr><td><strong>2020<\/strong><\/td><td>In die Grundschule Friedrich-Ebert-Schule gehen ca. 380 Kinder aus verschiedensten Nationen, mit und ohne Beeintr\u00e4chtigung, bunt und vielf\u00e4ltig. Die Raumnot ist weiterhin zu sp\u00fcren. Es werden zum Schuljahr 2020\/21 f\u00fcnf Containeranlagen mit neuen, tempor\u00e4ren R\u00e4umlichkeiten f\u00fcr den Schulkindergarten, Klassen und den Ganztagsbereich sowie B\u00fcror\u00e4ume f\u00fcr die Schulsozialarbeit und den Kooperationspartner KJW der AWO entstehen.<\/td><\/tr><tr><td>2022<\/td><td>Die Grundschule Friedrich-Ebert schult 120 Kinder in den neuen 1. Jahrgang ein. Somit w\u00e4chst die Gesamtsch\u00fclerzahl auf 427 Kinder im Schuljahr 2022\/23. Die Friedrich-Ebert Schule ist 4- bis 5-z\u00fcgig.<\/td><\/tr><\/tbody><\/table><\/figure>\n\n\n\n<p>Mike Haberding, Schulhausmeister<\/p>\n\n\n\n<p>Jessica Welzel, Schulleiterin<\/p>\n\n\n\n<p class=\"has-text-align-right\">Stand: August 2020<\/p>\n","protected":false},"excerpt":{"rendered":"<p>Aus der Chronik der Friedrich-Ebert-Schule 1951 Am 11.10.1951 wird die Volksschule Bruchweg eingeweiht. So hie\u00df die Friedrich-Ebert-Schule, als die heutige Stra\u00dfe Salzweg noch den Namen Bruchweg trug. Zum Schulbeginn sind es 913 Sch\u00fclerinnen und Sch\u00fcler, die von 17 Lehrerinnen und Lehrern in 22 Klassen unterrichte werden. 1954 Einschulungsfeier 1955 Am 30.09.1955 bekommt die Schule den &#8230; <a title=\"Chronik\" class=\"read-more\" href=\"https:\/\/wordpress.nibis.de\/gsfes\/chronik\/\" aria-label=\"Mehr Informationen \u00fcber Chronik\">Weiterlesen<\/a><\/p>\n","protected":false},"author":9192938,"featured_media":3278,"parent":0,"menu_order":0,"comment_status":"closed","ping_status":"closed","template":"","meta":{"footnotes":""},"class_list":["post-3263","page","type-page","status-publish","has-post-thumbnail"],"_links":{"self":[{"href":"https:\/\/wordpress.nibis.de\/gsfes\/wp-json\/wp\/v2\/pages\/3263","targetHints":{"allow":["GET"]}}],"collection":[{"href":"https:\/\/wordpress.nibis.de\/gsfes\/wp-json\/wp\/v2\/pages"}],"about":[{"href":"https:\/\/wordpress.nibis.de\/gsfes\/wp-json\/wp\/v2\/types\/page"}],"author":[{"embeddable":true,"href":"https:\/\/wordpress.nibis.de\/gsfes\/wp-json\/wp\/v2\/users\/9192938"}],"replies":[{"embeddable":true,"href":"https:\/\/wordpress.nibis.de\/gsfes\/wp-json\/wp\/v2\/comments?post=3263"}],"version-history":[{"count":34,"href":"https:\/\/wordpress.nibis.de\/gsfes\/wp-json\/wp\/v2\/pages\/3263\/revisions"}],"predecessor-version":[{"id":6042,"href":"https:\/\/wordpress.nibis.de\/gsfes\/wp-json\/wp\/v2\/pages\/3263\/revisions\/6042"}],"wp:featuredmedia":[{"embeddable":true,"href":"https:\/\/wordpress.nibis.de\/gsfes\/wp-json\/wp\/v2\/media\/3278"}],"wp:attachment":[{"href":"https:\/\/wordpress.nibis.de\/gsfes\/wp-json\/wp\/v2\/media?parent=3263"}],"curies":[{"name":"wp","href":"https:\/\/api.w.org\/{rel}","templated":true}]}}