{"id":3815,"date":"2020-09-22T22:32:59","date_gmt":"2020-09-22T20:32:59","guid":{"rendered":"https:\/\/wordpress.nibis.de\/gsfes\/?page_id=3815"},"modified":"2021-04-19T15:41:16","modified_gmt":"2021-04-19T13:41:16","slug":"team-ganztag","status":"publish","type":"page","link":"https:\/\/wordpress.nibis.de\/gsfes\/team-ganztag\/","title":{"rendered":"Team Ganztag"},"content":{"rendered":"\n<div class=\"wp-block-media-text alignwide has-background is-stacked-on-mobile\" style=\"background-color:#fdc2c2;grid-template-columns:58% auto\"><figure class=\"wp-block-media-text__media\"><img loading=\"lazy\" decoding=\"async\" width=\"284\" height=\"400\" src=\"https:\/\/wordpress.nibis.de\/gsfes\/files\/2021\/04\/Juliane-Marianovich-Funke.jpg\" alt=\"\" class=\"wp-image-4425\" \/><\/figure><div class=\"wp-block-media-text__content\">\n<p style=\"background-color:#fdc2c2\" class=\"has-text-color has-background has-text-align-center has-medium-font-size has-very-dark-gray-color\"><strong>Juliane Marianovich-Funke<\/strong><\/p>\n\n\n\n<p class=\"has-text-color has-text-align-center has-very-dark-gray-color\">(p\u00e4dagogische Mitarbeiterin im Ganztag)<\/p>\n\n\n<\/div><\/div>\n\n\n\n<p style=\"background-color:#fdc2c2\" class=\"has-background\"><\/p>\n\n\n\n<div class=\"wp-block-media-text alignwide has-media-on-the-right has-background has-light-green-cyan-background-color is-stacked-on-mobile\" style=\"grid-template-columns:auto 58%\"><figure class=\"wp-block-media-text__media\"><img decoding=\"async\" src=\"https:\/\/wordpress.nibis.de\/gsfes\/files\/2021\/04\/Priscyla-de-Souza-Castro-Natureza.jpg\" alt=\"\" class=\"wp-image-4426\" \/><\/figure><div class=\"wp-block-media-text__content\">\n<p class=\"has-text-color has-background has-text-align-center has-medium-font-size has-very-dark-gray-color has-light-green-cyan-background-color\"><strong>Priscyla de Sounze Castro<\/strong><\/p>\n\n\n\n<p class=\"has-text-color has-text-align-center has-very-dark-gray-color\">(p\u00e4dagogische Mitarbeiterin im Ganztag)<\/p>\n<\/div><\/div>\n\n\n\n<p class=\"has-background has-light-green-cyan-background-color\"><\/p>\n\n\n\n<div class=\"wp-block-media-text alignwide has-background has-pale-cyan-blue-background-color is-stacked-on-mobile\" style=\"grid-template-columns:58% auto\"><figure class=\"wp-block-media-text__media\"><img decoding=\"async\" src=\"https:\/\/wordpress.nibis.de\/gsfes\/files\/2021\/04\/LukasArmbrecht-e1618838319962.jpg\" alt=\"\" class=\"wp-image-4427\" \/><\/figure><div class=\"wp-block-media-text__content\">\n<p class=\"has-text-color has-background has-text-align-center has-medium-font-size has-very-dark-gray-color has-pale-cyan-blue-background-color\"><strong>Lukas Armbrecht<\/strong><\/p>\n\n\n\n<p class=\"has-text-color has-text-align-center has-very-dark-gray-color\">(p\u00e4dagogischer Mitarbeiter im Ganztag)<\/p>\n<\/div><\/div>\n\n\n\n<p class=\"has-background has-pale-cyan-blue-background-color\"><\/p>\n\n\n\n<div class=\"wp-block-media-text alignwide has-media-on-the-right has-background is-stacked-on-mobile\" style=\"background-color:#d9b4fb;grid-template-columns:auto 58%\"><figure class=\"wp-block-media-text__media\"><img loading=\"lazy\" decoding=\"async\" width=\"301\" height=\"400\" src=\"https:\/\/wordpress.nibis.de\/gsfes\/files\/2021\/04\/Claudia-Schaper-e1618838434251.jpg\" alt=\"\" class=\"wp-image-4428\" \/><\/figure><div class=\"wp-block-media-text__content\">\n<p style=\"background-color:#d9b4fb\" class=\"has-text-color has-background has-text-align-center has-medium-font-size has-very-dark-gray-color\"><strong>Claudia Schaper<\/strong><\/p>\n\n\n\n<p class=\"has-text-color has-text-align-center has-very-dark-gray-color\">(p\u00e4dagogische Mitarbeiterin im Ganztag)<\/p>\n<\/div><\/div>\n\n\n\n<p style=\"background-color:#d9b4fb\" class=\"has-background\"><\/p>\n\n\n\n<div class=\"wp-block-media-text alignwide has-background is-stacked-on-mobile\" style=\"background-color:#faf000;grid-template-columns:58% auto\"><figure class=\"wp-block-media-text__media\"><img loading=\"lazy\" decoding=\"async\" width=\"520\" height=\"600\" src=\"https:\/\/wordpress.nibis.de\/gsfes\/files\/2021\/04\/Vlora-Imeri-520-x-600.jpg\" alt=\"\" class=\"wp-image-4430\" \/><\/figure><div class=\"wp-block-media-text__content\">\n<p class=\"has-text-color has-text-align-center has-medium-font-size has-very-dark-gray-color\"><strong>Vlora Imeri<\/strong><\/p>\n\n\n\n<p class=\"has-text-color has-text-align-center has-normal-font-size has-very-dark-gray-color\">(p\u00e4dagogische Mitarbeiterin im Ganztag)<\/p>\n\n\n<\/div><\/div>\n\n\n\n<p style=\"background-color:#faf000\" class=\"has-background\"><\/p>\n","protected":false},"excerpt":{"rendered":"<p>Priscyla de Sounze Castro (p\u00e4dagogische Mitarbeiterin im Ganztag) Lukas Armbrecht (p\u00e4dagogischer Mitarbeiter im Ganztag) Claudia Schaper (p\u00e4dagogische Mitarbeiterin im Ganztag)<\/p>\n","protected":false},"author":9192938,"featured_media":0,"parent":0,"menu_order":0,"comment_status":"closed","ping_status":"closed","template":"","meta":{"footnotes":""},"class_list":["post-3815","page","type-page","status-publish"],"_links":{"self":[{"href":"https:\/\/wordpress.nibis.de\/gsfes\/wp-json\/wp\/v2\/pages\/3815","targetHints":{"allow":["GET"]}}],"collection":[{"href":"https:\/\/wordpress.nibis.de\/gsfes\/wp-json\/wp\/v2\/pages"}],"about":[{"href":"https:\/\/wordpress.nibis.de\/gsfes\/wp-json\/wp\/v2\/types\/page"}],"author":[{"embeddable":true,"href":"https:\/\/wordpress.nibis.de\/gsfes\/wp-json\/wp\/v2\/users\/9192938"}],"replies":[{"embeddable":true,"href":"https:\/\/wordpress.nibis.de\/gsfes\/wp-json\/wp\/v2\/comments?post=3815"}],"version-history":[{"count":8,"href":"https:\/\/wordpress.nibis.de\/gsfes\/wp-json\/wp\/v2\/pages\/3815\/revisions"}],"predecessor-version":[{"id":4439,"href":"https:\/\/wordpress.nibis.de\/gsfes\/wp-json\/wp\/v2\/pages\/3815\/revisions\/4439"}],"wp:attachment":[{"href":"https:\/\/wordpress.nibis.de\/gsfes\/wp-json\/wp\/v2\/media?parent=3815"}],"curies":[{"name":"wp","href":"https:\/\/api.w.org\/{rel}","templated":true}]}}