{"id":4478,"date":"2021-05-06T18:47:45","date_gmt":"2021-05-06T16:47:45","guid":{"rendered":"https:\/\/wordpress.nibis.de\/gsfes\/?page_id=4478"},"modified":"2021-05-06T19:34:40","modified_gmt":"2021-05-06T17:34:40","slug":"crazy-fes","status":"publish","type":"page","link":"https:\/\/wordpress.nibis.de\/gsfes\/crazy-fes\/","title":{"rendered":"&#8222;Crazy-FES&#8220;"},"content":{"rendered":"\n<p style=\"color:#f6cc5b\" class=\"has-text-color has-background has-text-align-center has-large-font-size has-vivid-purple-background-color\"><strong>Die Crazy-FES <\/strong><\/p>\n\n\n\n<p class=\"has-medium-font-size\">In Anlehnung an das au\u00dfergew\u00f6hnliche Kunstprojekt in den R\u00e4umen einer ehemaligen Bank in Berlin Charlottenburg, besch\u00e4ftigte sich die Klasse 4a in den letzten Wochen intensiv mit der Street-Art. Die R\u00e4umlichkeiten des Berliner Projekts \u201eThe Haus\u201c wurden von \u00fcber 100 K\u00fcnstlerinnen und K\u00fcnstler gestaltet. Leider herrschte w\u00e4hrend der Ausstellung im Jahr 2017 absolutes Fotoverbot, weshalb nur vereinzelt Fotos der gestalteten R\u00e4ume existieren. Das Geb\u00e4ude wurde im Juni 2017 mitsamt der Ausstellung abgerissen. <\/p>\n\n\n\n<p class=\"has-medium-font-size\">Die Kinder der 4a konnten nat\u00fcrlich nicht die R\u00e4ume der Schule umgestalten. Deshalb durfte jedes Kind einen Raum in einem Schuhkarton entwerfen, den es in der Schule normalerweise nicht gibt \u2013 der Fantasie wurde also keine Grenzen gesetzt. Die Schuhkartons wurden fotografiert und in ein Foto der Schule eingef\u00fcgt. <\/p>\n\n\n\n<p class=\"has-medium-font-size\">Ein Ballettstudio zu Corona Zeiten, verschiedene Str\u00e4nde, eine Castingshow, ein Fragen-Raum, ein Wrestling-Zentrum, Fu\u00dfballpl\u00e4tze, eine Rakete, verschiedene Planeten, ein Valentinstagraum, ein Hamsterparcours, eine Unterwasserwelt, ein Kleintierheim, zwei Parks, ein verlassener Ort, die Welt als ein Netzboden und ein Burggarten haben einen Platz an der Schulfassade gefunden. <\/p>\n\n\n\n<p class=\"has-medium-font-size\">Die Ergebnisse k\u00f6nnen sich sehen lassen! <\/p>\n\n\n\n<p class=\"has-medium-font-size\">Viel Spa\u00df beim Entdecken! \ud83d\ude42<\/p>\n\n\n\n<p>Saskia Becker<\/p>\n\n\n\n\t\t<!-- MasterSlider -->\n\t\t<div id=\"P_MS60942e0136196\" class=\"master-slider-parent msl ms-parent-id-20\" style=\"max-width:800px;\"  >\n\n\t\t\t\n\t\t\t<!-- MasterSlider Main -->\n\t\t\t<div id=\"MS60942e0136196\" class=\"master-slider ms-skin-light-3\" >\n\t\t\t\t \t\t\t\t \n\t\t\t\t<div  class=\"ms-slide\" data-delay=\"3\" data-fill-mode=\"fill\"  >\n\t\t\t\t\t<img decoding=\"async\" src=\"https:\/\/wordpress.nibis.de\/gsfes\/wp-content\/plugins\/master-slider\/public\/assets\/css\/blank.gif\" alt=\"\" title=\"\" data-src=\"https:\/\/wordpress.nibis.de\/gsfes\/files\/2021\/05\/153F0A71-9474-410F-9B0C-21FF35A1754D.png\" \/>\n\n\n\t<img decoding=\"async\" class=\"ms-thumb\" src=\"https:\/\/wordpress.nibis.de\/gsfes\/files\/2021\/05\/153F0A71-9474-410F-9B0C-21FF35A1754D-100x80.png\" alt=\"\" \/>\n\t<div class=\"ms-thumb\" ><div class=\"ms-tab-context\"><div class=&quot;ms-tab-context&quot;><\/div><\/div>\n<\/div>\n\t\t\t\t<\/div>\n\t\t\t\t<div  class=\"ms-slide\" data-delay=\"3\" data-fill-mode=\"fill\"  >\n\t\t\t\t\t<img decoding=\"async\" src=\"https:\/\/wordpress.nibis.de\/gsfes\/wp-content\/plugins\/master-slider\/public\/assets\/css\/blank.gif\" alt=\"\" title=\"\" data-src=\"https:\/\/wordpress.nibis.de\/gsfes\/files\/2021\/05\/4575CFF3-A5BD-4958-9CCF-E21DE00BF728.png\" \/>\n\n\n\t<img decoding=\"async\" class=\"ms-thumb\" src=\"https:\/\/wordpress.nibis.de\/gsfes\/files\/2021\/05\/4575CFF3-A5BD-4958-9CCF-E21DE00BF728-100x80.png\" alt=\"\" \/>\n\t<div class=\"ms-thumb\" ><div class=\"ms-tab-context\"><div class=&quot;ms-tab-context&quot;><\/div><\/div>\n<\/div>\n\t\t\t\t<\/div>\n\t\t\t\t<div  class=\"ms-slide\" data-delay=\"3\" data-fill-mode=\"fill\"  >\n\t\t\t\t\t<img decoding=\"async\" src=\"https:\/\/wordpress.nibis.de\/gsfes\/wp-content\/plugins\/master-slider\/public\/assets\/css\/blank.gif\" alt=\"\" title=\"\" data-src=\"https:\/\/wordpress.nibis.de\/gsfes\/files\/2021\/05\/0B34DF56-7D51-4B47-AB30-306B1D627823.png\" \/>\n\n\n\t<img decoding=\"async\" class=\"ms-thumb\" src=\"https:\/\/wordpress.nibis.de\/gsfes\/files\/2021\/05\/0B34DF56-7D51-4B47-AB30-306B1D627823-100x80.png\" alt=\"\" \/>\n\t<div class=\"ms-thumb\" ><div class=\"ms-tab-context\"><div class=&quot;ms-tab-context&quot;><\/div><\/div>\n<\/div>\n\t\t\t\t<\/div>\n\t\t\t\t<div  class=\"ms-slide\" data-delay=\"3\" data-fill-mode=\"fill\"  >\n\t\t\t\t\t<img decoding=\"async\" src=\"https:\/\/wordpress.nibis.de\/gsfes\/wp-content\/plugins\/master-slider\/public\/assets\/css\/blank.gif\" alt=\"\" title=\"\" data-src=\"https:\/\/wordpress.nibis.de\/gsfes\/files\/2021\/05\/20EAE2B1-424E-4956-8DF9-6C4480957A08.png\" \/>\n\n\n\t<img decoding=\"async\" class=\"ms-thumb\" src=\"https:\/\/wordpress.nibis.de\/gsfes\/files\/2021\/05\/20EAE2B1-424E-4956-8DF9-6C4480957A08-100x80.png\" alt=\"\" \/>\n\t<div class=\"ms-thumb\" ><div class=\"ms-tab-context\"><div class=&quot;ms-tab-context&quot;><\/div><\/div>\n<\/div>\n\t\t\t\t<\/div>\n\t\t\t\t<div  class=\"ms-slide\" data-delay=\"3\" data-fill-mode=\"fill\"  >\n\t\t\t\t\t<img decoding=\"async\" src=\"https:\/\/wordpress.nibis.de\/gsfes\/wp-content\/plugins\/master-slider\/public\/assets\/css\/blank.gif\" alt=\"\" title=\"\" data-src=\"https:\/\/wordpress.nibis.de\/gsfes\/files\/2021\/05\/64BAB2D7-9FB0-4926-AA76-D9D0BE34C9E6.png\" \/>\n\n\n\t<img decoding=\"async\" class=\"ms-thumb\" src=\"https:\/\/wordpress.nibis.de\/gsfes\/files\/2021\/05\/64BAB2D7-9FB0-4926-AA76-D9D0BE34C9E6-100x80.png\" alt=\"\" \/>\n\t<div class=\"ms-thumb\" ><div class=\"ms-tab-context\"><div class=&quot;ms-tab-context&quot;><\/div><\/div>\n<\/div>\n\t\t\t\t<\/div>\n\t\t\t\t<div  class=\"ms-slide\" data-delay=\"3\" data-fill-mode=\"fill\"  >\n\t\t\t\t\t<img decoding=\"async\" src=\"https:\/\/wordpress.nibis.de\/gsfes\/wp-content\/plugins\/master-slider\/public\/assets\/css\/blank.gif\" alt=\"\" title=\"\" data-src=\"https:\/\/wordpress.nibis.de\/gsfes\/files\/2021\/05\/ACBAB2AD-A410-46A2-A918-AB97616D29C4.png\" \/>\n\n\n\t<img decoding=\"async\" class=\"ms-thumb\" src=\"https:\/\/wordpress.nibis.de\/gsfes\/files\/2021\/05\/ACBAB2AD-A410-46A2-A918-AB97616D29C4-100x80.png\" alt=\"\" \/>\n\t<div class=\"ms-thumb\" ><div class=\"ms-tab-context\"><div class=&quot;ms-tab-context&quot;><\/div><\/div>\n<\/div>\n\t\t\t\t<\/div>\n\t\t\t\t<div  class=\"ms-slide\" data-delay=\"3\" data-fill-mode=\"fill\"  >\n\t\t\t\t\t<img decoding=\"async\" src=\"https:\/\/wordpress.nibis.de\/gsfes\/wp-content\/plugins\/master-slider\/public\/assets\/css\/blank.gif\" alt=\"\" title=\"\" data-src=\"https:\/\/wordpress.nibis.de\/gsfes\/files\/2021\/05\/F5519DAC-DE3B-4A42-B0A9-0E8302406865.png\" \/>\n\n\n\t<img decoding=\"async\" class=\"ms-thumb\" src=\"https:\/\/wordpress.nibis.de\/gsfes\/files\/2021\/05\/F5519DAC-DE3B-4A42-B0A9-0E8302406865-100x80.png\" alt=\"\" \/>\n\t<div class=\"ms-thumb\" ><div class=\"ms-tab-context\"><div class=&quot;ms-tab-context&quot;><\/div><\/div>\n<\/div>\n\t\t\t\t<\/div>\n\t\t\t\t<div  class=\"ms-slide\" data-delay=\"3\" data-fill-mode=\"fill\"  >\n\t\t\t\t\t<img decoding=\"async\" src=\"https:\/\/wordpress.nibis.de\/gsfes\/wp-content\/plugins\/master-slider\/public\/assets\/css\/blank.gif\" alt=\"\" title=\"\" data-src=\"https:\/\/wordpress.nibis.de\/gsfes\/files\/2021\/05\/E4184FC1-80D3-4CC6-A19C-5E4A29A106E5.png\" \/>\n\n\n\t<img decoding=\"async\" class=\"ms-thumb\" src=\"https:\/\/wordpress.nibis.de\/gsfes\/files\/2021\/05\/E4184FC1-80D3-4CC6-A19C-5E4A29A106E5-100x80.png\" alt=\"\" \/>\n\t<div class=\"ms-thumb\" ><div class=\"ms-tab-context\"><div class=&quot;ms-tab-context&quot;><\/div><\/div>\n<\/div>\n\t\t\t\t<\/div>\n\t\t\t\t<div  class=\"ms-slide\" data-delay=\"3\" data-fill-mode=\"fill\"  >\n\t\t\t\t\t<img decoding=\"async\" src=\"https:\/\/wordpress.nibis.de\/gsfes\/wp-content\/plugins\/master-slider\/public\/assets\/css\/blank.gif\" alt=\"\" title=\"\" data-src=\"https:\/\/wordpress.nibis.de\/gsfes\/files\/2021\/05\/DEAEA00F-ADBE-4640-A2E7-84E53665D366.png\" \/>\n\n\n\t<img decoding=\"async\" class=\"ms-thumb\" src=\"https:\/\/wordpress.nibis.de\/gsfes\/files\/2021\/05\/DEAEA00F-ADBE-4640-A2E7-84E53665D366-100x80.png\" alt=\"\" \/>\n\t<div class=\"ms-thumb\" ><div class=\"ms-tab-context\"><div class=&quot;ms-tab-context&quot;><\/div><\/div>\n<\/div>\n\t\t\t\t<\/div>\n\t\t\t\t<div  class=\"ms-slide\" data-delay=\"3\" data-fill-mode=\"fill\"  >\n\t\t\t\t\t<img decoding=\"async\" src=\"https:\/\/wordpress.nibis.de\/gsfes\/wp-content\/plugins\/master-slider\/public\/assets\/css\/blank.gif\" alt=\"\" title=\"\" data-src=\"https:\/\/wordpress.nibis.de\/gsfes\/files\/2021\/05\/C79718EB-CA30-41F7-ABC9-7C86C0982851.png\" \/>\n\n\n\t<img decoding=\"async\" class=\"ms-thumb\" src=\"https:\/\/wordpress.nibis.de\/gsfes\/files\/2021\/05\/C79718EB-CA30-41F7-ABC9-7C86C0982851-100x80.png\" alt=\"\" \/>\n\t<div class=\"ms-thumb\" ><div class=\"ms-tab-context\"><div class=&quot;ms-tab-context&quot;><\/div><\/div>\n<\/div>\n\t\t\t\t<\/div>\n\t\t\t\t<div  class=\"ms-slide\" data-delay=\"3\" data-fill-mode=\"fill\"  >\n\t\t\t\t\t<img decoding=\"async\" src=\"https:\/\/wordpress.nibis.de\/gsfes\/wp-content\/plugins\/master-slider\/public\/assets\/css\/blank.gif\" alt=\"\" title=\"\" data-src=\"https:\/\/wordpress.nibis.de\/gsfes\/files\/2021\/05\/B962A1D4-F416-4ABF-8911-092C1518FE42.png\" \/>\n\n\n\t<img decoding=\"async\" class=\"ms-thumb\" src=\"https:\/\/wordpress.nibis.de\/gsfes\/files\/2021\/05\/B962A1D4-F416-4ABF-8911-092C1518FE42-100x80.png\" alt=\"\" \/>\n\t<div class=\"ms-thumb\" ><div class=\"ms-tab-context\"><div class=&quot;ms-tab-context&quot;><\/div><\/div>\n<\/div>\n\t\t\t\t<\/div>\n\t\t\t\t<div  class=\"ms-slide\" data-delay=\"3\" data-fill-mode=\"fill\"  >\n\t\t\t\t\t<img decoding=\"async\" src=\"https:\/\/wordpress.nibis.de\/gsfes\/wp-content\/plugins\/master-slider\/public\/assets\/css\/blank.gif\" alt=\"\" title=\"\" data-src=\"https:\/\/wordpress.nibis.de\/gsfes\/files\/2021\/05\/34581880-99B4-4E23-88E2-FF38FC680C68.png\" \/>\n\n\n\t<img decoding=\"async\" class=\"ms-thumb\" src=\"https:\/\/wordpress.nibis.de\/gsfes\/files\/2021\/05\/34581880-99B4-4E23-88E2-FF38FC680C68-100x80.png\" alt=\"\" \/>\n\t<div class=\"ms-thumb\" ><div class=\"ms-tab-context\"><div class=&quot;ms-tab-context&quot;><\/div><\/div>\n<\/div>\n\t\t\t\t<\/div>\n\t\t\t\t<div  class=\"ms-slide\" data-delay=\"3\" data-fill-mode=\"fill\"  >\n\t\t\t\t\t<img decoding=\"async\" src=\"https:\/\/wordpress.nibis.de\/gsfes\/wp-content\/plugins\/master-slider\/public\/assets\/css\/blank.gif\" alt=\"\" title=\"\" data-src=\"https:\/\/wordpress.nibis.de\/gsfes\/files\/2021\/05\/625179DA-019E-487E-B12B-C7733D918617.png\" \/>\n\n\n\t<img decoding=\"async\" class=\"ms-thumb\" src=\"https:\/\/wordpress.nibis.de\/gsfes\/files\/2021\/05\/625179DA-019E-487E-B12B-C7733D918617-100x80.png\" alt=\"\" \/>\n\t<div class=\"ms-thumb\" ><div class=\"ms-tab-context\"><div class=&quot;ms-tab-context&quot;><\/div><\/div>\n<\/div>\n\t\t\t\t<\/div>\n\t\t\t\t<div  class=\"ms-slide\" data-delay=\"3\" data-fill-mode=\"fill\"  >\n\t\t\t\t\t<img decoding=\"async\" src=\"https:\/\/wordpress.nibis.de\/gsfes\/wp-content\/plugins\/master-slider\/public\/assets\/css\/blank.gif\" alt=\"\" title=\"\" data-src=\"https:\/\/wordpress.nibis.de\/gsfes\/files\/2021\/05\/8888E0BA-B5E2-4FA6-999A-FD5F6F9983D2.png\" \/>\n\n\n\t<img decoding=\"async\" class=\"ms-thumb\" src=\"https:\/\/wordpress.nibis.de\/gsfes\/files\/2021\/05\/8888E0BA-B5E2-4FA6-999A-FD5F6F9983D2-100x80.png\" alt=\"\" \/>\n\t<div class=\"ms-thumb\" ><div class=\"ms-tab-context\"><div class=&quot;ms-tab-context&quot;><\/div><\/div>\n<\/div>\n\t\t\t\t<\/div>\n\t\t\t\t<div  class=\"ms-slide\" data-delay=\"3\" data-fill-mode=\"fill\"  >\n\t\t\t\t\t<img decoding=\"async\" src=\"https:\/\/wordpress.nibis.de\/gsfes\/wp-content\/plugins\/master-slider\/public\/assets\/css\/blank.gif\" alt=\"\" title=\"\" data-src=\"https:\/\/wordpress.nibis.de\/gsfes\/files\/2021\/05\/72C60CA0-0D02-4BDB-BAD8-8E58664E1E0A.png\" \/>\n\n\n\t<img decoding=\"async\" class=\"ms-thumb\" src=\"https:\/\/wordpress.nibis.de\/gsfes\/files\/2021\/05\/72C60CA0-0D02-4BDB-BAD8-8E58664E1E0A-100x80.png\" alt=\"\" \/>\n\t<div class=\"ms-thumb\" ><div class=\"ms-tab-context\"><div class=&quot;ms-tab-context&quot;><\/div><\/div>\n<\/div>\n\t\t\t\t<\/div>\n\t\t\t\t<div  class=\"ms-slide\" data-delay=\"3\" data-fill-mode=\"fill\"  >\n\t\t\t\t\t<img decoding=\"async\" src=\"https:\/\/wordpress.nibis.de\/gsfes\/wp-content\/plugins\/master-slider\/public\/assets\/css\/blank.gif\" alt=\"\" title=\"\" data-src=\"https:\/\/wordpress.nibis.de\/gsfes\/files\/2021\/05\/29A4E21C-D837-4E79-BFCA-3E4CB04862C8.png\" \/>\n\n\n\t<img decoding=\"async\" class=\"ms-thumb\" src=\"https:\/\/wordpress.nibis.de\/gsfes\/files\/2021\/05\/29A4E21C-D837-4E79-BFCA-3E4CB04862C8-100x80.png\" alt=\"\" \/>\n\t<div class=\"ms-thumb\" ><div class=\"ms-tab-context\"><div class=&quot;ms-tab-context&quot;><\/div><\/div>\n<\/div>\n\t\t\t\t<\/div>\n\t\t\t\t<div  class=\"ms-slide\" data-delay=\"3\" data-fill-mode=\"fill\"  >\n\t\t\t\t\t<img decoding=\"async\" src=\"https:\/\/wordpress.nibis.de\/gsfes\/wp-content\/plugins\/master-slider\/public\/assets\/css\/blank.gif\" alt=\"\" title=\"\" data-src=\"https:\/\/wordpress.nibis.de\/gsfes\/files\/2021\/05\/311DA431-1C36-43C1-BF1D-CA9DA3D43E62.png\" \/>\n\n\n\t<img decoding=\"async\" class=\"ms-thumb\" src=\"https:\/\/wordpress.nibis.de\/gsfes\/files\/2021\/05\/311DA431-1C36-43C1-BF1D-CA9DA3D43E62-100x80.png\" alt=\"\" \/>\n\t<div class=\"ms-thumb\" ><div class=\"ms-tab-context\"><div class=&quot;ms-tab-context&quot;><\/div><\/div>\n<\/div>\n\t\t\t\t<\/div>\n\t\t\t\t<div  class=\"ms-slide\" data-delay=\"3\" data-fill-mode=\"fill\"  >\n\t\t\t\t\t<img decoding=\"async\" src=\"https:\/\/wordpress.nibis.de\/gsfes\/wp-content\/plugins\/master-slider\/public\/assets\/css\/blank.gif\" alt=\"\" title=\"\" data-src=\"https:\/\/wordpress.nibis.de\/gsfes\/files\/2021\/05\/0278EF51-3548-498F-AFDC-6CC2BCD7313E.png\" \/>\n\n\n\t<img decoding=\"async\" class=\"ms-thumb\" src=\"https:\/\/wordpress.nibis.de\/gsfes\/files\/2021\/05\/0278EF51-3548-498F-AFDC-6CC2BCD7313E-100x80.png\" alt=\"\" \/>\n\t<div class=\"ms-thumb\" ><div class=\"ms-tab-context\"><div class=&quot;ms-tab-context&quot;><\/div><\/div>\n<\/div>\n\t\t\t\t<\/div>\n\t\t\t\t<div  class=\"ms-slide\" data-delay=\"3\" data-fill-mode=\"fill\"  >\n\t\t\t\t\t<img decoding=\"async\" src=\"https:\/\/wordpress.nibis.de\/gsfes\/wp-content\/plugins\/master-slider\/public\/assets\/css\/blank.gif\" alt=\"\" title=\"\" data-src=\"https:\/\/wordpress.nibis.de\/gsfes\/files\/2021\/05\/7046D097-AA63-4200-A863-C211E5212CF9.png\" \/>\n\n\n\t<img decoding=\"async\" class=\"ms-thumb\" src=\"https:\/\/wordpress.nibis.de\/gsfes\/files\/2021\/05\/7046D097-AA63-4200-A863-C211E5212CF9-100x80.png\" alt=\"\" \/>\n\t<div class=\"ms-thumb\" ><div class=\"ms-tab-context\"><div class=&quot;ms-tab-context&quot;><\/div><\/div>\n<\/div>\n\t\t\t\t<\/div>\n\n\t\t\t<\/div>\n\t\t\t<!-- END MasterSlider Main -->\n\n\t\t\t \n\t\t<\/div>\n\t\t<!-- END MasterSlider -->\n\n\t\t<script>\n\t\t(function ( $ ) {\n\t\t\t\"use strict\";\n\n\t\t\t$(function () {\n\t\t\t\tvar masterslider_6196 = new MasterSlider();\n\n\t\t\t\t\/\/ slider controls\n\n\t\t\t\tmasterslider_6196.control('thumblist'  ,{ autohide:false, overVideo:true, dir:'h', speed:17, inset:false, arrows:false, hover:false, customClass:'', align:'bottom',type:'thumbs', margin:10, width:100, height:80, space:5, fillMode:'fill'  });\n\t\t\t\tmasterslider_6196.control('scrollbar'  ,{ autohide:false, overVideo:true, dir:'h', inset:true, align:'top', color:'#3D3D3D' , margin:10  , width:4 });\n\t\t\t\tmasterslider_6196.control('circletimer',{ autohide:false, overVideo:true, color:'#A2A2A2', radius:4, stroke:10   });\n\t\t\t\t\/\/ slider setup\n\t\t\t\tmasterslider_6196.setup(\"MS60942e0136196\", {\n\t\t\t\t\t\twidth           : 1200,\n\t\t\t\t\t\theight          : 800,\n\t\t\t\t\t\tminHeight       : 0,\n\t\t\t\t\t\tspace           : 0,\n\t\t\t\t\t\tstart           : 1,\n\t\t\t\t\t\tgrabCursor      : true,\n\t\t\t\t\t\tswipe           : true,\n\t\t\t\t\t\tmouse           : true,\n\t\t\t\t\t\tlayout          : \"boxed\",\n\t\t\t\t\t\twheel           : false,\n\t\t\t\t\t\tautoplay        : true,\n\t\t\t\t\t\tinstantStartLayers:false,\n\t\t\t\t\t\tloop            : true,\n\t\t\t\t\t\tshuffle         : false,\n\t\t\t\t\t\tpreload         : 0,\n\t\t\t\t\t\theightLimit     : true,\n\t\t\t\t\t\tautoHeight      : false,\n\t\t\t\t\t\tsmoothHeight    : true,\n\t\t\t\t\t\tendPause        : false,\n\t\t\t\t\t\toverPause       : true,\n\t\t\t\t\t\tfillMode        : \"fill\",\n\t\t\t\t\t\tcenterControls  : true,\n\t\t\t\t\t\tstartOnAppear   : false,\n\t\t\t\t\t\tlayersMode      : \"center\",\n\t\t\t\t\t\thideLayers      : false,\n\t\t\t\t\t\tfullscreenMargin: 0,\n\t\t\t\t\t\tspeed           : 4,\n\t\t\t\t\t\tdir             : \"h\",\n\t\t\t\t\t\tparallaxMode    : 'swipe',\n\t\t\t\t\t\tview            : \"fade\"\n\t\t\t\t});\n\n\t\t\t\t\n\t\t\t\twindow.masterslider_instances = window.masterslider_instances || [];\n\t\t\t\twindow.masterslider_instances.push( masterslider_6196 );\n\t\t\t });\n\n\t\t})(jQuery);\n\t\t<\/script>\n\n\n\n\n","protected":false},"excerpt":{"rendered":"<p>Die Crazy-FES In Anlehnung an das au\u00dfergew\u00f6hnliche Kunstprojekt in den R\u00e4umen einer ehemaligen Bank in Berlin Charlottenburg, besch\u00e4ftigte sich die Klasse 4a in den letzten Wochen intensiv mit der Street-Art. Die R\u00e4umlichkeiten des Berliner Projekts \u201eThe Haus\u201c wurden von \u00fcber 100 K\u00fcnstlerinnen und K\u00fcnstler gestaltet. Leider herrschte w\u00e4hrend der Ausstellung im Jahr 2017 absolutes Fotoverbot, &#8230; <a title=\"&#8222;Crazy-FES&#8220;\" class=\"read-more\" href=\"https:\/\/wordpress.nibis.de\/gsfes\/crazy-fes\/\" aria-label=\"Mehr Informationen \u00fcber &#8222;Crazy-FES&#8220;\">Weiterlesen<\/a><\/p>\n","protected":false},"author":9192938,"featured_media":0,"parent":0,"menu_order":0,"comment_status":"closed","ping_status":"closed","template":"","meta":{"footnotes":""},"class_list":["post-4478","page","type-page","status-publish"],"_links":{"self":[{"href":"https:\/\/wordpress.nibis.de\/gsfes\/wp-json\/wp\/v2\/pages\/4478","targetHints":{"allow":["GET"]}}],"collection":[{"href":"https:\/\/wordpress.nibis.de\/gsfes\/wp-json\/wp\/v2\/pages"}],"about":[{"href":"https:\/\/wordpress.nibis.de\/gsfes\/wp-json\/wp\/v2\/types\/page"}],"author":[{"embeddable":true,"href":"https:\/\/wordpress.nibis.de\/gsfes\/wp-json\/wp\/v2\/users\/9192938"}],"replies":[{"embeddable":true,"href":"https:\/\/wordpress.nibis.de\/gsfes\/wp-json\/wp\/v2\/comments?post=4478"}],"version-history":[{"count":10,"href":"https:\/\/wordpress.nibis.de\/gsfes\/wp-json\/wp\/v2\/pages\/4478\/revisions"}],"predecessor-version":[{"id":4527,"href":"https:\/\/wordpress.nibis.de\/gsfes\/wp-json\/wp\/v2\/pages\/4478\/revisions\/4527"}],"wp:attachment":[{"href":"https:\/\/wordpress.nibis.de\/gsfes\/wp-json\/wp\/v2\/media?parent=4478"}],"curies":[{"name":"wp","href":"https:\/\/api.w.org\/{rel}","templated":true}]}}