{"id":4660,"date":"2021-05-20T12:51:46","date_gmt":"2021-05-20T10:51:46","guid":{"rendered":"https:\/\/wordpress.nibis.de\/gsfes\/?page_id=4660"},"modified":"2023-03-03T18:10:29","modified_gmt":"2023-03-03T17:10:29","slug":"rucksack-schule-2","status":"publish","type":"page","link":"https:\/\/wordpress.nibis.de\/gsfes\/rucksack-schule-2\/","title":{"rendered":"Rucksackschule"},"content":{"rendered":"\n<p class=\"has-large-font-size\">Liebe Eltern,<\/p>\n\n\n\n<p class=\"has-medium-font-size\">das Programm \u201eRucksack Schule\u201c richtet sich kostenfrei an Eltern und ihre Kinder vom ersten bis zum vierten Schuljahr sowie an die Grundschule. Kinder sollten auf dem Weg zum Schul- und Bildungserfolg von ihren Eltern unterst\u00fctzt und begleitet werden (z.B. bei den Hausaufgaben, beim Lesen, bei<br>gemeinsamen Aktivit\u00e4ten usw.). Die Landeshauptstadt Hannover erm\u00f6glicht deshalb in enger Zusammenarbeit mit vielen Grundschulen die Sprachkompetenz, Mehrsprachigkeit und Interkulturalit\u00e4t zu f\u00f6rdern.<br>Gemeinsam mit allen Bildungsbeteiligten tragen Eltern zur Integration und zu einem erfolgreichen Bildungsverlauf ihrer Kinder bei!<\/p>\n\n\n\n<div class=\"wp-block-image is-style-default\"><figure class=\"alignleft size-full is-resized\"><img loading=\"lazy\" decoding=\"async\" src=\"https:\/\/wordpress.nibis.de\/gsfes\/files\/2021\/05\/Frau-Ballout.jpg\" alt=\"\" class=\"wp-image-4661\" width=\"308\" height=\"459\" srcset=\"https:\/\/wordpress.nibis.de\/gsfes\/files\/2021\/05\/Frau-Ballout.jpg 789w, https:\/\/wordpress.nibis.de\/gsfes\/files\/2021\/05\/Frau-Ballout-768x1143.jpg 768w\" sizes=\"auto, (max-width: 308px) 100vw, 308px\" \/><figcaption><strong>Sonja Ballout<\/strong> (Klassen 1 &#8211; 4)<\/figcaption><\/figure><\/div>\n\n\n\n\n\n<figure class=\"wp-block-table aligncenter is-style-stripes\"><table><tbody><tr><td class=\"has-text-align-center\" data-align=\"center\"><\/td><td class=\"has-text-align-center\" data-align=\"center\"><\/td><td class=\"has-text-align-center\" data-align=\"center\"><\/td><\/tr><tr><td class=\"has-text-align-center\" data-align=\"center\"><a href=\"https:\/\/www.facebook.com\/rucksackschulelhh\/\" target=\"_blank\" rel=\"noreferrer noopener\"><img decoding=\"async\" src=\"https:\/\/wordpress.nibis.de\/gsfes\/files\/2021\/05\/QR-FBook-1.jpg\" alt=\"\" style=\"width: 100px\"><\/a><\/td><td class=\"has-text-align-center\" data-align=\"center\"><a href=\"https:\/\/www.hannover.de\/Leben-in-der-Region-Hannover\/Soziales\/Familie-Partnerschaft\/Erziehungs-und-Bildungspartnerschaften\/Sprachf\u00f6rderung\/Rucksack-Schule\" target=\"_blank\" rel=\"noreferrer noopener\"><img decoding=\"async\" src=\"https:\/\/wordpress.nibis.de\/gsfes\/files\/2021\/05\/QR-RS-Hannover-1.jpg\" alt=\"\" style=\"width: 100px\"><\/a><\/td><td class=\"has-text-align-center\" data-align=\"center\"><a href=\"https:\/\/www.instagram.com\/rucksackschulelhh\/?hl=de\" target=\"_blank\" rel=\"noreferrer noopener\"><img loading=\"lazy\" decoding=\"async\" width=\"418\" height=\"418\" class=\"wp-image-4678\" style=\"width: 100px\" src=\"https:\/\/wordpress.nibis.de\/gsfes\/files\/2021\/05\/QR-IGramm-1.jpg\" alt=\"\"><\/a><\/td><\/tr><tr><td class=\"has-text-align-center\" data-align=\"center\"><a href=\"https:\/\/www.facebook.com\/rucksackschulelhh\/\">Facebook<\/a><\/td><td class=\"has-text-align-center\" data-align=\"center\"><a href=\"https:\/\/www.hannover.de\/Leben-in-der-Region-Hannover\/Soziales\/Familie-Partnerschaft\/Erziehungs-und-Bildungspartnerschaften\/Sprachf\u00f6rderung\/Rucksack-Schule\" target=\"_blank\" rel=\"noreferrer noopener\">Website<\/a><\/td><td class=\"has-text-align-center\" data-align=\"center\"><a href=\"https:\/\/www.instagram.com\/rucksackschulelhh\/?hl=de\" target=\"_blank\" rel=\"noreferrer noopener\">Instagram<\/a><\/td><\/tr><\/tbody><\/table><\/figure>\n\n\n\n<p>Hier finden Sie eine \u00dcbersicht der Bezirke in <a rel=\"noreferrer noopener\" href=\"https:\/\/wordpress.nibis.de\/gsfes\/files\/2021\/04\/\u00dcbersicht-der-Rucksack-GS-2020_21.pdf\" target=\"_blank\"><strong>Hannover<\/strong><\/a> und <strong><a href=\"https:\/\/wordpress.nibis.de\/gsfes\/files\/2023\/03\/Flyer-Sonia-Ballout_2023.pdf\">Informationsflyer <\/a><\/strong>in Ihrer Sprache.<\/p>\n\n\n","protected":false},"excerpt":{"rendered":"<p>Liebe Eltern, das Programm \u201eRucksack Schule\u201c richtet sich kostenfrei an Eltern und ihre Kinder vom ersten bis zum vierten Schuljahr sowie an die Grundschule. Kinder sollten auf dem Weg zum Schul- und Bildungserfolg von ihren Eltern unterst\u00fctzt und begleitet werden (z.B. bei den Hausaufgaben, beim Lesen, beigemeinsamen Aktivit\u00e4ten usw.). Die Landeshauptstadt Hannover erm\u00f6glicht deshalb in &#8230; <a title=\"Rucksackschule\" class=\"read-more\" href=\"https:\/\/wordpress.nibis.de\/gsfes\/rucksack-schule-2\/\" aria-label=\"Mehr Informationen \u00fcber Rucksackschule\">Weiterlesen<\/a><\/p>\n","protected":false},"author":9192938,"featured_media":0,"parent":0,"menu_order":0,"comment_status":"closed","ping_status":"closed","template":"","meta":{"footnotes":""},"class_list":["post-4660","page","type-page","status-publish"],"_links":{"self":[{"href":"https:\/\/wordpress.nibis.de\/gsfes\/wp-json\/wp\/v2\/pages\/4660","targetHints":{"allow":["GET"]}}],"collection":[{"href":"https:\/\/wordpress.nibis.de\/gsfes\/wp-json\/wp\/v2\/pages"}],"about":[{"href":"https:\/\/wordpress.nibis.de\/gsfes\/wp-json\/wp\/v2\/types\/page"}],"author":[{"embeddable":true,"href":"https:\/\/wordpress.nibis.de\/gsfes\/wp-json\/wp\/v2\/users\/9192938"}],"replies":[{"embeddable":true,"href":"https:\/\/wordpress.nibis.de\/gsfes\/wp-json\/wp\/v2\/comments?post=4660"}],"version-history":[{"count":33,"href":"https:\/\/wordpress.nibis.de\/gsfes\/wp-json\/wp\/v2\/pages\/4660\/revisions"}],"predecessor-version":[{"id":6424,"href":"https:\/\/wordpress.nibis.de\/gsfes\/wp-json\/wp\/v2\/pages\/4660\/revisions\/6424"}],"wp:attachment":[{"href":"https:\/\/wordpress.nibis.de\/gsfes\/wp-json\/wp\/v2\/media?parent=4660"}],"curies":[{"name":"wp","href":"https:\/\/api.w.org\/{rel}","templated":true}]}}