{"id":5118,"date":"2021-08-26T12:27:35","date_gmt":"2021-08-26T10:27:35","guid":{"rendered":"https:\/\/wordpress.nibis.de\/gsfes\/?page_id=5118"},"modified":"2025-08-25T19:17:17","modified_gmt":"2025-08-25T17:17:17","slug":"aktueller-speiseplan","status":"publish","type":"page","link":"https:\/\/wordpress.nibis.de\/gsfes\/aktueller-speiseplan\/","title":{"rendered":"Speisepl\u00e4ne"},"content":{"rendered":"\n<p class=\"tw-mt-4 has-contrast-3-background-color has-background\" style=\"font-size:4px\"><\/p>\n\n\n\n<div class=\"wp-block-image is-style-tw-frame\"><figure class=\"aligncenter size-full is-resized\"><a href=\"https:\/\/sander-kanteenie.com\" target=\"_blank\" rel=\"noopener\"><img loading=\"lazy\" decoding=\"async\" src=\"https:\/\/wordpress.nibis.de\/gsfes\/files\/2025\/08\/image.png\" alt=\"\" class=\"wp-image-7915\" width=\"305\" height=\"277\" \/><\/a><\/figure><\/div>\n\n\n\n<p class=\"tw-mt-4 has-contrast-3-background-color has-background\" style=\"font-size:4px\"><\/p>\n\n\n\n<p class=\"has-text-align-center tw-mt-3 tw-mb-0 has-base-background-color has-text-color has-background\" style=\"color:#b50000;font-size:22px\"><strong>Bitte bedenken Sie bitte, dass Sie nur f\u00fcr Tage ein Essen bestellen k\u00f6nnen, an denen Ihr Kind auch f\u00fcr den Ganztag angemeldet ist!<\/strong><\/p>\n\n\n\n<p class=\"tw-mb-4 tw-mt-4 has-contrast-3-background-color has-background\" style=\"font-size:4px\"><\/p>\n\n\n\n<div class=\"wp-block-columns is-layout-flex wp-container-core-columns-is-layout-abceabcf wp-block-columns-is-layout-flex\">\n<div class=\"wp-block-column is-layout-flow wp-block-column-is-layout-flow\">\n<div class=\"wp-block-buttons is-content-justification-center is-layout-flex wp-container-core-buttons-is-layout-16018d1d wp-block-buttons-is-layout-flex\">\n<div class=\"wp-block-button has-custom-width wp-block-button__width-50 has-custom-font-size\" style=\"font-size:16px\"><a class=\"wp-block-button__link has-background\" href=\"https:\/\/cloudfiles.fes-badenstedt.de\/index.php\/s\/bpqr9xsmmxW7HjF\" style=\"border-radius:22px;background:linear-gradient(135deg,rgb(12,12,12) 12%,rgb(203,0,0) 52%,rgb(224,218,81) 91%)\"><strong>Deutsch<\/strong><\/a><\/div>\n<\/div>\n<\/div>\n\n\n\n<div class=\"wp-block-column is-layout-flow wp-block-column-is-layout-flow\">\n<div class=\"wp-block-buttons is-content-justification-center is-layout-flex wp-container-core-buttons-is-layout-16018d1d wp-block-buttons-is-layout-flex\">\n<div class=\"wp-block-button has-custom-width wp-block-button__width-50 has-custom-font-size\" style=\"font-size:16px\"><a class=\"wp-block-button__link has-contrast-color has-text-color has-background\" href=\"https:\/\/cloudfiles.fes-badenstedt.de\/index.php\/s\/NDWTBNaxfwNyRkx\" style=\"border-radius:22px;background:linear-gradient(135deg,rgb(9,9,9) 0%,rgb(254,254,254) 41%,rgb(238,237,237) 63%,rgb(0,116,44) 100%)\"><strong>Arabisch<\/strong><\/a><\/div>\n<\/div>\n<\/div>\n\n\n\n<div class=\"wp-block-column is-layout-flow wp-block-column-is-layout-flow\">\n<div class=\"wp-block-buttons is-content-justification-center is-layout-flex wp-container-core-buttons-is-layout-16018d1d wp-block-buttons-is-layout-flex\">\n<div class=\"wp-block-button has-custom-width wp-block-button__width-50 has-custom-font-size\" style=\"font-size:16px\"><a class=\"wp-block-button__link has-contrast-color has-text-color has-background\" href=\"https:\/\/cloudfiles.fes-badenstedt.de\/index.php\/s\/bsZjMjktjrB3Apz\" style=\"border-radius:22px;background:linear-gradient(135deg,rgb(246,246,246) 0%,rgb(228,199,199) 39%,rgb(184,12,12) 100%)\"><strong>T\u00fcrkisch<\/strong><\/a><\/div>\n<\/div>\n<\/div>\n<\/div>\n\n\n\n<div class=\"wp-block-columns is-layout-flex wp-container-core-columns-is-layout-abceabcf wp-block-columns-is-layout-flex\">\n<div class=\"wp-block-column is-layout-flow wp-block-column-is-layout-flow\">\n<div class=\"wp-block-buttons is-content-justification-center is-layout-flex wp-container-core-buttons-is-layout-16018d1d wp-block-buttons-is-layout-flex\">\n<div class=\"wp-block-button has-custom-width wp-block-button__width-50 has-custom-font-size\" style=\"font-size:16px\"><a class=\"wp-block-button__link has-base-3-color has-text-color has-background\" href=\"https:\/\/cloudfiles.fes-badenstedt.de\/index.php\/s\/Xf6F2rd6JGqLTgz\" style=\"border-radius:22px;background:linear-gradient(135deg,rgb(238,234,234) 25%,rgb(31,31,255) 52%,rgb(224,81,81) 91%)\"><strong>Russisch<\/strong><\/a><\/div>\n<\/div>\n<\/div>\n\n\n\n<div class=\"wp-block-column is-layout-flow wp-block-column-is-layout-flow\">\n<div class=\"wp-block-buttons is-content-justification-center is-layout-flex wp-container-core-buttons-is-layout-16018d1d wp-block-buttons-is-layout-flex\">\n<div class=\"wp-block-button has-custom-width wp-block-button__width-50 has-custom-font-size\" style=\"font-size:16px\"><a class=\"wp-block-button__link has-background\" href=\"https:\/\/cloudfiles.fes-badenstedt.de\/index.php\/s\/fAbNKBZzLS436aE\" style=\"border-radius:22px;background:linear-gradient(135deg,rgb(7,84,227) 27%,rgb(202,212,2) 84%)\"><strong>Ukrainisch<\/strong><\/a><\/div>\n<\/div>\n<\/div>\n\n\n\n<div class=\"wp-block-column is-layout-flow wp-block-column-is-layout-flow\">\n<div class=\"wp-block-buttons is-content-justification-center is-layout-flex wp-container-core-buttons-is-layout-16018d1d wp-block-buttons-is-layout-flex\">\n<div class=\"wp-block-button has-custom-width wp-block-button__width-50 has-custom-font-size\" style=\"font-size:16px\"><a class=\"wp-block-button__link has-contrast-color has-text-color has-background\" href=\"https:\/\/cloudfiles.fes-badenstedt.de\/index.php\/s\/x64RMCPEmTTxHnd\" style=\"border-radius:22px;background:linear-gradient(151deg,rgb(7,62,227) 0%,rgb(254,254,254) 27%,rgb(251,250,250) 69%,rgb(185,0,0) 100%)\"><strong>Englisch<\/strong><\/a><\/div>\n<\/div>\n<\/div>\n<\/div>\n\n\n\n<p class=\"tw-mb-4 tw-mt-4 has-contrast-3-background-color has-background\" style=\"font-size:4px\"><\/p>\n\n\n\n<div class=\"wp-block-columns is-layout-flex wp-container-core-columns-is-layout-abceabcf wp-block-columns-is-layout-flex\">\n<div class=\"wp-block-column is-layout-flow wp-block-column-is-layout-flow\">\n<div class=\"wp-block-buttons alignwide is-content-justification-center is-layout-flex wp-container-core-buttons-is-layout-16018d1d wp-block-buttons-is-layout-flex\">\n<div class=\"wp-block-button has-custom-width wp-block-button__width-50 has-custom-font-size is-style-fill has-medium-font-size\"><a class=\"wp-block-button__link has-contrast-color has-text-color has-background\" href=\"https:\/\/mein.sander-kanteenie.com\/web-cantine\/app\/login;jsessionid=3054C6D2684F579CB733702EC524E173.node1?execution=e1s1\" style=\"background:linear-gradient(135deg,rgb(255,206,236) 31%,rgb(152,150,240) 100%)\" target=\"_blank\" rel=\"noreferrer noopener\"><strong>Essen bestellen<\/strong><\/a><\/div>\n<\/div>\n<\/div>\n\n\n\n<div class=\"wp-block-column is-layout-flow wp-block-column-is-layout-flow\">\n<div class=\"wp-block-buttons alignwide is-content-justification-center is-layout-flex wp-container-core-buttons-is-layout-16018d1d wp-block-buttons-is-layout-flex\">\n<div class=\"wp-block-button has-custom-width wp-block-button__width-50 has-custom-font-size is-style-fill has-medium-font-size\"><a class=\"wp-block-button__link has-contrast-color has-pale-ocean-gradient-background has-text-color has-background\" href=\"https:\/\/cloudfiles.fes-badenstedt.de\/index.php\/s\/H7dGb9JaTjaMPpX\" target=\"_blank\" rel=\"noreferrer noopener\"><strong>Anleitung zu Registrierung!<\/strong><\/a><\/div>\n<\/div>\n<\/div>\n<\/div>\n\n\n\n<p class=\"tw-mb-0 has-contrast-3-background-color has-background\" style=\"font-size:4px\"><\/p>\n\n\n","protected":false},"excerpt":{"rendered":"<p>Bitte bedenken Sie bitte, dass Sie nur f\u00fcr Tage ein Essen bestellen k\u00f6nnen, an denen Ihr Kind auch f\u00fcr den Ganztag angemeldet ist!<\/p>\n","protected":false},"author":9192938,"featured_media":0,"parent":0,"menu_order":0,"comment_status":"closed","ping_status":"closed","template":"","meta":{"footnotes":""},"class_list":["post-5118","page","type-page","status-publish"],"_links":{"self":[{"href":"https:\/\/wordpress.nibis.de\/gsfes\/wp-json\/wp\/v2\/pages\/5118","targetHints":{"allow":["GET"]}}],"collection":[{"href":"https:\/\/wordpress.nibis.de\/gsfes\/wp-json\/wp\/v2\/pages"}],"about":[{"href":"https:\/\/wordpress.nibis.de\/gsfes\/wp-json\/wp\/v2\/types\/page"}],"author":[{"embeddable":true,"href":"https:\/\/wordpress.nibis.de\/gsfes\/wp-json\/wp\/v2\/users\/9192938"}],"replies":[{"embeddable":true,"href":"https:\/\/wordpress.nibis.de\/gsfes\/wp-json\/wp\/v2\/comments?post=5118"}],"version-history":[{"count":185,"href":"https:\/\/wordpress.nibis.de\/gsfes\/wp-json\/wp\/v2\/pages\/5118\/revisions"}],"predecessor-version":[{"id":7951,"href":"https:\/\/wordpress.nibis.de\/gsfes\/wp-json\/wp\/v2\/pages\/5118\/revisions\/7951"}],"wp:attachment":[{"href":"https:\/\/wordpress.nibis.de\/gsfes\/wp-json\/wp\/v2\/media?parent=5118"}],"curies":[{"name":"wp","href":"https:\/\/api.w.org\/{rel}","templated":true}]}}