{"id":556,"date":"2019-03-03T13:41:36","date_gmt":"2019-03-03T12:41:36","guid":{"rendered":"https:\/\/wordpress.nibis.de\/gsfes\/?page_id=556"},"modified":"2020-07-22T12:22:12","modified_gmt":"2020-07-22T10:22:12","slug":"intention","status":"publish","type":"page","link":"https:\/\/wordpress.nibis.de\/gsfes\/intention\/","title":{"rendered":"Intention"},"content":{"rendered":"<p><span style=\"font-family: arial, helvetica, sans-serif;font-size: 20px\">Ein F\u00f6rderverein &#8211; was ist das eigentlich?<\/span><\/p>\n<p><span style=\"font-family: arial, helvetica, sans-serif;font-size: 20px\">Der F\u00f6rderverein ist ein Zusammenschluss von Eltern, Lehrern sowie Freunden der Friedrich- Ebert- Grundschule in Hannover-Badenstedt und soll die Zusammenarbeit zwischen Schule, Kindern und Elternschaft erleichtern. Dies geschieht durch pers\u00f6nliches sowie finanzielles Engagement der ehrenamtlichen Mitglieder. Jeder kann sich mit seinen Interessen, F\u00e4higkeiten und St\u00e4rken einbringen. Eine gute Gemeinschaft und die Freude \u00fcber neue gemeinsam erreichte Projekte, sind der Lohn.<\/span><\/p>\n<p><span style=\"font-family: arial, helvetica, sans-serif;font-size: 20px\">Machen Sie mit und unterst\u00fctzen Sie den Verein durch Ihren Beitritt.<\/span><br \/>\n<span style=\"font-family: arial, helvetica, sans-serif;font-size: 20px\">Jede Aktivit\u00e4t kommt den Sch\u00fclern\/-innen unserer Schule zu Gute!<\/span><\/p>\n<p><span style=\"font-family: arial, helvetica, sans-serif;font-size: 20px\">Wie werde ich Mitglied und wie teuer ist die Mitgliedschaft?<\/span><\/p>\n<p><span style=\"font-family: arial, helvetica, sans-serif;font-size: 20px\">1) Schicken Sie uns Ihre Beitrittserkl\u00e4rung (siehe unten) per Email an: foerderverein(at)fes-badenstedt.de<\/span><\/p>\n<p><span style=\"font-family: arial, helvetica, sans-serif;font-size: 20px\">2) oder geben Sie diese an das Schul-Sekretariat<\/span><\/p>\n<p><span style=\"font-family: arial, helvetica, sans-serif;font-size: 20px\">Die Mitgliedschaft kostet 40,00 \u20ac f\u00fcr vier Jahre, das sind nur 0,83 \u20ac im Monat.<\/span><\/p>\n<p><span style=\"font-family: arial, helvetica, sans-serif;font-size: 20px\">Hier finden Sie einige unserer Projekte:<\/span><\/p>\n<p><span style=\"font-family: arial, helvetica, sans-serif;font-size: 20px\">-&gt; Spielekisten f\u00fcr alle 1. Klassen<\/span><br \/>\n<span style=\"font-family: arial, helvetica, sans-serif;font-size: 20px\">-&gt; Unterst\u00fctzung bei Schulfesten und Projektwochen<\/span><br \/>\n<span style=\"font-family: arial, helvetica, sans-serif;font-size: 20px\">-&gt; Zirkusprojektwoche<\/span><br \/>\n<span style=\"font-family: arial, helvetica, sans-serif;font-size: 20px\">-&gt; L\u00e4rmschutzkopfh\u00f6rer<\/span><br \/>\n<span style=\"font-family: arial, helvetica, sans-serif;font-size: 20px\">-&gt; <a href=\"https:\/\/de.wikipedia.org\/wiki\/Kapla\" target=\"_blank\" rel=\"noopener noreferrer\">Kapla-Steine<\/a> f\u00fcr jede Klasse<\/span><br \/>\n<span style=\"font-family: arial, helvetica, sans-serif;font-size: 20px\">-&gt; finanzielle Unterst\u00fctzung bei Klassenfahrten<\/span><br \/>\n<span style=\"font-family: arial, helvetica, sans-serif;font-size: 20px\">&#8230;<\/span><\/p>\n","protected":false},"excerpt":{"rendered":"<p>Ein F\u00f6rderverein &#8211; was ist das eigentlich? Der F\u00f6rderverein ist ein Zusammenschluss von Eltern, Lehrern sowie Freunden der Friedrich- Ebert- Grundschule in Hannover-Badenstedt und soll die Zusammenarbeit zwischen Schule, Kindern und Elternschaft erleichtern. Dies geschieht durch pers\u00f6nliches sowie finanzielles Engagement der ehrenamtlichen Mitglieder. Jeder kann sich mit seinen Interessen, F\u00e4higkeiten und St\u00e4rken einbringen. Eine gute &#8230; <a title=\"Intention\" class=\"read-more\" href=\"https:\/\/wordpress.nibis.de\/gsfes\/intention\/\" aria-label=\"Mehr Informationen \u00fcber Intention\">Weiterlesen<\/a><\/p>\n","protected":false},"author":9192938,"featured_media":0,"parent":0,"menu_order":0,"comment_status":"closed","ping_status":"closed","template":"","meta":{"footnotes":""},"class_list":["post-556","page","type-page","status-publish"],"_links":{"self":[{"href":"https:\/\/wordpress.nibis.de\/gsfes\/wp-json\/wp\/v2\/pages\/556","targetHints":{"allow":["GET"]}}],"collection":[{"href":"https:\/\/wordpress.nibis.de\/gsfes\/wp-json\/wp\/v2\/pages"}],"about":[{"href":"https:\/\/wordpress.nibis.de\/gsfes\/wp-json\/wp\/v2\/types\/page"}],"author":[{"embeddable":true,"href":"https:\/\/wordpress.nibis.de\/gsfes\/wp-json\/wp\/v2\/users\/9192938"}],"replies":[{"embeddable":true,"href":"https:\/\/wordpress.nibis.de\/gsfes\/wp-json\/wp\/v2\/comments?post=556"}],"version-history":[{"count":2,"href":"https:\/\/wordpress.nibis.de\/gsfes\/wp-json\/wp\/v2\/pages\/556\/revisions"}],"predecessor-version":[{"id":1598,"href":"https:\/\/wordpress.nibis.de\/gsfes\/wp-json\/wp\/v2\/pages\/556\/revisions\/1598"}],"wp:attachment":[{"href":"https:\/\/wordpress.nibis.de\/gsfes\/wp-json\/wp\/v2\/media?parent=556"}],"curies":[{"name":"wp","href":"https:\/\/api.w.org\/{rel}","templated":true}]}}