{"id":5806,"date":"2022-03-31T13:08:00","date_gmt":"2022-03-31T11:08:00","guid":{"rendered":"https:\/\/wordpress.nibis.de\/gsfes\/?page_id=5806"},"modified":"2022-03-31T13:19:29","modified_gmt":"2022-03-31T11:19:29","slug":"friedenslauf-der-fes-am-23-24-03-2022","status":"publish","type":"page","link":"https:\/\/wordpress.nibis.de\/gsfes\/friedenslauf-der-fes-am-23-24-03-2022\/","title":{"rendered":"Friedenslauf der FES am 23. &amp; 24.03.2022"},"content":{"rendered":"\n\n\n<p class=\"has-text-align-center has-contrast-color has-text-color\" style=\"font-size:24px\"><strong>Die Grundschule Friedrich-Ebert<\/strong> <strong>spendet 6.118,85 \u20ac<\/strong> <strong>an die Ukraine Soforthilfe Hannover<\/strong>.<\/p>\n\n\n\n<p class=\"has-medium-font-size\">Alles begann mit einem Elternbrief der Schule, auf dem ein Friedenslauf angek\u00fcndigt wurde. Die Kinder waren erfreut und aufgeregt.<\/p>\n\n\n\n<p class=\"has-medium-font-size\">Die Verunsicherung aufgrund des Krieges in der Ukraine und der Wunsch vieler Kinder der FES \u201eirgendetwas tun zu k\u00f6nnen\u201c und zu helfen war sehr gro\u00df, sodass die Idee einen Friedenslauf zu veranstalten aufgegriffen und direkt in die Tat umgesetzt wurde.&nbsp;<\/p>\n\n\n\n<p class=\"has-medium-font-size\">So fragten die Initiatorinnen, Kathrin Lutz und Gunda Oetjen beim benachbarten Sportverein TV Badenstedt an, ob dieser seinen Ascheplatz f\u00fcr den Lauf zur Verf\u00fcgung stellen w\u00fcrde. Ohne zu z\u00f6gern erhielt man eine Zusage und bat den Ganztagspartner des Kreisjugendwerks der AWO (KJW), der ebenfalls unterst\u00fctzend zur Seite stand darum, mit der Gestaltung der Deko zu beginnen.<\/p>\n\n\n\n<p class=\"has-medium-font-size\">Los ging es dann am Mittwoch, den 23.03.2022 um 9:00 Uhr bei bestem Fr\u00fchlingswetter und strahlendem Sonnenschein. Der Rundparcours, welcher mit kleinen H\u00fcrden, einem Slalomlauf sowie einer H\u00fcpfaufgabe abwechslungsreich gestaltet war, betrug ca. 250 m. Pro gelaufener Runde konnten die Eltern oder andere bekannte Erwachsene einen selbst gew\u00e4hlten Betrag spenden \u2013 es sollten maximal 5 Runden gelaufen werden.<\/p>\n\n\n\n<p class=\"has-medium-font-size\">Die Schulleiterin Jessica Welzel begr\u00fc\u00dfte an diesem Tag zuerst den 3. Jahrgang und dann den 4. Jahrgang. Am Donnerstag folgten dann die Kinder des Schulkindergartens, des 1. sowie 2. Jahrgangs. Alle Kinder gaben beim Lauf zwischen selbstgestalteten Plakaten, blau-gelben Luftballons, Friedenstauben und Papiergirlanden ihr Bestes und wurden zum Teil tatkr\u00e4ftig von mitlaufenden Lehrer*innen begleitet, die ebenfalls sehr motiviert waren, zu unterst\u00fctzen.<\/p>\n\n\n\n<p class=\"has-medium-font-size\">Als Anerkennung f\u00fcr ihren Einsatz erhielten alle Kinder im Anschluss an ihren Lauf eine bunt gestaltete Urkunde, die dann stolz zu Hause pr\u00e4sentiert werden konnte und auf der die gelaufenen Runden vermerkt wurden.<\/p>\n\n\n\n<p class=\"has-contrast-color has-text-color has-medium-font-size\">Zwei Sch\u00fcler der FES m\u00fcssen hier noch einmal besonders erw\u00e4hnt werden. Die Br\u00fcder <strong>Ben Darek (9) &amp; Ton Darek (6) Pallus<\/strong> sagten sich: \u201eWir m\u00fcssen noch mehr Menschen fragen als unsere Eltern\u201c, nachdem sie festgestellt hatten, dass die Gro\u00dfeltern ebenfalls sehr gerne etwas f\u00fcr die Runden beim Friedenslauf dazugeben wollten.<\/p>\n\n\n\n<p class=\"has-medium-font-size\">So drehten sie f\u00fcr die weitere Sponsorensuche ein Video, in dem Sie alles erkl\u00e4rten. Mit ein bisschen Unterst\u00fctzung von Mama und Papa wurde der Aufruf dann verbreitet.<\/p>\n\n\n\n<p class=\"has-contrast-color has-text-color has-medium-font-size\">Die Erwartungen der beiden Jungs bez\u00fcglich der Spendenbereitschaft wurden bei Weitem \u00fcbertroffen! Insgesamt meldeten sich <strong>14 Sponsoren aus dem Verwandten- und Bekanntenkreis.<\/strong> Unter anderem wurde auch der Fu\u00dfballjugendtrainer Thorsten Altena auf das Video aufmerksam und gab dem Aufruf der beiden Kinder den Zuschlag f\u00fcr gesammeltes Geld aus einer <strong>Spendenaktion der F-Jugend der Fu\u00dfballsparte des TVB<\/strong>.<\/p>\n\n\n\n<p class=\"has-medium-font-size\">Stellvertretend f\u00fcr alle Kinder der Friedrich-Ebert-Schule haben Ben Darek und Ton Darek die Summe von <strong>288 Euro<\/strong> am Donnerstag von Arne Rinke (Pr\u00e4sident der Fu\u00dfballabteilung) und Thorsten Altena (Trainer der F-Jugend)&nbsp;entgegengenommen.<\/p>\n\n\n\n<p class=\"has-medium-font-size\">Gemeinsam mit den Spenden der anderen 13 gewonnenen Sponsoren, welche <strong>450\u20ac<\/strong> gesammelt haben, wurde die stolze Gesamtsumme von <strong>738 \u20ac<\/strong> \u00fcbergeben.<\/p>\n\n\n\n<p class=\"has-text-align-center\" style=\"font-size:24px\"><strong>Insgesamt wurden 6.118,85 \u20ac beim Friedenslauf erlaufen.<\/strong><\/p>\n\n\n\n<p class=\"has-contrast-color has-text-color has-medium-font-size\">Dieser Betrag, der alle Erwartungen \u00fcbertroffen hat, wurde offiziell und feierlich durch die F\u00f6rdervereinsvorsitzende der FES Miriam Overheu und die Schulleiterin Jessica Welzel in einer Dienstbesprechung des Kollegiums an die Initiative \u201e<strong>Ukraine Soforthilfe Hannover<\/strong>\u201c \u00fcberreicht. Frau Anja Schollmeyer nahm f\u00fcr die Initiative den Scheck \u00fcber diese sehenswerte Spendensumme dankend entgegen und richtete noch einige sehr ber\u00fchrende Worte an die G\u00e4ste, unter denen auch die Sch\u00fcler Ben Darek und Ton Darek sowie die drei Sch\u00fclersprecherinnen der Schule waren.<\/p>\n\n\n\n<p class=\"has-contrast-color has-text-color has-medium-font-size\">Ein <strong>HERZLICHES DANKESCH\u00d6N<\/strong> geht an alle, die diese Aktion m\u00f6glich gemacht haben, den Eltern &amp; Spendern, dem TVB mit ihren Platzwarten &amp; allen an der Aktion Beteiligten, dem Ganztagsteam der FES (auch f\u00fcr die Wasserspende), allen Mitarbeitenden der FES sowie vor allem den Kindern, die so motiviert und mit viel Freude gelaufen sind.<\/p>\n\n\n\n<p class=\"has-medium-font-size\">Die Freude \u00fcber diesen Erfolg war einfach riesig &#8211; und egal ob laut oder leise, gro\u00df oder klein- jedes Zeichen gegen Krieg und f\u00fcr den Frieden ist wichtig!!!<\/p>\n\n\n\n<p style=\"font-size:24px\"><span style=\"color:var(--base-3)\" class=\"tadv-color\"><span style=\"background-color:var(--global-color-8)\" class=\"tadv-background-color\"><strong>Alle Kinder der FES haben ihr Bestes gegeben und jede Spende z\u00e4hlt, denn wenn wir eins dadurch lernen k\u00f6nnen, dann dass auch Kleine etwas wirklich Gro\u00dfes erreichen k\u00f6nnen, und dass wir noch mehr schaffen, wenn wir alle zusammenhalten und die Welt dadurch ein bisschen besser machen.<\/strong><\/span><\/span><\/p>\n\n\n\n<p class=\"has-medium-font-size\"><strong>Auf dem Foto hinten von rechts nach links:<\/strong><\/p>\n\n\n\n<p class=\"has-contrast-color has-text-color has-medium-font-size\">Vorsitzende des F\u00f6rdervereins <strong>Miriam Overheu<\/strong>, die Organisatorinnen <strong>Gunda Oetjen<\/strong> und <strong>Kathrin Lutz<\/strong> sowie die Schulleiterin <strong>Jessica Welzel<\/strong><\/p>\n\n\n\n<p class=\"has-medium-font-size\"><strong>Auf dem Foto vorne von rechts nach links:<\/strong><\/p>\n\n\n\n<p class=\"has-contrast-color has-text-color has-medium-font-size\">Die Br\u00fcder <strong>Ben Darek<\/strong>, 3d und <strong>Ton Darek<\/strong>, 1b mit <strong>Anja Schollmeyer<\/strong> von der Ukraine Soforthilfe Hannover bei der Scheck\u00fcbergabe<\/p>\n\n\n","protected":false},"excerpt":{"rendered":"<p>Die Grundschule Friedrich-Ebert spendet 6.118,85 \u20ac an die Ukraine Soforthilfe Hannover. Alles begann mit einem Elternbrief der Schule, auf dem ein Friedenslauf angek\u00fcndigt wurde. Die Kinder waren erfreut und aufgeregt. Die Verunsicherung aufgrund des Krieges in der Ukraine und der Wunsch vieler Kinder der FES \u201eirgendetwas tun zu k\u00f6nnen\u201c und zu helfen war sehr gro\u00df, &#8230; <a title=\"Friedenslauf der FES am 23. &amp; 24.03.2022\" class=\"read-more\" href=\"https:\/\/wordpress.nibis.de\/gsfes\/friedenslauf-der-fes-am-23-24-03-2022\/\" aria-label=\"Mehr Informationen \u00fcber Friedenslauf der FES am 23. &amp; 24.03.2022\">Weiterlesen<\/a><\/p>\n","protected":false},"author":9192938,"featured_media":5805,"parent":0,"menu_order":0,"comment_status":"closed","ping_status":"closed","template":"","meta":{"footnotes":""},"class_list":["post-5806","page","type-page","status-publish","has-post-thumbnail"],"_links":{"self":[{"href":"https:\/\/wordpress.nibis.de\/gsfes\/wp-json\/wp\/v2\/pages\/5806","targetHints":{"allow":["GET"]}}],"collection":[{"href":"https:\/\/wordpress.nibis.de\/gsfes\/wp-json\/wp\/v2\/pages"}],"about":[{"href":"https:\/\/wordpress.nibis.de\/gsfes\/wp-json\/wp\/v2\/types\/page"}],"author":[{"embeddable":true,"href":"https:\/\/wordpress.nibis.de\/gsfes\/wp-json\/wp\/v2\/users\/9192938"}],"replies":[{"embeddable":true,"href":"https:\/\/wordpress.nibis.de\/gsfes\/wp-json\/wp\/v2\/comments?post=5806"}],"version-history":[{"count":3,"href":"https:\/\/wordpress.nibis.de\/gsfes\/wp-json\/wp\/v2\/pages\/5806\/revisions"}],"predecessor-version":[{"id":5812,"href":"https:\/\/wordpress.nibis.de\/gsfes\/wp-json\/wp\/v2\/pages\/5806\/revisions\/5812"}],"wp:featuredmedia":[{"embeddable":true,"href":"https:\/\/wordpress.nibis.de\/gsfes\/wp-json\/wp\/v2\/media\/5805"}],"wp:attachment":[{"href":"https:\/\/wordpress.nibis.de\/gsfes\/wp-json\/wp\/v2\/media?parent=5806"}],"curies":[{"name":"wp","href":"https:\/\/api.w.org\/{rel}","templated":true}]}}