{"id":5953,"date":"2022-07-07T19:28:26","date_gmt":"2022-07-07T17:28:26","guid":{"rendered":"https:\/\/wordpress.nibis.de\/gsfes\/?page_id=5953"},"modified":"2022-07-07T20:48:34","modified_gmt":"2022-07-07T18:48:34","slug":"vorhang-auf-manege-frei","status":"publish","type":"page","link":"https:\/\/wordpress.nibis.de\/gsfes\/vorhang-auf-manege-frei\/","title":{"rendered":"\u201eVorhang auf, Manege frei!\u201c"},"content":{"rendered":"\n<figure class=\"wp-block-image size-full is-resized\"><img loading=\"lazy\" decoding=\"async\" src=\"https:\/\/wordpress.nibis.de\/gsfes\/files\/2022\/07\/Trapez-Clown-600-x-450-e1657217936864.png\" alt=\"\" class=\"wp-image-5974\" width=\"589\" height=\"412\" \/><\/figure>\n\n\n\n<p class=\"has-medium-font-size\"><strong>Circus Rasch zu Gast in der Grundschule Friedrich-Ebert<\/strong><\/p>\n\n\n\n<p style=\"font-size:16px\">Vom 04.07. bis 08.07.2022 hie\u00df es an der Grundschule Friedrich-Ebert in Hannover-Badenstedt endlich wieder \u201eVorhang auf, Manege frei\u201c. Statt der regul\u00e4ren Unterrichtsf\u00e4cher wie Mathematik und Deutsch standen in dieser Woche u.a. Akrobatik und Zauberei auf dem Stundenplan. Alle vier Jahre schl\u00e4gt der Zirkus f\u00fcr eine Projektwoche sein Zirkuszelt auf dem Gel\u00e4nde des El Dorados in Hannover-Badenstedt auf. Wir sind dankbar, dass uns der Platz auch in diesem Jahr wieder zur Verf\u00fcgung stand und freuen uns riesig, dass das Projekt trotz der Corona-Pandemie turnusgem\u00e4\u00df und planm\u00e4\u00dfig durchgef\u00fchrt werden konnte. <\/p>\n\n\n\n<p style=\"font-size:16px\">Im Mitmachzirkus der Familie Rasch studieren die Kinder in jahrgangsgemischten Gruppen Kunstst\u00fccke ein, die sie abends dem Publikum in tollen Kost\u00fcmen und mit sp\u00fcrbarem Lampenfieber pr\u00e4sentierten. <\/p>\n\n\n\n<div class=\"wp-block-media-text alignwide is-vertically-aligned-center is-style-tw-shadow has-base-2-background-color has-background\" style=\"grid-template-columns:20% auto\"><figure class=\"wp-block-media-text__media\"><a href=\"https:\/\/www.zirkusrasch.de\"><img loading=\"lazy\" decoding=\"async\" width=\"349\" height=\"375\" src=\"https:\/\/wordpress.nibis.de\/gsfes\/files\/2022\/07\/Ingo-und-Angelina-Rasch-600-x-450-e1657214737975.jpg\" alt=\"\" class=\"wp-image-5957 size-full\" \/><\/a><\/figure><div class=\"wp-block-media-text__content\">\n<p style=\"font-size:16px\">Zirkusdirektor <em>Ingo Rasch <\/em>(links), seine Frau <em>Melanie<\/em> und ihre Kinder <em>Angelino <\/em>und <em>Angelina <\/em>(rechts) leiten die Kinder mit viel Geduld und Einf\u00fchlungsverm\u00f6gen an. Auch f\u00fcr die Lehrkr\u00e4fte war es spannend zu beobachten, was f\u00fcr Talente und F\u00e4higkeiten in jedem einzelnen Kind schlummern.<\/p>\n<\/div><\/div>\n\n\n\n<p class=\"tw-mt-7\" style=\"font-size:16px\">Durch mitrei\u00dfende Musik und spezielle Lichteffekte entstand jeden Abend im Zirkuszelt eine ganz besondere und einmalige Atmosph\u00e4re. Jedes Kind stand im Mittelpunkt der Manege. Egal, ob als Clown, am Trapez, auf dem Trampolin, turnend, zaubernd, akrobatisch auf dem Seil, als Fakir oder Schlangent\u00e4nzerin. <\/p>\n\n\n\n<p style=\"font-size:16px\">Belohnt wurden die Kinder mit tosendem Applaus bis hin zu standing ovations. <\/p>\n\n\n\n<p style=\"font-size:16px\">F\u00fcr die Sch\u00fclerinnen und Sch\u00fcler ist es ein besonderes und aufregendes Erlebnis, selbst im Zirkus mitwirken zu d\u00fcrfen. Die allabendlich strahlenden Kinderaugen und stolzen Blicke des Publikums sind wahre Gl\u00fccksmomente. <\/p>\n\n\n\n<p style=\"font-size:16px\"><strong>Liebe Kinder der FES, wir sind m\u00e4chtig stolz auf euch und eure atemberaubende Show. <\/strong><\/p>\n\n\n\n<div class=\"wp-block-media-text has-media-on-the-right is-stacked-on-mobile tw-mb-9 is-style-tw-shadow\" style=\"grid-template-columns:auto 15%\"><figure class=\"wp-block-media-text__media\"><img loading=\"lazy\" decoding=\"async\" width=\"93\" height=\"125\" src=\"https:\/\/wordpress.nibis.de\/gsfes\/files\/2022\/07\/Logo-Buergerstiftung-Hannover.png\" alt=\"\" class=\"wp-image-5954 size-full\" \/><\/figure><div class=\"wp-block-media-text__content\">\n<p style=\"font-size:16px\">Ein besonderer Dank gilt der <strong><a rel=\"noreferrer noopener\" href=\"https:\/\/buergerstiftung-hannover.de\/startseite\" target=\"_blank\">B\u00fcrgerstiftung Hannover<\/a><\/strong>, dem <strong><a href=\"https:\/\/wordpress.nibis.de\/gsfes\/das-sind-wir\/\" target=\"_blank\" rel=\"noreferrer noopener\">F\u00f6rderverein der GS Friedrich Ebert<\/a><\/strong> und auch dem <strong>Aktionsprogramm <a href=\"https:\/\/soziales.niedersachsen.de\/Startklar-in-die-Zukunft\/aktionsprogramm-startklar-in-die-zukunft-205075.html\" target=\"_blank\" rel=\"noreferrer noopener\">Startklar in die Zukunft des Kultusministeriums<\/a><\/strong>, durch die eine Finanzierung dieses gro\u00dfartigen Projekts \u00fcberhaupt m\u00f6glich wurde.<\/p>\n<\/div><\/div>\n\n\n\n<p style=\"font-size:16px\">Das Team der FES<\/p>\n\n\n","protected":false},"excerpt":{"rendered":"<p>Circus Rasch zu Gast in der Grundschule Friedrich-Ebert Vom 04.07. bis 08.07.2022 hie\u00df es an der Grundschule Friedrich-Ebert in Hannover-Badenstedt endlich wieder \u201eVorhang auf, Manege frei\u201c. Statt der regul\u00e4ren Unterrichtsf\u00e4cher wie Mathematik und Deutsch standen in dieser Woche u.a. Akrobatik und Zauberei auf dem Stundenplan. Alle vier Jahre schl\u00e4gt der Zirkus f\u00fcr eine Projektwoche sein &#8230; <a title=\"\u201eVorhang auf, Manege frei!\u201c\" class=\"read-more\" href=\"https:\/\/wordpress.nibis.de\/gsfes\/vorhang-auf-manege-frei\/\" aria-label=\"Mehr Informationen \u00fcber \u201eVorhang auf, Manege frei!\u201c\">Weiterlesen<\/a><\/p>\n","protected":false},"author":9192938,"featured_media":0,"parent":0,"menu_order":0,"comment_status":"closed","ping_status":"closed","template":"","meta":{"footnotes":""},"class_list":["post-5953","page","type-page","status-publish"],"_links":{"self":[{"href":"https:\/\/wordpress.nibis.de\/gsfes\/wp-json\/wp\/v2\/pages\/5953","targetHints":{"allow":["GET"]}}],"collection":[{"href":"https:\/\/wordpress.nibis.de\/gsfes\/wp-json\/wp\/v2\/pages"}],"about":[{"href":"https:\/\/wordpress.nibis.de\/gsfes\/wp-json\/wp\/v2\/types\/page"}],"author":[{"embeddable":true,"href":"https:\/\/wordpress.nibis.de\/gsfes\/wp-json\/wp\/v2\/users\/9192938"}],"replies":[{"embeddable":true,"href":"https:\/\/wordpress.nibis.de\/gsfes\/wp-json\/wp\/v2\/comments?post=5953"}],"version-history":[{"count":13,"href":"https:\/\/wordpress.nibis.de\/gsfes\/wp-json\/wp\/v2\/pages\/5953\/revisions"}],"predecessor-version":[{"id":5986,"href":"https:\/\/wordpress.nibis.de\/gsfes\/wp-json\/wp\/v2\/pages\/5953\/revisions\/5986"}],"wp:attachment":[{"href":"https:\/\/wordpress.nibis.de\/gsfes\/wp-json\/wp\/v2\/media?parent=5953"}],"curies":[{"name":"wp","href":"https:\/\/api.w.org\/{rel}","templated":true}]}}