{"id":6681,"date":"2023-08-11T20:37:22","date_gmt":"2023-08-11T18:37:22","guid":{"rendered":"https:\/\/wordpress.nibis.de\/gsfes\/?page_id=6681"},"modified":"2023-08-11T20:37:36","modified_gmt":"2023-08-11T18:37:36","slug":"forscherpreis-2023","status":"publish","type":"page","link":"https:\/\/wordpress.nibis.de\/gsfes\/forscherpreis-2023\/","title":{"rendered":"Forscherpreis 2023"},"content":{"rendered":"\n<p class=\"has-medium-font-size\"><strong>Forscherpreis 2023 &#8211; Die FES gewinnt mit der Kitec-AG in der Kategorie Technik! <\/strong><\/p>\n\n\n\n<p>Was ist den das? <strong>KiTec<\/strong> &#8211; <strong>Ki<\/strong>nder entdecken <strong>Tec<\/strong>hnik: <\/p>\n\n\n\n<div class=\"wp-block-media-text is-stacked-on-mobile is-vertically-aligned-center is-style-tw-shadow\" style=\"grid-template-columns:25% auto\"><figure class=\"wp-block-media-text__media\"><img loading=\"lazy\" decoding=\"async\" width=\"1244\" height=\"2560\" src=\"https:\/\/wordpress.nibis.de\/gsfes\/files\/2023\/08\/KitecKids2-scaled.jpg\" alt=\"\" class=\"wp-image-6685 size-full\" srcset=\"https:\/\/wordpress.nibis.de\/gsfes\/files\/2023\/08\/KitecKids2-scaled.jpg 1244w, https:\/\/wordpress.nibis.de\/gsfes\/files\/2023\/08\/KitecKids2-768x1580.jpg 768w, https:\/\/wordpress.nibis.de\/gsfes\/files\/2023\/08\/KitecKids2-747x1536.jpg 747w\" sizes=\"auto, (max-width: 1244px) 100vw, 1244px\" \/><\/figure><div class=\"wp-block-media-text__content\">\n<p class=\"has-text-align-left\">Wie funktioniert eigentlich eine Seilbahn? Wie baut man eine Br\u00fccke, die nicht einst\u00fcrzt? <\/p>\n\n\n\n<p class=\"has-text-align-left\">Technik umgibt uns in unserem Alltag und wirft tagt\u00e4glich viele spannende Fragen auf. Deshalb wurde das Projekt KiTec entwickelt. In diesem Projekt wird Kindern in Kita, Grundschule und den ersten Jahren der weiterf\u00fchrenden Schulen die M\u00f6glichkeit gegeben, ihren Wissensdurst im Bereich Technik zu stillen, technische Zusammenh\u00e4nge zu verstehen und mit altersgerechten Werkzeug- und Materialkisten selbst kreativ zu werden. <\/p>\n\n\n\n<p class=\"has-text-align-left\">Der Dachverband sucht Sponsoren, die Schulen finanziell unterst\u00fctzen und die Materialien f\u00fcr die Kitec-Bauk\u00e4sten finanzieren. Schulen k\u00f6nnen sich bewerben und dann mit den Materialien aus den Kitec-K\u00e4sten forschen. Die Firma <strong><a href=\"https:\/\/www.viscom.com\/en\/\" target=\"_blank\" rel=\"noreferrer noopener\">Viscom <\/a><\/strong>aus Badenstedt unters\u00fctzt uns an der FES. J\u00e4hrlich gibt es einen Forscherpreis, an dem alle Schulen mit 5erTeams teilnehmen d\u00fcrfen, die mit Kitec-K\u00e4sten arbeiten. <\/p>\n\n\n\n<p class=\"has-text-align-left\">Am Freitag, den 30.06.2023 war es endlich mal wieder soweit: Nach einer Corona-Pause hat die VHV Versicherung aus Hannover den diesj\u00e4hrigen Kitec-Wettbewerb ausgerichtet. Eine Jury aus Wissenschaft, Politik und Forrschung hat die verschiedenen Exponate der verschiedenen teilnehmenden Schulen streng begutachtet. Die Kids der FES-Kitec-AG haben souver\u00e4n Fragen zu ihrem mitgebrachten Turm mit Seilzugsystem erkl\u00e4rt und die Technik vorgef\u00fchrt. Mit Erfolg! Die FES gewann den Forscherpreis 1023 in der Kategorie Technik. Zurecht waren Frau Ogrodowy und Herr Schlienkamp, die die Technik AG im Schuljahr 2022\/23 leiteten, stolz auf die 5 Kids der Kitec-AG. <\/p>\n\n\n\n<p class=\"has-text-align-left\"><\/p>\n\n\n\n<p class=\"has-text-align-left\">Herzlichen Gl\u00fcckwunsch!<\/p>\n<\/div><\/div>\n\n\n\n\n\n<figure class=\"wp-block-gallery has-nested-images columns-default is-cropped wp-block-gallery-1 is-layout-flex wp-block-gallery-is-layout-flex\">\n<figure class=\"wp-block-image size-large\"><img loading=\"lazy\" decoding=\"async\" width=\"1244\" height=\"2560\" data-id=\"6685\" src=\"https:\/\/wordpress.nibis.de\/gsfes\/files\/2023\/08\/KitecKids2-scaled.jpg\" alt=\"\" class=\"wp-image-6685\" srcset=\"https:\/\/wordpress.nibis.de\/gsfes\/files\/2023\/08\/KitecKids2-scaled.jpg 1244w, https:\/\/wordpress.nibis.de\/gsfes\/files\/2023\/08\/KitecKids2-768x1580.jpg 768w, https:\/\/wordpress.nibis.de\/gsfes\/files\/2023\/08\/KitecKids2-747x1536.jpg 747w\" sizes=\"auto, (max-width: 1244px) 100vw, 1244px\" \/><\/figure>\n\n\n\n<figure class=\"wp-block-image size-large\"><img loading=\"lazy\" decoding=\"async\" width=\"1244\" height=\"2560\" data-id=\"6684\" src=\"https:\/\/wordpress.nibis.de\/gsfes\/files\/2023\/08\/KitecKids1-scaled.jpg\" alt=\"\" class=\"wp-image-6684\" srcset=\"https:\/\/wordpress.nibis.de\/gsfes\/files\/2023\/08\/KitecKids1-scaled.jpg 1244w, https:\/\/wordpress.nibis.de\/gsfes\/files\/2023\/08\/KitecKids1-768x1580.jpg 768w, https:\/\/wordpress.nibis.de\/gsfes\/files\/2023\/08\/KitecKids1-747x1536.jpg 747w\" sizes=\"auto, (max-width: 1244px) 100vw, 1244px\" \/><\/figure>\n\n\n\n<figure class=\"wp-block-image size-large\"><img loading=\"lazy\" decoding=\"async\" width=\"1244\" height=\"2560\" data-id=\"6683\" src=\"https:\/\/wordpress.nibis.de\/gsfes\/files\/2023\/08\/Kitec2-scaled.jpg\" alt=\"\" class=\"wp-image-6683\" srcset=\"https:\/\/wordpress.nibis.de\/gsfes\/files\/2023\/08\/Kitec2-scaled.jpg 1244w, https:\/\/wordpress.nibis.de\/gsfes\/files\/2023\/08\/Kitec2-768x1580.jpg 768w, https:\/\/wordpress.nibis.de\/gsfes\/files\/2023\/08\/Kitec2-747x1536.jpg 747w\" sizes=\"auto, (max-width: 1244px) 100vw, 1244px\" \/><\/figure>\n<\/figure>\n","protected":false},"excerpt":{"rendered":"<p>Forscherpreis 2023 &#8211; Die FES gewinnt mit der Kitec-AG in der Kategorie Technik! Was ist den das? KiTec &#8211; Kinder entdecken Technik: Wie funktioniert eigentlich eine Seilbahn? Wie baut man eine Br\u00fccke, die nicht einst\u00fcrzt? Technik umgibt uns in unserem Alltag und wirft tagt\u00e4glich viele spannende Fragen auf. Deshalb wurde das Projekt KiTec entwickelt. In &#8230; <a title=\"Forscherpreis 2023\" class=\"read-more\" href=\"https:\/\/wordpress.nibis.de\/gsfes\/forscherpreis-2023\/\" aria-label=\"Mehr Informationen \u00fcber Forscherpreis 2023\">Weiterlesen<\/a><\/p>\n","protected":false},"author":9192938,"featured_media":0,"parent":0,"menu_order":0,"comment_status":"closed","ping_status":"closed","template":"","meta":{"footnotes":""},"class_list":["post-6681","page","type-page","status-publish"],"_links":{"self":[{"href":"https:\/\/wordpress.nibis.de\/gsfes\/wp-json\/wp\/v2\/pages\/6681","targetHints":{"allow":["GET"]}}],"collection":[{"href":"https:\/\/wordpress.nibis.de\/gsfes\/wp-json\/wp\/v2\/pages"}],"about":[{"href":"https:\/\/wordpress.nibis.de\/gsfes\/wp-json\/wp\/v2\/types\/page"}],"author":[{"embeddable":true,"href":"https:\/\/wordpress.nibis.de\/gsfes\/wp-json\/wp\/v2\/users\/9192938"}],"replies":[{"embeddable":true,"href":"https:\/\/wordpress.nibis.de\/gsfes\/wp-json\/wp\/v2\/comments?post=6681"}],"version-history":[{"count":6,"href":"https:\/\/wordpress.nibis.de\/gsfes\/wp-json\/wp\/v2\/pages\/6681\/revisions"}],"predecessor-version":[{"id":6693,"href":"https:\/\/wordpress.nibis.de\/gsfes\/wp-json\/wp\/v2\/pages\/6681\/revisions\/6693"}],"wp:attachment":[{"href":"https:\/\/wordpress.nibis.de\/gsfes\/wp-json\/wp\/v2\/media?parent=6681"}],"curies":[{"name":"wp","href":"https:\/\/api.w.org\/{rel}","templated":true}]}}