{"id":71,"date":"2019-02-12T21:20:20","date_gmt":"2019-02-12T20:20:20","guid":{"rendered":"https:\/\/wordpress.nibis.de\/gsfes\/?page_id=71"},"modified":"2020-07-22T18:41:10","modified_gmt":"2020-07-22T16:41:10","slug":"kitec","status":"publish","type":"page","link":"https:\/\/wordpress.nibis.de\/gsfes\/kitec\/","title":{"rendered":"KiTec"},"content":{"rendered":"\n<p class=\"has-large-font-size\">&nbsp;<strong><u>KiTec \u2013 Kinder und Technik<\/u><\/strong><\/p>\n\n\n\n<p class=\"has-medium-font-size\">In diesem Schuljahr (2017\/2018) gab es zum ersten Mal eine KiTec-AG an unserer Schule. 16 Kindern aus dem 4. Jahrgang nahmen daran teil.<\/p>\n\n\n\n<p class=\"has-medium-font-size\">Was bedeutet KiTec eigentlich?<\/p>\n\n\n\n<p class=\"has-medium-font-size\">Bei KiTec geht es darum, Kindern m\u00f6glichst fr\u00fch naturwissenschaftliche und technische Themen n\u00e4her zu bringen. Vor allem das Bauen mit Holz steht im Vordergrund. \u00dcber einen Multiplikator (Herrn M\u00fcgge von der Viscom GmbH) k\u00f6nnen wir das zugelassene Material (nach-)bestellen. Am Ende eines Schuljahres steht immer ein Wettbewerb, an dem alle Schulen teilnehmen k\u00f6nnen. Hier werden die hergestellten Exponate von den Kindern vorgestellt und bewertet (N\u00e4heres unter KiWiZ.de).<\/p>\n\n\n\n<p class=\"has-medium-font-size\">Das Thema f\u00fcr den Wettbewerb lautete in diesem Jahr \u201eBauwerke aller Art\u201c, ein Thema, das viele M\u00f6glichkeiten offen lie\u00df.<\/p>\n\n\n\n<p class=\"has-medium-font-size\">Nach einer gemeinsamen Ideensammlung entschieden wir uns, ein gemeinsames Bauwerk mit Elementen aus fast allen Ideen zu bauen. Es sollte ein Schloss mit Elementen einer Burg und der Kuppel des Neuen Rathauses in Hannover werden.<\/p>\n\n\n\n<p class=\"has-medium-font-size\">Anders als die andere Schulen haben wir alle gemeinsam an dem Bauwerk gearbeitet, und nicht jede Kleingruppe hat ein eigenes Exponat erstellt.<\/p>\n\n\n\n<p class=\"has-medium-font-size\">Im ersten Halbjahr trafen wir uns etwa alle zwei Wochen jeden Dienstag f\u00fcr 2 Schulstunden (Vielen Dank an Frau Tr\u00f6bs f\u00fcr die Betreuung der Kinder in der Mittagspause!!!).<\/p>\n\n\n\n<p class=\"has-medium-font-size\">Im zweiten Halbjahr begann dann der Endspurt, jede Woche werkelten wir mit viel Freude und gro\u00dfem Einsatz zwei Stunden an unserem Bauwerk.<\/p>\n\n\n\n<p class=\"has-medium-font-size\">Unterst\u00fctzt wurden wir durchgehend von Herrn Schlienkamp. Er hat uns mit seinen gro\u00dfartigen Ideen und seinem enormen Wissen im Bereich Technik sehr viel geholfen.<\/p>\n\n\n\n<p class=\"has-medium-font-size\">Zu Beginn wurde in vier Kleingruppen je ein Turm gebaut. Diese sollten m\u00f6glichst identisch sein.<\/p>\n\n\n\n<p class=\"has-medium-font-size\">Anschlie\u00dfend wurden nach und nach die anderen Elemente hergestellt, beispielsweise eine Geheimt\u00fcr, eine Zugbr\u00fccke, eine doppell\u00e4ufige Wendeltreppe, eine Kuppel, ein Aufzug mit Zugantrieb, ein Aufzug mit Schubantrieb und viele andere technische Aspekte. Auch Schwierigkeiten, wie ungenaues Arbeiten, Unstimmigkeiten im Team, brechendes Holz oder Gips, der zu schnell fest war, haben wir super gemeistert.<\/p>\n\n\n\n<p class=\"has-medium-font-size\">Am 19.05.17 war es dann endlich soweit, der Wettbewerb stand vor der T\u00fcr. Die f\u00fcnf auserw\u00e4hlten Kinder machten sich mit Frau Kr\u00f6ger, Herr Schlienkamp und Frau Meck auf den Weg nach Misburg. Dieses Jahr fand der Wettbewerb bei der HeidelbergCement AG statt.<\/p>\n\n\n\n<p class=\"has-medium-font-size\">Nach aufregenden zwei Stunden, in denen wir unser Exponat mehrfach unterschiedlichen Jurymitgliedern vorgestellt (und au\u00dferdem lecker gegessen :))haben, gab die Jury endlich ihr Ergebnis bekannt.<\/p>\n\n\n\n<p class=\"has-medium-font-size\">UND?!?!?!?!<\/p>\n\n\n\n<p class=\"has-medium-font-size\">Einer der vier Sieger hei\u00dft: Friedrich Ebert Schule \ud83d\ude42<\/p>\n\n\n\n<p class=\"has-medium-font-size\">In der Kategorie \u201eJunge Forscher\u201c konnten wir mit unserem Exponat \u00fcberzeugen und gewannen neben einer Medaille auch eine F\u00fchrung in der HeidelbergCement AG.<\/p>\n\n\n\n<p class=\"has-medium-font-size\">(Die weiteren Kategorien waren: Kreativit\u00e4t, Umsetzung des Themas, technische Umsetzung)<\/p>\n\n\n\n<p class=\"has-medium-font-size\">Nach einem Schuljahr mit sehr viel Spa\u00df, viel Teamarbeit, tollen Ideen, viel Schwei\u00df und einem super Team war dies ein erfolgreicher Abschluss.<\/p>\n\n\n\n<p class=\"has-medium-font-size\"><strong>Vielen Dank an alle &#8222;Kitec-Kinder&#8220; sowie an Frau Hoppe, Herrn M\u00fcgge und Herrn Schlienkamp!!!<\/strong><\/p>\n\n\n\n<p>Marian Meck<\/p>\n","protected":false},"excerpt":{"rendered":"<p>&nbsp;KiTec \u2013 Kinder und Technik In diesem Schuljahr (2017\/2018) gab es zum ersten Mal eine KiTec-AG an unserer Schule. 16 Kindern aus dem 4. Jahrgang nahmen daran teil. Was bedeutet KiTec eigentlich? Bei KiTec geht es darum, Kindern m\u00f6glichst fr\u00fch naturwissenschaftliche und technische Themen n\u00e4her zu bringen. Vor allem das Bauen mit Holz steht im &#8230; <a title=\"KiTec\" class=\"read-more\" href=\"https:\/\/wordpress.nibis.de\/gsfes\/kitec\/\" aria-label=\"Mehr Informationen \u00fcber KiTec\">Weiterlesen<\/a><\/p>\n","protected":false},"author":9192938,"featured_media":3220,"parent":0,"menu_order":0,"comment_status":"closed","ping_status":"closed","template":"","meta":{"footnotes":""},"class_list":["post-71","page","type-page","status-publish","has-post-thumbnail"],"_links":{"self":[{"href":"https:\/\/wordpress.nibis.de\/gsfes\/wp-json\/wp\/v2\/pages\/71","targetHints":{"allow":["GET"]}}],"collection":[{"href":"https:\/\/wordpress.nibis.de\/gsfes\/wp-json\/wp\/v2\/pages"}],"about":[{"href":"https:\/\/wordpress.nibis.de\/gsfes\/wp-json\/wp\/v2\/types\/page"}],"author":[{"embeddable":true,"href":"https:\/\/wordpress.nibis.de\/gsfes\/wp-json\/wp\/v2\/users\/9192938"}],"replies":[{"embeddable":true,"href":"https:\/\/wordpress.nibis.de\/gsfes\/wp-json\/wp\/v2\/comments?post=71"}],"version-history":[{"count":3,"href":"https:\/\/wordpress.nibis.de\/gsfes\/wp-json\/wp\/v2\/pages\/71\/revisions"}],"predecessor-version":[{"id":3221,"href":"https:\/\/wordpress.nibis.de\/gsfes\/wp-json\/wp\/v2\/pages\/71\/revisions\/3221"}],"wp:featuredmedia":[{"embeddable":true,"href":"https:\/\/wordpress.nibis.de\/gsfes\/wp-json\/wp\/v2\/media\/3220"}],"wp:attachment":[{"href":"https:\/\/wordpress.nibis.de\/gsfes\/wp-json\/wp\/v2\/media?parent=71"}],"curies":[{"name":"wp","href":"https:\/\/api.w.org\/{rel}","templated":true}]}}