{"id":73,"date":"2019-02-12T21:21:24","date_gmt":"2019-02-12T20:21:24","guid":{"rendered":"https:\/\/wordpress.nibis.de\/gsfes\/?page_id=73"},"modified":"2020-07-22T18:48:46","modified_gmt":"2020-07-22T16:48:46","slug":"scratchjr","status":"publish","type":"page","link":"https:\/\/wordpress.nibis.de\/gsfes\/scratchjr\/","title":{"rendered":"Programmieren f\u00fcr Kinder"},"content":{"rendered":"\n<h1 class=\"wp-block-heading\"><i>ScratchJr<\/i><\/h1>\n\n\n\n<p class=\"has-medium-font-size\">ist eine Programmierumgebung, die es Kindern ab 5 Jahren erm\u00f6glicht, eigene Programme zu entwerfen und zu realisieren. Weiter Informationen finden Sie auf der Internetseite <a href=\"https:\/\/www.scratchjr.org\/\">https:\/\/www.scratchjr.org.<\/a><\/p>\n\n\n\n<p class=\"has-medium-font-size\">Von November 2015 bis zum Ende des laufenden Schuljahres 2015\/16 fand in Zusammenarbeit mit der Hochschule Hannover (Fakult\u00e4t IV) ein Pilotprojekt statt, das sich u. a. die Vermittlung von Strukturierungs- und Programmierfertigkeiten an Schulkinder zum Ziel gesetzt hatte (Code for Competence\/C4C).<\/p>\n\n\n\n<p class=\"has-medium-font-size\">Initiator dieser Idee war&nbsp;<a href=\"https:\/\/f4.hs-hannover.de\/ueber-uns\/personen\/lehrende\/abteilung-informatik\/professorinnenprofessoren\/\">Herr Prof. Dr. Robert Garmann<\/a>&nbsp;von der Hochschule Hannover, der dort als Lehrender f\u00fcr den Fachbereich IV &#8211; Informatik &#8211; t\u00e4tig ist. Durchgef\u00fchrt wurde dieses Pilotprojekt&nbsp;in der damaligen Klasse 2b.<\/p>\n\n\n\n<p class=\"has-medium-font-size\">Leider konnte dieses Projekt nicht dauerhaft an der FES etabliert und auch anderen Kindern zug\u00e4nglich gemacht werden. Die notwendigen finanziellen Mittel f\u00fcr die dauerhafte Anschaffung von Tablets und anderen technischen Notwendigkeiten konnten nicht aufgebracht werden. Dar\u00fcber hinaus sieht die Stundentafel eine l\u00e4ngerfristige \u00d6ffnung des Unterrichts f\u00fcr derartige Projekte bisher nicht vor, so dass der eigentliche Unterrichtsstoff anderweitig nachgeholt werden musste; nicht ganz ohne zus\u00e4tzliche Belastung und Mehrarbeit f\u00fcr alle Beteiligten.&nbsp;Dennoch sind die hieraus gewonnen Erfahrungen von gro\u00dfem Wert.<\/p>\n\n\n\n<p class=\"has-medium-font-size\"><u class=\"remove-format\">[Inzwischen ist die ScratchJr-Programmierumgebung auch in einer <a href=\"https:\/\/jfo8000.github.io\/ScratchJr-Desktop\/\">Windows 10 und Mac-Version<\/a> kostenlos herunterladbar.]<\/u><\/p>\n\n\n\n<p class=\"has-medium-font-size\">Den Aufbau und Ablauf des Pilotprojekts, die verwendeten Arbeitsmaterialien (Download) sowie Stunden-Reflexionen und vieles andere mehr finden Sie in einem detailierten und sehr lesenwerten &#8222;<a href=\"http:\/\/www.code4comp.wp.hs-hannover.de\/2015\/11\/03\/vorbereitungen-und-ziele\/\">Tagebuch<\/a>&#8220; zusammengefasst oder chronologisch geordnet unter den folgenden Links &#8230;<\/p>\n\n\n\n<p>Benjamin Wanous<\/p>\n\n\n\n<table class=\"wp-block-table is-style-stripes\"><tbody><tr><td><a href=\"http:\/\/www.code4comp.wp.hs-hannover.de\/2015\/11\/03\/vorbereitungen-und-ziele\/\">&#8211; Vorbereitung und Ziele<\/a><\/td><td><a href=\"http:\/\/www.code4comp.wp.hs-hannover.de\/2015\/11\/05\/die-erste-stunde\/\">&#8211; Die erste Stunde<\/a><\/td><td><a href=\"http:\/\/www.code4comp.wp.hs-hannover.de\/2015\/11\/11\/die-zweite-stunde\/\">&#8211; Die zweite Stunde<\/a><\/td><\/tr><tr><td><a href=\"http:\/\/www.code4comp.wp.hs-hannover.de\/2015\/11\/18\/grune-fahne-und-ende-baustein\/\">&#8211; Gr\u00fcne Fahne und Endbaustein<\/a><\/td><td><a href=\"http:\/\/www.code4comp.wp.hs-hannover.de\/2015\/11\/25\/arbeitsblatter-und-hintergrunde\/\">&#8211; Arbeitsbl\u00e4tter und Hintergr\u00fcnde<\/a><\/td><td><a href=\"http:\/\/www.code4comp.wp.hs-hannover.de\/2015\/12\/02\/wortratsel\/\">&#8211; Wortr\u00e4tsel<\/a><\/td><\/tr><tr><td><a href=\"http:\/\/www.code4comp.wp.hs-hannover.de\/2015\/12\/03\/aufbauarbeit\/\">&#8211; Aufbauarbeit<\/a><\/td><td><a href=\"http:\/\/www.code4comp.wp.hs-hannover.de\/2015\/12\/09\/fortsetzung-wortratsel\/\">&#8211; Wortr\u00e4tsel 2<\/a><\/td><td><a href=\"http:\/\/www.code4comp.wp.hs-hannover.de\/2015\/12\/12\/adventsfeier\/\">&#8211; Adventsfeier<\/a><\/td><\/tr><tr><td><a href=\"http:\/\/www.code4comp.wp.hs-hannover.de\/2015\/12\/16\/geschwindigkeit-und-sprechblase\/\">&#8211; Geschwindigkeit und Sprechblase<\/a><\/td><td><a href=\"http:\/\/www.code4comp.wp.hs-hannover.de\/2016\/01\/10\/spielideen\/\">&#8211; Spielideen<\/a><\/td><td><a href=\"http:\/\/www.code4comp.wp.hs-hannover.de\/2016\/01\/13\/wiederholungsbausteine-und-warten\/\">&#8211; Wiederholung und Warten<\/a><\/td><\/tr><tr><td><a href=\"http:\/\/www.code4comp.wp.hs-hannover.de\/2016\/01\/20\/laura-geht-zur-oma-seitenwechsel\/\">&#8211; Laura geht zu Oma (Seitenwechsel)<\/a><\/td><td><a href=\"http:\/\/www.code4comp.wp.hs-hannover.de\/2016\/01\/27\/kollision-und-interaktion\/\">&#8211; Kollision und Interaktion<\/a><\/td><td><a href=\"http:\/\/www.code4comp.wp.hs-hannover.de\/2016\/01\/27\/mein-tag-mit-scratchjr-uhrsimulation\/\">&#8211; Mein Tag mit Scratch<\/a><\/td><\/tr><tr><td><a href=\"http:\/\/www.code4comp.wp.hs-hannover.de\/2016\/01\/29\/wuerfelspiel\/\">&#8211; W\u00fcrfelspiel<\/a><\/td><td><a href=\"http:\/\/www.code4comp.wp.hs-hannover.de\/2016\/02\/10\/zauberer-zampano\/\">&#8211; Der gro\u00dfe Zauberer Zampano<\/a><\/td><td><a href=\"http:\/\/www.code4comp.wp.hs-hannover.de\/2016\/02\/17\/zaubern-continued\/\">&#8211; Zaubern &#8211; continued<\/a><\/td><\/tr><tr><td><a href=\"http:\/\/www.code4comp.wp.hs-hannover.de\/2016\/02\/03\/nachrichten\/\">&#8211; Nachrichten<\/a><\/td><td><a href=\"http:\/\/www.code4comp.wp.hs-hannover.de\/2016\/02\/24\/aquarium\/\">&#8211; Aquarium<\/a><\/td><td><a href=\"http:\/\/www.code4comp.wp.hs-hannover.de\/2016\/03\/16\/aquarium_fortsetzung2\/\">&#8211; Aquarium 2<\/a><\/td><\/tr><\/tbody><\/table>\n\n\n\n<table class=\"wp-block-table is-style-stripes\"><tbody><tr><td><a href=\"http:\/\/www.code4comp.wp.hs-hannover.de\/2016\/03\/16\/aquarium_fortsetzung2\/\">&#8211; Aquarium 3<\/a><\/td><td><a href=\"http:\/\/www.code4comp.wp.hs-hannover.de\/2016\/04\/06\/weltraum-labyrinth\/\">&#8211; Das Weltraum-Labyrinth<\/a><\/td><td><a href=\"http:\/\/www.code4comp.wp.hs-hannover.de\/2016\/04\/15\/weltraum-labyrinth-teil2\/\">&#8211; Das Weltraum-Labyrinth 2<\/a><\/td><\/tr><tr><td><a href=\"http:\/\/www.code4comp.wp.hs-hannover.de\/2016\/04\/20\/dalli-klick-und-suchbild\/\">&#8211; Dalli-Klick und Suchspiel<\/a><\/td><td><a href=\"http:\/\/www.code4comp.wp.hs-hannover.de\/2016\/04\/29\/eine-erste-klasse-zu-besuch\/\">&#8211; Eine erste Klasse zu Besuch<\/a><\/td><td><a href=\"http:\/\/www.code4comp.wp.hs-hannover.de\/2016\/05\/04\/gedaechtnis-spiel\/\">&#8211; Ged\u00e4chtnisspiel<\/a><\/td><\/tr><tr><td><a href=\"http:\/\/www.code4comp.wp.hs-hannover.de\/2016\/05\/20\/plakate\/\">&#8211; Ged\u00e4chtnisspiel 2<\/a><\/td><td><a href=\"http:\/\/www.code4comp.wp.hs-hannover.de\/2016\/05\/20\/plakate\/\">&#8211; Plakate<\/a><\/td><td><a href=\"http:\/\/www.code4comp.wp.hs-hannover.de\/2016\/05\/21\/schulfest\/\">&#8211; Schulfest<\/a><\/td><\/tr><tr><td><a href=\"http:\/\/www.code4comp.wp.hs-hannover.de\/2016\/05\/21\/workshop-informatik-fuer-kinder\/\">&#8211; 7. M\u00fcnsteraner Workshop 2016<\/a><\/td><td><a href=\"http:\/\/www.code4comp.wp.hs-hannover.de\/2016\/05\/26\/meine-familie\/\">&#8211; Meine Familie<\/a><\/td><td><a href=\"http:\/\/www.code4comp.wp.hs-hannover.de\/2016\/06\/01\/meine-familie-fortsetzung\/\">&#8211; Meine Familie 2<\/a><\/td><\/tr><tr><td><a href=\"http:\/\/www.code4comp.wp.hs-hannover.de\/2016\/06\/08\/meine-geschichte\/\">&#8211; Meine Geschichte<\/a><\/td><td><a href=\"http:\/\/www.code4comp.wp.hs-hannover.de\/2016\/06\/15\/meine-geschichte-fortsetzung\/\">&#8211; Meine Geschichte 2<\/a><\/td><td><a href=\"http:\/\/www.code4comp.wp.hs-hannover.de\/2016\/05\/31\/informatik-in-die-grundschule\/\">&#8211; Informatik i. d. G<\/a><\/td><\/tr><tr><td><a href=\"http:\/\/www.hs-hannover.de\/index.php?id=36699\">&#8211; Kooperationsbericht<\/a><\/td><td>&#8211; <a href=\"http:\/\/d-nb.info\/1097572560\/34\">Projektbericht (das Konzept)<\/a><\/td><td>&nbsp;<\/td><\/tr><\/tbody><\/table>\n","protected":false},"excerpt":{"rendered":"<p>ScratchJr ist eine Programmierumgebung, die es Kindern ab 5 Jahren erm\u00f6glicht, eigene Programme zu entwerfen und zu realisieren. Weiter Informationen finden Sie auf der Internetseite https:\/\/www.scratchjr.org. Von November 2015 bis zum Ende des laufenden Schuljahres 2015\/16 fand in Zusammenarbeit mit der Hochschule Hannover (Fakult\u00e4t IV) ein Pilotprojekt statt, das sich u. a. die Vermittlung von &#8230; <a title=\"Programmieren f\u00fcr Kinder\" class=\"read-more\" href=\"https:\/\/wordpress.nibis.de\/gsfes\/scratchjr\/\" aria-label=\"Mehr Informationen \u00fcber Programmieren f\u00fcr Kinder\">Weiterlesen<\/a><\/p>\n","protected":false},"author":9192938,"featured_media":3197,"parent":0,"menu_order":0,"comment_status":"closed","ping_status":"closed","template":"","meta":{"footnotes":""},"class_list":["post-73","page","type-page","status-publish","has-post-thumbnail"],"_links":{"self":[{"href":"https:\/\/wordpress.nibis.de\/gsfes\/wp-json\/wp\/v2\/pages\/73","targetHints":{"allow":["GET"]}}],"collection":[{"href":"https:\/\/wordpress.nibis.de\/gsfes\/wp-json\/wp\/v2\/pages"}],"about":[{"href":"https:\/\/wordpress.nibis.de\/gsfes\/wp-json\/wp\/v2\/types\/page"}],"author":[{"embeddable":true,"href":"https:\/\/wordpress.nibis.de\/gsfes\/wp-json\/wp\/v2\/users\/9192938"}],"replies":[{"embeddable":true,"href":"https:\/\/wordpress.nibis.de\/gsfes\/wp-json\/wp\/v2\/comments?post=73"}],"version-history":[{"count":12,"href":"https:\/\/wordpress.nibis.de\/gsfes\/wp-json\/wp\/v2\/pages\/73\/revisions"}],"predecessor-version":[{"id":3225,"href":"https:\/\/wordpress.nibis.de\/gsfes\/wp-json\/wp\/v2\/pages\/73\/revisions\/3225"}],"wp:featuredmedia":[{"embeddable":true,"href":"https:\/\/wordpress.nibis.de\/gsfes\/wp-json\/wp\/v2\/media\/3197"}],"wp:attachment":[{"href":"https:\/\/wordpress.nibis.de\/gsfes\/wp-json\/wp\/v2\/media?parent=73"}],"curies":[{"name":"wp","href":"https:\/\/api.w.org\/{rel}","templated":true}]}}