{"id":7749,"date":"2025-02-07T21:25:14","date_gmt":"2025-02-07T20:25:14","guid":{"rendered":"https:\/\/wordpress.nibis.de\/gsfes\/?page_id=7749"},"modified":"2025-12-21T17:21:38","modified_gmt":"2025-12-21T16:21:38","slug":"schulsozialarbeit-gesa-fofana","status":"publish","type":"page","link":"https:\/\/wordpress.nibis.de\/gsfes\/schulsozialarbeit-gesa-fofana\/","title":{"rendered":"Schulsozialarbeit &#8211; Gesa Fofana"},"content":{"rendered":"\n\n\n<div class=\"wp-block-columns is-layout-flex wp-container-core-columns-is-layout-abceabcf wp-block-columns-is-layout-flex\">\n<div class=\"wp-block-column is-layout-flow wp-block-column-is-layout-flow\"><div class=\"wp-block-image is-style-tw-frame\">\n<figure class=\"aligncenter size-full is-resized\"><img loading=\"lazy\" decoding=\"async\" width=\"600\" height=\"450\" src=\"https:\/\/wordpress.nibis.de\/gsfes\/files\/2025\/02\/Schuso-1.png\" alt=\"\" class=\"wp-image-7747\" style=\"width:343px;height:258px\" \/><figcaption class=\"wp-element-caption\">Gesa Fofana &#8211; Schulsozialarbeiterin an der FES<\/figcaption><\/figure>\n<\/div><\/div>\n\n\n\n<div class=\"wp-block-column is-layout-flow wp-block-column-is-layout-flow\">\n<p class=\"has-text-align-right has-background\" style=\"background-color:#fcfdcf\">Fachbereich Jugend und Familie &#8211; Kommunaler Sozialdienst<br>Gesa Fofana &#8211; Schulsozialarbeit<\/p>\n\n\n\n<p class=\"has-text-align-right has-background\" style=\"background-color:#fcfdcf\">Telefon: <strong>0511 &#8211; 168 313 24<\/strong><\/p>\n\n\n\n<p class=\"has-text-align-right has-background\" style=\"background-color:#fcfdcf\">E-Mail: <strong>gesa.fofana(at)hannover-stadt.de<\/strong><\/p>\n\n\n\n<p class=\"has-text-align-right has-background\" style=\"background-color:#fcfdcf\">Raum: E.005<\/p>\n<\/div>\n<\/div>\n\n\n\n<p class=\"has-global-color-9-background-color has-background\" style=\"font-size:1px\"><\/p>\n\n\n\n<p class=\"tw-mt-4\"><strong>Wenn du als Kind oder Jugendliche\/r \u2026<\/strong><\/p>\n\n\n\n<ul class=\"wp-block-list\">\n<li>Dir neue Angebote an deiner Schule w\u00fcnschst<\/li>\n\n\n\n<li>Ideen hast f\u00fcr die Gestaltung der Schule<\/li>\n\n\n\n<li>Stress mit deinen Lehrer<em>innen oder deinen Mitsch\u00fcler<\/em>innen hast<\/li>\n\n\n\n<li>mit dem Lernen nicht gut zurechtkommst<\/li>\n\n\n\n<li>dich zuhause nicht mehr verstanden f\u00fchlst<\/li>\n\n\n\n<li>Schwierigkeiten oder Probleme hast, die dich belasten<\/li>\n\n\n\n<li>dich einfach mal ausquatschen willst<\/li>\n\n\n\n<li>Fragen hast, die du sonst niemandem stellen kannst<\/li>\n<\/ul>\n\n\n\n<p><strong>\u2026 dann komm zur Schulsozialarbeit und sprich mich an!<\/strong><\/p>\n\n\n\n<p class=\"has-global-color-9-background-color has-background\" style=\"font-size:1px\"><\/p>\n\n\n\n<p class=\"tw-mt-4\"><strong>Wenn Sie als Eltern \u2026<\/strong><\/p>\n\n\n\n<ul class=\"wp-block-list\">\n<li>Ihr Kind im Schulalltag unterst\u00fctzen m\u00f6chten<\/li>\n\n\n\n<li>sich Sorgen um die Entwicklung ihres Kindes machen<\/li>\n\n\n\n<li>glauben ihr Kind kommt in der Schule nicht zurecht<\/li>\n\n\n\n<li>selbst belastet sind durch Probleme oder Trennungssituationen zuhause<\/li>\n\n\n\n<li>f\u00fcrchten, die Erziehung w\u00e4chst Ihnen \u00fcber den Kopf<\/li>\n\n\n\n<li>Informationen \u00fcber finanzielle Unterst\u00fctzungsm\u00f6glichkeiten ben\u00f6tigen, die Ihrem Kind im Rahmen von Bildung und Teilhabe zustehen<\/li>\n<\/ul>\n\n\n\n<p><strong>\u2026 dann sprechen Sie die Schulsozialarbeit an!<\/strong><\/p>\n\n\n\n<p class=\"has-global-color-9-background-color has-background\" style=\"font-size:1px\"><\/p>\n\n\n\n<p class=\"tw-mt-4\"><strong>Als Schulsozialarbeiter*in &#8230;<\/strong><\/p>\n\n\n\n<ul class=\"wp-block-list\">\n<li>biete ich pers\u00f6nliche und vertrauliche Beratung.<\/li>\n\n\n\n<li>suche ich gemeinsam mit Euch \/Ihnen nach Unterst\u00fctzungsm\u00f6glichkeiten und L\u00f6sungen.<\/li>\n\n\n\n<li>vermittele ich zu weiterf\u00fchrenden Stellen und Diensten.<\/li>\n<\/ul>\n\n\n\n<p class=\"has-global-color-9-background-color has-background\" style=\"font-size:1px\"><\/p>\n\n\n\n<p class=\"tw-mt-4\"><strong>Schulsozialarbeit<\/strong><\/p>\n\n\n\n<ul class=\"wp-block-list\">\n<li>arbeitet mit daran, den Schulalltag interessant und lebendig zu gestalten.<\/li>\n\n\n\n<li>unterst\u00fctzt Bildung im musischen, sportlichen, k\u00fcnstlerischen und freizeitp\u00e4dagogischen Bereich.<\/li>\n\n\n\n<li>f\u00f6rdert das individuelle und soziale Lernen und die Integration aller Kinder und Jugendlichen in der Schule.<\/li>\n<\/ul>\n\n\n\n<p class=\"has-global-color-9-background-color has-background\" style=\"font-size:1px\"><\/p>\n\n\n\n<p class=\"tw-mb-4 tw-mt-4\">Mein Raum ist im Erdgeschoss, Raum E.005, gleich nach dem Eingang links, neben der Treppe zum Schulhof links durch die Glast\u00fcr.<\/p>\n\n\n\n<p class=\"has-global-color-9-background-color has-background\" style=\"font-size:1px\"><\/p>\n\n\n\n<div class=\"wp-block-buttons tw-mt-4 is-layout-flex wp-block-buttons-is-layout-flex\">\n<div class=\"wp-block-button is-style-fill aligncenter\"><a class=\"wp-block-button__link has-base-2-color has-accent-background-color has-text-color has-background has-link-color wp-element-button\" href=\"https:\/\/wordpress.nibis.de\/gsfes\/files\/2023\/05\/Grundgerst-Internetpraesenz-mit-Foto.pdf\">Diese Infos als pdf-Datei herunterladen<\/a><\/div>\n<\/div>\n","protected":false},"excerpt":{"rendered":"<p>Fachbereich Jugend und Familie &#8211; Kommunaler SozialdienstGesa Fofana &#8211; Schulsozialarbeit Telefon: 0511 &#8211; 168 313 24 E-Mail: gesa.fofana(at)hannover-stadt.de Raum: E.005 Wenn du als Kind oder Jugendliche\/r \u2026 \u2026 dann komm zur Schulsozialarbeit und sprich mich an! Wenn Sie als Eltern \u2026 \u2026 dann sprechen Sie die Schulsozialarbeit an! Als Schulsozialarbeiter*in &#8230; Schulsozialarbeit Mein Raum ist &#8230; <a title=\"Schulsozialarbeit &#8211; Gesa Fofana\" class=\"read-more\" href=\"https:\/\/wordpress.nibis.de\/gsfes\/schulsozialarbeit-gesa-fofana\/\" aria-label=\"Mehr Informationen \u00fcber Schulsozialarbeit &#8211; Gesa Fofana\">Weiterlesen<\/a><\/p>\n","protected":false},"author":9192938,"featured_media":6842,"parent":0,"menu_order":0,"comment_status":"closed","ping_status":"closed","template":"","meta":{"footnotes":""},"class_list":["post-7749","page","type-page","status-publish","has-post-thumbnail"],"_links":{"self":[{"href":"https:\/\/wordpress.nibis.de\/gsfes\/wp-json\/wp\/v2\/pages\/7749","targetHints":{"allow":["GET"]}}],"collection":[{"href":"https:\/\/wordpress.nibis.de\/gsfes\/wp-json\/wp\/v2\/pages"}],"about":[{"href":"https:\/\/wordpress.nibis.de\/gsfes\/wp-json\/wp\/v2\/types\/page"}],"author":[{"embeddable":true,"href":"https:\/\/wordpress.nibis.de\/gsfes\/wp-json\/wp\/v2\/users\/9192938"}],"replies":[{"embeddable":true,"href":"https:\/\/wordpress.nibis.de\/gsfes\/wp-json\/wp\/v2\/comments?post=7749"}],"version-history":[{"count":10,"href":"https:\/\/wordpress.nibis.de\/gsfes\/wp-json\/wp\/v2\/pages\/7749\/revisions"}],"predecessor-version":[{"id":8184,"href":"https:\/\/wordpress.nibis.de\/gsfes\/wp-json\/wp\/v2\/pages\/7749\/revisions\/8184"}],"wp:featuredmedia":[{"embeddable":true,"href":"https:\/\/wordpress.nibis.de\/gsfes\/wp-json\/wp\/v2\/media\/6842"}],"wp:attachment":[{"href":"https:\/\/wordpress.nibis.de\/gsfes\/wp-json\/wp\/v2\/media?parent=7749"}],"curies":[{"name":"wp","href":"https:\/\/api.w.org\/{rel}","templated":true}]}}