{"id":7773,"date":"2025-02-07T22:27:33","date_gmt":"2025-02-07T21:27:33","guid":{"rendered":"https:\/\/wordpress.nibis.de\/gsfes\/?page_id=7773"},"modified":"2025-02-07T22:39:09","modified_gmt":"2025-02-07T21:39:09","slug":"schulsozialarbeit-an-der-fes","status":"publish","type":"page","link":"https:\/\/wordpress.nibis.de\/gsfes\/schulsozialarbeit-an-der-fes\/","title":{"rendered":"Schulsozialarbeit an der FES"},"content":{"rendered":"\n\n\n<p>Liebe Eltern, liebe Kinder,<\/p>\n\n\n\n<p>die Schulsozialarbeit setzt sich f\u00fcr ein friedliches und lebendiges Miteinander an der Schule ein. Sie wendet sich an alle Kinder, Eltern und Lehrkr\u00e4fte und ber\u00e4t bei Fragen oder Sorgen in schulischen oder pers\u00f6nlichen Angelegenheiten. Die Angebote der Schulsozialarbeit sind pr\u00e4ventiv ausgerichtet. Die Gespr\u00e4che haben einen vertraulichen Rahmen und laufen auf freiwilliger Basis.<\/p>\n\n\n\n<p class=\"tw-mt-4 has-global-color-9-background-color has-background\" style=\"font-size:1px\"><\/p>\n\n\n\n<div style=\"--shape: url(#tw-shape-star-3);\" class=\"wp-block-image tw-mb-4 tw-mt-4 is-style-default\"><figure class=\"aligncenter size-large is-resized\"><img loading=\"lazy\" decoding=\"async\" src=\"https:\/\/wordpress.nibis.de\/gsfes\/files\/2022\/09\/Weltkindertag-1200x675.jpg\" alt=\"\" class=\"wp-image-6134\" width=\"600\" height=\"338\" \/><figcaption>Hier k\u00f6nnen Sie und k\u00f6nnt ihr direkt Kontakt zu unserer Schulp\u00e4dagogin und unserem Schulsozialp\u00e4dagogen herstellen.<\/figcaption><\/figure><\/div>\n\n\n\n<p class=\"has-global-color-9-background-color has-background\" style=\"font-size:1px\"><\/p>\n\n\n\n<div class=\"wp-block-columns is-layout-flex wp-container-core-columns-is-layout-abceabcf wp-block-columns-is-layout-flex\">\n<div class=\"wp-block-column is-layout-flow wp-block-column-is-layout-flow\">\n<figure class=\"wp-block-image size-full is-style-tw-frame\"><a href=\"https:\/\/wordpress.nibis.de\/gsfes\/schulsozialarbeit-gesa-fofana\/\"><img loading=\"lazy\" decoding=\"async\" width=\"600\" height=\"450\" src=\"https:\/\/wordpress.nibis.de\/gsfes\/files\/2025\/02\/Schuso-1.png\" alt=\"\" class=\"wp-image-7747\" \/><\/a><figcaption><a href=\"https:\/\/wordpress.nibis.de\/gsfes\/schulsozialarbeit-gesa-fofana\/\" target=\"_blank\" rel=\"noreferrer noopener\"><strong>Gesa Fofana<\/strong><\/a><\/figcaption><\/figure>\n<\/div>\n\n\n\n<div class=\"wp-block-column is-layout-flow wp-block-column-is-layout-flow\">\n<figure class=\"wp-block-image size-full is-style-tw-frame\"><a href=\"https:\/\/wordpress.nibis.de\/gsfes\/schulsozialarbeit-jan-meuel\/\"><img loading=\"lazy\" decoding=\"async\" width=\"600\" height=\"450\" src=\"https:\/\/wordpress.nibis.de\/gsfes\/files\/2025\/02\/Schuso-2.png\" alt=\"\" class=\"wp-image-7748\" \/><\/a><figcaption><strong><a href=\"https:\/\/wordpress.nibis.de\/gsfes\/schulsozialarbeit-jan-meuel\/\" target=\"_blank\" rel=\"noreferrer noopener\">Jan Meuel<\/a><\/strong><\/figcaption><\/figure>\n<\/div>\n<\/div>\n\n\n\n<p class=\"has-global-color-9-background-color has-background\" style=\"font-size:1px\"><\/p>\n","protected":false},"excerpt":{"rendered":"<p>Liebe Eltern, liebe Kinder, die Schulsozialarbeit setzt sich f\u00fcr ein friedliches und lebendiges Miteinander an der Schule ein. Sie wendet sich an alle Kinder, Eltern und Lehrkr\u00e4fte und ber\u00e4t bei Fragen oder Sorgen in schulischen oder pers\u00f6nlichen Angelegenheiten. Die Angebote der Schulsozialarbeit sind pr\u00e4ventiv ausgerichtet. Die Gespr\u00e4che haben einen vertraulichen Rahmen und laufen auf freiwilliger &#8230; <a title=\"Schulsozialarbeit an der FES\" class=\"read-more\" href=\"https:\/\/wordpress.nibis.de\/gsfes\/schulsozialarbeit-an-der-fes\/\" aria-label=\"Mehr Informationen \u00fcber Schulsozialarbeit an der FES\">Weiterlesen<\/a><\/p>\n","protected":false},"author":9192938,"featured_media":0,"parent":0,"menu_order":0,"comment_status":"closed","ping_status":"closed","template":"","meta":{"footnotes":""},"class_list":["post-7773","page","type-page","status-publish"],"_links":{"self":[{"href":"https:\/\/wordpress.nibis.de\/gsfes\/wp-json\/wp\/v2\/pages\/7773","targetHints":{"allow":["GET"]}}],"collection":[{"href":"https:\/\/wordpress.nibis.de\/gsfes\/wp-json\/wp\/v2\/pages"}],"about":[{"href":"https:\/\/wordpress.nibis.de\/gsfes\/wp-json\/wp\/v2\/types\/page"}],"author":[{"embeddable":true,"href":"https:\/\/wordpress.nibis.de\/gsfes\/wp-json\/wp\/v2\/users\/9192938"}],"replies":[{"embeddable":true,"href":"https:\/\/wordpress.nibis.de\/gsfes\/wp-json\/wp\/v2\/comments?post=7773"}],"version-history":[{"count":6,"href":"https:\/\/wordpress.nibis.de\/gsfes\/wp-json\/wp\/v2\/pages\/7773\/revisions"}],"predecessor-version":[{"id":7781,"href":"https:\/\/wordpress.nibis.de\/gsfes\/wp-json\/wp\/v2\/pages\/7773\/revisions\/7781"}],"wp:attachment":[{"href":"https:\/\/wordpress.nibis.de\/gsfes\/wp-json\/wp\/v2\/media?parent=7773"}],"curies":[{"name":"wp","href":"https:\/\/api.w.org\/{rel}","templated":true}]}}