{"id":894,"date":"2019-03-20T10:24:43","date_gmt":"2019-03-20T09:24:43","guid":{"rendered":"https:\/\/wordpress.nibis.de\/gsfes\/?page_id=894"},"modified":"2026-02-17T16:01:34","modified_gmt":"2026-02-17T15:01:34","slug":"impressum","status":"publish","type":"page","link":"https:\/\/wordpress.nibis.de\/gsfes\/impressum\/","title":{"rendered":"Impressum"},"content":{"rendered":"\n<figure class=\"wp-block-table is-style-stripes\"><table><tbody><tr><td><strong>Anschrift:<\/strong>  <\/td><\/tr><tr><td>GS Friedrich-Ebert-Schule<br>Salzweg 33<br>30455 Hannover<br>Telefon (0511) 168 &#8211; 4 40 44 <br>Telefax (0511) 168 &#8211; 4 09 69<br>Email: gsfriedrichebert(at)hannover-stadt.de <\/td><\/tr><tr><td><\/td><\/tr><tr><td>Die Friedrich-Ebert-Schule ist eine juristische Person des \u00f6ffentlichen Rechts. Sie wird durch die Rektorin vertreten. <\/td><\/tr><\/tbody><\/table><\/figure>\n\n\n\n<figure class=\"wp-block-table is-style-stripes\"><table><tbody><tr><td><strong>Zust\u00e4ndige Aufsichtsbeh\u00f6rde: <\/strong><br><\/td><\/tr><tr><td>Regionales Landesamt f\u00fcr Schule und Bildung<br>Mail\u00e4nder Stra\u00dfe 2<br>30539 Hannover <br><\/td><\/tr><tr><td><strong>Schultr\u00e4ger:  <\/strong><\/td><\/tr><tr><td>Landeshauptstadt Hannover<br>&#8211; Rathaus &#8211; <br>Platz der Menschenrechte 1<br>30159 Hannover<\/td><\/tr><\/tbody><\/table><\/figure>\n\n\n\n<figure class=\"wp-block-table is-style-stripes\"><table><tbody><tr><td><strong>Schulleitung:<\/strong>  <\/td><\/tr><tr><td>Frau Wiebke Binderzsewsky, Rektorin<br>Frau Anne Dobers, komm. Konrektorin<br>Grundschule Friedrich-Ebert Hannover <br>Salzweg 33 <br>30455 Hannover<br>Tel.: 0511 &#8211; 168 &#8211; 440 44<br>Fax: 0511 &#8211; 168 &#8211; 40969<\/td><\/tr><tr><td><\/td><\/tr><\/tbody><\/table><\/figure>\n\n\n\n<hr class=\"wp-block-separator has-css-opacity\" \/>\n\n\n\n<p class=\"has-medium-font-size\"><strong>Haftungsausschluss <\/strong><\/p>\n\n\n\n<p class=\"has-medium-font-size\"><strong>1. Inhalt des Onlineangebotes<\/strong><\/p>\n\n\n\n<p class=\"has-medium-font-size\">Der\n Verantwortliche f\u00fcr diese Seiten \u00fcbernimmt keinerlei Gew\u00e4hr f\u00fcr die \nAktualit\u00e4t, Korrektheit, Vollst\u00e4ndigkeit oder Qualit\u00e4t der \nbereitgestellten Informationen. Haftungsanspr\u00fcche gegen den Autor, \nwelche sich auf Sch\u00e4den materieller oder ideeller Art beziehen, die \ndurch die Nutzung oder Nichtnutzung der dargebotenen Informationen bzw. \ndurch die Nutzung fehlerhafter und unvollst\u00e4ndiger Informationen \nverursacht wurden, sind grunds\u00e4tzlich ausgeschlossen, sofern seitens des\n Autors kein nachweislich vors\u00e4tzliches oder grob fahrl\u00e4ssiges \nVerschulden vorliegt. Alle Angebote sind freibleibend und unverbindlich.\n Der Autor beh\u00e4lt es sich ausdr\u00fccklich vor, Teile der Seiten oder das \ngesamte Angebot ohne gesonderte Ank\u00fcndigung zu ver\u00e4ndern, zu erg\u00e4nzen, \nzu l\u00f6schen oder die Ver\u00f6ffentlichung zeitweise oder endg\u00fcltig \neinzustellen. <\/p>\n\n\n\n<p class=\"has-medium-font-size\"><strong>2. Verweise und Links <\/strong><\/p>\n\n\n\n<p class=\"has-medium-font-size\">Bei\n direkten oder indirekten Verweisen auf fremde Webseiten (&#8222;Hyperlinks&#8220;),\n die au\u00dferhalb des Verantwortungsbereiches des Autors liegen, w\u00fcrde eine\n Haftungsverpflichtung ausschlie\u00dflich in dem Fall in Kraft treten, in \ndem der Autor von den Inhalten Kenntnis hat und es ihm technisch m\u00f6glich\n und zumutbar w\u00e4re, die Nutzung im Falle rechtswidriger Inhalte zu \nverhindern. <\/p>\n\n\n\n<p class=\"has-medium-font-size\">Der \nAutor erkl\u00e4rt hiermit ausdr\u00fccklich, dass zum Zeitpunkt der Linksetzung \nkeine illegalen Inhalte auf den zu verlinkenden Seiten erkennbar waren. \nAuf die aktuelle und zuk\u00fcnftige Gestaltung, die Inhalte oder die \nUrheberschaft der gelinkten\/verkn\u00fcpften Seiten hat der Autor keinerlei \nEinfluss. Deshalb distanziert er sich hiermit ausdr\u00fccklich von allen \nInhalten aller gelinkten \/verkn\u00fcpften Seiten, die nach der Linksetzung \nver\u00e4ndert wurden. Diese Feststellung gilt f\u00fcr alle innerhalb des eigenen\n Internetangebotes gesetzten Links und Verweise sowie f\u00fcr Fremdeintr\u00e4ge \nin vom Autor eingerichteten G\u00e4steb\u00fcchern, Diskussionsforen, \nLinkverzeichnissen, Mailinglisten und in allen anderen Formen von \nDatenbanken, auf deren Inhalt externe Schreibzugriffe m\u00f6glich sind. F\u00fcr \nillegale, fehlerhafte oder unvollst\u00e4ndige Inhalte und insbesondere f\u00fcr \nSch\u00e4den, die aus der Nutzung oder Nichtnutzung solcherart dargebotener \nInformationen entstehen, haftet allein der Anbieter der Seite, auf \nwelche verwiesen wurde, nicht derjenige, der \u00fcber Links auf die \njeweilige Ver\u00f6ffentlichung lediglich verweist.<\/p>\n\n\n\n<p class=\"has-medium-font-size\"><strong>3. Urheber- und Kennzeichenrecht<\/strong><\/p>\n\n\n\n<p class=\"has-medium-font-size\">Der\n Autor ist bestrebt, in allen Publikationen die Urheberrechte der \nverwendeten Grafiken, Tondokumente, Videosequenzen und Texte zu \nbeachten, von ihm selbst erstellte Grafiken, Tondokumente, \nVideosequenzen und Texte zu nutzen oder auf lizenzfreie Grafiken, \nTondokumente, Videosequenzen und Texte zur\u00fcckzugreifen. <\/p>\n\n\n\n<p class=\"has-medium-font-size\">Alle\n innerhalb des Internetangebotes genannten und ggf. durch Dritte \ngesch\u00fctzten Marken- und Warenzeichen unterliegen uneingeschr\u00e4nkt den \nBestimmungen des jeweils g\u00fcltigen Kennzeichenrechts und den \nBesitzrechten der jeweiligen eingetragenen Eigent\u00fcmer. Allein aufgrund \nder blo\u00dfen Nennung ist nicht der Schluss zu ziehen, dass Markenzeichen \nnicht durch Rechte Dritter gesch\u00fctzt sind! <\/p>\n\n\n\n<p class=\"has-medium-font-size\">Das\n Copyright f\u00fcr ver\u00f6ffentlichte, vom Autor selbst erstellte Objekte \nbleibt allein beim Autor der Seiten. Eine Vervielf\u00e4ltigung oder \nVerwendung solcher Grafiken, Tondokumente, Videosequenzen und Texte in \nanderen elektronischen oder gedruckten Publikationen ist ohne \nausdr\u00fcckliche Zustimmung des Autors nicht gestattet. <\/p>\n\n\n\n<p class=\"has-medium-font-size\"><strong>4. Datenschutz <\/strong><\/p>\n\n\n\n<p class=\"has-medium-font-size\">Sofern  innerhalb des Internetangebotes die M\u00f6glichkeit zur Eingabe  pers\u00f6nlicher oder gesch\u00e4ftlicher Daten (Emailadressen, Namen,  Anschriften) besteht, so erfolgt die Preisgabe dieser Daten seitens des  Nutzers auf ausdr\u00fccklich freiwilliger Basis. Die Inanspruchnahme und  Bezahlung aller angebotenen Dienste ist &#8211; soweit technisch m\u00f6glich und  zumutbar &#8211; auch ohne Angabe solcher Daten bzw. unter Angabe  anonymisierter Daten oder eines Pseudonyms gestattet. Die Nutzung der im  Rahmen des Impressums oder vergleichbarer Angaben ver\u00f6ffentlichten  Kontaktdaten wie Postanschriften, Telefon- und Faxnummern sowie  Emailadressen durch Dritte zur \u00dcbersendung von nicht ausdr\u00fccklich  angeforderten Informationen ist nicht gestattet. Rechtliche Schritte  gegen die Versender von sogenannten Spam-Mails bei Verst\u00f6\u00dfen gegen  dieses Verbot sind ausdr\u00fccklich vorbehalten.<\/p>\n\n\n\n<p class=\"has-medium-font-size\"><strong>5. Rechtswirksamkeit dieses Haftungsausschlusses <\/strong><\/p>\n\n\n\n<p class=\"has-medium-font-size\">Dieser\n Haftungsausschluss ist als Teil des Internetangebotes zu betrachten, \nvon dem aus auf diese Seite verwiesen wurde. Sofern Teile oder einzelne \nFormulierungen dieses Textes der geltenden Rechtslage nicht, nicht mehr \noder nicht vollst\u00e4ndig entsprechen sollten, bleiben die \u00fcbrigen Teile \ndes Dokumentes in ihrem Inhalt und ihrer G\u00fcltigkeit davon unber\u00fchrt.<\/p>\n","protected":false},"excerpt":{"rendered":"<p>Anschrift: GS Friedrich-Ebert-SchuleSalzweg 3330455 HannoverTelefon (0511) 168 &#8211; 4 40 44 Telefax (0511) 168 &#8211; 4 09 69Email: gsfriedrichebert(at)hannover-stadt.de Die Friedrich-Ebert-Schule ist eine juristische Person des \u00f6ffentlichen Rechts. Sie wird durch die Rektorin vertreten. Zust\u00e4ndige Aufsichtsbeh\u00f6rde: Regionales Landesamt f\u00fcr Schule und BildungMail\u00e4nder Stra\u00dfe 230539 Hannover Schultr\u00e4ger: Landeshauptstadt Hannover&#8211; Rathaus &#8211; Platz der Menschenrechte 130159 Hannover &#8230; <a title=\"Impressum\" class=\"read-more\" href=\"https:\/\/wordpress.nibis.de\/gsfes\/impressum\/\" aria-label=\"Mehr Informationen \u00fcber Impressum\">Weiterlesen<\/a><\/p>\n","protected":false},"author":9192938,"featured_media":0,"parent":0,"menu_order":0,"comment_status":"closed","ping_status":"closed","template":"","meta":{"footnotes":""},"class_list":["post-894","page","type-page","status-publish"],"_links":{"self":[{"href":"https:\/\/wordpress.nibis.de\/gsfes\/wp-json\/wp\/v2\/pages\/894","targetHints":{"allow":["GET"]}}],"collection":[{"href":"https:\/\/wordpress.nibis.de\/gsfes\/wp-json\/wp\/v2\/pages"}],"about":[{"href":"https:\/\/wordpress.nibis.de\/gsfes\/wp-json\/wp\/v2\/types\/page"}],"author":[{"embeddable":true,"href":"https:\/\/wordpress.nibis.de\/gsfes\/wp-json\/wp\/v2\/users\/9192938"}],"replies":[{"embeddable":true,"href":"https:\/\/wordpress.nibis.de\/gsfes\/wp-json\/wp\/v2\/comments?post=894"}],"version-history":[{"count":14,"href":"https:\/\/wordpress.nibis.de\/gsfes\/wp-json\/wp\/v2\/pages\/894\/revisions"}],"predecessor-version":[{"id":8441,"href":"https:\/\/wordpress.nibis.de\/gsfes\/wp-json\/wp\/v2\/pages\/894\/revisions\/8441"}],"wp:attachment":[{"href":"https:\/\/wordpress.nibis.de\/gsfes\/wp-json\/wp\/v2\/media?parent=894"}],"curies":[{"name":"wp","href":"https:\/\/api.w.org\/{rel}","templated":true}]}}