{"id":942,"date":"2019-03-20T15:05:40","date_gmt":"2019-03-20T14:05:40","guid":{"rendered":"https:\/\/wordpress.nibis.de\/gsfes\/?page_id=942"},"modified":"2025-01-12T00:21:20","modified_gmt":"2025-01-11T23:21:20","slug":"dsgv","status":"publish","type":"page","link":"https:\/\/wordpress.nibis.de\/gsfes\/dsgv\/","title":{"rendered":"Datenschutzgrundverordnung (EU-DSGVO)"},"content":{"rendered":"\n<p class=\"has-medium-font-size\"><strong>Datenschutzerkl\u00e4rung<\/strong><\/p>\n\n\n\n<p><\/p>\n\n\n\n<p class=\"has-medium-font-size\"><strong>I. Name und Anschrift des Verantwortlichen<br>GS Friedrich Ebert Hannover<\/strong><br>Salzweg 33<br>30 455 Hannover<br>Telefon: 0511 &#8211; 168 498 25<br>Fax: 0511 &#8211; 168 406 96<br>E-Mail:gsfriedrichebert(at)hannover-stadt.de   <br><strong>Vertretungsberechtigt<\/strong><br>Frau Wiebke Binderszewsky (komm. Schulleiterin)<\/p>\n\n\n\n<p class=\"has-medium-font-size\"><strong>II. Kontaktdaten der oder des beh\u00f6rdlichen Datenschutzbeauftragten<br><\/strong>Frau Anne Dobers<br>E-Mail: &#100;&#x61;&#116;&#x65;&#110;&#x73;&#99;&#x68;&#117;&#x74;&#122;&#x2e;&#102;&#x65;&#115;&#x40;&#102;&#x65;&#115;&#x2d;&#98;&#x61;&#100;&#x65;&#110;&#x73;&#116;&#x65;&#100;&#x74;&#46;&#x64;&#101;<\/p>\n\n\n\n<p class=\"has-medium-font-size\"><strong>III. Name und Anschrift unseres Host-Providers<br>\n<\/strong>Nieders\u00e4chsisches Landesinstitut f\u00fcr schulische Qualit\u00e4tsentwicklung (NLQ)<br>\nvertreten durch die Pr\u00e4sidentin Frau Dr. Elke Richlick<br>\nKe\u00dflerstra\u00dfe 52<br>\n31134 Hildesheim<\/p>\n\n\n\n<p class=\"has-medium-font-size\"><strong>IV. Bereitstellung der Website und Erstellung von Logfiles<br>\n<\/strong>Bei jedem Aufruf unserer Internetseite erfasst unser System \nautomatisiert Daten und Informationen vom Computersystem des aufrufenden\n Rechners. Folgende Daten werden hierbei erhoben:<\/p>\n\n\n\n<p class=\"has-medium-font-size\"> (1) Datum und Uhrzeit des Zugriffes<br> (2) Vom System protokollierte Fehler beim Aufruf unserer  Seiten<br> (3) Die IP-Adresse des Nutzers<br> (4) Die Betriebssystemversion des Nutzers<br> (5) Der Browsertyp des Nutzers<br> (6) Die vom Nutzer aufgerufene Seite<br> (7) Die Weiterleitung auf eine externe Seite<\/p>\n\n\n\n<p class=\"has-medium-font-size\">Die Daten werden in den Logfiles gespeichert. Eine Speicherung dieser\n Daten zusammen mit anderen personenbezogenen Daten des Nutzers findet \nnicht statt. Zweck der Datenspeicherung ist technische Optimierung \nunserer Internetseite. Rechtsgrundlage f\u00fcr die vor\u00fcbergehende \nSpeicherung der Daten ist Art. 6 Abs.1 lit.f DSGVO.<\/p>\n\n\n\n<p class=\"has-medium-font-size\">Die Daten werden f\u00fcr 52 Wochen gespeichert, sie werden lediglich statistisch ausgewertet. Danach werden sie gel\u00f6scht.<\/p>\n\n\n\n<p class=\"has-medium-font-size\"><strong>V. Verwendung von Cookies<br>\n<\/strong>Beim Anmelden in WordPress werden Cookies eingerichtet, um die \nAnmeldeinformationen und Anzeigeoptionen zu speichern. Anmelde-Cookies \nverfallen nach zwei Tagen und Cookies f\u00fcr die Anzeigeoptionen nach einem\n Jahr. Falls Sie bei der Anmeldung \u201eAngemeldet bleiben\u201c ausgew\u00e4hlt \nhaben, wird Ihre Anmeldung zwei Wochen lang aufrechterhalten. Mit der \nAbmeldung aus Ihrem Konto werden die Anmelde-Cookies gel\u00f6scht.<\/p>\n\n\n\n<p class=\"has-medium-font-size\"><strong>VI. Speicherung personenbezogener Daten bei Kontaktaufnahme<br>\n<\/strong>Sofern Sie per E-Mail den Kontakt mit uns aufnehmen, werden die\n von Ihnen \u00fcbermittelten personenbezogenen Daten automatisch \ngespeichert. Diese Daten werden f\u00fcr Zwecke der Bearbeitung Ihres \nAnliegens und der Kontaktaufnahme mit Ihnen gespeichert.<\/p>\n\n\n\n<p class=\"has-medium-font-size\">Wenn Sie Gebrauch von unserem Kontaktformular machen, werden die \nfolgenden personenbezogenen Daten von Ihnen gespeichert: Ihr Name, Ihre \nAnschrift, Ihre E-Mail-Adresse.<\/p>\n\n\n\n<p class=\"has-medium-font-size\">Die L\u00f6schung der Daten erfolgt, sobald deren Speicherung f\u00fcr die Bearbeitung Ihres Anliegens nicht mehr erforderlich ist.<\/p>\n\n\n\n<p class=\"has-medium-font-size\"><strong>VII. Kontaktformulare<br><\/strong>Wenn Sie einen Kommentar auf unserer Website schreiben, kann das eine Einwilligung sein, Ihren Namen, E-Mailadresse und Website in  Cookies zu speichern. Dies ist eine Komfortfunktion, damit Sie nicht,  wenn Sie einen weiteren Kommentar schreiben, all diese Daten erneut  eingeben m\u00fcssen. Diese Cookies werden ein Jahr lang gespeichert.<\/p>\n\n\n\n<p class=\"has-medium-font-size\"><strong>VIII. Medien<br>\n<\/strong>Wenn Sie ein registrierter Benutzer sind und Fotos auf diese \nWebsite laden, sollten Sie vermeiden Fotos mit einer EXIF-GPS-Standort \nhochzuladen. Besucher dieser Website k\u00f6nnten Fotos, die auf dieser \nWebsite gespeichert sind, herunterladen und deren Standort-Informationen\n extrahieren.<\/p>\n\n\n\n<p class=\"has-medium-font-size\"><strong>IX. Eingebettete Inhalte von anderen Websites<br>\n<\/strong>Beitr\u00e4ge auf dieser Website k\u00f6nnen eingebettete Inhalte \nbeinhalten (z. B. Videos, Bilder, Beitr\u00e4ge etc.). Eingebettete Inhalte \nvon anderen Websites verhalten sich exakt so, als ob der Besucher die \nandere Website besucht h\u00e4tte.<br>\nDiese Websites k\u00f6nnen Daten \u00fcber Sie sammeln, Cookies benutzen, \nzus\u00e4tzliche Tracking-Dienste von Dritten einbetten und Ihre Interaktion \nmit diesem eingebetteten Inhalt aufzeichnen, inklusive Ihrer Interaktion\n mit dem eingebetteten Inhalt, falls Sie ein Konto haben und auf dieser \nWebsite angemeldet sind.\u201c<\/p>\n\n\n\n<p class=\"has-medium-font-size\"><strong>X. Betroffenenrechte<br>\n<\/strong>Sie k\u00f6nnen folgende Rechte geltend machen:<\/p>\n\n\n\n<p class=\"has-medium-font-size\"><em>\u2022 <\/em>Auskunft \/ Akteneinsicht<br> Gem. Art. 15 DSGVO haben Sie das Recht, Auskunft bzw. Akteneinsicht \u00fcber  die von uns verarbeiteten personenbezogenen Daten zu erhalten.<\/p>\n\n\n\n<p class=\"has-medium-font-size\">\u2022 Berichtigung<br> Sind bei uns gespeicherte personenbezogene Daten unrichtig oder  unvollst\u00e4ndig, haben Sie gem. Art. 16 DSGVO das Recht, diese berichtigen  bzw. vervollst\u00e4ndigen zu lassen.<\/p>\n\n\n\n<p class=\"has-medium-font-size\">\u2022 L\u00f6schung<br> Art. 17 DSGVO normiert das Recht auf L\u00f6schung personenbezogener Daten.  Dieses Recht steht Ihnen insbesondere dann zu, wenn die Speicherung der  personenbezogenen Daten zur Erf\u00fcllung unserer gesetzlichen Aufgaben  nicht mehr erforderlich ist oder Sie Ihre Einwilligung zur  Datenverarbeitung mit Wirkung f\u00fcr die Zukunft widerrufen haben.<\/p>\n\n\n\n<p class=\"has-medium-font-size\">\u2022 Einschr\u00e4nkung der Verarbeitung<br> Gem. Art. 18 DSGVO k\u00f6nnen Sie die Einschr\u00e4nkung der personenbezogenen Daten verlangen, wenn<br> \u2013 die Richtigkeit der Daten von Ihnen bestritten wird<br> \u2013 die Verarbeitung unrechtm\u00e4\u00dfig ist, Sie aber deren L\u00f6schung ablehnen<br> \u2013 wir die Daten nicht mehr ben\u00f6tigen, Sie jedoch diese zur  Geltendmachung, Aus\u00fcbung oder Verteidigung von Rechtsanspr\u00fcchen  ben\u00f6tigen<br> \u2013 oder Sie gem\u00e4\u00df Art. 21 DSGVO Widerspruch gegen die Verarbeitung eingelegt haben<\/p>\n\n\n\n<p class=\"has-medium-font-size\">\u2022 Widerspruch<br> Sie k\u00f6nnen bei Gr\u00fcnden, die sich aus Ihrer besonderen Situation ergeben,  ein Widerspruchsrecht geltend machen. Gem. Art. 21 DSGVO ist jedoch zu  ber\u00fccksichtigten, ob schutzw\u00fcrdige Gr\u00fcnde f\u00fcr die Verarbeitung vorliegen  oder die Verarbeitung der Geltendmachung, Aus\u00fcbung oder Verteidigung  von Rechtsanspr\u00fcchen dient.<\/p>\n\n\n\n<p class=\"has-medium-font-size\"><em>\u2022 <\/em>Daten\u00fcbertragbarkeit<br> Ist die Verarbeitung Ihrer Daten mit Hilfe eines automatisierten  Verfahrens erfolgt, haben Sie gem. Art. 20 DSGVO das Recht, die Daten in  einem g\u00e4ngigen und maschinenlesbaren Format zu erhalten und an eine  andere Schule zu \u00fcbermitteln bzw. durch uns \u00fcbermitteln zu lassen.<\/p>\n\n\n\n<p class=\"has-medium-font-size\">\u2022 Widerruf der Einwilligung<br> Sie haben gem. Art. 7 Absatz 3 DSGVO das Recht, uns erteilte Einwilligungen jederzeit mit Wirkung f\u00fcr die Zukunft zu widerrufen.<\/p>\n\n\n\n<p class=\"has-medium-font-size\"><em>\u2022 <\/em>Beschwerde<br> Art. 77 DSGVO normiert ein Beschwerderecht bei der Aufsichtsbeh\u00f6rde. Die  f\u00fcr uns zust\u00e4ndige Aufsichtsbeh\u00f6rde ist die Landesbeauftragte f\u00fcr den  Datenschutz Niedersachsen, Prinzenstra\u00dfe 5, 30159 Hannover. E-Mail:  &#112;&#x6f;&#115;&#x74;s&#x74;e&#108;&#x6c;&#101;&#x40;l&#x66;d&#46;&#x6e;&#105;&#x65;d&#x65;r&#115;&#x61;&#99;&#x68;s&#x65;n&#46;&#x64;&#101;<\/p>\n","protected":false},"excerpt":{"rendered":"<p>Datenschutzerkl\u00e4rung I. Name und Anschrift des VerantwortlichenGS Friedrich Ebert HannoverSalzweg 3330 455 HannoverTelefon: 0511 &#8211; 168 498 25Fax: 0511 &#8211; 168 406 96E-Mail:gsfriedrichebert(at)hannover-stadt.de VertretungsberechtigtFrau Wiebke Binderszewsky (komm. Schulleiterin) II. Kontaktdaten der oder des beh\u00f6rdlichen DatenschutzbeauftragtenFrau Anne DobersE-Mail: &#x64;a&#x74;e&#x6e;&#115;&#x63;&#104;u&#x74;z&#x2e;&#102;&#x65;&#115;&#x40;&#102;e&#x73;-&#x62;&#97;&#x64;&#101;&#x6e;&#x73;t&#x65;d&#x74;&#46;&#x64;&#101; III. Name und Anschrift unseres Host-Providers Nieders\u00e4chsisches Landesinstitut f\u00fcr schulische Qualit\u00e4tsentwicklung (NLQ) vertreten durch die Pr\u00e4sidentin Frau &#8230; <a title=\"Datenschutzgrundverordnung (EU-DSGVO)\" class=\"read-more\" href=\"https:\/\/wordpress.nibis.de\/gsfes\/dsgv\/\" aria-label=\"Mehr Informationen \u00fcber Datenschutzgrundverordnung (EU-DSGVO)\">Weiterlesen<\/a><\/p>\n","protected":false},"author":9192938,"featured_media":0,"parent":0,"menu_order":0,"comment_status":"closed","ping_status":"closed","template":"","meta":{"footnotes":""},"class_list":["post-942","page","type-page","status-publish"],"_links":{"self":[{"href":"https:\/\/wordpress.nibis.de\/gsfes\/wp-json\/wp\/v2\/pages\/942","targetHints":{"allow":["GET"]}}],"collection":[{"href":"https:\/\/wordpress.nibis.de\/gsfes\/wp-json\/wp\/v2\/pages"}],"about":[{"href":"https:\/\/wordpress.nibis.de\/gsfes\/wp-json\/wp\/v2\/types\/page"}],"author":[{"embeddable":true,"href":"https:\/\/wordpress.nibis.de\/gsfes\/wp-json\/wp\/v2\/users\/9192938"}],"replies":[{"embeddable":true,"href":"https:\/\/wordpress.nibis.de\/gsfes\/wp-json\/wp\/v2\/comments?post=942"}],"version-history":[{"count":17,"href":"https:\/\/wordpress.nibis.de\/gsfes\/wp-json\/wp\/v2\/pages\/942\/revisions"}],"predecessor-version":[{"id":7733,"href":"https:\/\/wordpress.nibis.de\/gsfes\/wp-json\/wp\/v2\/pages\/942\/revisions\/7733"}],"wp:attachment":[{"href":"https:\/\/wordpress.nibis.de\/gsfes\/wp-json\/wp\/v2\/media?parent=942"}],"curies":[{"name":"wp","href":"https:\/\/api.w.org\/{rel}","templated":true}]}}