{"id":1039,"date":"2019-11-03T10:46:31","date_gmt":"2019-11-03T09:46:31","guid":{"rendered":"https:\/\/wordpress.nibis.de\/gsfindorff\/?page_id=1039"},"modified":"2025-08-22T10:23:47","modified_gmt":"2025-08-22T08:23:47","slug":"baerenstark","status":"publish","type":"page","link":"https:\/\/wordpress.nibis.de\/gsfindorff\/baerenstark\/","title":{"rendered":"B\u00e4renstark"},"content":{"rendered":"\n<div class=\"wp-block-image\"><figure class=\"alignleft size-full is-resized\"><img loading=\"lazy\" decoding=\"async\" src=\"https:\/\/wordpress.nibis.de\/gsfindorff\/files\/2024\/02\/Logo-Freundeskreis.jpg\" alt=\"\" class=\"wp-image-1305\" width=\"334\" height=\"281\" \/><\/figure><\/div>\n\n\n\n<div class=\"wp-block-image\"><figure class=\"alignleft size-full\"><img loading=\"lazy\" decoding=\"async\" width=\"257\" height=\"254\" src=\"https:\/\/wordpress.nibis.de\/gsfindorff\/files\/2025\/08\/LOGO-rotated.jpg\" alt=\"\" class=\"wp-image-1380\" srcset=\"https:\/\/wordpress.nibis.de\/gsfindorff\/files\/2025\/08\/LOGO-rotated.jpg 257w, https:\/\/wordpress.nibis.de\/gsfindorff\/files\/2025\/08\/LOGO-80x80.jpg 80w\" sizes=\"auto, (max-width: 257px) 100vw, 257px\" \/><\/figure><\/div>\n\n\n\n<p><\/p>\n\n\n\n<p><\/p>\n\n\n\n<p><\/p>\n\n\n\n<p><strong>Was ist B\u00e4renstark?<\/strong><\/p>\n\n\n\n<p>B\u00e4renstark ist die Betreuungsgruppe f\u00fcr die Nachmittagsbetreuung der Sch\u00fcler*innen an der Grundschule Findorffschule.<\/p>\n\n\n\n<p>Erzieher*innen und p\u00e4dagogische Mitarbeiter*innen beaufsichtigen und besch\u00e4ftigen die Kinder w\u00e4hrend der vereinbarten Betreuungszeit.<\/p>\n\n\n\n<p><\/p>\n\n\n\n<p><strong>Wer kann die Betreuungsgruppe B\u00e4renstark nutzen?<\/strong><\/p>\n\n\n\n<p>Angemeldet werden k\u00f6nnen Sch\u00fclerinnen und Sch\u00fcler der Findorffschule. Bevorzugt ber\u00fccksichtigt werden die Kinder, die an der bisherigen Betreuung teilgenommen haben. Eventuell dar\u00fcber hinaus zur Verf\u00fcgung stehende Pl\u00e4tze werden zun\u00e4chst an Schulanf\u00e4nger:innen vergeben. Bei mehreren Bewerbungen erhalten Geschwisterkinder den Vorzug.<br>Erg\u00e4nzend ist zu kl\u00e4ren, ob das Kind einen Vollzeit-Platz ben\u00f6tigt (kommt das Kind jeden Tag unter der Woche). Weitere Sozialkriterien wie die Berufst\u00e4tigkeit ggf. beider Eltern oder bei Alleinerziehenden sowie weitere, soziale Beweggr\u00fcnde (z.B. besondere, famili\u00e4re Belastungen) sind bei der Platzvergabe zu pr\u00fcfen und haben mit in die Entscheidung einzuflie\u00dfen.<br>Bei Kindern mit besonderem F\u00f6rderbedarf ist eine Einzelfallentscheidung in R\u00fccksprache mit dem Landesjugendamt und den Gruppenleitungen erforderlich. Dabei ist sicherzustellen, ob eine angemessene Betreuung zum Wohle des Kindes gew\u00e4hrleistet werden kann. Ggf. ist die Aufnahme in die Nachmittagsbetreuung nur in Begleitung einer Assistenz m\u00f6glich.<br>\u00dcber die endg\u00fcltige Platzzusage entscheidet der Vorstand des Tr\u00e4gervereins in Zusammenwirkung mit der organisatorischen Leitung der Betreuungsgruppen. Die Zusagen werden schriftlich den Eltern durch den Vorstand \u00fcbermittelt.<\/p>\n\n\n\n<p>Dieser ist Tr\u00e4ger der Betreuungsgruppe &#8222;B\u00e4renstark&#8220;. Informationen zum Freundeskreis erhalten Sie hier <a href=\"http:\/\/wordpress.nibis.de\/gsfindorff\/freundeskreis\/\">http:\/\/wordpress.nibis.de\/gsfindorff\/freundeskreis<\/a><\/p>\n\n\n\n<p><strong>Wie lange gilt die Anmeldung?<\/strong><\/p>\n\n\n\n<p>Die Anmeldung gilt f\u00fcr 1 Schuljahr immer bis zum 31.07. es jeweiligen Schuljahres inkl. der anschlie\u00dfenden Sommerferien. Der Beitrag wird f\u00fcr den gesamten Juli berechnet, da dieser Monat zum laufendem Schuljahr geh\u00f6rt. Voraus\u00adsetzung f\u00fcr die Aufnahme der Kinder ist die Mitgliedschaft im Freundeskreis der Findorffschule Osterholz-Scharmbeck e.V..<\/p>\n\n\n\n<p>Abmeldung sowie aktuelle \u00c4nderungen m\u00fcssen in schriftlicher Form erfolgen und bed\u00fcrfen der Zustimmung des Vorstands.<\/p>\n\n\n\n<p><strong>Wie viele Pl\u00e4tze und welche Betreuungszeiten werden angeboten? <\/strong><\/p>\n\n\n\n<p>Durch den stetig ansteigenden Betreuungsbedarf in den vergangenen Jahren wurde neben der ersten, urspr\u00fcnglich namensgebenden Betreuungsgruppe \u201eB\u00e4renstark\u201c zum Schuljahr 2021\/2022 eine zweite Gruppe mit dem Namen \u201eZauberwald\u201c etabliert.<br>Mit der Betreuungsgruppe \u201ePusteblume\u201c bieten wir nun weiteren 20 Kindern eine Schulrandbetreuung bis 14:00 Uhr an.<\/p>\n\n\n\n<p>Der F\u00f6rderverein der Schule bietet bis zu 60 Pl\u00e4tze f\u00fcr die Schulrandbetreuung bis max. 15:30 Uhr an und mit der Erweiterung ab SJ 2023\/2024 weitere 20 Pl\u00e4tze bis 14:00 Uhr. Im Anschluss an die schulische Betreuung im Rahmen der verl\u00e4sslichen Grundschule werden die Kinder je nach Bedarf bis 14:00, 15:00 oder 15:30 Uhr auf dem Gel\u00e4nde der Schule betreut. Inkludiert ist hier das gemeinsame Mittagessen.<\/p>\n\n\n\n<p>KEINE Betreuung findet<br> in den Schulferien<br> bei durch den Landkreis Osterholz angeordnetem Schulausfall (wg. Glatteis, Sturm, etc.) statt<\/p>\n\n\n\n<p><br>An Tagen mit Schul- und Sonderveranstaltungen (Theaterausflug etc.) sowie bei \u201eHitzefrei\u201c findet eine regul\u00e4re Betreuung durch B\u00e4renstark statt.<br>An Tagen der Zeugnisausgabe wird eine Notbetreuung angeboten, deren Bedarf zuvor abgefragt wird.<\/p>\n\n\n\n<p><strong>Ist ein Wechsel der Betreuungszeit innerhalb des Schuljahres m\u00f6glich?<\/strong><\/p>\n\n\n\n<p>Ein Wechsel der Betreuungszeit innerhalb des Schuljahres ist grunds\u00e4tzlich m\u00f6glich, bedarf aber der Zustimmung der Gruppenleitung und des Vorstands des F\u00f6rdervereins.<\/p>\n\n\n\n<p><strong>Bekommt mein Kind bei B\u00e4renstark ein Mittagessen?<\/strong><\/p>\n\n\n\n<p>Sollte das Kind einmal nicht am Mittagessen teilnehmen, ist eine Absage bis 7:20 Uhr erforderlich. Ansonsten kann eine rechtzeitige Stornierung beim Lieferanten nicht vorgenommen werden und der Essenbeitrag wird mit abgebucht.<\/p>\n\n\n\n<p><strong>Was kostet die Betreuung?<\/strong><\/p>\n\n\n\n<p>Es wird ein Entgelt erhoben. Dieses richtet sich nach der in Anspruch genommenen pauschalen Betreuungszeit und ist f\u00fcr die Eltern transparent im Merkblatt zur Anmeldung dokumentiert.<br>Die Kosten f\u00fcr das Mittagessen werden separat in Rechnung gestellt. Eine Inanspruchnahme der Betreuung ohne Teilnahme am Mittagessen kann nicht erfolgen, abgesehen von Einzelfall-Regelungen im H\u00e4rtefall.<\/p>\n\n\n\n<p>Das Betreuungsentgelt wird per Lastschriftverfahren durch den Freundeskreis der Findorffschule eingezogen. Etwaige Sonderkosten durch bankseitige Ablehnung des Einzugs gehen zu Lasten des Zahlenden. Diese angefallenen Zusatzgeb\u00fchren werden zus\u00e4tzlich eingezogen.<br>Die Geb\u00fchren betragen<\/p>\n\n\n\n<p> bei t\u00e4glicher Betreuung bis 14.00 Uhr 80,00 EUR \/ Monat<br> bei t\u00e4glicher Betreuung bis 15.00 Uhr 100,00 EUR \/ Monat,<br> bei t\u00e4glicher Betreuung bis 15.30 Uhr 110,00 EUR \/ Monat.<\/p>\n\n\n\n<p><br>Der Pauschalbetrag wird auch f\u00fcr den unterrichtsfreien Monat in den an das Schuljahr anschlie\u00dfenden Sommerferien erhoben. Die Kosten f\u00fcr das Mittagessen betragen pauschal 77,00 \u20ac pro Monat. Bei Anmeldung mehrerer Kinder einer Familie wird ab dem 2. Kind eine Erm\u00e4\u00dfigung von 50% auf die Betreuungskosten gew\u00e4hrt.<br>Bei Nichtzahlung der Betreuungspauschale oder der Kosten f\u00fcr das Mittagessen verf\u00e4llt der Betreuungsplatz mit Wirkung zum jeweils n\u00e4chsten Monatsende.<\/p>\n\n\n\n<p><\/p>\n\n\n\n<p><strong>Wie kann ich mein Kind anmelden?<\/strong><\/p>\n\n\n\n<div data-wp-interactive=\"core\/file\" class=\"wp-block-file\"><object data-wp-bind--hidden=\"!state.hasPdfPreview\" hidden class=\"wp-block-file__embed\" data=\"https:\/\/wordpress.nibis.de\/gsfindorff\/files\/2025\/08\/2024-01_neu_komplett_Anmeldung_Beitrittserklaerung_Vergabe.pdf\" type=\"application\/pdf\" style=\"width:100%;height:230px\" aria-label=\"Einbettung von Einbettung von 2024-01_neu_komplett_Anmeldung_Beitrittserklaerung_Vergabe..\"><\/object><a id=\"wp-block-file--media-63d681b3-0a44-4173-9df0-2c583f6a9bbf\" href=\"https:\/\/wordpress.nibis.de\/gsfindorff\/files\/2025\/08\/2024-01_neu_komplett_Anmeldung_Beitrittserklaerung_Vergabe.pdf\">2024-01_neu_komplett_Anmeldung_Beitrittserklaerung_Vergabe<\/a><a href=\"https:\/\/wordpress.nibis.de\/gsfindorff\/files\/2025\/08\/2024-01_neu_komplett_Anmeldung_Beitrittserklaerung_Vergabe.pdf\" class=\"wp-block-file__button\" download aria-describedby=\"wp-block-file--media-63d681b3-0a44-4173-9df0-2c583f6a9bbf\">Herunterladen<\/a><\/div>\n\n\n\n<div data-wp-interactive=\"core\/file\" class=\"wp-block-file\"><object data-wp-bind--hidden=\"!state.hasPdfPreview\" hidden class=\"wp-block-file__embed\" data=\"https:\/\/wordpress.nibis.de\/gsfindorff\/files\/2025\/08\/2022-03_Beitrittserklaerung-Mitgliedschaft.pdf\" type=\"application\/pdf\" style=\"width:100%;height:220px\" aria-label=\"Einbettung von PDF-Einbettung.\"><\/object><a href=\"https:\/\/wordpress.nibis.de\/gsfindorff\/files\/2025\/08\/2022-03_Beitrittserklaerung-Mitgliedschaft.pdf\" class=\"wp-block-file__button\" download aria-describedby=\"wp-block-file--media-86ba812c-4c44-4c9c-bb52-a0cca6202226\">Herunterladen<\/a><\/div>\n\n\n\n<ul class=\"wp-block-list\"><li><a href=\"https:\/\/wordpress.nibis.de\/gsfindorff\/files\/2024\/02\/2023-06_endg_Konzept-Schulrandbetreuung-Findorffschule.pdf\">Download Konzept Betreuungsgruppe B\u00e4renstark<\/a><\/li><li><a href=\"https:\/\/wordpress.nibis.de\/gsfindorff\/files\/2024\/02\/Vergabekriterien_Platzvergabe_Erlaeuterungen.pdf\">Vergabekriterien Betreuungsgruppe B\u00e4renstark<\/a><\/li><li><a href=\"https:\/\/wordpress.nibis.de\/gsfindorff\/files\/2024\/02\/Erhebungsbogen-Vergabekriterien_Anlage-Anmeldung.pdf\">Download Erhebungsbogen Vergabekriterien<\/a><\/li><li><a href=\"https:\/\/wordpress.nibis.de\/gsfindorff\/files\/2024\/02\/2023-07_endg_Schutzkonzept_Schulrandbetreuung-Findorffschule.pdf\">Schutzkonzept Schulrandbetreuung Findorffschule<\/a><\/li><\/ul>\n\n\n\n<p><\/p>\n","protected":false},"excerpt":{"rendered":"<p>Was ist B\u00e4renstark? B\u00e4renstark ist die Betreuungsgruppe f\u00fcr die Nachmittagsbetreuung der Sch\u00fcler*innen an der Grundschule Findorffschule. Erzieher*innen und p\u00e4dagogische Mitarbeiter*innen beaufsichtigen und besch\u00e4ftigen die Kinder w\u00e4hrend der vereinbarten Betreuungszeit. Wer kann die Betreuungsgruppe B\u00e4renstark nutzen? Angemeldet werden k\u00f6nnen Sch\u00fclerinnen und Sch\u00fcler der Findorffschule. Bevorzugt ber\u00fccksichtigt werden die Kinder, die an der bisherigen Betreuung teilgenommen haben. Eventuell dar\u00fcber hinaus zur Verf\u00fcgung stehende Pl\u00e4tze werden zun\u00e4chst an Schulanf\u00e4nger:innen vergeben. Bei mehreren Bewerbungen erhalten Geschwisterkinder den Vorzug.Erg\u00e4nzend ist zu kl\u00e4ren, ob das Kind&#8230;<\/p>\n<p class=\"read-more\"><a class=\"btn btn-default\" href=\"https:\/\/wordpress.nibis.de\/gsfindorff\/baerenstark\/\">Weiterlesen<span class=\"screen-reader-text\"> Weiterlesen<\/span><\/a><\/p>\n","protected":false},"author":828,"featured_media":0,"parent":0,"menu_order":0,"comment_status":"closed","ping_status":"closed","template":"","meta":{"footnotes":""},"class_list":["post-1039","page","type-page","status-publish","hentry"],"_links":{"self":[{"href":"https:\/\/wordpress.nibis.de\/gsfindorff\/wp-json\/wp\/v2\/pages\/1039","targetHints":{"allow":["GET"]}}],"collection":[{"href":"https:\/\/wordpress.nibis.de\/gsfindorff\/wp-json\/wp\/v2\/pages"}],"about":[{"href":"https:\/\/wordpress.nibis.de\/gsfindorff\/wp-json\/wp\/v2\/types\/page"}],"author":[{"embeddable":true,"href":"https:\/\/wordpress.nibis.de\/gsfindorff\/wp-json\/wp\/v2\/users\/828"}],"replies":[{"embeddable":true,"href":"https:\/\/wordpress.nibis.de\/gsfindorff\/wp-json\/wp\/v2\/comments?post=1039"}],"version-history":[{"count":25,"href":"https:\/\/wordpress.nibis.de\/gsfindorff\/wp-json\/wp\/v2\/pages\/1039\/revisions"}],"predecessor-version":[{"id":1386,"href":"https:\/\/wordpress.nibis.de\/gsfindorff\/wp-json\/wp\/v2\/pages\/1039\/revisions\/1386"}],"wp:attachment":[{"href":"https:\/\/wordpress.nibis.de\/gsfindorff\/wp-json\/wp\/v2\/media?parent=1039"}],"curies":[{"name":"wp","href":"https:\/\/api.w.org\/{rel}","templated":true}]}}