{"id":1157,"date":"2020-06-30T19:42:28","date_gmt":"2020-06-30T17:42:28","guid":{"rendered":"https:\/\/wordpress.nibis.de\/gsfindorff\/?page_id=1157"},"modified":"2020-06-30T19:42:28","modified_gmt":"2020-06-30T17:42:28","slug":"ergebnisse-aus-dem-unterricht","status":"publish","type":"page","link":"https:\/\/wordpress.nibis.de\/gsfindorff\/ergebnisse-aus-dem-unterricht\/","title":{"rendered":"Ergebnisse aus dem Unterricht"},"content":{"rendered":"\n<p>Hier stellen wir in unregelm\u00e4\u00dfigen Abst\u00e4nden Sch\u00fcler*innenarbeiten aus dem Unterricht vor&#8230;<\/p>\n\n\n\n<p><br><\/p>\n\n\n\n<p> Ergebnisse aus dem Kunstunterricht:       <\/p>\n\n\n\n<p><a href=\"https:\/\/wordpress.nibis.de\/gsfindorff\/ergebnisse-aus-dem-kunstunterricht\/\">https:\/\/wordpress.nibis.de\/gsfindorff\/ergebnisse-aus-dem-kunstunterricht\/<\/a><\/p>\n\n\n\n<p>Ergebnisse aus der Begabtenf\u00f6rderung Deutsch: <a href=\"https:\/\/wordpress.nibis.de\/gsfindorff\/begabtenfoerderung-deutsch\/\">https:\/\/wordpress.nibis.de\/gsfindorff\/begabtenfoerderung-deutsch\/<\/a><\/p>\n\n\n\n<p><\/p>\n","protected":false},"excerpt":{"rendered":"<p>Hier stellen wir in unregelm\u00e4\u00dfigen Abst\u00e4nden Sch\u00fcler*innenarbeiten aus dem Unterricht vor&#8230; Ergebnisse aus dem Kunstunterricht: https:\/\/wordpress.nibis.de\/gsfindorff\/ergebnisse-aus-dem-kunstunterricht\/ Ergebnisse aus der Begabtenf\u00f6rderung Deutsch: https:\/\/wordpress.nibis.de\/gsfindorff\/begabtenfoerderung-deutsch\/<\/p>\n","protected":false},"author":828,"featured_media":0,"parent":0,"menu_order":0,"comment_status":"closed","ping_status":"closed","template":"","meta":{"footnotes":""},"class_list":["post-1157","page","type-page","status-publish","hentry"],"_links":{"self":[{"href":"https:\/\/wordpress.nibis.de\/gsfindorff\/wp-json\/wp\/v2\/pages\/1157","targetHints":{"allow":["GET"]}}],"collection":[{"href":"https:\/\/wordpress.nibis.de\/gsfindorff\/wp-json\/wp\/v2\/pages"}],"about":[{"href":"https:\/\/wordpress.nibis.de\/gsfindorff\/wp-json\/wp\/v2\/types\/page"}],"author":[{"embeddable":true,"href":"https:\/\/wordpress.nibis.de\/gsfindorff\/wp-json\/wp\/v2\/users\/828"}],"replies":[{"embeddable":true,"href":"https:\/\/wordpress.nibis.de\/gsfindorff\/wp-json\/wp\/v2\/comments?post=1157"}],"version-history":[{"count":1,"href":"https:\/\/wordpress.nibis.de\/gsfindorff\/wp-json\/wp\/v2\/pages\/1157\/revisions"}],"predecessor-version":[{"id":1158,"href":"https:\/\/wordpress.nibis.de\/gsfindorff\/wp-json\/wp\/v2\/pages\/1157\/revisions\/1158"}],"wp:attachment":[{"href":"https:\/\/wordpress.nibis.de\/gsfindorff\/wp-json\/wp\/v2\/media?parent=1157"}],"curies":[{"name":"wp","href":"https:\/\/api.w.org\/{rel}","templated":true}]}}