{"id":1163,"date":"2020-11-18T18:44:50","date_gmt":"2020-11-18T17:44:50","guid":{"rendered":"https:\/\/wordpress.nibis.de\/gsfindorff\/?page_id=1163"},"modified":"2020-11-18T18:46:55","modified_gmt":"2020-11-18T17:46:55","slug":"plattdeutsch","status":"publish","type":"page","link":"https:\/\/wordpress.nibis.de\/gsfindorff\/plattdeutsch\/","title":{"rendered":"Plattdeutsch"},"content":{"rendered":"\n<p><strong><u>De Findorffschool snackt platt<\/u><\/strong><\/p>\n\n\n\n<p>Scholen, de sik f\u00f6r dat Plattd\u00fc\u00fctsche insett, de ward vun de Nieders\u00e4chsische Landesschulbeh\u00f6rde f\u00f6rdert. De heeten denn \u201eProjektschule Niederdeutsch\u201c. Wi maakt siet 2018 daar mit und wi gevt us veel M\u00fch, dat wi dat Plattd\u00fc\u00fctsche bi us in Unnerrich un in Olldag unnerbringt. Umdat de plattd\u00fc\u00fctsche Spraak nicht utstarvt un de Kinner ehr Sprakenk\u00fcnn vergrotern, maken wi an de Findorffschool vele verschedenene Saken:<\/p>\n\n\n\n<p>Ton Bispill hebbt een Plattd\u00fc\u00fctsch-AGs f\u00f6r de veerte Klass. Daar lernt de Kinners mit veel Spelen un mit Riemels Platt to verstahn un ok een beten to snacken. Wi hebbt ok plattd\u00fc\u00fctsche Leder bi us in de School inf\u00f6hrt. In Unnerricht lernt de Kinners bi us plattd\u00fc\u00fctsche Leder un Riemels. An de D\u00f6\u00f6ren van us School kannst du nu ok de plattd\u00fc\u00fctsche W\u00f6\u00f6r v\u00f6r de Rumen sehn. Ok anner Schiller bi us s\u00fcnd nu faken ok op platt. Us Sch\u00f6ler maken ok bi Weddstrieten mit (Plattdeutscher Vorlesewettbewerb). Elkeen Week gifft dat een \u201ePlattd\u00fc\u00fctsches Woord vun de Week\u201c, dat bi us in de plattd\u00fc\u00fctsche Buddelee steiht.<\/p>\n","protected":false},"excerpt":{"rendered":"<p>De Findorffschool snackt platt Scholen, de sik f\u00f6r dat Plattd\u00fc\u00fctsche insett, de ward vun de Nieders\u00e4chsische Landesschulbeh\u00f6rde f\u00f6rdert. De heeten denn \u201eProjektschule Niederdeutsch\u201c. Wi maakt siet 2018 daar mit und wi gevt us veel M\u00fch, dat wi dat Plattd\u00fc\u00fctsche bi us in Unnerrich un in Olldag unnerbringt. Umdat de plattd\u00fc\u00fctsche Spraak nicht utstarvt un de Kinner ehr Sprakenk\u00fcnn vergrotern, maken wi an de Findorffschool vele verschedenene Saken: Ton Bispill hebbt een Plattd\u00fc\u00fctsch-AGs f\u00f6r de veerte Klass. Daar lernt de Kinners&#8230;<\/p>\n<p class=\"read-more\"><a class=\"btn btn-default\" href=\"https:\/\/wordpress.nibis.de\/gsfindorff\/plattdeutsch\/\">Weiterlesen<span class=\"screen-reader-text\"> Weiterlesen<\/span><\/a><\/p>\n","protected":false},"author":828,"featured_media":1162,"parent":0,"menu_order":0,"comment_status":"closed","ping_status":"closed","template":"","meta":{"footnotes":""},"class_list":["post-1163","page","type-page","status-publish","has-post-thumbnail","hentry"],"_links":{"self":[{"href":"https:\/\/wordpress.nibis.de\/gsfindorff\/wp-json\/wp\/v2\/pages\/1163","targetHints":{"allow":["GET"]}}],"collection":[{"href":"https:\/\/wordpress.nibis.de\/gsfindorff\/wp-json\/wp\/v2\/pages"}],"about":[{"href":"https:\/\/wordpress.nibis.de\/gsfindorff\/wp-json\/wp\/v2\/types\/page"}],"author":[{"embeddable":true,"href":"https:\/\/wordpress.nibis.de\/gsfindorff\/wp-json\/wp\/v2\/users\/828"}],"replies":[{"embeddable":true,"href":"https:\/\/wordpress.nibis.de\/gsfindorff\/wp-json\/wp\/v2\/comments?post=1163"}],"version-history":[{"count":2,"href":"https:\/\/wordpress.nibis.de\/gsfindorff\/wp-json\/wp\/v2\/pages\/1163\/revisions"}],"predecessor-version":[{"id":1172,"href":"https:\/\/wordpress.nibis.de\/gsfindorff\/wp-json\/wp\/v2\/pages\/1163\/revisions\/1172"}],"wp:featuredmedia":[{"embeddable":true,"href":"https:\/\/wordpress.nibis.de\/gsfindorff\/wp-json\/wp\/v2\/media\/1162"}],"wp:attachment":[{"href":"https:\/\/wordpress.nibis.de\/gsfindorff\/wp-json\/wp\/v2\/media?parent=1163"}],"curies":[{"name":"wp","href":"https:\/\/api.w.org\/{rel}","templated":true}]}}