{"id":252,"date":"2015-10-28T12:09:35","date_gmt":"2015-10-28T11:09:35","guid":{"rendered":"http:\/\/wordpress.nibis.de\/gsfindorff\/?page_id=252"},"modified":"2019-11-03T13:13:30","modified_gmt":"2019-11-03T12:13:30","slug":"impressum","status":"publish","type":"page","link":"https:\/\/wordpress.nibis.de\/gsfindorff\/impressum\/","title":{"rendered":"Impressum und Datenschutz"},"content":{"rendered":"<p><strong>Impressum<\/strong><br \/>\nAngaben gem\u00e4\u00df \u00a7 5 TMG<\/p>\n<p>Land Niedersachsen (Dienstanbieter im Sinne des Telemediengesetzes)<\/p>\n<p>Das Land Niedersachsen ist eine juristische Person des \u00f6ffentlichen Rechts vertreten durch<\/p>\n<p>Schulleitung:<\/p>\n<p>Oliver Heckmann (Schulleiter)<\/p>\n<p>Grundschule Findorffschule<\/p>\n<p>R\u00fcbhofstra\u00dfe 7<\/p>\n<p>27711 Osterholz-Scharmbeck<\/p>\n<p>Tel: 04791 \/ 981870<\/p>\n<p>Fax: 04791 \/ 981871<\/p>\n<p>E-Mail: &#x66;i&#x6e;d&#x6f;&#114;&#x66;&#102;s&#x63;h&#x75;&#108;&#x65;&#64;&#x6f;&#115;t&#x65;r&#x68;&#111;&#x6c;&#122;&#x2d;&#x73;c&#x68;a&#x72;&#109;&#x62;&#101;c&#x6b;&#46;&#x64;&#101;<\/p>\n<p>Verantwortlicher f\u00fcr redaktionell-journalistische Angebote i. S. d. \u00a755 Abs. 2 Rundfunkstaatsvertrag:<\/p>\n<p>Grundschule Findorffschule<\/p>\n<p>R\u00fcbhofstra\u00dfe 7<\/p>\n<p>27711 Osterholz-Scharmbeck<\/p>\n<p>Tel: 04791 \/ 981870<br \/>\nSchultr\u00e4ger:<br \/>\nStadt Osterholz-Scharmbeck<br \/>\nRathausstra\u00dfe 1<br \/>\n27711 Osterholz-Scharmbeck<br \/>\nTelefon: +49 (0) 4791-17-0<br \/>\nTelefax: +49 (0) 4791-17-304<br \/>\nE-Mail: r&#97;&#116;&#104;&#x61;&#x75;&#x73;&#64;o&#115;&#116;&#x65;&#x72;&#x68;&#x6f;lz&#45;&#115;&#x63;&#x68;&#x61;&#x72;m&#98;&#101;&#99;&#x6b;&#x2e;&#x64;e<\/p>\n<p>Sollten wir Kenntnis von Rechtsverletzungen haben, werden wir die entsprechenden externen Links unverz\u00fcglich entfernen.<\/p>\n<p>Die Europ\u00e4ische Kommission stellt eine Plattform zur Online-Streitbeilegung (OS) bereit: https:\/\/ec.europa.eu\/consumers\/odr.<br \/>\nUnsere E-Mail-Adresse finden Sie oben im Impressum.<br \/>\nWir sind nicht bereit oder verpflichtet, an Streitbeilegungsverfahren vor einer Verbraucherschlichtungsstelle teilzunehmen.<br \/>\nHaftung f\u00fcr Inhalte<br \/>\nAls Diensteanbieter sind wir gem\u00e4\u00df \u00a7 7 Abs.1 TMG f\u00fcr eigene Inhalte auf diesen Seiten nach den allgemeinen Gesetzen verantwortlich. Nach \u00a7\u00a7 8 bis 10 TMG sind wir als Diensteanbieter jedoch nicht verpflichtet, \u00fcbermittelte oder gespeicherte fremde Informationen zu \u00fcberwachen oder nach Umst\u00e4nden zu forschen, die auf eine rechtswidrige T\u00e4tigkeit hinweisen.<br \/>\nVerpflichtungen zur Entfernung oder Sperrung der Nutzung von Informationen nach den allgemeinen Gesetzen bleiben hiervon unber\u00fchrt. Eine diesbez\u00fcgliche Haftung ist jedoch erst ab dem Zeitpunkt der Kenntnis einer konkreten Rechtsverletzung m\u00f6glich. Bei Bekanntwerden von entsprechenden Rechtsverletzungen werden wir diese Inhalte umgehend entfernen.<\/p>\n<p>Haftung f\u00fcr Links<br \/>\nUnser Angebot enth\u00e4lt Links zu externen Websites Dritter, auf deren Inhalte wir keinen Einfluss haben. Deshalb k\u00f6nnen wir f\u00fcr diese fremden Inhalte auch keine Gew\u00e4hr \u00fcbernehmen. F\u00fcr die Inhalte der verlinkten Seiten ist stets der jeweilige Anbieter oder Betreiber der Seiten verantwortlich. Die verlinkten Seiten wurden zum Zeitpunkt der Verlinkung auf m\u00f6gliche Rechtsverst\u00f6\u00dfe \u00fcberpr\u00fcft. Rechtswidrige Inhalte waren zum Zeitpunkt der Verlinkung nicht erkennbar.<br \/>\nEine permanente inhaltliche Kontrolle der verlinkten Seiten ist jedoch ohne konkrete Anhaltspunkte einer Rechtsverletzung nicht zumutbar. Bei Bekanntwerden von Rechtsverletzungen werden wir derartige Links umgehend entfernen.<\/p>\n<p><strong>Datenschutz<\/strong><\/p>\n<p>I. Name und Anschrift des Verantwortlichen<br \/>\nGrundschule Findorffschule<br \/>\nR\u00fcbhofstra\u00dfe 7<br \/>\n27711 Osterholz-Scharmbeck<br \/>\nTelefon: 04791 \/ 981870<br \/>\nE-Mail: &#x66;&#105;&#x6e;&#x64;&#111;&#x72;&#102;f&#x73;&#99;h&#x75;&#108;e&#x40;&#111;s&#x74;&#101;&#x72;&#x68;&#111;&#x6c;&#x7a;&#45;&#x73;&#99;h&#x61;&#114;m&#x62;&#101;c&#x6b;&#46;d&#x65;<br \/>\nVertretungsberechtigt<br \/>\nOliver Heckmann, Schulleiter<\/p>\n<p>II. Kontaktdaten der oder des Datenschutzbeauftragten<\/p>\n<p>Barbara Heil<br \/>\nTel.: 04971 981870<br \/>\nE-Mail: d&#97;&#116;&#x65;&#x6e;&#x73;c&#104;&#117;&#x74;&#x7a;&#x40;fi&#110;&#x64;&#x6f;&#x72;ff&#115;&#99;&#x68;&#x75;&#x6c;e&#45;&#111;&#x68;&#x7a;&#x2e;d&#101;<\/p>\n<p>III. Bereitstellung der Website und Erstellung von Logfiles<br \/>\nBei jedem Aufruf unserer Internetseite erfasst unser System automatisiert Daten und Informationen vom Computersystem des aufrufenden Rechners. Folgende Daten werden hierbei erhoben:<br \/>\n1. Datum und Uhrzeit des Zugriffes<br \/>\n2. Die IP-Adresse des Nutzers<br \/>\n3. Die Betriebssystemversion des Nutzers<br \/>\n4. Der Browsertyp des Nutzers<br \/>\n5. Die vom Nutzer aufgerufene Seite<br \/>\nDie Daten werden in den Logfiles unseres Systems gespeichert. Eine Speicherung dieser Daten zusammen mit anderen personenbezogenen Daten des Nutzers findet nicht statt. Zweck der Datenspeicherung ist die technische Optimierung unserer Internetseite. Rechtsgrundlage f\u00fcr die vor\u00fcbergehende Speicherung der Daten ist Art. 6 Abs.1 lit.f DSGVO.<br \/>\nDie Daten werden f\u00fcr zwei Monate (Dieser Zeitraum muss individuell angepasst werden. Ein l\u00e4ngerer Zeitraum wird nicht f\u00fcr vertretbar gehalten.) gespeichert, sie werden lediglich statistisch ausgewertet.<\/p>\n<p>IV. Verwendung von Cookies<\/p>\n<p>Wir verwenden keine Cookies.<\/p>\n<p>V. Speicherung personenbezogener Daten bei Kontaktaufnahme<br \/>\nSofern Sie per E-Mail den Kontakt mit uns aufnehmen, werden die von Ihnen \u00fcbermittelten personenbezogenen Daten automatisch gespeichert. Diese Daten werden f\u00fcr Zwecke der Bearbeitung Ihres Anliegens und der Kontaktaufnahme mit Ihnen gespeichert.<br \/>\nWenn Sie Gebrauch von unserem Kontaktformular machen, werden die folgenden personenbezogenen Daten von Ihnen gespeichert: Ihr Name, Ihre Anschrift, Ihre E-Mail-Adresse.<br \/>\nDie L\u00f6schung der Daten erfolgt, sobald deren Speicherung f\u00fcr die Bearbeitung Ihres Anliegens nicht mehr erforderlich ist.<\/p>\n<p>VI. Betroffenenrechte<br \/>\nSie k\u00f6nnen folgende Rechte geltend machen:<br \/>\nAuskunft\/ Akteneinsicht<br \/>\nGem. Art. 15 DSGVO haben Sie das Recht, Auskunft bzw. Akteneinsicht \u00fcber die von uns verarbeiteten personenbezogenen Daten zu erhalten.<br \/>\nBerichtigung<br \/>\nSind bei uns gespeicherte personenbezogene Daten unrichtig oder unvollst\u00e4ndig, haben Sie gem. Art. 16 DSGVO das Recht, diese berichtigen bzw. vervollst\u00e4ndigen zu lassen.<br \/>\nL\u00f6schung<br \/>\nArt. 17 DSGVO normiert das Recht auf L\u00f6schung personenbezogener Daten. Dieses Recht steht Ihnen insbesondere dann zu, wenn die Speicherung der personenbezogenen Daten zur Erf\u00fcllung unserer gesetzlichen Aufgaben nicht mehr erforderlich ist oder Sie Ihre Einwilligung zur Datenverarbeitung mit Wirkung f\u00fcr die Zukunft widerrufen haben.<br \/>\nEinschr\u00e4nkung der Verarbeitung<br \/>\nGem. Art. 18 DSGVO k\u00f6nnen Sie die Einschr\u00e4nkung der personenbezogenen Daten verlangen, wenn<br \/>\n\u2022 die Richtigkeit der Daten von Ihnen bestritten wird<br \/>\n\u2022 die Verarbeitung unrechtm\u00e4\u00dfig ist, Sie aber deren L\u00f6schung ablehnen<br \/>\n\u2022 wir die Daten nicht mehr ben\u00f6tigen, Sie jedoch diese zur Geltendmachung, Aus\u00fcbung oder Verteidigung von Rechtsanspr\u00fcchen ben\u00f6tigen<br \/>\n\u2022 oder Sie gem\u00e4\u00df Art. 21 DSGVO Widerspruch gegen die Verarbeitung eingelegt haben<\/p>\n<p>Widerspruch<br \/>\nSie k\u00f6nnen bei Gr\u00fcnden, die sich aus Ihrer besonderen Situation ergeben, ein Widerspruchsrecht geltend machen. Gem. Art. 21 DSGVO ist jedoch zu ber\u00fccksichtigten, ob schutzw\u00fcrdige Gr\u00fcnde f\u00fcr die Verarbeitung vorliegen oder die Verarbeitung der Geltendmachung, Aus\u00fcbung oder Verteidigung von Rechtsanspr\u00fcchen dient.<br \/>\nDaten\u00fcbertragbarkeit<br \/>\nIst die Verarbeitung Ihrer Daten mithilfe eines automatisierten Verfahrens erfolgt, haben Sie gem. Art. 20 DSGVO das Recht, die Daten in einem g\u00e4ngigen und maschinenlesbaren Format zu erhalten und an eine andere Schule zu \u00fcbermitteln bzw. durch uns \u00fcbermitteln zu lassen.<br \/>\nWiderruf der Einwilligung<br \/>\nSie haben gem. Art. 7 Absatz 3 DSGVO das Recht, uns erteilte Einwilligungen jederzeit mit Wirkung f\u00fcr die Zukunft zu widerrufen.<br \/>\nBeschwerde<br \/>\nArt. 77 DSGVO normiert ein Beschwerderecht bei der Aufsichtsbeh\u00f6rde. Die f\u00fcr uns zust\u00e4ndige Aufsichtsbeh\u00f6rde ist die Landesbeauftragte f\u00fcr den Datenschutz Niedersachsen, Prinzenstra\u00dfe 5, 30159 Hannover. E-Mail: &#x70;&#111;&#x73;&#116;s&#x74;&#101;l&#x6c;&#101;&#x40;&#x6c;f&#x64;&#46;n&#x69;&#101;&#x64;&#x65;r&#x73;&#97;c&#x68;&#115;e&#x6e;&#46;&#x64;&#101;<\/p>\n","protected":false},"excerpt":{"rendered":"<p>Impressum Angaben gem\u00e4\u00df \u00a7 5 TMG Land Niedersachsen (Dienstanbieter im Sinne des Telemediengesetzes) Das Land Niedersachsen ist eine juristische Person des \u00f6ffentlichen Rechts vertreten durch Schulleitung: Oliver Heckmann (Schulleiter) Grundschule Findorffschule R\u00fcbhofstra\u00dfe 7 27711 Osterholz-Scharmbeck Tel: 04791 \/ 981870 Fax: 04791 \/ 981871 E-Mail: &#102;&#x69;&#110;&#x64;&#111;&#x72;&#102;&#x66;&#115;&#x63;&#104;&#x75;&#108;&#x65;&#64;&#x6f;&#115;&#x74;&#101;&#x72;&#104;&#x6f;&#108;&#x7a;&#45;&#x73;c&#x68;a&#x72;m&#x62;e&#x63;k&#x2e;d&#x65; Verantwortlicher f\u00fcr redaktionell-journalistische Angebote i. S. d. \u00a755 Abs. 2 Rundfunkstaatsvertrag: Grundschule Findorffschule R\u00fcbhofstra\u00dfe 7 27711 Osterholz-Scharmbeck Tel: 04791 \/ 981870 Schultr\u00e4ger: Stadt Osterholz-Scharmbeck Rathausstra\u00dfe 1 27711 Osterholz-Scharmbeck Telefon: +49 (0) 4791-17-0 Telefax: +49 (0)&#8230;<\/p>\n<p class=\"read-more\"><a class=\"btn btn-default\" href=\"https:\/\/wordpress.nibis.de\/gsfindorff\/impressum\/\">Weiterlesen<span class=\"screen-reader-text\"> Weiterlesen<\/span><\/a><\/p>\n","protected":false},"author":828,"featured_media":0,"parent":0,"menu_order":0,"comment_status":"closed","ping_status":"closed","template":"","meta":{"footnotes":""},"class_list":["post-252","page","type-page","status-publish","hentry"],"_links":{"self":[{"href":"https:\/\/wordpress.nibis.de\/gsfindorff\/wp-json\/wp\/v2\/pages\/252","targetHints":{"allow":["GET"]}}],"collection":[{"href":"https:\/\/wordpress.nibis.de\/gsfindorff\/wp-json\/wp\/v2\/pages"}],"about":[{"href":"https:\/\/wordpress.nibis.de\/gsfindorff\/wp-json\/wp\/v2\/types\/page"}],"author":[{"embeddable":true,"href":"https:\/\/wordpress.nibis.de\/gsfindorff\/wp-json\/wp\/v2\/users\/828"}],"replies":[{"embeddable":true,"href":"https:\/\/wordpress.nibis.de\/gsfindorff\/wp-json\/wp\/v2\/comments?post=252"}],"version-history":[{"count":7,"href":"https:\/\/wordpress.nibis.de\/gsfindorff\/wp-json\/wp\/v2\/pages\/252\/revisions"}],"predecessor-version":[{"id":1071,"href":"https:\/\/wordpress.nibis.de\/gsfindorff\/wp-json\/wp\/v2\/pages\/252\/revisions\/1071"}],"wp:attachment":[{"href":"https:\/\/wordpress.nibis.de\/gsfindorff\/wp-json\/wp\/v2\/media?parent=252"}],"curies":[{"name":"wp","href":"https:\/\/api.w.org\/{rel}","templated":true}]}}