{"id":266,"date":"2015-10-29T11:00:31","date_gmt":"2015-10-29T10:00:31","guid":{"rendered":"http:\/\/wordpress.nibis.de\/gsfindorff\/?page_id=266"},"modified":"2023-10-16T15:55:09","modified_gmt":"2023-10-16T13:55:09","slug":"die-geschichte-der-findorffschule","status":"publish","type":"page","link":"https:\/\/wordpress.nibis.de\/gsfindorff\/die-geschichte-der-findorffschule\/","title":{"rendered":"Die Geschichte der Findorffschule"},"content":{"rendered":"<p><a href=\"http:\/\/wordpress.nibis.de\/gsfindorff\/files\/2015\/10\/cropped-106_0700.jpg\"><img loading=\"lazy\" decoding=\"async\" class=\"alignnone wp-image-250\" src=\"http:\/\/wordpress.nibis.de\/gsfindorff\/files\/2015\/10\/cropped-106_0700-300x300.jpg\" alt=\"cropped-106_0700.jpg\" width=\"143\" height=\"143\" srcset=\"https:\/\/wordpress.nibis.de\/gsfindorff\/files\/2015\/10\/cropped-106_0700-300x300.jpg 300w, https:\/\/wordpress.nibis.de\/gsfindorff\/files\/2015\/10\/cropped-106_0700-150x150.jpg 150w, https:\/\/wordpress.nibis.de\/gsfindorff\/files\/2015\/10\/cropped-106_0700-270x270.jpg 270w, https:\/\/wordpress.nibis.de\/gsfindorff\/files\/2015\/10\/cropped-106_0700-192x192.jpg 192w, https:\/\/wordpress.nibis.de\/gsfindorff\/files\/2015\/10\/cropped-106_0700-180x180.jpg 180w, https:\/\/wordpress.nibis.de\/gsfindorff\/files\/2015\/10\/cropped-106_0700-32x32.jpg 32w, https:\/\/wordpress.nibis.de\/gsfindorff\/files\/2015\/10\/cropped-106_0700.jpg 512w\" sizes=\"auto, (max-width: 143px) 100vw, 143px\" \/><\/a><br \/>\nSechs B\u00fcrger aus Osterholz \u2013 der Hofbesitzer Butt, der Kahnschiffer Schriever, der B\u00e4ckermeister Werbe, der Ackerb\u00fcrger Heilshorn, der Hauptlehrer Mei\u00dfner und der Pastor K\u00fcster beschlossen 1879 eine Volksschule in Osterholz zu bauen.<\/p>\n<p data-wp-editing=\"1\"><a href=\"http:\/\/wordpress.nibis.de\/gsfindorff\/files\/2015\/10\/DSC_04092.jpg\"><img loading=\"lazy\" decoding=\"async\" class=\" wp-image-267 alignleft\" src=\"http:\/\/wordpress.nibis.de\/gsfindorff\/files\/2015\/10\/DSC_04092-300x210.jpg\" alt=\"DSC_0409\" width=\"151\" height=\"106\" \/><\/a>Am 17. April 1882 zogen 290 Kinder und 4 Lehrer in das neue Schulhaus der heutigen Findorffschule. Mit 72 Kindern in einer Klasse begann der Unterricht in den neuen R\u00e4umen. Die Schule in Osterholz vergr\u00f6\u00dferte sich schnell, die Anzahl der Kinder nahm zu, doch auch die P\u00e4dagogik \u00e4nderte sich, so dass die Klassen etwas kleiner wurden. 1910 unterrichteten bereits sechs Lehrer, 1924 acht Lehrer in der Volksschule Osterholz. Erst 1917 wurden zwei Lehrerinnen eingestellt, vorher weigerte man sich eine Dame als Lehrerin einzustellen. 1899 beschlie\u00dft man auf dem Schulgel\u00e4nde eine Turnhalle zu errichten. In dem gleichen Jahr erfolgte der Anschluss des Schulhauses und der Turnhalle an die elektrische Beleuchtungsanlage. Die Turnhalle diente bis zum letzten Umbau 2002, bei allen Gro\u00dfveranstaltungen als Aula. Im Jahr 1931 beschloss das Kollegium den Kindern in der Pause Milch zum Fr\u00fchst\u00fcck anzubieten. In einer Konferenz am 16. Dezember 1931 fassten die Kollegen den Beschluss, der Schule den Namen des Kolonisators der Moorgegend, J\u00fcrgen Christian Findorff, zu geben.Am 18. April 1932 fand in der Turnhalle der Volkshochschule Osterholz eine Feierstunde anl\u00e4sslich des 50j\u00e4hrigen Geburtstages statt, in der der B\u00fcrgermeister Stephan der Schule den Namen \u201eFindorffschule\u201c verlieh.<\/p>\n<p>1936 wird die Schule an das Trinkwassernetz angeschlossen. 1939 beginnt f\u00fcr die Findorffschule die Auswirkungen der Kriegszeit, in der Turnhalle wird Getreide gelagert, im Winter 1940 muss der Unterricht wegen Kohleknappheit ausfallen und sp\u00e4ter, 1944, diente das Schulhaus als Notquartier f\u00fcr Ausgebombte und Fl\u00fcchtlinge. Erst im September 1945 kann der Unterricht wieder beginnen.<\/p>\n<p>Zwischen 1951 und 1952 wird die Dienstwohnung im Schulhaus in Klassenr\u00e4ume umgebaut, es entstehen auch ein Lehrerzimmer, ein Rektorenzimmer und ein Lehrmittelraum. Auch wurde die Schule an die Kanalisation angeschlossen und es entstanden neue Toiletten.1957 hat die Findorffschule 11 Klassenr\u00e4ume, aber der Werkunterricht fand noch auf dem Dachboden statt und fiel daher im Winter aus. Die Sch\u00fclerzahlen stiegen weiter, sodass 1964 immerhin 484 Kinder in 15 Klassen unterrichtet wurden. Es entstand ein neuer Trackt mit vier neuen Klassenr\u00e4umen und 2 Gruppenarbeitsr\u00e4umen.Als die Kinder der t\u00fcrkischen Gastarbeiter aus Osterholz-Scharmbeck ihre schulische Betreuung hier fanden, wurde auch eine t\u00fcrkische Lehrerin eingestellt.<\/p>\n<p>Fortan sollten in der Findorffschule nur noch Kinder der Grundschule unterrichtet werden.<\/p>\n<p>Der vorhandene Raum f\u00fcr 16 Klassen von 1972 wird seit 1982 von 10 Klassen genutzt.<\/p>\n<figure id=\"attachment_355\" aria-describedby=\"caption-attachment-355\" style=\"width: 300px\" class=\"wp-caption aligncenter\"><img loading=\"lazy\" decoding=\"async\" class=\"size-medium wp-image-355\" src=\"https:\/\/wordpress.nibis.de\/gsfindorff\/files\/2015\/11\/P1160641-300x225.jpg\" alt=\"\" width=\"300\" height=\"225\" srcset=\"https:\/\/wordpress.nibis.de\/gsfindorff\/files\/2015\/11\/P1160641-300x225.jpg 300w, https:\/\/wordpress.nibis.de\/gsfindorff\/files\/2015\/11\/P1160641.jpg 448w\" sizes=\"auto, (max-width: 300px) 100vw, 300px\" \/><figcaption id=\"caption-attachment-355\" class=\"wp-caption-text\">Forum<\/figcaption><\/figure>\n<p>Im Jahre 2002 wird die Findorffschule komplett renoviert. Drei neue Klassenr\u00e4ume, eine Schulb\u00fccherei, ein Computerraum, ein Werkraum und eine Pausenhalle mit B\u00fchne und Toiletten im Hauptgeb\u00e4ude entstehen.<br \/>\nDie Findorffschule ist nach wechselhafter Geschichte, seit 1975 eine Grundschule und heute, mit ca. 175 Sch\u00fclerinnen und Sch\u00fclern, 12 Lehrkr\u00e4ften, vier p\u00e4dagogischen Mitarbeiterinnen, einem Hausmeister, zwei Raumpflegerinnen und einer Sekret\u00e4rin eine \u00fcberschaubare Schule geblieben, in der jeder jeden kennt und Kinder sich zu Hause f\u00fchlen.<\/p>\n","protected":false},"excerpt":{"rendered":"<p>Sechs B\u00fcrger aus Osterholz \u2013 der Hofbesitzer Butt, der Kahnschiffer Schriever, der B\u00e4ckermeister Werbe, der Ackerb\u00fcrger Heilshorn, der Hauptlehrer Mei\u00dfner und der Pastor K\u00fcster beschlossen 1879 eine Volksschule in Osterholz zu bauen. Am 17. April 1882 zogen 290 Kinder und 4 Lehrer in das neue Schulhaus der heutigen Findorffschule. Mit 72 Kindern in einer Klasse begann der Unterricht in den neuen R\u00e4umen. Die Schule in Osterholz vergr\u00f6\u00dferte sich schnell, die Anzahl der Kinder nahm zu, doch auch die P\u00e4dagogik \u00e4nderte&#8230;<\/p>\n<p class=\"read-more\"><a class=\"btn btn-default\" href=\"https:\/\/wordpress.nibis.de\/gsfindorff\/die-geschichte-der-findorffschule\/\">Weiterlesen<span class=\"screen-reader-text\"> Weiterlesen<\/span><\/a><\/p>\n","protected":false},"author":828,"featured_media":0,"parent":0,"menu_order":0,"comment_status":"closed","ping_status":"closed","template":"","meta":{"footnotes":""},"class_list":["post-266","page","type-page","status-publish","hentry"],"_links":{"self":[{"href":"https:\/\/wordpress.nibis.de\/gsfindorff\/wp-json\/wp\/v2\/pages\/266","targetHints":{"allow":["GET"]}}],"collection":[{"href":"https:\/\/wordpress.nibis.de\/gsfindorff\/wp-json\/wp\/v2\/pages"}],"about":[{"href":"https:\/\/wordpress.nibis.de\/gsfindorff\/wp-json\/wp\/v2\/types\/page"}],"author":[{"embeddable":true,"href":"https:\/\/wordpress.nibis.de\/gsfindorff\/wp-json\/wp\/v2\/users\/828"}],"replies":[{"embeddable":true,"href":"https:\/\/wordpress.nibis.de\/gsfindorff\/wp-json\/wp\/v2\/comments?post=266"}],"version-history":[{"count":5,"href":"https:\/\/wordpress.nibis.de\/gsfindorff\/wp-json\/wp\/v2\/pages\/266\/revisions"}],"predecessor-version":[{"id":1264,"href":"https:\/\/wordpress.nibis.de\/gsfindorff\/wp-json\/wp\/v2\/pages\/266\/revisions\/1264"}],"wp:attachment":[{"href":"https:\/\/wordpress.nibis.de\/gsfindorff\/wp-json\/wp\/v2\/media?parent=266"}],"curies":[{"name":"wp","href":"https:\/\/api.w.org\/{rel}","templated":true}]}}