{"id":296,"date":"2015-11-01T14:09:02","date_gmt":"2015-11-01T13:09:02","guid":{"rendered":"http:\/\/wordpress.nibis.de\/gsfindorff\/?page_id=296"},"modified":"2019-11-03T13:49:27","modified_gmt":"2019-11-03T12:49:27","slug":"buecherei","status":"publish","type":"page","link":"https:\/\/wordpress.nibis.de\/gsfindorff\/buecherei\/","title":{"rendered":"B\u00fccherei"},"content":{"rendered":"<figure id=\"attachment_341\" aria-describedby=\"caption-attachment-341\" style=\"width: 300px\" class=\"wp-caption aligncenter\"><img loading=\"lazy\" decoding=\"async\" class=\"size-medium wp-image-341\" src=\"https:\/\/wordpress.nibis.de\/gsfindorff\/files\/2015\/11\/108_0859-300x199.jpg\" alt=\"\" width=\"300\" height=\"199\" srcset=\"https:\/\/wordpress.nibis.de\/gsfindorff\/files\/2015\/11\/108_0859-300x199.jpg 300w, https:\/\/wordpress.nibis.de\/gsfindorff\/files\/2015\/11\/108_0859.jpg 640w\" sizes=\"auto, (max-width: 300px) 100vw, 300px\" \/><figcaption id=\"caption-attachment-341\" class=\"wp-caption-text\">B\u00fccherei &#8211; in den Pausen nutzbar<\/figcaption><\/figure>\n<p>An unserer Schule gibt es eine Schulb\u00fccherei, die sich gro\u00dfer Beliebtheit erfreut. Sie ist f\u00fcr alle Kinder und Lehrkr\u00e4fte zug\u00e4nglich. Hier k\u00f6nnen t\u00e4glich in der ersten gro\u00dfen Pause B\u00fccher gelesen, ausgeliehen und zur\u00fcckgebracht werden. Bei der Ausleihe helfen uns dankenswerterweise Eltern unserer Sch\u00fcler.<br \/>\nAktionen wie Autorenlesungen, B\u00fcchertage, Lesen\u00e4chte, Vorlese-Tage etc. unterst\u00fctzen die Aufgabe der B\u00fccherei, Kindern den Spa\u00df am Lesen nahezu-bringen und zu erhalten.<\/p>\n<p>Besonders erw\u00e4hnt seien an dieser Stelle B\u00fccher, die sich mit jeder Form von Anderssein besch\u00e4ftigen und die Kinder sensibel daf\u00fcr machen, dass jeder Mensch besonders und einzigartig ist &#8211; welche Besonderheiten ihn auch immer auszeichnen m\u00f6gen. Nicht nur f\u00fcr die Zusammenarbeit mit unserer Kooperationsklasse sind diese Bilderb\u00fccher ein wichtiges Medium.<\/p>\n<p>Zudem wird die B\u00fccherei als Informationsquelle f\u00fcr den Sachunterricht, beispielsweise zur Erarbeitung kleinerer Referate, genutzt. Im Rahmen des Faches Deutsch stellt sie einen geeigneten Ort f\u00fcr den Literaturunterricht dar. Die B\u00fccherei dient au\u00dferdem als Treffpunkt f\u00fcr Kinder aller Klassen, als Vorleseraum und als Lese-Wohlf\u00fchl-Ecke.<\/p>\n","protected":false},"excerpt":{"rendered":"<p>An unserer Schule gibt es eine Schulb\u00fccherei, die sich gro\u00dfer Beliebtheit erfreut. Sie ist f\u00fcr alle Kinder und Lehrkr\u00e4fte zug\u00e4nglich. Hier k\u00f6nnen t\u00e4glich in der ersten gro\u00dfen Pause B\u00fccher gelesen, ausgeliehen und zur\u00fcckgebracht werden. Bei der Ausleihe helfen uns dankenswerterweise Eltern unserer Sch\u00fcler. Aktionen wie Autorenlesungen, B\u00fcchertage, Lesen\u00e4chte, Vorlese-Tage etc. unterst\u00fctzen die Aufgabe der B\u00fccherei, Kindern den Spa\u00df am Lesen nahezu-bringen und zu erhalten. Besonders erw\u00e4hnt seien an dieser Stelle B\u00fccher, die sich mit jeder Form von Anderssein besch\u00e4ftigen und&#8230;<\/p>\n<p class=\"read-more\"><a class=\"btn btn-default\" href=\"https:\/\/wordpress.nibis.de\/gsfindorff\/buecherei\/\">Weiterlesen<span class=\"screen-reader-text\"> Weiterlesen<\/span><\/a><\/p>\n","protected":false},"author":828,"featured_media":0,"parent":0,"menu_order":0,"comment_status":"closed","ping_status":"closed","template":"","meta":{"footnotes":""},"class_list":["post-296","page","type-page","status-publish","hentry"],"_links":{"self":[{"href":"https:\/\/wordpress.nibis.de\/gsfindorff\/wp-json\/wp\/v2\/pages\/296","targetHints":{"allow":["GET"]}}],"collection":[{"href":"https:\/\/wordpress.nibis.de\/gsfindorff\/wp-json\/wp\/v2\/pages"}],"about":[{"href":"https:\/\/wordpress.nibis.de\/gsfindorff\/wp-json\/wp\/v2\/types\/page"}],"author":[{"embeddable":true,"href":"https:\/\/wordpress.nibis.de\/gsfindorff\/wp-json\/wp\/v2\/users\/828"}],"replies":[{"embeddable":true,"href":"https:\/\/wordpress.nibis.de\/gsfindorff\/wp-json\/wp\/v2\/comments?post=296"}],"version-history":[{"count":4,"href":"https:\/\/wordpress.nibis.de\/gsfindorff\/wp-json\/wp\/v2\/pages\/296\/revisions"}],"predecessor-version":[{"id":1086,"href":"https:\/\/wordpress.nibis.de\/gsfindorff\/wp-json\/wp\/v2\/pages\/296\/revisions\/1086"}],"wp:attachment":[{"href":"https:\/\/wordpress.nibis.de\/gsfindorff\/wp-json\/wp\/v2\/media?parent=296"}],"curies":[{"name":"wp","href":"https:\/\/api.w.org\/{rel}","templated":true}]}}