{"id":300,"date":"2015-11-01T14:12:52","date_gmt":"2015-11-01T13:12:52","guid":{"rendered":"http:\/\/wordpress.nibis.de\/gsfindorff\/?page_id=300"},"modified":"2019-11-08T17:22:46","modified_gmt":"2019-11-08T16:22:46","slug":"schulhofgestaltung","status":"publish","type":"page","link":"https:\/\/wordpress.nibis.de\/gsfindorff\/schulhofgestaltung\/","title":{"rendered":"Schulhofgestaltung"},"content":{"rendered":"<h2>Schulhof<\/h2>\n<p><img loading=\"lazy\" decoding=\"async\" class=\"size-medium wp-image-1122 aligncenter\" src=\"https:\/\/wordpress.nibis.de\/gsfindorff\/files\/2019\/11\/DSC_0117-1-e1573230051253-300x169.jpg\" alt=\"\" width=\"300\" height=\"169\" srcset=\"https:\/\/wordpress.nibis.de\/gsfindorff\/files\/2019\/11\/DSC_0117-1-e1573230051253-300x169.jpg 300w, https:\/\/wordpress.nibis.de\/gsfindorff\/files\/2019\/11\/DSC_0117-1-e1573230051253-768x432.jpg 768w, https:\/\/wordpress.nibis.de\/gsfindorff\/files\/2019\/11\/DSC_0117-1-e1573230051253-800x450.jpg 800w, https:\/\/wordpress.nibis.de\/gsfindorff\/files\/2019\/11\/DSC_0117-1-e1573230051253.jpg 1024w\" sizes=\"auto, (max-width: 300px) 100vw, 300px\" \/>Eine wichtige Rolle f\u00fcr das Lernen mit allen Sinnen spielt auch unser gro\u00dfer, naturbelassener Schulhof mit\u00a0Kletterb\u00e4umen und H\u00fcgellandschaft, Fu\u00dfball-platz und Basketball-Anlage, Maltafel und anderen Spielger\u00e4ten (vgl. 2.1.3.2 Hofpause). Auf dem Schulhof gibt es zudem Ruhezonen, in denen sich die Kinder erholen k\u00f6nnen.<\/p>\n<p>Rund um den Apfelbaum entstand in den letzten Jahren ein Schulgarten. Mit der Hilfe vieler Eltern und Kinder wurde eine Hecke gepflanzt, und der <img loading=\"lazy\" decoding=\"async\" class=\"aligncenter\" src=\"https:\/\/findorffschule-ohz.de\/idesk\/file\/pass.php\/Files\/Homepage\/alte%20homepage\/schulprogramm\/schulhof_clip_image002.jpg\" alt=\"\" width=\"310\" height=\"224\" align=\"left\" hspace=\"12\" \/>Freundeskreis unserer Schule half uns finanziell bei der Einz\u00e4unung des Schulgartens. Einige Klassen haben inzwischen eigene Beete angelegt und diese mit Kartoffeln, Himbeeren etc. bepflanzt.<\/p>\n<h3>Pausenspiel-Ausleihe<\/h3>\n<p>Zur Gestaltung einer aktiven Pause haben die Kinder die M\u00f6glichkeit, sich f\u00fcr die Dauer der Pause Spiele auszuleihen. So gibt es B\u00e4lle, Stelzen, Spring-seile, Inlineskates, Einr\u00e4der, Sandspielzeug, Fang- und Werfspiele, die in der \u201eSpiele-Ausleihe\u201c auf dem Schulhof von Dritt- und Viertkl\u00e4sslern ausgegeben werden. Diese Klassen sind reihum f\u00fcr die Ausleihe, Erhaltung und Vollst\u00e4ndigkeit der Spielzeuge verantwortlich.<br \/>\nSpenden vom Freundeskreis oder von Privatpersonen sind stets willkommen und haben bis jetzt das Spielzeugangebot immer wieder erweitert.<\/p>\n","protected":false},"excerpt":{"rendered":"<p>Schulhof Eine wichtige Rolle f\u00fcr das Lernen mit allen Sinnen spielt auch unser gro\u00dfer, naturbelassener Schulhof mit\u00a0Kletterb\u00e4umen und H\u00fcgellandschaft, Fu\u00dfball-platz und Basketball-Anlage, Maltafel und anderen Spielger\u00e4ten (vgl. 2.1.3.2 Hofpause). Auf dem Schulhof gibt es zudem Ruhezonen, in denen sich die Kinder erholen k\u00f6nnen. Rund um den Apfelbaum entstand in den letzten Jahren ein Schulgarten. Mit der Hilfe vieler Eltern und Kinder wurde eine Hecke gepflanzt, und der Freundeskreis unserer Schule half uns finanziell bei der Einz\u00e4unung des Schulgartens. Einige Klassen&#8230;<\/p>\n<p class=\"read-more\"><a class=\"btn btn-default\" href=\"https:\/\/wordpress.nibis.de\/gsfindorff\/schulhofgestaltung\/\">Weiterlesen<span class=\"screen-reader-text\"> Weiterlesen<\/span><\/a><\/p>\n","protected":false},"author":828,"featured_media":0,"parent":0,"menu_order":0,"comment_status":"closed","ping_status":"closed","template":"","meta":{"footnotes":""},"class_list":["post-300","page","type-page","status-publish","hentry"],"_links":{"self":[{"href":"https:\/\/wordpress.nibis.de\/gsfindorff\/wp-json\/wp\/v2\/pages\/300","targetHints":{"allow":["GET"]}}],"collection":[{"href":"https:\/\/wordpress.nibis.de\/gsfindorff\/wp-json\/wp\/v2\/pages"}],"about":[{"href":"https:\/\/wordpress.nibis.de\/gsfindorff\/wp-json\/wp\/v2\/types\/page"}],"author":[{"embeddable":true,"href":"https:\/\/wordpress.nibis.de\/gsfindorff\/wp-json\/wp\/v2\/users\/828"}],"replies":[{"embeddable":true,"href":"https:\/\/wordpress.nibis.de\/gsfindorff\/wp-json\/wp\/v2\/comments?post=300"}],"version-history":[{"count":4,"href":"https:\/\/wordpress.nibis.de\/gsfindorff\/wp-json\/wp\/v2\/pages\/300\/revisions"}],"predecessor-version":[{"id":1125,"href":"https:\/\/wordpress.nibis.de\/gsfindorff\/wp-json\/wp\/v2\/pages\/300\/revisions\/1125"}],"wp:attachment":[{"href":"https:\/\/wordpress.nibis.de\/gsfindorff\/wp-json\/wp\/v2\/media?parent=300"}],"curies":[{"name":"wp","href":"https:\/\/api.w.org\/{rel}","templated":true}]}}