{"id":307,"date":"2015-11-01T15:39:15","date_gmt":"2015-11-01T14:39:15","guid":{"rendered":"http:\/\/wordpress.nibis.de\/gsfindorff\/?page_id=307"},"modified":"2015-11-01T15:40:11","modified_gmt":"2015-11-01T14:40:11","slug":"leitbild","status":"publish","type":"page","link":"https:\/\/wordpress.nibis.de\/gsfindorff\/leitbild\/","title":{"rendered":"Leitbild"},"content":{"rendered":"<h2>So arbeiten wir<\/h2>\n<p>An unserer Schule erleben wir fr\u00f6hliche, neugierige Kinder, die bis zum Schuleintritt unterschiedliche Sozialisationen erfahren haben und unterschiedliche Begabungen und F\u00e4higkeiten mitbringen.<\/p>\n<p>Durch eine Bildung mit \u201eKopf, Herz und Hand\u201c wollen wir eine solide Wissensbasis vermitteln und die Kinder zu selbstst\u00e4ndigen, selbstbewussten Menschen erziehen, die optimal auf das Leben in unserer Gesellschaft vorbereitet sind.<\/p>\n<p>Wir wollen sie sensibilisieren und begeistern f\u00fcr alles Wissenswerte aus ihrer Umwelt. Daher legen wir auch Wert darauf, an au\u00dferschulischen Orten zu lernen.<\/p>\n<p>In einem gelebten, funktionierenden Schulleben mit einem guten Lernumfeld wollen wir soziale Kompetenzen wie Hilfsbereitschaft, Toleranz und Teamgeist st\u00e4rken.<\/p>\n<p>Im sozialen Bereich helfen wir den Kindern, Probleme zu erkennen und L\u00f6sungen zu finden, um Gewalt entgegenzuwirken. Dazu ist es wichtig, Kommunikationsf\u00e4higkeit zu entwickeln.<\/p>\n<p>Seit Langem arbeiten wir eng mit den Eltern unserer Sch\u00fclerinnen und Sch\u00fcler zusammen, indem sie an Planungen von Veranstaltungen beteiligt sind, den Unterricht unterst\u00fctzen (z.B. Lese- Schreib- oder Recheneltern) und eigene Ideen mit einbringen. Diese Zusammenarbeit ist eine Bereicherung f\u00fcr die Schule und eine gro\u00dfe Unterst\u00fctzung f\u00fcr die Kinder. Besonders wichtig ist der st\u00e4ndige Gedankenaustausch zwischen Eltern und Lehrkr\u00e4ften \u00fcber den Entwicklungsstand ihrer Kinder.<\/p>\n","protected":false},"excerpt":{"rendered":"<p>So arbeiten wir An unserer Schule erleben wir fr\u00f6hliche, neugierige Kinder, die bis zum Schuleintritt unterschiedliche Sozialisationen erfahren haben und unterschiedliche Begabungen und F\u00e4higkeiten mitbringen. Durch eine Bildung mit \u201eKopf, Herz und Hand\u201c wollen wir eine solide Wissensbasis vermitteln und die Kinder zu selbstst\u00e4ndigen, selbstbewussten Menschen erziehen, die optimal auf das Leben in unserer Gesellschaft vorbereitet sind. Wir wollen sie sensibilisieren und begeistern f\u00fcr alles Wissenswerte aus ihrer Umwelt. Daher legen wir auch Wert darauf, an au\u00dferschulischen Orten zu lernen&#8230;.<\/p>\n<p class=\"read-more\"><a class=\"btn btn-default\" href=\"https:\/\/wordpress.nibis.de\/gsfindorff\/leitbild\/\">Weiterlesen<span class=\"screen-reader-text\"> Weiterlesen<\/span><\/a><\/p>\n","protected":false},"author":828,"featured_media":0,"parent":0,"menu_order":0,"comment_status":"closed","ping_status":"closed","template":"","meta":{"footnotes":""},"class_list":["post-307","page","type-page","status-publish","hentry"],"_links":{"self":[{"href":"https:\/\/wordpress.nibis.de\/gsfindorff\/wp-json\/wp\/v2\/pages\/307","targetHints":{"allow":["GET"]}}],"collection":[{"href":"https:\/\/wordpress.nibis.de\/gsfindorff\/wp-json\/wp\/v2\/pages"}],"about":[{"href":"https:\/\/wordpress.nibis.de\/gsfindorff\/wp-json\/wp\/v2\/types\/page"}],"author":[{"embeddable":true,"href":"https:\/\/wordpress.nibis.de\/gsfindorff\/wp-json\/wp\/v2\/users\/828"}],"replies":[{"embeddable":true,"href":"https:\/\/wordpress.nibis.de\/gsfindorff\/wp-json\/wp\/v2\/comments?post=307"}],"version-history":[{"count":2,"href":"https:\/\/wordpress.nibis.de\/gsfindorff\/wp-json\/wp\/v2\/pages\/307\/revisions"}],"predecessor-version":[{"id":309,"href":"https:\/\/wordpress.nibis.de\/gsfindorff\/wp-json\/wp\/v2\/pages\/307\/revisions\/309"}],"wp:attachment":[{"href":"https:\/\/wordpress.nibis.de\/gsfindorff\/wp-json\/wp\/v2\/media?parent=307"}],"curies":[{"name":"wp","href":"https:\/\/api.w.org\/{rel}","templated":true}]}}