{"id":312,"date":"2015-11-01T15:48:15","date_gmt":"2015-11-01T14:48:15","guid":{"rendered":"http:\/\/wordpress.nibis.de\/gsfindorff\/?page_id=312"},"modified":"2015-11-01T15:48:15","modified_gmt":"2015-11-01T14:48:15","slug":"unsere-schulordnung","status":"publish","type":"page","link":"https:\/\/wordpress.nibis.de\/gsfindorff\/unsere-schulordnung\/","title":{"rendered":"Unsere Schulordnung"},"content":{"rendered":"<p>Alle, die sich an unserer Schule begegnen, dort lernen und arbeiten, sollen sich wohlf\u00fchlen.<\/p>\n<p>Alle bem\u00fchen sich, freundlich zueinander zu sein, sich zu vertragen und sich an unsere <strong>REGELN<\/strong> zu halten:<\/p>\n<p>Wir sind alle verschieden \u2013 auch wenn jemand anders ist oder anders aussieht \u2013 geh\u00f6rt er zu uns.<\/p>\n<p>Wir helfen uns gegenseitig und achten aufeinander.<\/p>\n<p>Wir machen nichts mutwillig kaputt.<\/p>\n<p>Gewalt soll es bei uns nicht geben.<\/p>\n<p>Auch Sprache kann verletzen. Spott, schlimme Worte und Zeichen tun weh!<\/p>\n<p><strong>STOPP <\/strong>ist das Signal f\u00fcr alle, dass jetzt tats\u00e4chlich Schluss ist.<\/p>\n<p>Streit versuche ich durch Gespr\u00e4che zu l\u00f6sen. Ist das nicht m\u00f6glich, gehe ich weg oder hole Hilfe.<\/p>\n<ul>\n<li>Ich komme p\u00fcnktlich zum Unterricht.<\/li>\n<\/ul>\n<ul>\n<li>Ich halte mich an die Klassenregeln.<\/li>\n<\/ul>\n<ul>\n<li>Ich gehe leise durch das Schulgeb\u00e4ude.<\/li>\n<\/ul>\n<ul>\n<li>In den Klassenr\u00e4umen tragen die Kinder Hausschuhe und sorgen daf\u00fcr, dass sie nach Unterrichtsende wieder ordentlich im Regal stehen.<\/li>\n<\/ul>\n<ul>\n<li>In den gro\u00dfen Pausen spiele ich auf dem Schulhof. Dort halte ich mich an die Schulhofregeln.<\/li>\n<\/ul>\n<ul>\n<li>Ich verlasse &#8211; w\u00e4hrend der Unterrichtszeit \u2013 das Schulgel\u00e4nde nicht ohne Erlaubnis.<\/li>\n<\/ul>\n<ul>\n<li>In Regenpausen bleibe ich im Klassenzimmer und besch\u00e4ftige mich leise und friedlich.<\/li>\n<\/ul>\n<ul>\n<li>Bevor ich nach Hause gehe, r\u00e4ume ich meinen Platz auf und stelle meinen Stuhl auf den Tisch.<\/li>\n<\/ul>\n<ul>\n<li>Die Toiletten verlasse ich sauber und ordentlich.<\/li>\n<\/ul>\n<ul>\n<li>Rauchen ist in und an der Schule nicht erlaubt.<\/li>\n<\/ul>\n<ul>\n<li>Handys und andere elektronische Ger\u00e4te sind in der Schule nicht erw\u00fcnscht.<\/li>\n<\/ul>\n<p><strong>Diese Regeln halte ich ein!<\/strong><\/p>\n<p>Wenn ich mich nicht an die Regeln halte, gibt es Konsequenzen!<\/p>\n<p>Zum Beispiel muss ich einen Schaden ersetzen und wiedergutmachen oder kann von sch\u00f6nen Schulveranstaltungen ausgeschlossen werden.<\/p>\n","protected":false},"excerpt":{"rendered":"<p>Alle, die sich an unserer Schule begegnen, dort lernen und arbeiten, sollen sich wohlf\u00fchlen. Alle bem\u00fchen sich, freundlich zueinander zu sein, sich zu vertragen und sich an unsere REGELN zu halten: Wir sind alle verschieden \u2013 auch wenn jemand anders ist oder anders aussieht \u2013 geh\u00f6rt er zu uns. Wir helfen uns gegenseitig und achten aufeinander. Wir machen nichts mutwillig kaputt. Gewalt soll es bei uns nicht geben. Auch Sprache kann verletzen. Spott, schlimme Worte und Zeichen tun weh! STOPP&#8230;<\/p>\n<p class=\"read-more\"><a class=\"btn btn-default\" href=\"https:\/\/wordpress.nibis.de\/gsfindorff\/unsere-schulordnung\/\">Weiterlesen<span class=\"screen-reader-text\"> Weiterlesen<\/span><\/a><\/p>\n","protected":false},"author":828,"featured_media":0,"parent":0,"menu_order":0,"comment_status":"closed","ping_status":"closed","template":"","meta":{"footnotes":""},"class_list":["post-312","page","type-page","status-publish","hentry"],"_links":{"self":[{"href":"https:\/\/wordpress.nibis.de\/gsfindorff\/wp-json\/wp\/v2\/pages\/312","targetHints":{"allow":["GET"]}}],"collection":[{"href":"https:\/\/wordpress.nibis.de\/gsfindorff\/wp-json\/wp\/v2\/pages"}],"about":[{"href":"https:\/\/wordpress.nibis.de\/gsfindorff\/wp-json\/wp\/v2\/types\/page"}],"author":[{"embeddable":true,"href":"https:\/\/wordpress.nibis.de\/gsfindorff\/wp-json\/wp\/v2\/users\/828"}],"replies":[{"embeddable":true,"href":"https:\/\/wordpress.nibis.de\/gsfindorff\/wp-json\/wp\/v2\/comments?post=312"}],"version-history":[{"count":1,"href":"https:\/\/wordpress.nibis.de\/gsfindorff\/wp-json\/wp\/v2\/pages\/312\/revisions"}],"predecessor-version":[{"id":313,"href":"https:\/\/wordpress.nibis.de\/gsfindorff\/wp-json\/wp\/v2\/pages\/312\/revisions\/313"}],"wp:attachment":[{"href":"https:\/\/wordpress.nibis.de\/gsfindorff\/wp-json\/wp\/v2\/media?parent=312"}],"curies":[{"name":"wp","href":"https:\/\/api.w.org\/{rel}","templated":true}]}}