{"id":32,"date":"2015-10-26T14:50:30","date_gmt":"2015-10-26T13:50:30","guid":{"rendered":"http:\/\/wordpress.nibis.de\/gsfindorff\/?page_id=32"},"modified":"2026-02-04T13:08:39","modified_gmt":"2026-02-04T12:08:39","slug":"willkommen-2","status":"publish","type":"page","link":"https:\/\/wordpress.nibis.de\/gsfindorff\/","title":{"rendered":"Willkommen"},"content":{"rendered":"<div class=\"wp-block-image is-resized\">\n<figure class=\"aligncenter size-full\"><img loading=\"lazy\" decoding=\"async\" width=\"1024\" height=\"576\" src=\"https:\/\/wordpress.nibis.de\/gsfindorff\/files\/2019\/11\/20180502_104435.jpg\" alt=\"\" class=\"wp-image-1077\" srcset=\"https:\/\/wordpress.nibis.de\/gsfindorff\/files\/2019\/11\/20180502_104435.jpg 1024w, https:\/\/wordpress.nibis.de\/gsfindorff\/files\/2019\/11\/20180502_104435-300x169.jpg 300w, https:\/\/wordpress.nibis.de\/gsfindorff\/files\/2019\/11\/20180502_104435-768x432.jpg 768w, https:\/\/wordpress.nibis.de\/gsfindorff\/files\/2019\/11\/20180502_104435-800x450.jpg 800w\" sizes=\"auto, (max-width: 1024px) 100vw, 1024px\" \/><figcaption class=\"wp-element-caption\">Vorderansicht<\/figcaption><\/figure>\n<\/div>\n\n\n<div class=\"wp-block-group is-nowrap is-layout-flex wp-container-core-group-is-layout-ad2f72ca wp-block-group-is-layout-flex\">\n<p>Die Findorffschule ist eine zweiz\u00fcgige Grundschule im Ortsteil Osterholz. Sie wird von Kindern aus den Bezirken Osterholz, Hochzeitswald und Tinzenberg besucht.<\/p>\n<\/div>\n\n\n\n<p>Das <a href=\"http:\/\/wordpress.nibis.de\/gsfindorff\/haus-und-hof-4\">Geb\u00e4ude<\/a> mit seinen farbenfrohen und lichtdurchfluteten Klassenr\u00e4umen sowie einer gro\u00dfen Pausenhalle bietet eine ideale Lernatmosph\u00e4re f\u00fcr alle Sch\u00fclerinnen und Sch\u00fcler.<\/p>\n\n\n\n<p>Neben acht Jahrgangsklassen mit insgesamt 175 Kindern gibt es eine Kooperationsklasse des &#8222;F\u00f6rderzentrums Schule am Klosterplatz, Schwerpunkt geistige Entwicklung&#8220;. Die Schulen kooperieren seit dem Jahr 2000 in Form gemeinsamer Unterrichtsstunden ebenso wie in gemeinsamen Schulveranstaltungen und Klassenfahrten.<\/p>\n\n\n\n<p>Als verl\u00e4ssliche Grundschule garantiert die Findorffschule <a href=\"http:\/\/wordpress.nibis.de\/gsfindorff\/unser-schulvormittag\/\">Zeiten&nbsp;<\/a>f\u00fcr die 1. und 2. Klassen an f\u00fcnf Tagen in der Woche von 07:30 Uhr \u2013 11:25 Uhr und f\u00fcr die 3. und 4. Klassen von 07:30 Uhr\u2013 12:35 Uhr. Auf Wunsch k\u00f6nnen die Erst- und Zweitkl\u00e4ssler t\u00e4glich nach Unterrichtsschluss bis 12:35 Uhr an der schulischen Betreuung teilnehmen.<\/p>\n\n\n\n<p>Dar\u00fcber hinaus bietet der Freundeskreis&nbsp;der Schule bei Bedarf eine kostenpflichtige Betreuung der Kinder in der Gruppe \u201eB\u00e4renstark\u201c bis 15:30 Uhr an. Diese umfasst das gemeinsame Mittagessen, Hausaufgabenhilfe sowie Spiel- und Bastelangebote.<\/p>\n\n\n<div class=\"wp-block-image is-resized\">\n<figure class=\"aligncenter size-large\"><img loading=\"lazy\" decoding=\"async\" width=\"1200\" height=\"675\" src=\"https:\/\/wordpress.nibis.de\/gsfindorff\/files\/2023\/10\/2023_0611_FS_CIRCUS_Aufbau_29-1200x675.jpg\" alt=\"\" class=\"wp-image-1292\" srcset=\"https:\/\/wordpress.nibis.de\/gsfindorff\/files\/2023\/10\/2023_0611_FS_CIRCUS_Aufbau_29-1200x675.jpg 1200w, https:\/\/wordpress.nibis.de\/gsfindorff\/files\/2023\/10\/2023_0611_FS_CIRCUS_Aufbau_29-850x478.jpg 850w, https:\/\/wordpress.nibis.de\/gsfindorff\/files\/2023\/10\/2023_0611_FS_CIRCUS_Aufbau_29-250x141.jpg 250w\" sizes=\"auto, (max-width: 1200px) 100vw, 1200px\" \/><figcaption class=\"wp-element-caption\">Elternarbeit &#8211; Unterst\u00fctzung des Freundeskreises<\/figcaption><\/figure>\n<\/div>\n\n\n<p>Die&nbsp;Schule erfreut sich der engagierten Arbeit eines<a href=\"https:\/\/wordpress.nibis.de\/gsfindorff\/freundeskreis\/\"> Eltern-Freundeskreises<\/a>, der sie unter anderem bei der Einrichtung&nbsp;der Sch\u00fclerb\u00fccherei und der Anschaffung von Spielger\u00e4ten f\u00fcr den Pausenhof unterst\u00fctzt hat.<\/p>\n\n\n\n<p>Beim eingerichteten \u201eSchulexpress\u201c k\u00f6nnen sich die Sch\u00fclerinnen und Sch\u00fcler vor dem Unterricht an Haltestellen treffen und gemeinsam zur Schule gehen. Dadurch wird die Selbstst\u00e4ndigkeit gef\u00f6rdert, die Lernf\u00e4higkeit gesteigert und die Umwelt geschont.<\/p>\n\n\n\n<p>Die Findorffschule gibt ihren Sch\u00fclerinnen und Sch\u00fclern Zeit und Raum, ihre Pers\u00f6nlichkeit zu entfalten und soziale Kompetenzen wie Teamgeist, Selbstst\u00e4ndigkeit, Toleranz und Kommunikationsf\u00e4higkeit zu entwickeln.<\/p>\n\n\n\n<p>Differenziertes Lernen mit Kopf, Herz und Hand bewahrt den Kindern die Freude am Lernen.<\/p>\n","protected":false},"excerpt":{"rendered":"<p>Die Findorffschule ist eine zweiz\u00fcgige Grundschule im Ortsteil Osterholz. Sie wird von Kindern aus den Bezirken Osterholz, Hochzeitswald und Tinzenberg besucht. Das Geb\u00e4ude mit seinen farbenfrohen und lichtdurchfluteten Klassenr\u00e4umen sowie einer gro\u00dfen Pausenhalle bietet eine ideale Lernatmosph\u00e4re f\u00fcr alle Sch\u00fclerinnen und Sch\u00fcler. Neben acht Jahrgangsklassen mit insgesamt 175 Kindern gibt es eine Kooperationsklasse des &#8222;F\u00f6rderzentrums Schule am Klosterplatz, Schwerpunkt geistige Entwicklung&#8220;. Die Schulen kooperieren seit dem Jahr 2000 in Form gemeinsamer Unterrichtsstunden ebenso wie in gemeinsamen Schulveranstaltungen und Klassenfahrten. Als&#8230;<\/p>\n<p class=\"read-more\"><a class=\"btn btn-default\" href=\"https:\/\/wordpress.nibis.de\/gsfindorff\/\">Weiterlesen<span class=\"screen-reader-text\"> Weiterlesen<\/span><\/a><\/p>\n","protected":false},"author":828,"featured_media":0,"parent":0,"menu_order":0,"comment_status":"closed","ping_status":"closed","template":"","meta":{"footnotes":""},"class_list":["post-32","page","type-page","status-publish","hentry"],"_links":{"self":[{"href":"https:\/\/wordpress.nibis.de\/gsfindorff\/wp-json\/wp\/v2\/pages\/32","targetHints":{"allow":["GET"]}}],"collection":[{"href":"https:\/\/wordpress.nibis.de\/gsfindorff\/wp-json\/wp\/v2\/pages"}],"about":[{"href":"https:\/\/wordpress.nibis.de\/gsfindorff\/wp-json\/wp\/v2\/types\/page"}],"author":[{"embeddable":true,"href":"https:\/\/wordpress.nibis.de\/gsfindorff\/wp-json\/wp\/v2\/users\/828"}],"replies":[{"embeddable":true,"href":"https:\/\/wordpress.nibis.de\/gsfindorff\/wp-json\/wp\/v2\/comments?post=32"}],"version-history":[{"count":37,"href":"https:\/\/wordpress.nibis.de\/gsfindorff\/wp-json\/wp\/v2\/pages\/32\/revisions"}],"predecessor-version":[{"id":1437,"href":"https:\/\/wordpress.nibis.de\/gsfindorff\/wp-json\/wp\/v2\/pages\/32\/revisions\/1437"}],"wp:attachment":[{"href":"https:\/\/wordpress.nibis.de\/gsfindorff\/wp-json\/wp\/v2\/media?parent=32"}],"curies":[{"name":"wp","href":"https:\/\/api.w.org\/{rel}","templated":true}]}}