{"id":321,"date":"2015-11-01T16:14:55","date_gmt":"2015-11-01T15:14:55","guid":{"rendered":"http:\/\/wordpress.nibis.de\/gsfindorff\/?page_id=321"},"modified":"2023-10-17T13:21:36","modified_gmt":"2023-10-17T11:21:36","slug":"termine-im-jahreslauf","status":"publish","type":"page","link":"https:\/\/wordpress.nibis.de\/gsfindorff\/termine-im-jahreslauf\/","title":{"rendered":"Termine im Jahreslauf"},"content":{"rendered":"\n<p><b><span style=\"font-family: Tahoma\">Termine im Jahreslauf<\/span><\/b><\/p>\n\n\n\n<p>Der Jahreslauf wird durch folgende Veranstaltungen begleitet:<\/p>\n\n\n\n<ul class=\"is-style-tw-border wp-block-list\"><li><a href=\"http:\/\/wordpress.nibis.de\/gsfindorff\/lauftage\/\">Lauftag<\/a><\/li><li>Vorlesewettbewerb in allen Klassen mit anschlie\u00dfendem Lesefest<\/li><li>Vorlesestunden mit allen Klassen<\/li><li>Projektwoche mit anschlie\u00dfendem Schulfest und Pr\u00e4sentation der Ergebnisse der Projektwoche mit allen Sch\u00fclern und Eltern auf dem Schulhof und in den Klassenr\u00e4umen (alle vier Jahre Circus Fellini) <\/li><li>Einschulungsfeier<\/li><li>Faschingsfeier in allen Klassen mit Treffen in der Pausenhalle<\/li><li>Schulexpress-Tag<\/li><li>Theaterbesuche (Theatergruppen in der Schule oder Fahrt ins Theater)<\/li><li>Dankesch\u00f6n-Kaffee f\u00fcr Eltern, die sich das ganze Jahr \u00fcber engagieren<\/li><li>Sport- und Spielefest vor den Ferien<\/li><\/ul>\n","protected":false},"excerpt":{"rendered":"<p>Termine im Jahreslauf Der Jahreslauf wird durch folgende Veranstaltungen begleitet: Lauftag Vorlesewettbewerb in allen Klassen mit anschlie\u00dfendem Lesefest Vorlesestunden mit allen Klassen Projektwoche mit anschlie\u00dfendem Schulfest und Pr\u00e4sentation der Ergebnisse der Projektwoche mit allen Sch\u00fclern und Eltern auf dem Schulhof und in den Klassenr\u00e4umen (alle vier Jahre Circus Fellini) Einschulungsfeier Faschingsfeier in allen Klassen mit Treffen in der Pausenhalle Schulexpress-Tag Theaterbesuche (Theatergruppen in der Schule oder Fahrt ins Theater) Dankesch\u00f6n-Kaffee f\u00fcr Eltern, die sich das ganze Jahr \u00fcber engagieren Sport-&#8230;<\/p>\n<p class=\"read-more\"><a class=\"btn btn-default\" href=\"https:\/\/wordpress.nibis.de\/gsfindorff\/termine-im-jahreslauf\/\">Weiterlesen<span class=\"screen-reader-text\"> Weiterlesen<\/span><\/a><\/p>\n","protected":false},"author":828,"featured_media":0,"parent":0,"menu_order":0,"comment_status":"closed","ping_status":"closed","template":"","meta":{"footnotes":""},"class_list":["post-321","page","type-page","status-publish","hentry"],"_links":{"self":[{"href":"https:\/\/wordpress.nibis.de\/gsfindorff\/wp-json\/wp\/v2\/pages\/321","targetHints":{"allow":["GET"]}}],"collection":[{"href":"https:\/\/wordpress.nibis.de\/gsfindorff\/wp-json\/wp\/v2\/pages"}],"about":[{"href":"https:\/\/wordpress.nibis.de\/gsfindorff\/wp-json\/wp\/v2\/types\/page"}],"author":[{"embeddable":true,"href":"https:\/\/wordpress.nibis.de\/gsfindorff\/wp-json\/wp\/v2\/users\/828"}],"replies":[{"embeddable":true,"href":"https:\/\/wordpress.nibis.de\/gsfindorff\/wp-json\/wp\/v2\/comments?post=321"}],"version-history":[{"count":6,"href":"https:\/\/wordpress.nibis.de\/gsfindorff\/wp-json\/wp\/v2\/pages\/321\/revisions"}],"predecessor-version":[{"id":1299,"href":"https:\/\/wordpress.nibis.de\/gsfindorff\/wp-json\/wp\/v2\/pages\/321\/revisions\/1299"}],"wp:attachment":[{"href":"https:\/\/wordpress.nibis.de\/gsfindorff\/wp-json\/wp\/v2\/media?parent=321"}],"curies":[{"name":"wp","href":"https:\/\/api.w.org\/{rel}","templated":true}]}}