{"id":325,"date":"2015-11-01T16:29:35","date_gmt":"2015-11-01T15:29:35","guid":{"rendered":"http:\/\/wordpress.nibis.de\/gsfindorff\/?page_id=325"},"modified":"2019-11-08T16:54:34","modified_gmt":"2019-11-08T15:54:34","slug":"lauftage","status":"publish","type":"page","link":"https:\/\/wordpress.nibis.de\/gsfindorff\/lauftage\/","title":{"rendered":"Lauftage"},"content":{"rendered":"<p><img loading=\"lazy\" decoding=\"async\" class=\"size-medium wp-image-1113 aligncenter\" src=\"https:\/\/wordpress.nibis.de\/gsfindorff\/files\/2019\/11\/lauftag-300x197.png\" alt=\"\" width=\"300\" height=\"197\" srcset=\"https:\/\/wordpress.nibis.de\/gsfindorff\/files\/2019\/11\/lauftag-300x197.png 300w, https:\/\/wordpress.nibis.de\/gsfindorff\/files\/2019\/11\/lauftag-768x506.png 768w, https:\/\/wordpress.nibis.de\/gsfindorff\/files\/2019\/11\/lauftag-800x527.png 800w, https:\/\/wordpress.nibis.de\/gsfindorff\/files\/2019\/11\/lauftag.png 1024w\" sizes=\"auto, (max-width: 300px) 100vw, 300px\" \/>Seit 2004 veranstaltet die Findorffschule jedes Jahr zu Schuljahresbeginn ihren Lauftag durch die Hammewiesen rund um die Schule am Klosterplatz und die St. Marienkirche in Osterholz. Die ca. 1 km lange Laufstrecke hat sich seitdem nicht ver\u00e4ndert, inzwischen verzichten wir jedoch auf die Laufabzeichen. Das gemeinsame Laufen mit gro\u00dfer elterlicher Unterst\u00fctzung ist in den Vordergrund ger\u00fcckt.<\/p>\n<p><strong>Bericht f\u00fcr das &#8222;Osterholzer Kreisblatt&#8220; 2004<br \/>\n<\/strong><\/p>\n<p>&#8222;Jeder darf sein Tempo selbst bestimmen<\/p>\n<p>Die Grundschule Findorffschule veranstaltet einen Lauftag in den Hammewiesen<\/p>\n<p>\u201eLaufen ohne zu Schnaufen\u201c \u2013 das war das das Motto, unter dem am Donnerstag 170 Grundschulkinder der Findorffschule unterwegs waren, um am Laufabzeichen-Wettbewerb des Nieders\u00e4chsischen Leichtathletikverbandes, der AOK und Unicef teilzunehmen.<br \/>\nVon den Kinder der Kooperationsklasse der Schule am Klosterplatz bis hin zu den Viertkl\u00e4sslern \u2013 jeder konnte mitmachen, weil jeder sein Tempo selbst w\u00e4hlen konnte. Es kam nicht darauf an, als erster durchs Ziel zu gehen, sondern so lange wie m\u00f6glich ohne Pause zu laufen.<br \/>\nSo schafften es viele, bei trockenem Wetter eine Stunde lang ohne Unterbrechung unterwegs zu sein.\u00a0 Auch Thorben war dabei. Eigentlich wollte der Zweitkl\u00e4ssler nach 50 Minuten schon aufgeben, \u201eAber dann kamen die aus der vierten Klasse und haben mir gesagt, dass ich nur noch 10 Minuten f\u00fcr Gold brauche und da bin ich einfach weiter gelaufen.\u201c<br \/>\nF\u00fcr diese Leistung bekommt er das blaue Laufabzeichen mit dem goldenen L, aber auch wer 30 oder 15 Minuten gelaufen ist, bekommt ein Stoffabzeichen in \u201eSilber\u201c oder \u201eBronze\u201c.<br \/>\nUnterst\u00fctzt wurden die Kinder von 40 Eltern der Schule. Diese sorgten daf\u00fcr, niemand vom Weg abkam und sicher zur Findorffschule zur\u00fcckfand, trugen Zeiten in Laufkarten ein und versorgten die Kinder an der Laufstrecke durch die Hammewiesen mit Mineralwasser.<br \/>\nEs war ein tolles, gemeinsames Erlebnis, bei dem Eltern und Lehrer kr\u00e4ftig angefeuert haben oder aus Solidarit\u00e4t mitgelaufen waren. So kam auch niemand auf die Idee, \u00fcber Anstrengung zu klagen \u2013 jeder konnte ja aufh\u00f6ren, wann er wollte.<br \/>\nNur die K\u00fche auf ihrer beschaulichen Hammeweide muhten jedes Mal laut, wenn sich wieder eine Gruppe von L\u00e4ufern n\u00e4herte. Sie werden sich damit abfinden m\u00fcssen, n\u00e4chstes Jahr wieder von der Findorffschule besucht zu werden. &#8220;<\/p>\n<p>Inzwischen laufen wir einfach nur so f\u00fcr uns, ohne Abzeichen. Die Kinder z\u00e4hlen ihre Runden und im Forum wird pr\u00e4sentiert, wie viele Runden insgesamt geschafft wurden.<\/p>\n<p><img loading=\"lazy\" decoding=\"async\" class=\"size-medium wp-image-1115 aligncenter\" src=\"https:\/\/wordpress.nibis.de\/gsfindorff\/files\/2019\/11\/lauftag2-300x200.png\" alt=\"\" width=\"300\" height=\"200\" srcset=\"https:\/\/wordpress.nibis.de\/gsfindorff\/files\/2019\/11\/lauftag2-300x200.png 300w, https:\/\/wordpress.nibis.de\/gsfindorff\/files\/2019\/11\/lauftag2-768x512.png 768w, https:\/\/wordpress.nibis.de\/gsfindorff\/files\/2019\/11\/lauftag2-800x534.png 800w, https:\/\/wordpress.nibis.de\/gsfindorff\/files\/2019\/11\/lauftag2.png 1024w\" sizes=\"auto, (max-width: 300px) 100vw, 300px\" \/><\/p>\n<p class=\"sidebar\">\n","protected":false},"excerpt":{"rendered":"<p>Seit 2004 veranstaltet die Findorffschule jedes Jahr zu Schuljahresbeginn ihren Lauftag durch die Hammewiesen rund um die Schule am Klosterplatz und die St. Marienkirche in Osterholz. Die ca. 1 km lange Laufstrecke hat sich seitdem nicht ver\u00e4ndert, inzwischen verzichten wir jedoch auf die Laufabzeichen. Das gemeinsame Laufen mit gro\u00dfer elterlicher Unterst\u00fctzung ist in den Vordergrund ger\u00fcckt. Bericht f\u00fcr das &#8222;Osterholzer Kreisblatt&#8220; 2004 &#8222;Jeder darf sein Tempo selbst bestimmen Die Grundschule Findorffschule veranstaltet einen Lauftag in den Hammewiesen \u201eLaufen ohne zu&#8230;<\/p>\n<p class=\"read-more\"><a class=\"btn btn-default\" href=\"https:\/\/wordpress.nibis.de\/gsfindorff\/lauftage\/\">Weiterlesen<span class=\"screen-reader-text\"> Weiterlesen<\/span><\/a><\/p>\n","protected":false},"author":828,"featured_media":0,"parent":0,"menu_order":0,"comment_status":"closed","ping_status":"closed","template":"","meta":{"footnotes":""},"class_list":["post-325","page","type-page","status-publish","hentry"],"_links":{"self":[{"href":"https:\/\/wordpress.nibis.de\/gsfindorff\/wp-json\/wp\/v2\/pages\/325","targetHints":{"allow":["GET"]}}],"collection":[{"href":"https:\/\/wordpress.nibis.de\/gsfindorff\/wp-json\/wp\/v2\/pages"}],"about":[{"href":"https:\/\/wordpress.nibis.de\/gsfindorff\/wp-json\/wp\/v2\/types\/page"}],"author":[{"embeddable":true,"href":"https:\/\/wordpress.nibis.de\/gsfindorff\/wp-json\/wp\/v2\/users\/828"}],"replies":[{"embeddable":true,"href":"https:\/\/wordpress.nibis.de\/gsfindorff\/wp-json\/wp\/v2\/comments?post=325"}],"version-history":[{"count":5,"href":"https:\/\/wordpress.nibis.de\/gsfindorff\/wp-json\/wp\/v2\/pages\/325\/revisions"}],"predecessor-version":[{"id":1116,"href":"https:\/\/wordpress.nibis.de\/gsfindorff\/wp-json\/wp\/v2\/pages\/325\/revisions\/1116"}],"wp:attachment":[{"href":"https:\/\/wordpress.nibis.de\/gsfindorff\/wp-json\/wp\/v2\/media?parent=325"}],"curies":[{"name":"wp","href":"https:\/\/api.w.org\/{rel}","templated":true}]}}