{"id":580,"date":"2016-06-03T10:07:30","date_gmt":"2016-06-03T08:07:30","guid":{"rendered":"http:\/\/wordpress.nibis.de\/gsfindorff\/?page_id=580"},"modified":"2025-06-23T08:37:19","modified_gmt":"2025-06-23T06:37:19","slug":"freundeskreis","status":"publish","type":"page","link":"https:\/\/wordpress.nibis.de\/gsfindorff\/freundeskreis\/","title":{"rendered":"Freundeskreis"},"content":{"rendered":"\n<div class=\"wp-block-image\"><figure class=\"aligncenter size-full\"><img loading=\"lazy\" decoding=\"async\" width=\"302\" height=\"254\" src=\"https:\/\/wordpress.nibis.de\/gsfindorff\/files\/2024\/02\/Logo-Freundeskreis.jpg\" alt=\"\" class=\"wp-image-1305\" \/><\/figure><\/div>\n\n\n<p style=\"text-align: left\">Der &#8222;Freundeskreis der Findorffschule e.V.&#8220; ist der F\u00f6rderverein unserer Schule.<\/p>\n<p style=\"text-align: center\"><strong>Wer ist der Freundeskreis?<\/strong><\/p>\n<p style=\"text-align: left\">Alle Eltern d\u00fcrfen Mitglied im Freundeskreis werden. Mitglieder des Freundeskreises sind Eltern, deren Kinder unsere Schule besuchen, aber auch Lehrer, Eltern von ehemaligen Sch\u00fcler_innen und besondere F\u00f6rderer des Vereins.<\/p>\n<p style=\"text-align: center\"><strong>Wer ist der Vorstand?<\/strong><\/p>\n<p style=\"text-align: left\">Der Vorstand wird von den Mitgliedern des F\u00f6rdervereins gew\u00e4hlt. Dieses Amt wird ehrenamtlich und ohne Zahlung einer Aufwandsentsch\u00e4digung ausge\u00fcbt.<\/p>\n<p style=\"text-align: left\">Der derzeitige Vorstand besteht aus:<\/p>\n<p style=\"text-align: center\">Thorsten Denker (1. Vorsitzender)<\/p>\n<p style=\"text-align: center\">Sven Uhrhan (2. Vorsitzender)<\/p>\n<p style=\"text-align: center\">Irene Schwarz (Kassenwartin)<\/p>\n<p style=\"text-align: center\">Jasmin Tietjen (Schriftf\u00fchrerin)<\/p>\n<p>\u00a0 \u00a0 \u00a0 \u00a0 \u00a0 \u00a0 \u00a0 \u00a0 \u00a0 \u00a0 \u00a0 \u00a0 \u00a0 \u00a0 \u00a0 \u00a0 \u00a0 \u00a0 \u00a0 \u00a0 \u00a0 \u00a0 \u00a0 \u00a0 \u00a0 \u00a0 \u00a0 \u00a0 Sabine Walter, J\u00f6rg Paciak (Beisitzer)<\/p>\n<p>Neben dem gesetzlich geforderten Vorstand gibt es aber noch viel mehr helfende H\u00e4nde, ohne die die Arbeit nicht zu schaffen w\u00e4re.<\/p>\n<p>Hier erhalten Sie weitere Informationen zu unserem F\u00f6rderverein:<br \/><a href=\"http:\/\/wordpress.nibis.de\/gsfindorff\/files\/2017\/07\/Konzept-des-Freundeskreises.pdf\">Konzept des Freundeskreises<\/a><br \/><a href=\"https:\/\/wordpress.nibis.de\/gsfindorff\/files\/2021\/07\/Satzung-2020.pdf\">Vereinssatzung<\/a><\/p>\n<p><a href=\"https:\/\/wordpress.nibis.de\/gsfindorff\/files\/2021\/11\/Datenschutzordnung-des-Freundeskreises-der-Findorffschule-Osterholz-1-1.pdf\">Datenschutzordnung des Freundeskreises der Findorffschule Osterholz<\/a><\/p>\n<p style=\"text-align: center\"><strong>Was passiert mit den Beitr\u00e4gen, Erl\u00f6sen und Spenden?<\/strong><\/p>\n<p>Von den Einnahmen des Vereins kann der Vorstand dann f\u00fcr die Kinder der Findorffschule viele tolle Projekte in Angriff nehmen, die die Schule vor allem finanziell so nicht umsetzen k\u00f6nnte.<\/p>\n<p>Zum Beispiel:<\/p>\n<ul>\n<li>Jede 3. Klasse bekommt f\u00fcr ihre Klassenfahrt einen Zuschuss.<\/li>\n<li>Die Sch\u00fcler*innen der 2. Klassen k\u00f6nnen an dem Aikido-Kurs (Selbstverteidigung) in der Schule teilnehmen.<\/li>\n<li>Das Schulgel\u00e4nde hat einen Zaun bekommen.<\/li>\n<li>Neue Fu\u00dfballtore und ein Spielger\u00e4tehaus wurden angeschafft.<\/li>\n<li>Es werden Theaterbesuche unterst\u00fctzt.<\/li>\n<li>Die B\u00fccherei wurde bei der Einrichtung unterst\u00fctzt und hat ein PC-gesteuertes Ausleihsystem erhalten.<\/li>\n<li>2024 wurde f\u00fcr die Sch\u00fcler eine Kletterwand angeschafft.<\/li>\n<\/ul>\n<p>Die Kids werden regelm\u00e4\u00dfig gefragt, was sie sich f\u00fcr ihre Schule w\u00fcnschen und der Freundeskreis versucht, diese W\u00fcnsche zu erf\u00fcllen.<\/p>\n<p><strong>Das Geld garantiert Anschaffungen, die sonst nicht get\u00e4tigt werden k\u00f6nnten. <\/strong><\/p>\n<p style=\"text-align: center\"><strong>Was macht der Freundeskreis noch &#8211; au\u00dfer Geld ausgeben?<\/strong><\/p>\n<p>Nat\u00fcrlich sammelt der Freundeskreis nicht nur Geldspenden.<\/p>\n<p>Er sammelt auch Hilfe: Die Hilfe von Eltern.<\/p>\n<p>Da die Schule viele Veranstaltungen im Jahr hat, die der Vorstand mit der Schule plant, braucht der Freundeskreis die Unterst\u00fctzung von jedem Elternteil.<\/p>\n<p>Jede Mama, die Kuchen oder Muffins backt, aber auch jeder Papa, der sich an den Grill stellt und Tische mit auf- und abbaut sind eine gro\u00dfe Hilfe. Nur zusammen k\u00f6nnen wir f\u00fcr unsere Kinder den Schulalltag an der Findorffschule weiterhin so sch\u00f6n gestalten.<\/p>\n<p>Wir freuen uns \u00fcber jedes neue Mitglied, denn jeder Beitrag und jede helfende Hand tragen dazu bei, die Findorffschule f\u00fcr unsere Kinder noch ein St\u00fcck spannender, sch\u00f6ner und auch lustiger zu machen.<\/p>\n<p>Jedes Kind soll sich in seiner Grundschule wohl f\u00fchlen.<\/p>\n<p>Wir wollen auch in den n\u00e4chsten Jahren ein paar sch\u00f6ne Aktionen und Veranstaltungen f\u00fcr die Kinder auf die Beine stellen und freuen uns \u00fcber Vorschl\u00e4ge und auch auf Ihre Hilfe.<\/p>\n<p style=\"text-align: center\"><strong>Was hat der Freundeskreis mit der Betreuungsgruppe &#8222;B\u00e4renstark&#8220; zu tun?<\/strong><\/p>\n<p>Der Freundeskreis k\u00fcmmert sich auch um die Betreuungsgruppe &#8222;B\u00e4renstark&#8220;. Er ist der Tr\u00e4ger von &#8222;B\u00e4renstark&#8220;. Das hei\u00dft, auch dort passt der Vorstand des Freundeskreises auf das Geld auf und sorgt f\u00fcr vern\u00fcnftige Rahmenbedingungen.<\/p>\n<p>Das Geld, dass die Eltern f\u00fcr die Nachmittagsbetreuung der Kinder zahlen m\u00fcssen, kommt auf ein separates Konto. Davon bezahlt der Vorstand die Geh\u00e4lter der Betreuerinnen und auch das Mittagessen, sowie die laufenden Sachausgaben und Neuanschaffungen.<\/p>\n<p>Ohne den Freundeskreis k\u00f6nnte die Nachmittagsbetreuung in der Gruppe &#8222;B\u00e4renstark&#8220; nicht realisiert werden. Somit versteht es sich von selbst, dass man Mitglied im Freundeskreis sein muss, um \u00fcberhaupt einen Betreuungsplatz in der Gruppe &#8222;B\u00e4renstark&#8220; bekommen zu k\u00f6nnen.<\/p>\n<p style=\"text-align: center\"><strong>Wie erreiche ich den Vorstand?<\/strong><\/p>\n<p>Sind wir bei Fragen, W\u00fcnschen, Verbesserungsvorschl\u00e4gen etc. nicht pers\u00f6nlich &#8222;greifbar&#8220;, dann senden Sie uns bitte einfach eine Mail an<\/p>\n<p style=\"text-align: center\">&#102;&#x72;&#x65;&#117;&#x6e;&#x64;&#101;&#x73;&#x6b;&#114;&#x65;&#x69;&#115;&#x2d;&#x66;&#105;&#x6e;&#x64;&#111;&#x72;&#x66;&#102;&#x73;&#x63;&#104;&#x75;&#x6c;e&#x40;&#x6f;u&#x74;&#x6c;o&#111;&#x6b;&#46;&#100;&#x65;<\/p>\n<p style=\"text-align: center\"><strong>Ich m\u00f6chte Mitglied werden. Was muss ich tun?<\/strong><\/p>\n<p>Sie m\u00f6chten den Freundeskreis passiv oder aktiv unterst\u00fctzen? Dar\u00fcber freuen wir uns sehr. Ein Eintritt als Mitglied ist jederzeit und ganz einfach m\u00f6glich.<\/p>\n<p>Ausgef\u00fcllte Antr\u00e4ge k\u00f6nnen jederzeit bei den Lehrkr\u00e4ften der Schule abgegeben werden.<\/p>\n<p>F\u00fcr Ihr Interesse und Ihre Unterst\u00fctzung bedanken wir uns &#8211; auch im Namen der Kinder an der Findorffschule.<\/p>\n<p><strong>\u00a0<\/strong><\/p>\n\n\n<div data-wp-interactive=\"core\/file\" class=\"wp-block-file\"><object data-wp-bind--hidden=\"!state.hasPdfPreview\" hidden class=\"wp-block-file__embed\" data=\"https:\/\/wordpress.nibis.de\/gsfindorff\/files\/2024\/02\/2023-11_Beitrittserklaerung-Mitgliedschaft.pdf\" type=\"application\/pdf\" style=\"width:100%;height:600px\" aria-label=\"Einbettung von Einbettung von 2023-11_Beitrittserkl\u00e4rung Mitgliedschaft..\"><\/object><a id=\"wp-block-file--media-89313461-beaa-4aeb-afa2-b20bea87a4e8\" href=\"https:\/\/wordpress.nibis.de\/gsfindorff\/files\/2024\/02\/2023-11_Beitrittserklaerung-Mitgliedschaft.pdf\">2023-11_Beitrittserkl\u00e4rung Mitgliedschaft<\/a><a href=\"https:\/\/wordpress.nibis.de\/gsfindorff\/files\/2024\/02\/2023-11_Beitrittserklaerung-Mitgliedschaft.pdf\" class=\"wp-block-file__button\" download aria-describedby=\"wp-block-file--media-89313461-beaa-4aeb-afa2-b20bea87a4e8\">Herunterladen<\/a><\/div>\n\n\n\n<p>Mitgliedsantr\u00e4ge finden Sie auch an unserer Info-Tafel in der Findorffschule (in der Pausenhalle rechts halten, dann links neben der Fl\u00fcgelt\u00fcr).<\/p>\n","protected":false},"excerpt":{"rendered":"<p>Der &#8222;Freundeskreis der Findorffschule e.V.&#8220; ist der F\u00f6rderverein unserer Schule. Wer ist der Freundeskreis? Alle Eltern d\u00fcrfen Mitglied im Freundeskreis werden. Mitglieder des Freundeskreises sind Eltern, deren Kinder unsere Schule besuchen, aber auch Lehrer, Eltern von ehemaligen Sch\u00fcler_innen und besondere F\u00f6rderer des Vereins. Wer ist der Vorstand? Der Vorstand wird von den Mitgliedern des F\u00f6rdervereins gew\u00e4hlt. Dieses Amt wird ehrenamtlich und ohne Zahlung einer Aufwandsentsch\u00e4digung ausge\u00fcbt. Der derzeitige Vorstand besteht aus: Thorsten Denker (1. Vorsitzender) Sven Uhrhan (2. Vorsitzender) Irene&#8230;<\/p>\n<p class=\"read-more\"><a class=\"btn btn-default\" href=\"https:\/\/wordpress.nibis.de\/gsfindorff\/freundeskreis\/\">Weiterlesen<span class=\"screen-reader-text\"> Weiterlesen<\/span><\/a><\/p>\n","protected":false},"author":828,"featured_media":0,"parent":0,"menu_order":0,"comment_status":"closed","ping_status":"closed","template":"","meta":{"footnotes":""},"class_list":["post-580","page","type-page","status-publish","hentry"],"_links":{"self":[{"href":"https:\/\/wordpress.nibis.de\/gsfindorff\/wp-json\/wp\/v2\/pages\/580","targetHints":{"allow":["GET"]}}],"collection":[{"href":"https:\/\/wordpress.nibis.de\/gsfindorff\/wp-json\/wp\/v2\/pages"}],"about":[{"href":"https:\/\/wordpress.nibis.de\/gsfindorff\/wp-json\/wp\/v2\/types\/page"}],"author":[{"embeddable":true,"href":"https:\/\/wordpress.nibis.de\/gsfindorff\/wp-json\/wp\/v2\/users\/828"}],"replies":[{"embeddable":true,"href":"https:\/\/wordpress.nibis.de\/gsfindorff\/wp-json\/wp\/v2\/comments?post=580"}],"version-history":[{"count":21,"href":"https:\/\/wordpress.nibis.de\/gsfindorff\/wp-json\/wp\/v2\/pages\/580\/revisions"}],"predecessor-version":[{"id":1369,"href":"https:\/\/wordpress.nibis.de\/gsfindorff\/wp-json\/wp\/v2\/pages\/580\/revisions\/1369"}],"wp:attachment":[{"href":"https:\/\/wordpress.nibis.de\/gsfindorff\/wp-json\/wp\/v2\/media?parent=580"}],"curies":[{"name":"wp","href":"https:\/\/api.w.org\/{rel}","templated":true}]}}