{"id":691,"date":"2017-05-20T15:20:50","date_gmt":"2017-05-20T13:20:50","guid":{"rendered":"http:\/\/wordpress.nibis.de\/gsfindorff\/?page_id=691"},"modified":"2023-10-16T16:12:56","modified_gmt":"2023-10-16T14:12:56","slug":"buecher-mit-dem-ipad-erstellen","status":"publish","type":"page","link":"https:\/\/wordpress.nibis.de\/gsfindorff\/buecher-mit-dem-ipad-erstellen\/","title":{"rendered":"B\u00fccher mit dem IPad erstellen"},"content":{"rendered":"<p>W\u00e4hrend der Projektwoche &#8222;Von Bullerb\u00fc bis Panama &#8211; B\u00fccher sind f\u00fcr alle da&#8220; haben wir in einer Gruppe eigene B\u00fccher gestaltet. Das Oberthema war dabei &#8222;Freundschaft&#8220;. Wir haben in Gruppen mit iPads Fotos gemacht und in der App Book Creator damit unsere B\u00fccher gestaltet. Die fertigen B\u00fccher gibt es in unserer Schulb\u00fccherei, eins davon auch hier zum Ansehen. Viel Spa\u00df damit!<\/p>\n<p><a href=\"http:\/\/wordpress.nibis.de\/gsfindorff\/files\/2017\/05\/Freunde-machen-Quatsch.pdf\">Freunde machen Quatsch<\/a><\/p>\n\n\n<p><\/p>\n","protected":false},"excerpt":{"rendered":"<p>W\u00e4hrend der Projektwoche &#8222;Von Bullerb\u00fc bis Panama &#8211; B\u00fccher sind f\u00fcr alle da&#8220; haben wir in einer Gruppe eigene B\u00fccher gestaltet. Das Oberthema war dabei &#8222;Freundschaft&#8220;. Wir haben in Gruppen mit iPads Fotos gemacht und in der App Book Creator damit unsere B\u00fccher gestaltet. Die fertigen B\u00fccher gibt es in unserer Schulb\u00fccherei, eins davon auch hier zum Ansehen. Viel Spa\u00df damit! Freunde machen Quatsch<\/p>\n","protected":false},"author":828,"featured_media":0,"parent":0,"menu_order":0,"comment_status":"closed","ping_status":"closed","template":"","meta":{"footnotes":""},"class_list":["post-691","page","type-page","status-publish","hentry"],"_links":{"self":[{"href":"https:\/\/wordpress.nibis.de\/gsfindorff\/wp-json\/wp\/v2\/pages\/691","targetHints":{"allow":["GET"]}}],"collection":[{"href":"https:\/\/wordpress.nibis.de\/gsfindorff\/wp-json\/wp\/v2\/pages"}],"about":[{"href":"https:\/\/wordpress.nibis.de\/gsfindorff\/wp-json\/wp\/v2\/types\/page"}],"author":[{"embeddable":true,"href":"https:\/\/wordpress.nibis.de\/gsfindorff\/wp-json\/wp\/v2\/users\/828"}],"replies":[{"embeddable":true,"href":"https:\/\/wordpress.nibis.de\/gsfindorff\/wp-json\/wp\/v2\/comments?post=691"}],"version-history":[{"count":9,"href":"https:\/\/wordpress.nibis.de\/gsfindorff\/wp-json\/wp\/v2\/pages\/691\/revisions"}],"predecessor-version":[{"id":1267,"href":"https:\/\/wordpress.nibis.de\/gsfindorff\/wp-json\/wp\/v2\/pages\/691\/revisions\/1267"}],"wp:attachment":[{"href":"https:\/\/wordpress.nibis.de\/gsfindorff\/wp-json\/wp\/v2\/media?parent=691"}],"curies":[{"name":"wp","href":"https:\/\/api.w.org\/{rel}","templated":true}]}}