{"id":892,"date":"2018-05-15T10:19:51","date_gmt":"2018-05-15T08:19:51","guid":{"rendered":"http:\/\/wordpress.nibis.de\/gsfindorff\/?page_id=892"},"modified":"2023-10-16T16:09:37","modified_gmt":"2023-10-16T14:09:37","slug":"projektwoche-zirkus-2018","status":"publish","type":"page","link":"https:\/\/wordpress.nibis.de\/gsfindorff\/projektwoche-zirkus-2018\/","title":{"rendered":"Projektwoche Zirkus 2018"},"content":{"rendered":"\n<div class=\"wp-block-image\"><figure class=\"aligncenter\"><img loading=\"lazy\" decoding=\"async\" width=\"300\" height=\"282\" src=\"https:\/\/wordpress.nibis.de\/gsfindorff\/files\/2019\/11\/IMG-20180602-WA0001-300x282.jpg\" alt=\"\" class=\"wp-image-1029\" srcset=\"https:\/\/wordpress.nibis.de\/gsfindorff\/files\/2019\/11\/IMG-20180602-WA0001-300x282.jpg 300w, https:\/\/wordpress.nibis.de\/gsfindorff\/files\/2019\/11\/IMG-20180602-WA0001.jpg 548w\" sizes=\"auto, (max-width: 300px) 100vw, 300px\" \/><\/figure><\/div>\n\n\n\n<p>Vom 04. &#8211; 08. 06. 2018 gastierte der <a href=\"https:\/\/www.facebook.com\/p\/Projekt-Circus-Fellini-100057416749632\/?locale=de_DE\">Zirkus Fellini<\/a> auf unserem Schulhof. Eine Woche lang probten die Findorffsch\u00fclerinnen und -sch\u00fcler, um am Freitag, den 08. 06. in zwei Auff\u00fchrungen ihr K\u00f6nnen zu zeigen.<\/p>\n\n\n\n<div class=\"wp-block-image\"><figure class=\"aligncenter\"><img loading=\"lazy\" decoding=\"async\" width=\"169\" height=\"300\" src=\"https:\/\/wordpress.nibis.de\/gsfindorff\/files\/2019\/11\/IMG-20180603-WA0004-169x300.jpg\" alt=\"\" class=\"wp-image-1030\" srcset=\"https:\/\/wordpress.nibis.de\/gsfindorff\/files\/2019\/11\/IMG-20180603-WA0004-169x300.jpg 169w, https:\/\/wordpress.nibis.de\/gsfindorff\/files\/2019\/11\/IMG-20180603-WA0004-449x800.jpg 449w, https:\/\/wordpress.nibis.de\/gsfindorff\/files\/2019\/11\/IMG-20180603-WA0004.jpg 719w\" sizes=\"auto, (max-width: 169px) 100vw, 169px\" \/><\/figure><\/div>\n\n\n\n<p>In dieser tollen Projektwoche wurden so viele Bilder gemacht, dass wir sie hier nicht alle zeigen k\u00f6nnen. <\/p>\n","protected":false},"excerpt":{"rendered":"<p>Vom 04. &#8211; 08. 06. 2018 gastierte der Zirkus Fellini auf unserem Schulhof. Eine Woche lang probten die Findorffsch\u00fclerinnen und -sch\u00fcler, um am Freitag, den 08. 06. in zwei Auff\u00fchrungen ihr K\u00f6nnen zu zeigen. In dieser tollen Projektwoche wurden so viele Bilder gemacht, dass wir sie hier nicht alle zeigen k\u00f6nnen.<\/p>\n","protected":false},"author":828,"featured_media":0,"parent":0,"menu_order":0,"comment_status":"closed","ping_status":"closed","template":"","meta":{"footnotes":""},"class_list":["post-892","page","type-page","status-publish","hentry"],"_links":{"self":[{"href":"https:\/\/wordpress.nibis.de\/gsfindorff\/wp-json\/wp\/v2\/pages\/892","targetHints":{"allow":["GET"]}}],"collection":[{"href":"https:\/\/wordpress.nibis.de\/gsfindorff\/wp-json\/wp\/v2\/pages"}],"about":[{"href":"https:\/\/wordpress.nibis.de\/gsfindorff\/wp-json\/wp\/v2\/types\/page"}],"author":[{"embeddable":true,"href":"https:\/\/wordpress.nibis.de\/gsfindorff\/wp-json\/wp\/v2\/users\/828"}],"replies":[{"embeddable":true,"href":"https:\/\/wordpress.nibis.de\/gsfindorff\/wp-json\/wp\/v2\/comments?post=892"}],"version-history":[{"count":7,"href":"https:\/\/wordpress.nibis.de\/gsfindorff\/wp-json\/wp\/v2\/pages\/892\/revisions"}],"predecessor-version":[{"id":1266,"href":"https:\/\/wordpress.nibis.de\/gsfindorff\/wp-json\/wp\/v2\/pages\/892\/revisions\/1266"}],"wp:attachment":[{"href":"https:\/\/wordpress.nibis.de\/gsfindorff\/wp-json\/wp\/v2\/media?parent=892"}],"curies":[{"name":"wp","href":"https:\/\/api.w.org\/{rel}","templated":true}]}}