{"id":1112,"date":"2015-07-29T08:53:48","date_gmt":"2015-07-29T06:53:48","guid":{"rendered":"http:\/\/wordpress.nibis.de\/gsfinken\/?page_id=1112"},"modified":"2023-11-10T11:22:56","modified_gmt":"2023-11-10T10:22:56","slug":"infos-fuer-eltern","status":"publish","type":"page","link":"https:\/\/wordpress.nibis.de\/gsfinken\/eltern\/infos-fuer-eltern\/","title":{"rendered":"Infos f\u00fcr Sch\u00fclerInnen und Eltern"},"content":{"rendered":"<p>Hier finden Sie einige interessante Links f\u00fcr Eltern. Die Sammlung wird st\u00e4ndig erweitert und aktuallisiert.<\/p>\n<p><a href=\"https:\/\/wordpress.nibis.de\/gsfinken\/files\/Hinweise_AV_SV.pdf\">Hinweise_AV_SV<\/a><\/p>\n<p><a href=\"https:\/\/www.gesamtschule-wittmund.de\/\" target=\"_blank\" rel=\"noopener noreferrer\">KGS Wittmund<\/a><\/p>\n<p><a href=\"http:\/\/wp2.nige.de\/wordpress\/\" target=\"_blank\" rel=\"noopener noreferrer\">Nieders\u00e4chsisches Internatsgymnasium Esens (NIGE)<\/a><\/p>\n<p><a href=\"http:\/\/www.guvh.de\/aktuelles\/artikel\/\">Gemeinde-Unfallversicherunsverband Hannover Landesunfallkasse Niedersachsen<\/a><\/p>\n<p><a href=\"http:\/\/wordpress.nibis.de\/gsfinken\/files\/Erlass_Die_Arbeit__in_der__Grundschule.pdf\">Erlass_Die_Arbeit_in_der_Grundschule<\/a><\/p>\n<p><a href=\"http:\/\/wordpress.nibis.de\/gsfinken\/files\/leitfaden_elternarbeit.pdf\" rel=\"\">Leitfaden Elternarbeit<\/a><\/p>\n","protected":false},"excerpt":{"rendered":"<p>Hier finden Sie einige interessante Links f\u00fcr Eltern. Die Sammlung wird st\u00e4ndig erweitert und aktuallisiert. Hinweise_AV_SV KGS Wittmund Nieders\u00e4chsisches Internatsgymnasium Esens (NIGE) Gemeinde-Unfallversicherunsverband Hannover Landesunfallkasse Niedersachsen Erlass_Die_Arbeit_in_der_Grundschule Leitfaden Elternarbeit<\/p>\n","protected":false},"author":393,"featured_media":0,"parent":120,"menu_order":0,"comment_status":"closed","ping_status":"closed","template":"","meta":{"footnotes":""},"class_list":["post-1112","page","type-page","status-publish","hentry"],"_links":{"self":[{"href":"https:\/\/wordpress.nibis.de\/gsfinken\/wp-json\/wp\/v2\/pages\/1112","targetHints":{"allow":["GET"]}}],"collection":[{"href":"https:\/\/wordpress.nibis.de\/gsfinken\/wp-json\/wp\/v2\/pages"}],"about":[{"href":"https:\/\/wordpress.nibis.de\/gsfinken\/wp-json\/wp\/v2\/types\/page"}],"author":[{"embeddable":true,"href":"https:\/\/wordpress.nibis.de\/gsfinken\/wp-json\/wp\/v2\/users\/393"}],"replies":[{"embeddable":true,"href":"https:\/\/wordpress.nibis.de\/gsfinken\/wp-json\/wp\/v2\/comments?post=1112"}],"version-history":[{"count":14,"href":"https:\/\/wordpress.nibis.de\/gsfinken\/wp-json\/wp\/v2\/pages\/1112\/revisions"}],"predecessor-version":[{"id":4100,"href":"https:\/\/wordpress.nibis.de\/gsfinken\/wp-json\/wp\/v2\/pages\/1112\/revisions\/4100"}],"up":[{"embeddable":true,"href":"https:\/\/wordpress.nibis.de\/gsfinken\/wp-json\/wp\/v2\/pages\/120"}],"wp:attachment":[{"href":"https:\/\/wordpress.nibis.de\/gsfinken\/wp-json\/wp\/v2\/media?parent=1112"}],"curies":[{"name":"wp","href":"https:\/\/api.w.org\/{rel}","templated":true}]}}