{"id":1196,"date":"2015-09-21T21:31:48","date_gmt":"2015-09-21T19:31:48","guid":{"rendered":"http:\/\/wordpress.nibis.de\/gsfinken\/?page_id=1196"},"modified":"2024-04-03T12:23:01","modified_gmt":"2024-04-03T10:23:01","slug":"formulare","status":"publish","type":"page","link":"https:\/\/wordpress.nibis.de\/gsfinken\/eltern\/formulare\/","title":{"rendered":"Formulare"},"content":{"rendered":"<p><a href=\"https:\/\/wordpress.nibis.de\/gsfinken\/files\/Anmeldung-PDF.pdf\">Anmeldung PDF<\/a><\/p>\n<p><a href=\"https:\/\/wordpress.nibis.de\/gsfinken\/eltern\/formulare\/datenschutzgrundverordnung-2\/\" rel=\"attachment wp-att-3158\">Datenschutzgrundverordnung<\/a><\/p>\n<p><a href=\"https:\/\/wordpress.nibis.de\/gsfinken\/eltern\/formulare\/bescheinigung2\/\" rel=\"attachment wp-att-3105\">Bescheinigung Krankheitssymptome<\/a><\/p>\n<p><a href=\"https:\/\/wordpress.nibis.de\/gsfinken\/eltern\/formulare\/but-antrag\/\" rel=\"attachment wp-att-3119\">BUT Antrag<\/a><\/p>\n<p><a href=\"http:\/\/wordpress.nibis.de\/gsfinken\/files\/Antrag-BuT-II.pdf\">Antrag BuT II<\/a><\/p>\n<p><a href=\"http:\/\/wordpress.nibis.de\/gsfinken\/files\/Antrag-Dabei-sein.pdf\">Antrag Dabei sein<\/a><\/p>\n<p><a href=\"http:\/\/wordpress.nibis.de\/gsfinken\/files\/Einverst\u00e4ndniserkl\u00e4rung-Personenberechtigung.pdf\">Einverst\u00e4ndniserkl\u00e4rung, Personenberechtigung<\/a><\/p>\n<p><a href=\"http:\/\/wordpress.nibis.de\/gsfinken\/files\/Erkl\u00e4rung-zur-Sorgeberechtigung.pdf\">Erkl\u00e4rung zur Sorgeberechtigung<\/a><\/p>\n<p><a href=\"http:\/\/wordpress.nibis.de\/gsfinken\/files\/L\u00e4usebrief.pdf\">L\u00e4usebrief<\/a><\/p>\n<p><a href=\"http:\/\/wordpress.nibis.de\/gsfinken\/files\/Ver\u00e4nderungsanzeige.pdf\">Ver\u00e4nderungsanzeige<\/a><\/p>\n","protected":false},"excerpt":{"rendered":"<p>Anmeldung PDF Datenschutzgrundverordnung Bescheinigung Krankheitssymptome BUT Antrag Antrag BuT II Antrag Dabei sein Einverst\u00e4ndniserkl\u00e4rung, Personenberechtigung Erkl\u00e4rung zur Sorgeberechtigung L\u00e4usebrief Ver\u00e4nderungsanzeige<\/p>\n","protected":false},"author":393,"featured_media":0,"parent":120,"menu_order":0,"comment_status":"closed","ping_status":"closed","template":"","meta":{"footnotes":""},"class_list":["post-1196","page","type-page","status-publish","hentry"],"_links":{"self":[{"href":"https:\/\/wordpress.nibis.de\/gsfinken\/wp-json\/wp\/v2\/pages\/1196","targetHints":{"allow":["GET"]}}],"collection":[{"href":"https:\/\/wordpress.nibis.de\/gsfinken\/wp-json\/wp\/v2\/pages"}],"about":[{"href":"https:\/\/wordpress.nibis.de\/gsfinken\/wp-json\/wp\/v2\/types\/page"}],"author":[{"embeddable":true,"href":"https:\/\/wordpress.nibis.de\/gsfinken\/wp-json\/wp\/v2\/users\/393"}],"replies":[{"embeddable":true,"href":"https:\/\/wordpress.nibis.de\/gsfinken\/wp-json\/wp\/v2\/comments?post=1196"}],"version-history":[{"count":23,"href":"https:\/\/wordpress.nibis.de\/gsfinken\/wp-json\/wp\/v2\/pages\/1196\/revisions"}],"predecessor-version":[{"id":4266,"href":"https:\/\/wordpress.nibis.de\/gsfinken\/wp-json\/wp\/v2\/pages\/1196\/revisions\/4266"}],"up":[{"embeddable":true,"href":"https:\/\/wordpress.nibis.de\/gsfinken\/wp-json\/wp\/v2\/pages\/120"}],"wp:attachment":[{"href":"https:\/\/wordpress.nibis.de\/gsfinken\/wp-json\/wp\/v2\/media?parent=1196"}],"curies":[{"name":"wp","href":"https:\/\/api.w.org\/{rel}","templated":true}]}}