{"id":132,"date":"2014-04-12T19:18:18","date_gmt":"2014-04-12T17:18:18","guid":{"rendered":"http:\/\/wordpress.nibis.de\/gsfinken\/?page_id=132"},"modified":"2024-10-01T14:24:50","modified_gmt":"2024-10-01T12:24:50","slug":"sekretariat","status":"publish","type":"page","link":"https:\/\/wordpress.nibis.de\/gsfinken\/ueber-uns\/sekretariat\/","title":{"rendered":"Sekretariat"},"content":{"rendered":"<p>In unserem Sekretariat k\u00fcmmern sich Frau Nowack und Frau Wagner um fast s\u00e4mtliche Belange der Eltern und der Sch\u00fcler.<\/p>\n<p>Vom kleinen &#8222;Trostpflaster&#8220; bis zur kompetenten Fachberatung und praktischer Hilfe beim Ausf\u00fcllen von Formularen.<\/p>\n<p style=\"text-align: center\"><strong>Die Finkenburgschule Wittmund, Standort Wittmund, ist\u00a0 unter folgenden Telefonnummer\/Faxnummer zu erreichen:<\/strong><\/p>\n<p>Sekretariat I, Frau Nowack: Sch\u00fclerangelegenheiten Telefon: 04462\/2046767 \u00a0 \u00a0 \u00a0 \u00a0 \u00a0 \u00a0 \u00a0 \u00a0\u00a0 Fax: 04462\/2046765<\/p>\n<p><a href=\"https:\/\/wordpress.nibis.de\/gsfinken\/ueber-uns\/sekretariat\/20200916_092723\/\" rel=\"attachment wp-att-3124\"><img loading=\"lazy\" decoding=\"async\" class=\"aligncenter wp-image-3124 size-medium\" src=\"https:\/\/wordpress.nibis.de\/gsfinken\/files\/20200916_092723-300x200.jpg\" alt=\"\" width=\"300\" height=\"200\" srcset=\"https:\/\/wordpress.nibis.de\/gsfinken\/files\/20200916_092723-300x200.jpg 300w, https:\/\/wordpress.nibis.de\/gsfinken\/files\/20200916_092723-800x534.jpg 800w, https:\/\/wordpress.nibis.de\/gsfinken\/files\/20200916_092723-768x513.jpg 768w, https:\/\/wordpress.nibis.de\/gsfinken\/files\/20200916_092723-1536x1026.jpg 1536w, https:\/\/wordpress.nibis.de\/gsfinken\/files\/20200916_092723-2048x1367.jpg 2048w\" sizes=\"auto, (max-width: 300px) 100vw, 300px\" \/><\/a><\/p>\n<p>&nbsp;<\/p>\n<p>Sekretariat II, Frau Wagner: Bildung und Teilhabe\/Ganztag Telefon: 04462\/2046766\u00a0\u00a0\u00a0\u00a0\u00a0\u00a0\u00a0\u00a0\u00a0\u00a0\u00a0\u00a0\u00a0\u00a0 Fax: 04462\/2046765<\/p>\n<p><img loading=\"lazy\" decoding=\"async\" class=\"size-medium wp-image-4423 aligncenter\" src=\"https:\/\/wordpress.nibis.de\/gsfinken\/files\/20241001_122003-225x300.jpg\" alt=\"\" width=\"225\" height=\"300\" srcset=\"https:\/\/wordpress.nibis.de\/gsfinken\/files\/20241001_122003-225x300.jpg 225w, https:\/\/wordpress.nibis.de\/gsfinken\/files\/20241001_122003-450x600.jpg 450w, https:\/\/wordpress.nibis.de\/gsfinken\/files\/20241001_122003-768x1024.jpg 768w, https:\/\/wordpress.nibis.de\/gsfinken\/files\/20241001_122003-1152x1536.jpg 1152w, https:\/\/wordpress.nibis.de\/gsfinken\/files\/20241001_122003-1536x2048.jpg 1536w, https:\/\/wordpress.nibis.de\/gsfinken\/files\/20241001_122003-scaled.jpg 1920w\" sizes=\"auto, (max-width: 225px) 100vw, 225px\" \/><\/p>\n","protected":false},"excerpt":{"rendered":"<p>In unserem Sekretariat k\u00fcmmern sich Frau Nowack und Frau Wagner um fast s\u00e4mtliche Belange der Eltern und der Sch\u00fcler. Vom kleinen &#8222;Trostpflaster&#8220; bis zur kompetenten Fachberatung und praktischer Hilfe beim Ausf\u00fcllen von Formularen. Die Finkenburgschule Wittmund, Standort Wittmund, ist\u00a0 unter &hellip; <a href=\"https:\/\/wordpress.nibis.de\/gsfinken\/ueber-uns\/sekretariat\/\">Weiterlesen <span class=\"meta-nav\">&rarr;<\/span><\/a><\/p>\n","protected":false},"author":393,"featured_media":0,"parent":88,"menu_order":3,"comment_status":"closed","ping_status":"closed","template":"","meta":{"footnotes":""},"class_list":["post-132","page","type-page","status-publish","hentry"],"_links":{"self":[{"href":"https:\/\/wordpress.nibis.de\/gsfinken\/wp-json\/wp\/v2\/pages\/132","targetHints":{"allow":["GET"]}}],"collection":[{"href":"https:\/\/wordpress.nibis.de\/gsfinken\/wp-json\/wp\/v2\/pages"}],"about":[{"href":"https:\/\/wordpress.nibis.de\/gsfinken\/wp-json\/wp\/v2\/types\/page"}],"author":[{"embeddable":true,"href":"https:\/\/wordpress.nibis.de\/gsfinken\/wp-json\/wp\/v2\/users\/393"}],"replies":[{"embeddable":true,"href":"https:\/\/wordpress.nibis.de\/gsfinken\/wp-json\/wp\/v2\/comments?post=132"}],"version-history":[{"count":19,"href":"https:\/\/wordpress.nibis.de\/gsfinken\/wp-json\/wp\/v2\/pages\/132\/revisions"}],"predecessor-version":[{"id":4424,"href":"https:\/\/wordpress.nibis.de\/gsfinken\/wp-json\/wp\/v2\/pages\/132\/revisions\/4424"}],"up":[{"embeddable":true,"href":"https:\/\/wordpress.nibis.de\/gsfinken\/wp-json\/wp\/v2\/pages\/88"}],"wp:attachment":[{"href":"https:\/\/wordpress.nibis.de\/gsfinken\/wp-json\/wp\/v2\/media?parent=132"}],"curies":[{"name":"wp","href":"https:\/\/api.w.org\/{rel}","templated":true}]}}