{"id":139,"date":"2014-04-12T19:28:08","date_gmt":"2014-04-12T17:28:08","guid":{"rendered":"http:\/\/wordpress.nibis.de\/gsfinken\/?page_id=139"},"modified":"2025-01-22T12:48:38","modified_gmt":"2025-01-22T11:48:38","slug":"hausmeister","status":"publish","type":"page","link":"https:\/\/wordpress.nibis.de\/gsfinken\/ueber-uns\/hausmeister\/","title":{"rendered":"Hausmeister"},"content":{"rendered":"<p><span style=\"font-family: georgia, palatino, serif;font-size: 12pt\">Am Standort Wittmund sorgt seit 2019 <span style=\"color: #003366\">Wilko Hinrichs <\/span>f\u00fcr Ordnung. Unterst\u00fctzt wird er am Standort Willen durch<span style=\"color: #000080\"> J\u00f6rg Hayen<\/span>, der bereits seit 2009 dort t\u00e4tig ist.<\/span><\/p>\n<p><span style=\"font-family: georgia, palatino, serif;font-size: 12pt\">Ohne unsere Hausmeister k\u00f6nnte der Schulalltag nicht reibungslos funktionieren, auch wenn sie meist im Hintergrund arbeiten.<\/span><\/p>\n<p><a href=\"https:\/\/wordpress.nibis.de\/gsfinken\/ueber-uns\/hausmeister\/20200915_111535\/\" rel=\"attachment wp-att-3126\"><img loading=\"lazy\" decoding=\"async\" class=\"wp-image-3126 size-medium alignleft\" src=\"https:\/\/wordpress.nibis.de\/gsfinken\/files\/20200915_111535-146x300.jpg\" alt=\"\" width=\"146\" height=\"300\" srcset=\"https:\/\/wordpress.nibis.de\/gsfinken\/files\/20200915_111535-146x300.jpg 146w, https:\/\/wordpress.nibis.de\/gsfinken\/files\/20200915_111535-292x600.jpg 292w, https:\/\/wordpress.nibis.de\/gsfinken\/files\/20200915_111535-768x1580.jpg 768w, https:\/\/wordpress.nibis.de\/gsfinken\/files\/20200915_111535-747x1536.jpg 747w, https:\/\/wordpress.nibis.de\/gsfinken\/files\/20200915_111535-996x2048.jpg 996w, https:\/\/wordpress.nibis.de\/gsfinken\/files\/20200915_111535-scaled.jpg 1244w\" sizes=\"auto, (max-width: 146px) 100vw, 146px\" \/> <\/a><a href=\"https:\/\/wordpress.nibis.de\/gsfinken\/ueber-uns\/hausmeister\/20200921_1245570\/\" rel=\"attachment wp-att-3144\"><img loading=\"lazy\" decoding=\"async\" class=\"alignright wp-image-3144 size-medium\" src=\"https:\/\/wordpress.nibis.de\/gsfinken\/files\/20200921_1245570-146x300.jpg\" alt=\"Wilko Hinrichs\" width=\"146\" height=\"300\" srcset=\"https:\/\/wordpress.nibis.de\/gsfinken\/files\/20200921_1245570-146x300.jpg 146w, https:\/\/wordpress.nibis.de\/gsfinken\/files\/20200921_1245570-292x600.jpg 292w, https:\/\/wordpress.nibis.de\/gsfinken\/files\/20200921_1245570-768x1580.jpg 768w, https:\/\/wordpress.nibis.de\/gsfinken\/files\/20200921_1245570-747x1536.jpg 747w, https:\/\/wordpress.nibis.de\/gsfinken\/files\/20200921_1245570-996x2048.jpg 996w, https:\/\/wordpress.nibis.de\/gsfinken\/files\/20200921_1245570-scaled.jpg 1244w\" sizes=\"auto, (max-width: 146px) 100vw, 146px\" \/><\/a><\/p>\n<p>&nbsp;<\/p>\n<p>&nbsp;<\/p>\n<p>&nbsp;<\/p>\n<p>&nbsp;<\/p>\n","protected":false},"excerpt":{"rendered":"<p>Am Standort Wittmund sorgt seit 2019 Wilko Hinrichs f\u00fcr Ordnung. Unterst\u00fctzt wird er am Standort Willen durch J\u00f6rg Hayen, der bereits seit 2009 dort t\u00e4tig ist. Ohne unsere Hausmeister k\u00f6nnte der Schulalltag nicht reibungslos funktionieren, auch wenn sie meist im &hellip; <a href=\"https:\/\/wordpress.nibis.de\/gsfinken\/ueber-uns\/hausmeister\/\">Weiterlesen <span class=\"meta-nav\">&rarr;<\/span><\/a><\/p>\n","protected":false},"author":393,"featured_media":0,"parent":88,"menu_order":4,"comment_status":"closed","ping_status":"closed","template":"","meta":{"footnotes":""},"class_list":["post-139","page","type-page","status-publish","hentry"],"_links":{"self":[{"href":"https:\/\/wordpress.nibis.de\/gsfinken\/wp-json\/wp\/v2\/pages\/139","targetHints":{"allow":["GET"]}}],"collection":[{"href":"https:\/\/wordpress.nibis.de\/gsfinken\/wp-json\/wp\/v2\/pages"}],"about":[{"href":"https:\/\/wordpress.nibis.de\/gsfinken\/wp-json\/wp\/v2\/types\/page"}],"author":[{"embeddable":true,"href":"https:\/\/wordpress.nibis.de\/gsfinken\/wp-json\/wp\/v2\/users\/393"}],"replies":[{"embeddable":true,"href":"https:\/\/wordpress.nibis.de\/gsfinken\/wp-json\/wp\/v2\/comments?post=139"}],"version-history":[{"count":10,"href":"https:\/\/wordpress.nibis.de\/gsfinken\/wp-json\/wp\/v2\/pages\/139\/revisions"}],"predecessor-version":[{"id":4504,"href":"https:\/\/wordpress.nibis.de\/gsfinken\/wp-json\/wp\/v2\/pages\/139\/revisions\/4504"}],"up":[{"embeddable":true,"href":"https:\/\/wordpress.nibis.de\/gsfinken\/wp-json\/wp\/v2\/pages\/88"}],"wp:attachment":[{"href":"https:\/\/wordpress.nibis.de\/gsfinken\/wp-json\/wp\/v2\/media?parent=139"}],"curies":[{"name":"wp","href":"https:\/\/api.w.org\/{rel}","templated":true}]}}