{"id":165,"date":"2014-04-12T19:55:03","date_gmt":"2014-04-12T17:55:03","guid":{"rendered":"http:\/\/wordpress.nibis.de\/gsfinken\/?page_id=165"},"modified":"2020-09-16T14:40:58","modified_gmt":"2020-09-16T12:40:58","slug":"foerderverein","status":"publish","type":"page","link":"https:\/\/wordpress.nibis.de\/gsfinken\/eltern\/foerderverein\/","title":{"rendered":"F\u00f6rderverein der Finkenburgschule e.V."},"content":{"rendered":"<p><strong>Wof\u00fcr brauchen wir einen F\u00f6rderverein ?<\/strong><\/p>\n<p>Im Zeitalter leerer (\u00f6ffentlicher) Kassen ist unsere Arbeit unumg\u00e4nglich. Damit unsere heranwachsenden Kinder nicht unter dieser Situation leiden m\u00fcssen, wurde der F\u00f6rderverein gegr\u00fcndet. Seine Zielsetzung ist es, die Arbeit der Finkenburgschule finanziell und ideell zu unterst\u00fctzen.<\/p>\n<p>Wir spielen weder Fu\u00dfball noch Skat, es wird auch nicht gebo\u00dfelt. Wir sind ein gemeinn\u00fctziger Verein und finanzieren uns \u00fcberwiegend durch die Beitr\u00e4ge unserer Mitglieder und Spenden. Diese Gelder werden dann in Absprache mit der Gesamtkonferenz gezielt in den Schulalltag eingebracht.<\/p>\n<p>Eigentlich ein &#8222;Muss&#8220; f\u00fcr alle, die Kinder in der Finkenburgschule haben!<\/p>\n<p>Alle anderen Freunde und G\u00f6nner sind nat\u00fcrlich auch herzlichst eingeladen, den F\u00f6rderverein mit Spenden oder als zahlende Mitglieder zu unterst\u00fctzen. Auf Wunsch erhalten Sie eine Spendenbescheinigung.<\/p>\n<h3><strong>Steuervorteile<\/strong><\/h3>\n<p>Werden auch Sie Mitglied im F\u00f6rderverein der Finkenburgschule e.V. und unterst\u00fctzen Sie mit Ihrem Beitrag die Arbeit der Finkenburgschule. Ein Bonbon f\u00fcr Sie ist der Steuervorteil, denn Sie k\u00f6nnen die Beitr\u00e4ge steuerlich als Spende absetzen.<\/p>\n<h3><strong>1,- \u20acuro pro Monat <\/strong><\/h3>\n<p>Ja, das ist wirklich wahr, der Mindestmitgliedsbeitrag betr\u00e4gt nur 1,- \u20acuro pro Monat und wird als Jahresbeitrag (12,- \u20acuro) im Voraus abgebucht. 1,- \u20acuro pro Monat, das sind noch nicht einmal 4 Cent am Tag f\u00fcr die Zukunft unserer Kinder. Nach oben sind nat\u00fcrlich keine Grenzen gesetzt. Also gleich die <a href=\"http:\/\/wordpress.nibis.de\/gsfinken\/files\/Foerderverein_Finkenburgschule_Spende_Beitritt.pdf\">Beitrittserkl\u00e4rung<\/a> ausf\u00fcllen und Mitglied bei uns werden. DANKE !<\/p>\n<h3><strong>Unsere Projekte &#8211; Vorschau und R\u00fcckblick<\/strong><\/h3>\n<ul>\n<li>Weitere Sportger\u00e4te<\/li>\n<li>Umgestaltungen der Schulh\u00f6fe in Wittmund und Willen<\/li>\n<li>Schulfeste<\/li>\n<li>Baumbank im Innenhof<\/li>\n<li>Blockhaus<\/li>\n<li>Kinderk\u00fcche f\u00fcr den Schulkindergarten<\/li>\n<li>Buskostenzuschuss f\u00fcr den Besuch kultureller Veranstaltungen<\/li>\n<li>Und, und, und &#8230;<\/li>\n<\/ul>\n<h3><strong>Kontakt<\/strong><\/h3>\n<p>F\u00f6rderverein der Finkenburgschule e.V.<br \/>\nLessingstra\u00dfe 14<br \/>\n26409 Wittmund<br \/>\nTel.: 04462\/2064747<br \/>\nFax 04462\/2046765<\/p>\n","protected":false},"excerpt":{"rendered":"<p>Wof\u00fcr brauchen wir einen F\u00f6rderverein ? Im Zeitalter leerer (\u00f6ffentlicher) Kassen ist unsere Arbeit unumg\u00e4nglich. Damit unsere heranwachsenden Kinder nicht unter dieser Situation leiden m\u00fcssen, wurde der F\u00f6rderverein gegr\u00fcndet. Seine Zielsetzung ist es, die Arbeit der Finkenburgschule finanziell und ideell &hellip; <a href=\"https:\/\/wordpress.nibis.de\/gsfinken\/eltern\/foerderverein\/\">Weiterlesen <span class=\"meta-nav\">&rarr;<\/span><\/a><\/p>\n","protected":false},"author":393,"featured_media":0,"parent":120,"menu_order":2,"comment_status":"closed","ping_status":"closed","template":"","meta":{"footnotes":""},"class_list":["post-165","page","type-page","status-publish","hentry"],"_links":{"self":[{"href":"https:\/\/wordpress.nibis.de\/gsfinken\/wp-json\/wp\/v2\/pages\/165","targetHints":{"allow":["GET"]}}],"collection":[{"href":"https:\/\/wordpress.nibis.de\/gsfinken\/wp-json\/wp\/v2\/pages"}],"about":[{"href":"https:\/\/wordpress.nibis.de\/gsfinken\/wp-json\/wp\/v2\/types\/page"}],"author":[{"embeddable":true,"href":"https:\/\/wordpress.nibis.de\/gsfinken\/wp-json\/wp\/v2\/users\/393"}],"replies":[{"embeddable":true,"href":"https:\/\/wordpress.nibis.de\/gsfinken\/wp-json\/wp\/v2\/comments?post=165"}],"version-history":[{"count":9,"href":"https:\/\/wordpress.nibis.de\/gsfinken\/wp-json\/wp\/v2\/pages\/165\/revisions"}],"predecessor-version":[{"id":3122,"href":"https:\/\/wordpress.nibis.de\/gsfinken\/wp-json\/wp\/v2\/pages\/165\/revisions\/3122"}],"up":[{"embeddable":true,"href":"https:\/\/wordpress.nibis.de\/gsfinken\/wp-json\/wp\/v2\/pages\/120"}],"wp:attachment":[{"href":"https:\/\/wordpress.nibis.de\/gsfinken\/wp-json\/wp\/v2\/media?parent=165"}],"curies":[{"name":"wp","href":"https:\/\/api.w.org\/{rel}","templated":true}]}}