{"id":1658,"date":"2017-04-06T20:52:22","date_gmt":"2017-04-06T18:52:22","guid":{"rendered":"http:\/\/wordpress.nibis.de\/gsfinken\/?page_id=1658"},"modified":"2018-05-13T20:08:25","modified_gmt":"2018-05-13T18:08:25","slug":"ostersportwoche-2017","status":"publish","type":"page","link":"https:\/\/wordpress.nibis.de\/gsfinken\/veranstaltungen\/ostersportwoche-2017\/","title":{"rendered":"Ostersportwoche 2018"},"content":{"rendered":"<p>Auch in diesem Jahr haben wir an unserer Schule die &#8222;Ostersportwoche&#8220; veranstaltet.<\/p>\n<p>F\u00fcr den 1. und 2. Jahrgang gab es eine tolle Bewegungslandschaft in der Turnhalle, bei der sich die Kinder durch die &#8222;Berge&#8220; k\u00e4mpfen mussten. Dabei hatten sie auch noch die Aufgaben Ostereier zu sammeln und Osterhasen zu z\u00e4hlen. Au\u00dferdem hat uns Frau Potzler die Geschichte von den zwei Hasenkindern &#8222;Hipp&#8220; und &#8222;Hopp&#8220; erz\u00e4hlt.<\/p>\n<p>Vielen Dank!!<\/p>\n\n","protected":false},"excerpt":{"rendered":"<p>Auch in diesem Jahr haben wir an unserer Schule die &#8222;Ostersportwoche&#8220; veranstaltet. F\u00fcr den 1. und 2. Jahrgang gab es eine tolle Bewegungslandschaft in der Turnhalle, bei der sich die Kinder durch die &#8222;Berge&#8220; k\u00e4mpfen mussten. Dabei hatten sie auch &hellip; <a href=\"https:\/\/wordpress.nibis.de\/gsfinken\/veranstaltungen\/ostersportwoche-2017\/\">Weiterlesen <span class=\"meta-nav\">&rarr;<\/span><\/a><\/p>\n","protected":false},"author":393,"featured_media":0,"parent":35,"menu_order":0,"comment_status":"closed","ping_status":"closed","template":"","meta":{"footnotes":""},"class_list":["post-1658","page","type-page","status-publish","hentry"],"_links":{"self":[{"href":"https:\/\/wordpress.nibis.de\/gsfinken\/wp-json\/wp\/v2\/pages\/1658","targetHints":{"allow":["GET"]}}],"collection":[{"href":"https:\/\/wordpress.nibis.de\/gsfinken\/wp-json\/wp\/v2\/pages"}],"about":[{"href":"https:\/\/wordpress.nibis.de\/gsfinken\/wp-json\/wp\/v2\/types\/page"}],"author":[{"embeddable":true,"href":"https:\/\/wordpress.nibis.de\/gsfinken\/wp-json\/wp\/v2\/users\/393"}],"replies":[{"embeddable":true,"href":"https:\/\/wordpress.nibis.de\/gsfinken\/wp-json\/wp\/v2\/comments?post=1658"}],"version-history":[{"count":2,"href":"https:\/\/wordpress.nibis.de\/gsfinken\/wp-json\/wp\/v2\/pages\/1658\/revisions"}],"predecessor-version":[{"id":1884,"href":"https:\/\/wordpress.nibis.de\/gsfinken\/wp-json\/wp\/v2\/pages\/1658\/revisions\/1884"}],"up":[{"embeddable":true,"href":"https:\/\/wordpress.nibis.de\/gsfinken\/wp-json\/wp\/v2\/pages\/35"}],"wp:attachment":[{"href":"https:\/\/wordpress.nibis.de\/gsfinken\/wp-json\/wp\/v2\/media?parent=1658"}],"curies":[{"name":"wp","href":"https:\/\/api.w.org\/{rel}","templated":true}]}}